 {"id":28292,"date":"2023-11-14T12:19:08","date_gmt":"2023-11-14T11:19:08","guid":{"rendered":"https:\/\/greendisc.dev-project.digital\/\/product\/ata-xl-10-ltr\/"},"modified":"2023-11-14T12:19:08","modified_gmt":"2023-11-14T11:19:08","slug":"ata-xl-10-ltr","status":"publish","type":"product","link":"https:\/\/greendisc.dev-project.digital\/de\/produkt\/ata-xl-10-ltr\/","title":{"rendered":"ATA XL 10 ltr."},"content":{"rendered":"<p><meta charset=\"utf-8\"><\/p>\n<p data-mce-fragment=\"1\"><span data-mce-fragment=\"1\">Hochwertiger, nat\u00fcrlicher Wachstums- und Bl\u00fchstimulator. Unterst\u00fctzt das Wachstum von Wurzeln, Bl\u00fcten und Fr\u00fcchten.<\/span><\/p>\n<p data-mce-fragment=\"1\"><span data-mce-fragment=\"1\">Geeignet f\u00fcr eine Vielzahl von Obst- und Gem\u00fcsesorten, wie z.B. Heidelbeeren, Himbeeren und Erdbeeren. Es kann auch f\u00fcr bl\u00fchende Zierpflanzen (z.B. Orchideen, Anthurien) verwendet werden.<\/p>\n<p><\/span>Da Ata XL aus nat\u00fcrlichen Inhaltsstoffen besteht, ist es m\u00f6glich, dass es einen organischen Geruch entwickelt. Dies hat keinen Einfluss auf den Betrieb des Produkts.<\/p>\n<p><strong>Anwendung<\/strong><\/p>\n<p>Geeignet als Erg\u00e4nzung zur regul\u00e4ren NPK-Ern\u00e4hrung f\u00fcr den Anbau auf Erde, Hydro und Kokosnuss. Ab der 3. Woche des Wachstumszyklus bis zur letzten Woche der Bl\u00fctezeit f\u00fcgen Sie dem N\u00e4hrstoffwasser zu.<\/p>\n<p><strong>Gesicherte Qualit\u00e4t<\/strong><\/p>\n<p>Die Stimulatoren und Fl\u00fcssign\u00e4hrstoffe von Atami sind unter dem Twist-Off-Verschluss versiegelt und lichtdicht verpackt, um die Qualit\u00e4t zu gew\u00e4hrleisten.<\/p>\n<p><strong>Dosierung: (1:1000)<\/strong><\/p>\n<p>1 ml pro Liter Speisewasser.<\/p>\n<p data-mce-fragment=\"1\"><span data-mce-fragment=\"1\"><\/span><\/p>\n","protected":false},"excerpt":{"rendered":"<p>Hochwertiger, nat\u00fcrlicher Wachstums- und Bl\u00fchstimulator. Unterst\u00fctzt das Wachstum von Wurzeln, Bl\u00fcten und Fr\u00fcchten. Geeignet f\u00fcr eine Vielzahl von Obst- und<\/p>\n","protected":false},"featured_media":24597,"template":"","meta":[],"product_brand":[],"product_cat":[388,344],"product_tag":[],"class_list":{"0":"post-28292","1":"product","2":"type-product","3":"status-publish","4":"has-post-thumbnail","6":"product_cat-atami-bcuzz-de","7":"product_cat-pflanzennahrung","9":"first","10":"instock","11":"taxable","12":"shipping-taxable","13":"purchasable","14":"product-type-simple"},"_links":{"self":[{"href":"https:\/\/greendisc.dev-project.digital\/de\/wp-json\/wp\/v2\/product\/28292","targetHints":{"allow":["GET"]}}],"collection":[{"href":"https:\/\/greendisc.dev-project.digital\/de\/wp-json\/wp\/v2\/product"}],"about":[{"href":"https:\/\/greendisc.dev-project.digital\/de\/wp-json\/wp\/v2\/types\/product"}],"version-history":[{"count":0,"href":"https:\/\/greendisc.dev-project.digital\/de\/wp-json\/wp\/v2\/product\/28292\/revisions"}],"wp:featuredmedia":[{"embeddable":true,"href":"https:\/\/greendisc.dev-project.digital\/de\/wp-json\/wp\/v2\/media\/24597"}],"wp:attachment":[{"href":"https:\/\/greendisc.dev-project.digital\/de\/wp-json\/wp\/v2\/media?parent=28292"}],"wp:term":[{"taxonomy":"product_brand","embeddable":true,"href":"https:\/\/greendisc.dev-project.digital\/de\/wp-json\/wp\/v2\/product_brand?post=28292"},{"taxonomy":"product_cat","embeddable":true,"href":"https:\/\/greendisc.dev-project.digital\/de\/wp-json\/wp\/v2\/product_cat?post=28292"},{"taxonomy":"product_tag","embeddable":true,"href":"https:\/\/greendisc.dev-project.digital\/de\/wp-json\/wp\/v2\/product_tag?post=28292"}],"curies":[{"name":"wp","href":"https:\/\/api.w.org\/{rel}","templated":true}]}}