 {"id":28287,"date":"2023-11-14T12:19:03","date_gmt":"2023-11-14T11:19:03","guid":{"rendered":"https:\/\/greendisc.dev-project.digital\/\/product\/ata-terra-blaetter-10-ltr\/"},"modified":"2023-11-14T12:19:03","modified_gmt":"2023-11-14T11:19:03","slug":"ata-terra-blaetter-10-ltr","status":"publish","type":"product","link":"https:\/\/greendisc.dev-project.digital\/de\/produkt\/ata-terra-blaetter-10-ltr\/","title":{"rendered":"ATA Terra Bl\u00e4tter 10 ltr"},"content":{"rendered":"<p><meta charset=\"utf-8\"><\/p>\n<p data-mce-fragment=\"1\"><span data-mce-fragment=\"1\">Kompletter, professioneller Wachstumsd\u00fcnger. Stimuliert das Wachstum vitaler, gro\u00dfer und gr\u00fcner Sprossen. Sofort l\u00f6slich und schnell wirkend.<\/span><\/p>\n<p data-mce-fragment=\"1\"><span data-mce-fragment=\"1\">Geeignet f\u00fcr eine breite Palette von Gem\u00fcse, Obst, Kr\u00e4utern, Salaten und Gew\u00fcrzen wie Spinat und Salbei. Er kann auch f\u00fcr Zimmer- und Topfpflanzen verwendet werden (z.B. Hortensien, Heideb\u00fcsche usw.).<\/p>\n<p><\/span><strong>Anwendung:<\/strong><\/p>\n<p>Kann w\u00e4hrend der gesamten Wachstumsphase t\u00e4glich als Erg\u00e4nzung zur normalen Ern\u00e4hrung bei der Bew\u00e4sserung der Pflanzen verwendet werden.<\/p>\n<p><strong>Anbautipp:<\/strong><\/p>\n<p>Ideal f\u00fcr luftige, kalkhaltige B\u00f6den (Blumenerde).<\/p>\n<p><strong><span> <\/span>Dosierung:<\/strong>1 bis 5 ml auf 1 Liter N\u00e4hrl\u00f6sung (1:200).<strong><\/strong> F\u00fcr alle Bew\u00e4sserungssysteme.<\/p>\n<p><strong>NPK 2-1-3 W\/W<\/strong><\/p>\n<p><strong>Verwendung: Bei Raumtemperatur aufbewahren. Vor Gebrauch gut sch\u00fctteln. Au\u00dferhalb der Reichweite von Kindern aufbewahren. Nach dem \u00d6ffnen nur begrenzt haltbar. Nicht zum Einnehmen. Der Hersteller haftet nicht f\u00fcr Sch\u00e4den, die gem\u00e4\u00df unseren Allgemeinen Gesch\u00e4ftsbedingungen entstehen.<\/strong><\/p>\n<p data-mce-fragment=\"1\"><span data-mce-fragment=\"1\"><\/span><\/p>\n","protected":false},"excerpt":{"rendered":"<p>Kompletter, professioneller Wachstumsd\u00fcnger. Stimuliert das Wachstum vitaler, gro\u00dfer und gr\u00fcner Sprossen. Sofort l\u00f6slich und schnell wirkend. Geeignet f\u00fcr eine breite<\/p>\n","protected":false},"featured_media":24585,"template":"","meta":[],"product_brand":[],"product_cat":[388,344],"product_tag":[],"class_list":{"0":"post-28287","1":"product","2":"type-product","3":"status-publish","4":"has-post-thumbnail","6":"product_cat-atami-bcuzz-de","7":"product_cat-pflanzennahrung","9":"first","10":"instock","11":"taxable","12":"shipping-taxable","13":"purchasable","14":"product-type-simple"},"_links":{"self":[{"href":"https:\/\/greendisc.dev-project.digital\/de\/wp-json\/wp\/v2\/product\/28287","targetHints":{"allow":["GET"]}}],"collection":[{"href":"https:\/\/greendisc.dev-project.digital\/de\/wp-json\/wp\/v2\/product"}],"about":[{"href":"https:\/\/greendisc.dev-project.digital\/de\/wp-json\/wp\/v2\/types\/product"}],"version-history":[{"count":0,"href":"https:\/\/greendisc.dev-project.digital\/de\/wp-json\/wp\/v2\/product\/28287\/revisions"}],"wp:featuredmedia":[{"embeddable":true,"href":"https:\/\/greendisc.dev-project.digital\/de\/wp-json\/wp\/v2\/media\/24585"}],"wp:attachment":[{"href":"https:\/\/greendisc.dev-project.digital\/de\/wp-json\/wp\/v2\/media?parent=28287"}],"wp:term":[{"taxonomy":"product_brand","embeddable":true,"href":"https:\/\/greendisc.dev-project.digital\/de\/wp-json\/wp\/v2\/product_brand?post=28287"},{"taxonomy":"product_cat","embeddable":true,"href":"https:\/\/greendisc.dev-project.digital\/de\/wp-json\/wp\/v2\/product_cat?post=28287"},{"taxonomy":"product_tag","embeddable":true,"href":"https:\/\/greendisc.dev-project.digital\/de\/wp-json\/wp\/v2\/product_tag?post=28287"}],"curies":[{"name":"wp","href":"https:\/\/api.w.org\/{rel}","templated":true}]}}