 {"id":28280,"date":"2023-11-14T12:19:00","date_gmt":"2023-11-14T11:19:00","guid":{"rendered":"https:\/\/greendisc.dev-project.digital\/\/product\/ata-rootfast-500-ml\/"},"modified":"2023-11-14T12:19:00","modified_gmt":"2023-11-14T11:19:00","slug":"ata-rootfast-500-ml","status":"publish","type":"product","link":"https:\/\/greendisc.dev-project.digital\/de\/produkt\/ata-rootfast-500-ml\/","title":{"rendered":"ATA Rootfast 500 ml."},"content":{"rendered":"<div data-mce-fragment=\"1\" _msthash=\"3625297\" _msttexthash=\"62351198\">Dieser hochwertige Wurzelzusatz unterst\u00fctzt die Entwicklung von Wurzeln und Wurzelhaaren. F\u00fcr Sie bedeutet dies ein gr\u00f6\u00dferes Wurzelsystem und viele kleine Kapillaren, so dass die N\u00e4hrstoffe optimal von den Pflanzen aufgenommen werden k\u00f6nnen. Au\u00dferdem erh\u00f6ht dieses Produkt die Widerstandsf\u00e4higkeit, so dass die Pflanze weniger anf\u00e4llig f\u00fcr externe Stressfaktoren ist.<\/div>\n<div data-mce-fragment=\"1\"><br data-mce-fragment=\"1\"><\/div>\n<div data-mce-fragment=\"1\">\n<div data-mce-fragment=\"1\" _msthash=\"4185896\" _msttexthash=\"17694612\">Geeignet f\u00fcr eine breite Palette von Obst und Gem\u00fcse, wie Kartoffeln und S\u00fc\u00dfkartoffeln. Es kann auch f\u00fcr bl\u00fchende Zierpflanzen (z.B. Chrysanthemen, Tulpen, Muscari) verwendet werden.<br data-mce-fragment=\"1\"><br data-mce-fragment=\"1\"><\/p>\n<p data-mce-fragment=\"1\"><strong data-mce-fragment=\"1\"><br data-mce-fragment=\"1\">Anwendung:<\/strong>In den Wochen 1 und 2 t\u00e4glich bei jeder Bew\u00e4sserung zugeben.<strong data-mce-fragment=\"1\"><\/strong> Geeignet f\u00fcr Soil, Cocos und Hydro.<\/p>\n<p data-mce-fragment=\"1\"><strong data-mce-fragment=\"1\"><br data-mce-fragment=\"1\">Dosierung:<\/strong>1ml pro Liter Wasser.<strong data-mce-fragment=\"1\"><\/strong><\/p>\n<p data-mce-fragment=\"1\"><strong data-mce-fragment=\"1\"><br data-mce-fragment=\"1\">NPK-Wert:<\/strong>0-5-0 (w\/v)<strong data-mce-fragment=\"1\"><\/strong><\/p>\n<\/div>\n<\/div>\n","protected":false},"excerpt":{"rendered":"<p>Dieser hochwertige Wurzelzusatz unterst\u00fctzt die Entwicklung von Wurzeln und Wurzelhaaren. F\u00fcr Sie bedeutet dies ein gr\u00f6\u00dferes Wurzelsystem und viele kleine<\/p>\n","protected":false},"featured_media":24581,"template":"","meta":[],"product_brand":[],"product_cat":[388,344],"product_tag":[],"class_list":{"0":"post-28280","1":"product","2":"type-product","3":"status-publish","4":"has-post-thumbnail","6":"product_cat-atami-bcuzz-de","7":"product_cat-pflanzennahrung","9":"first","10":"instock","11":"taxable","12":"shipping-taxable","13":"purchasable","14":"product-type-simple"},"_links":{"self":[{"href":"https:\/\/greendisc.dev-project.digital\/de\/wp-json\/wp\/v2\/product\/28280","targetHints":{"allow":["GET"]}}],"collection":[{"href":"https:\/\/greendisc.dev-project.digital\/de\/wp-json\/wp\/v2\/product"}],"about":[{"href":"https:\/\/greendisc.dev-project.digital\/de\/wp-json\/wp\/v2\/types\/product"}],"version-history":[{"count":0,"href":"https:\/\/greendisc.dev-project.digital\/de\/wp-json\/wp\/v2\/product\/28280\/revisions"}],"wp:featuredmedia":[{"embeddable":true,"href":"https:\/\/greendisc.dev-project.digital\/de\/wp-json\/wp\/v2\/media\/24581"}],"wp:attachment":[{"href":"https:\/\/greendisc.dev-project.digital\/de\/wp-json\/wp\/v2\/media?parent=28280"}],"wp:term":[{"taxonomy":"product_brand","embeddable":true,"href":"https:\/\/greendisc.dev-project.digital\/de\/wp-json\/wp\/v2\/product_brand?post=28280"},{"taxonomy":"product_cat","embeddable":true,"href":"https:\/\/greendisc.dev-project.digital\/de\/wp-json\/wp\/v2\/product_cat?post=28280"},{"taxonomy":"product_tag","embeddable":true,"href":"https:\/\/greendisc.dev-project.digital\/de\/wp-json\/wp\/v2\/product_tag?post=28280"}],"curies":[{"name":"wp","href":"https:\/\/api.w.org\/{rel}","templated":true}]}}