 {"id":28270,"date":"2023-11-14T12:18:55","date_gmt":"2023-11-14T11:18:55","guid":{"rendered":"https:\/\/greendisc.dev-project.digital\/\/product\/ata-rootbastic-1250-ml\/"},"modified":"2023-11-14T12:18:55","modified_gmt":"2023-11-14T11:18:55","slug":"ata-rootbastic-1250-ml","status":"publish","type":"product","link":"https:\/\/greendisc.dev-project.digital\/de\/produkt\/ata-rootbastic-1250-ml\/","title":{"rendered":"ATA Rootbastic 1250 ml."},"content":{"rendered":"<p><meta charset=\"utf-8\"><\/p>\n<div data-mce-fragment=\"1\"><span data-mce-fragment=\"1\">Diese hochwertige Wurzelerg\u00e4nzung unterst\u00fctzt die Entwicklung von Wurzeln und Wurzelhaaren. F\u00fcr Sie bedeutet dies ein gr\u00f6\u00dferes Wurzelsystem und viele kleine Kapillaren, so dass die N\u00e4hrstoffe optimal von den Pflanzen aufgenommen werden k\u00f6nnen. Dar\u00fcber hinaus erh\u00f6ht dieses Produkt die Widerstandsf\u00e4higkeit, so dass die Pflanze weniger anf\u00e4llig f\u00fcr externe Stressfaktoren ist.<\/span><\/div>\n<div data-mce-fragment=\"1\"><br data-mce-fragment=\"1\"><\/div>\n<div data-mce-fragment=\"1\">\n<div data-mce-fragment=\"1\">\n<span data-mce-fragment=\"1\"><span data-mce-fragment=\"1\">Geeignet f\u00fcr eine breite Palette von Gem\u00fcse, Obst, Kr\u00e4utern und Gew\u00fcrzen wie K\u00fcrbisse, Zucchini, Gurken, Kartoffeln, Radieschen usw.<\/p>\n<p><meta charset=\"utf-8\"><\/span><\/span><\/p>\n<ul>\n<li>V\u00f6llig neues Produkt in der Reihe der Bloombastic.<\/li>\n<li>Super konzentriert (durchschnittlich 1 zu 5000).<\/li>\n<li>Sorgt f\u00fcr eine explosive Wurzel- und Wurzelhaarproduktion.<\/li>\n<li>Einzigartige Kombination aus hochwertigen NPK-Bio-Stimulatoren und Bio-Mineralien.<\/li>\n<li>Erh\u00f6ht die Widerstandsf\u00e4higkeit der Pflanzen gegen\u00fcber externen Stressfaktoren<\/li>\n<li>Ideal zum Einpflanzen eines Stecklings, wenn die ersten Wurzeln sichtbar sind.<\/li>\n<li>Reich an Phosphor (P), den die Wurzeln lieben.<\/li>\n<\/ul>\n<p>\n<\/div>\n<\/div>\n","protected":false},"excerpt":{"rendered":"<p>Diese hochwertige Wurzelerg\u00e4nzung unterst\u00fctzt die Entwicklung von Wurzeln und Wurzelhaaren. F\u00fcr Sie bedeutet dies ein gr\u00f6\u00dferes Wurzelsystem und viele kleine<\/p>\n","protected":false},"featured_media":24571,"template":"","meta":[],"product_brand":[],"product_cat":[388,344],"product_tag":[],"class_list":{"0":"post-28270","1":"product","2":"type-product","3":"status-publish","4":"has-post-thumbnail","6":"product_cat-atami-bcuzz-de","7":"product_cat-pflanzennahrung","9":"first","10":"instock","11":"taxable","12":"shipping-taxable","13":"purchasable","14":"product-type-simple"},"_links":{"self":[{"href":"https:\/\/greendisc.dev-project.digital\/de\/wp-json\/wp\/v2\/product\/28270","targetHints":{"allow":["GET"]}}],"collection":[{"href":"https:\/\/greendisc.dev-project.digital\/de\/wp-json\/wp\/v2\/product"}],"about":[{"href":"https:\/\/greendisc.dev-project.digital\/de\/wp-json\/wp\/v2\/types\/product"}],"version-history":[{"count":0,"href":"https:\/\/greendisc.dev-project.digital\/de\/wp-json\/wp\/v2\/product\/28270\/revisions"}],"wp:featuredmedia":[{"embeddable":true,"href":"https:\/\/greendisc.dev-project.digital\/de\/wp-json\/wp\/v2\/media\/24571"}],"wp:attachment":[{"href":"https:\/\/greendisc.dev-project.digital\/de\/wp-json\/wp\/v2\/media?parent=28270"}],"wp:term":[{"taxonomy":"product_brand","embeddable":true,"href":"https:\/\/greendisc.dev-project.digital\/de\/wp-json\/wp\/v2\/product_brand?post=28270"},{"taxonomy":"product_cat","embeddable":true,"href":"https:\/\/greendisc.dev-project.digital\/de\/wp-json\/wp\/v2\/product_cat?post=28270"},{"taxonomy":"product_tag","embeddable":true,"href":"https:\/\/greendisc.dev-project.digital\/de\/wp-json\/wp\/v2\/product_tag?post=28270"}],"curies":[{"name":"wp","href":"https:\/\/api.w.org\/{rel}","templated":true}]}}