 {"id":28261,"date":"2023-11-14T12:18:48","date_gmt":"2023-11-14T11:18:48","guid":{"rendered":"https:\/\/greendisc.dev-project.digital\/\/product\/ata-calmag-1-ltr\/"},"modified":"2023-11-14T12:18:48","modified_gmt":"2023-11-14T11:18:48","slug":"ata-calmag-1-ltr","status":"publish","type":"product","link":"https:\/\/greendisc.dev-project.digital\/de\/produkt\/ata-calmag-1-ltr\/","title":{"rendered":"ATA CalMag 1 ltr."},"content":{"rendered":"<p data-mce-fragment=\"1\"><strong data-mce-fragment=\"1\" _msthash=\"4788745\" _msttexthash=\"21714030\">Ein professionelles und schnell wirkendes Additiv, das auf allen Arten von Untergr\u00fcnden angewendet werden kann.<br data-mce-fragment=\"1\" _istranslated=\"1\">ATA Calmag ist eine N\u00e4hrstoffmischung, die Ihre Pflanzen mit dem zus\u00e4tzlichen Kalzium und Magnesium versorgt, das sie ben\u00f6tigen.<br data-mce-fragment=\"1\" _istranslated=\"1\"><\/strong><\/p>\n<p data-mce-fragment=\"1\" _msthash=\"4788862\" _msttexthash=\"55437304\">Diese sekund\u00e4ren N\u00e4hrstoffe sind f\u00fcr ein optimales Wachstum unerl\u00e4sslich, da sie eine wesentliche Rolle bei der Zellwandbildung und der Aufnahme von Lichtenergie spielen. ATA Calmag ist ideal f\u00fcr den Anbau mit weichem oder entmineralisiertem Wasser. Au\u00dferdem ist es eine hervorragende Erg\u00e4nzung zu Ihrer regelm\u00e4\u00dfigen D\u00fcngerzufuhr.<\/p>\n<p data-mce-fragment=\"1\"><strong data-mce-fragment=\"1\" _msthash=\"4788979\" _msttexthash=\"356655\">BESONDERS GEEIGNET F\u00dcR<\/strong><\/p>\n<p data-mce-fragment=\"1\" _msthash=\"4789096\" _msttexthash=\"19025656\">Verschiedene Gem\u00fcse, Fr\u00fcchte und Kr\u00e4uter wie Tomaten, Zucchini, Paprika, Erdbeeren, Kohl, etc. Die erforderliche Dosierung kann auf die Bed\u00fcrfnisse der jeweiligen Pflanze oder Kultur abgestimmt werden.<\/p>\n<p data-mce-fragment=\"1\"><strong data-mce-fragment=\"1\" _msthash=\"4789213\" _msttexthash=\"113867\">ANWENDUNG<\/strong><\/p>\n<p data-mce-fragment=\"1\" _msthash=\"4789330\" _msttexthash=\"16318185\">Verwenden Sie ATA Calmag zur Anreicherung von kalzium- und magnesiumarmem Wasser oder als Zusatz zu Ihrem normalen D\u00fcnger. Verwenden Sie Wasser bei Raumtemperatur (21\u00b0C) f\u00fcr beste Ergebnisse.<\/p>\n<p data-mce-fragment=\"1\"><strong data-mce-fragment=\"1\" _msthash=\"4789447\" _msttexthash=\"82303\">DOSIEREN<\/strong><\/p>\n<p data-mce-fragment=\"1\" _msthash=\"4789564\" _msttexthash=\"1789710\">Verwenden Sie 0,1-1 ml Calmag pro Liter N\u00e4hrstoffl\u00f6sung.<\/p>\n<p data-mce-fragment=\"1\"><strong data-mce-fragment=\"1\" _msthash=\"4789681\" _msttexthash=\"41444\">N 6 W\/W<\/strong><\/p>\n","protected":false},"excerpt":{"rendered":"<p>Ein professionelles und schnell wirkendes Additiv, das auf allen Arten von Untergr\u00fcnden angewendet werden kann.ATA Calmag ist eine N\u00e4hrstoffmischung, die<\/p>\n","protected":false},"featured_media":24557,"template":"","meta":[],"product_brand":[],"product_cat":[388,344],"product_tag":[],"class_list":{"0":"post-28261","1":"product","2":"type-product","3":"status-publish","4":"has-post-thumbnail","6":"product_cat-atami-bcuzz-de","7":"product_cat-pflanzennahrung","9":"first","10":"instock","11":"taxable","12":"shipping-taxable","13":"purchasable","14":"product-type-simple"},"_links":{"self":[{"href":"https:\/\/greendisc.dev-project.digital\/de\/wp-json\/wp\/v2\/product\/28261","targetHints":{"allow":["GET"]}}],"collection":[{"href":"https:\/\/greendisc.dev-project.digital\/de\/wp-json\/wp\/v2\/product"}],"about":[{"href":"https:\/\/greendisc.dev-project.digital\/de\/wp-json\/wp\/v2\/types\/product"}],"version-history":[{"count":0,"href":"https:\/\/greendisc.dev-project.digital\/de\/wp-json\/wp\/v2\/product\/28261\/revisions"}],"wp:featuredmedia":[{"embeddable":true,"href":"https:\/\/greendisc.dev-project.digital\/de\/wp-json\/wp\/v2\/media\/24557"}],"wp:attachment":[{"href":"https:\/\/greendisc.dev-project.digital\/de\/wp-json\/wp\/v2\/media?parent=28261"}],"wp:term":[{"taxonomy":"product_brand","embeddable":true,"href":"https:\/\/greendisc.dev-project.digital\/de\/wp-json\/wp\/v2\/product_brand?post=28261"},{"taxonomy":"product_cat","embeddable":true,"href":"https:\/\/greendisc.dev-project.digital\/de\/wp-json\/wp\/v2\/product_cat?post=28261"},{"taxonomy":"product_tag","embeddable":true,"href":"https:\/\/greendisc.dev-project.digital\/de\/wp-json\/wp\/v2\/product_tag?post=28261"}],"curies":[{"name":"wp","href":"https:\/\/api.w.org\/{rel}","templated":true}]}}