 {"id":28259,"date":"2023-11-14T12:18:45","date_gmt":"2023-11-14T11:18:45","guid":{"rendered":"https:\/\/greendisc.dev-project.digital\/\/product\/ata-bloombastic-1250-ml\/"},"modified":"2023-11-14T12:18:45","modified_gmt":"2023-11-14T11:18:45","slug":"ata-bloombastic-1250-ml","status":"publish","type":"product","link":"https:\/\/greendisc.dev-project.digital\/de\/produkt\/ata-bloombastic-1250-ml\/","title":{"rendered":"ATA Bloombastic 1250 ml"},"content":{"rendered":"<p><meta charset=\"utf-8\"><\/p>\n<p data-mce-fragment=\"1\"><span data-mce-fragment=\"1\">Ein hochwertiger Cocktail aus Mineralien und Stimulanzien, der sich f\u00fcr die Bl\u00fcte- und Reifungsphase eignet. Bloombastic erh\u00f6ht den Zuckergehalt und verbessert den Duft Ihrer Ernte. Mit einer solchen Explosion der Zucker- und Knospenproduktion produziert Bloombastic riesige Knospen und s\u00fc\u00df duftende und schmeckende Fr\u00fcchte. Im Vergleich zu anderen fl\u00fcssigen Produkten enth\u00e4lt Bloombastic \u00fcber 50% mehr Bio-Mineralien (Phosphor und Kalium), f\u00fcr die absolut keine Ballaststoffe (einschlie\u00dflich Natrium und Chlor) verwendet wurden. Bloombastic hat auch eine enzymatische Wirkung, die Stress verhindert.<\/span><\/p>\n<p data-mce-fragment=\"1\"><span data-mce-fragment=\"1\">Geeignet f\u00fcr eine Vielzahl von Obst- und Gem\u00fcsesorten, wie z.B. Chilis, Erdbeeren, Heidelbeeren. Er kann auch f\u00fcr bl\u00fchende Zierpflanzen (z.B. Orchideen, Stiefm\u00fctterchen) verwendet werden.<br data-mce-fragment=\"1\"><br data-mce-fragment=\"1\"><meta charset=\"utf-8\"><\/span><\/p>\n<p data-mce-fragment=\"1\"><strong data-mce-fragment=\"1\">Anwendung:<\/strong><span data-mce-fragment=\"1\"> <\/span>Wenden Sie es in den letzten 4 bis 6 Wochen der Bl\u00fcte- und Reifephase in Kombination mit der Basisern\u00e4hrung an. Bloombastic kann auf jedem Substrat (Soil, Hydro und Cocos) verwendet werden und ist f\u00fcr alle Bew\u00e4sserungssysteme geeignet. Vor Gebrauch gut sch\u00fctteln.<\/p>\n<p data-mce-fragment=\"1\"><strong data-mce-fragment=\"1\">Dosierung:<\/strong><span data-mce-fragment=\"1\"> <\/span>0,5-1,0 ml auf 1 Liter N\u00e4hrstoffl\u00f6sung. Erh\u00f6ht den E.C.-Wert Ihrer Grundn\u00e4hrstoffl\u00f6sung.<\/p>\n<p data-mce-fragment=\"1\"><strong data-mce-fragment=\"1\">HP: 14-15 W\/W<\/strong><\/p>\n<p data-mce-fragment=\"1\"><span data-mce-fragment=\"1\"> <\/span>Z<strong data-mce-fragment=\"1\">usammensetzung:<\/strong> Kaliumphosphat, Kaliumhydroxid, Phosphors\u00e4ure, Eisen EDTA, Phosphor Pentaoxid, Tonmineral.<\/p>\n<p data-mce-fragment=\"1\"><strong data-mce-fragment=\"1\">Verwendung: Bei Raumtemperatur aufbewahren. Vor Gebrauch gut sch\u00fctteln. Au\u00dferhalb der Reichweite von Kindern aufbewahren. Nach dem \u00d6ffnen nur begrenzt haltbar. Nicht zum Einnehmen. Der Hersteller haftet nicht f\u00fcr Sch\u00e4den, die gem\u00e4\u00df unseren Allgemeinen Gesch\u00e4ftsbedingungen entstehen.<\/strong><\/p>\n","protected":false},"excerpt":{"rendered":"<p>Ein hochwertiger Cocktail aus Mineralien und Stimulanzien, der sich f\u00fcr die Bl\u00fcte- und Reifungsphase eignet. Bloombastic erh\u00f6ht den Zuckergehalt und<\/p>\n","protected":false},"featured_media":32071,"template":"","meta":[],"product_brand":[],"product_cat":[388,379,344],"product_tag":[],"class_list":{"0":"post-28259","1":"product","2":"type-product","3":"status-publish","4":"has-post-thumbnail","6":"product_cat-atami-bcuzz-de","7":"product_cat-beliebt","8":"product_cat-pflanzennahrung","10":"first","11":"instock","12":"taxable","13":"shipping-taxable","14":"purchasable","15":"product-type-simple"},"_links":{"self":[{"href":"https:\/\/greendisc.dev-project.digital\/de\/wp-json\/wp\/v2\/product\/28259","targetHints":{"allow":["GET"]}}],"collection":[{"href":"https:\/\/greendisc.dev-project.digital\/de\/wp-json\/wp\/v2\/product"}],"about":[{"href":"https:\/\/greendisc.dev-project.digital\/de\/wp-json\/wp\/v2\/types\/product"}],"version-history":[{"count":0,"href":"https:\/\/greendisc.dev-project.digital\/de\/wp-json\/wp\/v2\/product\/28259\/revisions"}],"wp:featuredmedia":[{"embeddable":true,"href":"https:\/\/greendisc.dev-project.digital\/de\/wp-json\/wp\/v2\/media\/32071"}],"wp:attachment":[{"href":"https:\/\/greendisc.dev-project.digital\/de\/wp-json\/wp\/v2\/media?parent=28259"}],"wp:term":[{"taxonomy":"product_brand","embeddable":true,"href":"https:\/\/greendisc.dev-project.digital\/de\/wp-json\/wp\/v2\/product_brand?post=28259"},{"taxonomy":"product_cat","embeddable":true,"href":"https:\/\/greendisc.dev-project.digital\/de\/wp-json\/wp\/v2\/product_cat?post=28259"},{"taxonomy":"product_tag","embeddable":true,"href":"https:\/\/greendisc.dev-project.digital\/de\/wp-json\/wp\/v2\/product_tag?post=28259"}],"curies":[{"name":"wp","href":"https:\/\/api.w.org\/{rel}","templated":true}]}}