 {"id":28257,"date":"2023-11-14T12:18:51","date_gmt":"2023-11-14T11:18:51","guid":{"rendered":"https:\/\/greendisc.dev-project.digital\/\/product\/ata-clean-5-ltr\/"},"modified":"2023-11-14T12:18:51","modified_gmt":"2023-11-14T11:18:51","slug":"ata-clean-5-ltr","status":"publish","type":"product","link":"https:\/\/greendisc.dev-project.digital\/de\/produkt\/ata-clean-5-ltr\/","title":{"rendered":"ATA Clean 5 ltr."},"content":{"rendered":"<p><meta charset=\"utf-8\"><\/p>\n<div data-mce-fragment=\"1\"><span data-mce-fragment=\"1\">Reiniger f\u00fcr Bew\u00e4sserungssysteme. Verhindert und entfernt Ablagerungen von Kalzium, Eisenphosphat und Algen. 100% unsch\u00e4dlich f\u00fcr Pflanzen.<\/span><\/div>\n<div data-mce-fragment=\"1\"><br data-mce-fragment=\"1\"><\/div>\n<div data-mce-fragment=\"1\">\n<div data-mce-fragment=\"1\">\n<span data-mce-fragment=\"1\"><span data-mce-fragment=\"1\">Geeignet f\u00fcr eine Vielzahl von Gem\u00fcsesorten, Kr\u00e4utern, Gew\u00fcrzen und Zierpflanzen wie Rosmarin, Estragon, Anthurium, Smuts, etc.<\/p>\n<p><meta charset=\"utf-8\"><\/span><\/span><\/p>\n<p><strong>Anwendung:<\/strong><\/p>\n<p>Speziell f\u00fcr die Verwendung mit Leitungswasser. Vorbeugend mit dem Futterwasser mischen und bei jeder F\u00fctterung geben. Stellen Sie zuerst den Basisn\u00e4hrstoff her und korrigieren Sie den PH-Wert (5,5-6,0), falls erforderlich. Lassen Sie das Grundfutter eine Weile stehen und f\u00fcgen Sie Ata-Clean hinzu.<\/p>\n<p><span> <\/span>D<strong>osierung:<\/strong> 0,1 ml pro 1 Liter N\u00e4hrstoffl\u00f6sung.<\/p>\n<p><strong>PK 18-6 W\/W<\/strong><\/p>\n<p><strong>Verwendung: Bei Raumtemperatur aufbewahren. Vor Gebrauch gut sch\u00fctteln. Au\u00dferhalb der Reichweite von Kindern aufbewahren. Nach dem \u00d6ffnen nur begrenzt haltbar. Nicht zum Einnehmen. Der Hersteller haftet nicht f\u00fcr Sch\u00e4den, die gem\u00e4\u00df unseren Allgemeinen Gesch\u00e4ftsbedingungen entstehen.<\/strong><\/p>\n<p>\n<\/div>\n<\/div>\n","protected":false},"excerpt":{"rendered":"<p>Reiniger f\u00fcr Bew\u00e4sserungssysteme. Verhindert und entfernt Ablagerungen von Kalzium, Eisenphosphat und Algen. 100% unsch\u00e4dlich f\u00fcr Pflanzen. Geeignet f\u00fcr eine Vielzahl<\/p>\n","protected":false},"featured_media":24563,"template":"","meta":[],"product_brand":[],"product_cat":[388,344],"product_tag":[],"class_list":{"0":"post-28257","1":"product","2":"type-product","3":"status-publish","4":"has-post-thumbnail","6":"product_cat-atami-bcuzz-de","7":"product_cat-pflanzennahrung","9":"first","10":"instock","11":"taxable","12":"shipping-taxable","13":"purchasable","14":"product-type-simple"},"_links":{"self":[{"href":"https:\/\/greendisc.dev-project.digital\/de\/wp-json\/wp\/v2\/product\/28257","targetHints":{"allow":["GET"]}}],"collection":[{"href":"https:\/\/greendisc.dev-project.digital\/de\/wp-json\/wp\/v2\/product"}],"about":[{"href":"https:\/\/greendisc.dev-project.digital\/de\/wp-json\/wp\/v2\/types\/product"}],"version-history":[{"count":0,"href":"https:\/\/greendisc.dev-project.digital\/de\/wp-json\/wp\/v2\/product\/28257\/revisions"}],"wp:featuredmedia":[{"embeddable":true,"href":"https:\/\/greendisc.dev-project.digital\/de\/wp-json\/wp\/v2\/media\/24563"}],"wp:attachment":[{"href":"https:\/\/greendisc.dev-project.digital\/de\/wp-json\/wp\/v2\/media?parent=28257"}],"wp:term":[{"taxonomy":"product_brand","embeddable":true,"href":"https:\/\/greendisc.dev-project.digital\/de\/wp-json\/wp\/v2\/product_brand?post=28257"},{"taxonomy":"product_cat","embeddable":true,"href":"https:\/\/greendisc.dev-project.digital\/de\/wp-json\/wp\/v2\/product_cat?post=28257"},{"taxonomy":"product_tag","embeddable":true,"href":"https:\/\/greendisc.dev-project.digital\/de\/wp-json\/wp\/v2\/product_tag?post=28257"}],"curies":[{"name":"wp","href":"https:\/\/api.w.org\/{rel}","templated":true}]}}