 {"id":28251,"date":"2023-11-14T12:18:53","date_gmt":"2023-11-14T11:18:53","guid":{"rendered":"https:\/\/greendisc.dev-project.digital\/\/product\/ata-pk-13-14-1-ltr\/"},"modified":"2023-11-14T12:18:53","modified_gmt":"2023-11-14T11:18:53","slug":"ata-pk-13-14-1-ltr","status":"publish","type":"product","link":"https:\/\/greendisc.dev-project.digital\/de\/produkt\/ata-pk-13-14-1-ltr\/","title":{"rendered":"ATA PK 13\/14 1 ltr."},"content":{"rendered":"<p><meta charset=\"utf-8\"><\/p>\n<p data-mce-fragment=\"1\"><span data-mce-fragment=\"1\">Hochwertiges Pr\u00e4parat aus nat\u00fcrlichem Phosphor und Kalium. Stimuliert die Bl\u00fcte und sorgt f\u00fcr eine \u00fcppige Bl\u00fcte. Au\u00dferdem tr\u00e4gt es zur Entwicklung eines gesunden Wurzelsystems bei. Kann direkt von der Pflanze aufgenommen werden und ist v\u00f6llig faserfrei.<\/span><\/p>\n<p data-mce-fragment=\"1\"><span data-mce-fragment=\"1\">Geeignet f\u00fcr eine Vielzahl von Obst- und Gem\u00fcsesorten wie Paprika, Chilischoten, Heidelbeeren,&#8230;<\/span><\/p>\n<p data-mce-fragment=\"1\"><span data-mce-fragment=\"1\">Er kann auch f\u00fcr bl\u00fchende Zierpflanzen (z.B. Begonien, Buddleia) verwendet werden.<br data-mce-fragment=\"1\"><meta charset=\"utf-8\"><\/span><\/p>\n<p data-mce-fragment=\"1\"><strong data-mce-fragment=\"1\">Anwendung:<\/strong><\/p>\n<p data-mce-fragment=\"1\">Geeignet als zus\u00e4tzliche Erg\u00e4nzung zur regul\u00e4ren NPK-Ern\u00e4hrung f\u00fcr den Anbau auf Erde, Hydro und Kokosnuss. Vom<sup data-mce-fragment=\"1\">1.<\/sup><span data-mce-fragment=\"1\"> <\/span>Woche der Bl\u00fctezeit dem N\u00e4hrstoffwasser zugeben. Kann w\u00e4hrend der Bl\u00fctezeit t\u00e4glich zur Bew\u00e4sserung der Pflanzen verwendet werden. In der letzten Woche vor der Ernte sp\u00fclen wir das Substrat mit Wasser und Enzymen.<\/p>\n<p data-mce-fragment=\"1\"><strong data-mce-fragment=\"1\">Anbautipp:<\/strong><\/p>\n<p data-mce-fragment=\"1\">Bauen Sie die Dosis von PK 13-14 langsam auf. So gew\u00f6hnen sich die Pflanzen daran und erzielen die besten Ergebnisse.<\/p>\n<p data-mce-fragment=\"1\"><span data-mce-fragment=\"1\"> <\/span>D<strong data-mce-fragment=\"1\">osierung:<\/strong> Bauen Sie langsam von 0,25-1,5 ml pro Liter N\u00e4hrl\u00f6sung auf.<\/p>\n<p data-mce-fragment=\"1\"><strong data-mce-fragment=\"1\">PK 13-14 W\/W<\/strong><\/p>\n<p data-mce-fragment=\"1\"><strong data-mce-fragment=\"1\">Verwendung: Bei Raumtemperatur aufbewahren. Vor Gebrauch gut sch\u00fctteln. Au\u00dferhalb der Reichweite von Kindern aufbewahren. Nach dem \u00d6ffnen nur begrenzt haltbar. Nicht zum Einnehmen. Der Hersteller haftet nicht f\u00fcr Sch\u00e4den, die gem\u00e4\u00df unseren Allgemeinen Gesch\u00e4ftsbedingungen entstehen.<\/strong><\/p>\n","protected":false},"excerpt":{"rendered":"<p>Hochwertiges Pr\u00e4parat aus nat\u00fcrlichem Phosphor und Kalium. Stimuliert die Bl\u00fcte und sorgt f\u00fcr eine \u00fcppige Bl\u00fcte. Au\u00dferdem tr\u00e4gt es zur<\/p>\n","protected":false},"featured_media":24565,"template":"","meta":[],"product_brand":[],"product_cat":[388,344],"product_tag":[],"class_list":{"0":"post-28251","1":"product","2":"type-product","3":"status-publish","4":"has-post-thumbnail","6":"product_cat-atami-bcuzz-de","7":"product_cat-pflanzennahrung","9":"first","10":"instock","11":"taxable","12":"shipping-taxable","13":"purchasable","14":"product-type-simple"},"_links":{"self":[{"href":"https:\/\/greendisc.dev-project.digital\/de\/wp-json\/wp\/v2\/product\/28251","targetHints":{"allow":["GET"]}}],"collection":[{"href":"https:\/\/greendisc.dev-project.digital\/de\/wp-json\/wp\/v2\/product"}],"about":[{"href":"https:\/\/greendisc.dev-project.digital\/de\/wp-json\/wp\/v2\/types\/product"}],"version-history":[{"count":0,"href":"https:\/\/greendisc.dev-project.digital\/de\/wp-json\/wp\/v2\/product\/28251\/revisions"}],"wp:featuredmedia":[{"embeddable":true,"href":"https:\/\/greendisc.dev-project.digital\/de\/wp-json\/wp\/v2\/media\/24565"}],"wp:attachment":[{"href":"https:\/\/greendisc.dev-project.digital\/de\/wp-json\/wp\/v2\/media?parent=28251"}],"wp:term":[{"taxonomy":"product_brand","embeddable":true,"href":"https:\/\/greendisc.dev-project.digital\/de\/wp-json\/wp\/v2\/product_brand?post=28251"},{"taxonomy":"product_cat","embeddable":true,"href":"https:\/\/greendisc.dev-project.digital\/de\/wp-json\/wp\/v2\/product_cat?post=28251"},{"taxonomy":"product_tag","embeddable":true,"href":"https:\/\/greendisc.dev-project.digital\/de\/wp-json\/wp\/v2\/product_tag?post=28251"}],"curies":[{"name":"wp","href":"https:\/\/api.w.org\/{rel}","templated":true}]}}