 {"id":28245,"date":"2023-11-14T12:19:26","date_gmt":"2023-11-14T11:19:26","guid":{"rendered":"https:\/\/greendisc.dev-project.digital\/\/product\/bcuzz-coco-ab-1-ltr\/"},"modified":"2023-11-14T12:19:26","modified_gmt":"2023-11-14T11:19:26","slug":"bcuzz-coco-ab-1-ltr","status":"publish","type":"product","link":"https:\/\/greendisc.dev-project.digital\/de\/produkt\/bcuzz-coco-ab-1-ltr\/","title":{"rendered":"B&#8217;cuzz Coco A&amp;B 1 ltr."},"content":{"rendered":"<p><meta charset=\"utf-8\"><\/p>\n<div data-mce-fragment=\"1\"><span data-mce-fragment=\"1\">Professionelle Mineralnahrung ohne Wachstumsf\u00f6rderer. Speziell f\u00fcr den Anbau von Kokosn\u00fcssen entwickelt. Atami empfiehlt die Verwendung von Zusatzstoffen f\u00fcr beste Ergebnisse.<\/span><\/div>\n<div data-mce-fragment=\"1\"><br data-mce-fragment=\"1\"><\/div>\n<div data-mce-fragment=\"1\">\n<div data-mce-fragment=\"1\">\n<span data-mce-fragment=\"1\"><span data-mce-fragment=\"1\">Geeignet f\u00fcr eine breite Palette von Gem\u00fcse, Obst, Kr\u00e4utern und Gew\u00fcrzen wie Tomaten, Salbei und Basilikum. Er kann auch f\u00fcr Zimmer- und Topfpflanzen (z.B. Pfeilkraut, Lavendel) verwendet werden.<\/p>\n<p><meta charset=\"utf-8\"><\/span><\/span><\/p>\n<p>Dieses Futter kann nur verwendet werden, wenn B&#8217;cuzz Coco nutrition A &amp; B zusammen und gleichzeitig in Wasser gemischt werden. F\u00fcr beste Ergebnisse empfehlen wir<\/p>\n<p>Atami die Verwendung von Wasser bei Raumtemperatur (21\u00b0C).<\/p>\n<p><strong>Anbautipp:<\/strong><\/p>\n<p>Vor Gebrauch gut sch\u00fctteln. Zus\u00e4tzlich zu Coco nutrition A &amp; B wird die Verwendung von Biostimulatoren empfohlen.<\/p>\n<p><strong>Dosierung<\/strong>: 1-3ml A und 1-3ml B pro Liter N\u00e4hrstoffl\u00f6sung.<\/p>\n<p><strong>NPK:<\/strong><\/p>\n<p>Coco Nutrition A: NK 5-5<\/p>\n<p>Coco Nutrition B: PK 4-6<\/p>\n<p><strong>Verwendung: Bei Raumtemperatur aufbewahren. Vor Gebrauch gut sch\u00fctteln. Au\u00dferhalb der Reichweite von Kindern aufbewahren. Nach dem \u00d6ffnen nur begrenzt haltbar. Nicht zum Einnehmen. Der Hersteller haftet nicht f\u00fcr Sch\u00e4den, die gem\u00e4\u00df unseren Allgemeinen Gesch\u00e4ftsbedingungen entstehen.<\/strong><\/p>\n<p>\n<\/div>\n<\/div>\n","protected":false},"excerpt":{"rendered":"<p>Professionelle Mineralnahrung ohne Wachstumsf\u00f6rderer. Speziell f\u00fcr den Anbau von Kokosn\u00fcssen entwickelt. Atami empfiehlt die Verwendung von Zusatzstoffen f\u00fcr beste Ergebnisse.<\/p>\n","protected":false},"featured_media":24639,"template":"","meta":[],"product_brand":[],"product_cat":[388,344],"product_tag":[],"class_list":{"0":"post-28245","1":"product","2":"type-product","3":"status-publish","4":"has-post-thumbnail","6":"product_cat-atami-bcuzz-de","7":"product_cat-pflanzennahrung","9":"first","10":"instock","11":"taxable","12":"shipping-taxable","13":"purchasable","14":"product-type-simple"},"_links":{"self":[{"href":"https:\/\/greendisc.dev-project.digital\/de\/wp-json\/wp\/v2\/product\/28245","targetHints":{"allow":["GET"]}}],"collection":[{"href":"https:\/\/greendisc.dev-project.digital\/de\/wp-json\/wp\/v2\/product"}],"about":[{"href":"https:\/\/greendisc.dev-project.digital\/de\/wp-json\/wp\/v2\/types\/product"}],"version-history":[{"count":0,"href":"https:\/\/greendisc.dev-project.digital\/de\/wp-json\/wp\/v2\/product\/28245\/revisions"}],"wp:featuredmedia":[{"embeddable":true,"href":"https:\/\/greendisc.dev-project.digital\/de\/wp-json\/wp\/v2\/media\/24639"}],"wp:attachment":[{"href":"https:\/\/greendisc.dev-project.digital\/de\/wp-json\/wp\/v2\/media?parent=28245"}],"wp:term":[{"taxonomy":"product_brand","embeddable":true,"href":"https:\/\/greendisc.dev-project.digital\/de\/wp-json\/wp\/v2\/product_brand?post=28245"},{"taxonomy":"product_cat","embeddable":true,"href":"https:\/\/greendisc.dev-project.digital\/de\/wp-json\/wp\/v2\/product_cat?post=28245"},{"taxonomy":"product_tag","embeddable":true,"href":"https:\/\/greendisc.dev-project.digital\/de\/wp-json\/wp\/v2\/product_tag?post=28245"}],"curies":[{"name":"wp","href":"https:\/\/api.w.org\/{rel}","templated":true}]}}