 {"id":28242,"date":"2023-11-14T12:19:25","date_gmt":"2023-11-14T11:19:25","guid":{"rendered":"https:\/\/greendisc.dev-project.digital\/\/product\/bcuzz-blossom-builder-tabzz-16-stueck\/"},"modified":"2023-11-14T12:19:25","modified_gmt":"2023-11-14T11:19:25","slug":"bcuzz-blossom-builder-tabzz-16-stueck","status":"publish","type":"product","link":"https:\/\/greendisc.dev-project.digital\/de\/produkt\/bcuzz-blossom-builder-tabzz-16-stueck\/","title":{"rendered":"B&#8217;cuzz Blossom Builder Tabzz 16 St\u00fcck"},"content":{"rendered":"<p><span data-mce-fragment=\"1\"><span data-mce-fragment=\"1\">B&#8217;cuzz Blossom Builder Tabzz sind Brausetabletten, die speziell f\u00fcr die Bl\u00fcte entwickelt wurden. Sie l\u00f6sen sich leicht in der N\u00e4hrl\u00f6sung auf, so dass die Pflanze ihre ganze Energie auf die Entwicklung der Bl\u00fctenst\u00e4nde verwenden kann. Dies f\u00fchrt zu einer explosionsartigen Bl\u00fctenproduktion, wodurch die Bl\u00fcten gr\u00f6\u00dfer, schwerer und kompakter werden, aber der charakteristische Duft und Geschmack der Sorte erhalten bleibt.<\/p>\n<p><\/span><\/span><\/p>\n<p><span>Dosierung: <\/span>1 bis 2 B&#8217;cuzz Blossom Builder Tabzz auf 100 Liter N\u00e4hrstoffwasser.<\/p>\n<p><span>Anwendung: <\/span>Geeignet als Zusatz zur regul\u00e4ren NPK-Nahrung f\u00fcr den Anbau auf Erde, Hydro und Kokosnuss. Bei kurz bl\u00fchenden Pflanzen f\u00fcgen Sie die N\u00e4hrl\u00f6sung ab der 4. Woche des Bl\u00fctezyklus bis zur letzten Woche der Bl\u00fctezeit hinzu. Bei lang bl\u00fchenden Pflanzen empfiehlt es sich, Blossom Builder Tabzz eine Woche sp\u00e4ter anzusetzen.<\/p>\n<p><span>NPK-Wert<\/span>: 20-13 (w\/w)<\/p>\n","protected":false},"excerpt":{"rendered":"<p>B&#8217;cuzz Blossom Builder Tabzz sind Brausetabletten, die speziell f\u00fcr die Bl\u00fcte entwickelt wurden. Sie l\u00f6sen sich leicht in der N\u00e4hrl\u00f6sung<\/p>\n","protected":false},"featured_media":24635,"template":"","meta":[],"product_brand":[],"product_cat":[388,344],"product_tag":[],"class_list":{"0":"post-28242","1":"product","2":"type-product","3":"status-publish","4":"has-post-thumbnail","6":"product_cat-atami-bcuzz-de","7":"product_cat-pflanzennahrung","9":"first","10":"instock","11":"taxable","12":"shipping-taxable","13":"purchasable","14":"product-type-simple"},"_links":{"self":[{"href":"https:\/\/greendisc.dev-project.digital\/de\/wp-json\/wp\/v2\/product\/28242","targetHints":{"allow":["GET"]}}],"collection":[{"href":"https:\/\/greendisc.dev-project.digital\/de\/wp-json\/wp\/v2\/product"}],"about":[{"href":"https:\/\/greendisc.dev-project.digital\/de\/wp-json\/wp\/v2\/types\/product"}],"version-history":[{"count":0,"href":"https:\/\/greendisc.dev-project.digital\/de\/wp-json\/wp\/v2\/product\/28242\/revisions"}],"wp:featuredmedia":[{"embeddable":true,"href":"https:\/\/greendisc.dev-project.digital\/de\/wp-json\/wp\/v2\/media\/24635"}],"wp:attachment":[{"href":"https:\/\/greendisc.dev-project.digital\/de\/wp-json\/wp\/v2\/media?parent=28242"}],"wp:term":[{"taxonomy":"product_brand","embeddable":true,"href":"https:\/\/greendisc.dev-project.digital\/de\/wp-json\/wp\/v2\/product_brand?post=28242"},{"taxonomy":"product_cat","embeddable":true,"href":"https:\/\/greendisc.dev-project.digital\/de\/wp-json\/wp\/v2\/product_cat?post=28242"},{"taxonomy":"product_tag","embeddable":true,"href":"https:\/\/greendisc.dev-project.digital\/de\/wp-json\/wp\/v2\/product_tag?post=28242"}],"curies":[{"name":"wp","href":"https:\/\/api.w.org\/{rel}","templated":true}]}}