 {"id":28238,"date":"2023-11-14T12:19:24","date_gmt":"2023-11-14T11:19:24","guid":{"rendered":"https:\/\/greendisc.dev-project.digital\/\/product\/bcuzz-blossom-builder-fluessigkeit-250-ml\/"},"modified":"2023-11-14T12:19:24","modified_gmt":"2023-11-14T11:19:24","slug":"bcuzz-blossom-builder-fluessigkeit-250-ml","status":"publish","type":"product","link":"https:\/\/greendisc.dev-project.digital\/de\/produkt\/bcuzz-blossom-builder-fluessigkeit-250-ml\/","title":{"rendered":"B&#8217;cuzz Blossom Builder Fl\u00fcssigkeit 250 ml"},"content":{"rendered":"<p><strong data-mce-fragment=\"1\" _mstmutation=\"1\" _istranslated=\"1\">Mit B&#8217;cuzz Blossom Builder Liquid erzielen Sie unglaubliche Ergebnisse! Es ist auch bekannt, dass die Pflanzen mit fortschreitender Bl\u00fctephase einen erh\u00f6hten Bedarf an Phosphor und Kalium haben.<\/strong><br data-mce-fragment=\"1\" _mstmutation=\"1\" _istranslated=\"1\"><br data-mce-fragment=\"1\" _mstmutation=\"1\" _istranslated=\"1\"><span data-mce-fragment=\"1\">B&#8217;cuzz Blossom Builder Liquid verbessert die Fruchtstruktur und f\u00f6rdert die Bildung starker, gesunder und sch\u00f6ner gro\u00dfer duftender Bl\u00fcten und Fr\u00fcchte. Dank seines einzigartigen P:K-Verh\u00e4ltnisses von 18% und 23% deckt B&#8217;cuzz Blossom Builder Liquid alle Bed\u00fcrfnisse Ihrer Pflanzen. Au\u00dferdem verbessert der h\u00f6here Gehalt an Phosphor im Verh\u00e4ltnis zu Kalium die Aush\u00e4rtung der Fr\u00fcchte.<\/span><br data-mce-fragment=\"1\" _mstmutation=\"1\" _istranslated=\"1\"><br data-mce-fragment=\"1\" _mstmutation=\"1\" _istranslated=\"1\"><strong data-mce-fragment=\"1\" _mstmutation=\"1\" _istranslated=\"1\">BESONDERS GEEIGNET F\u00dcR<\/strong><br data-mce-fragment=\"1\" _mstmutation=\"1\" _istranslated=\"1\"><span data-mce-fragment=\"1\">verschiedene Obst- und Gem\u00fcsesorten, wie z.B. B-Paprika, Paprika und Blaubeeren. Das Produkt kann auch f\u00fcr bl\u00fchende Zierpflanzen (z.B. Sommerflieder (Buddleja) und Amaranth) verwendet werden. Die erforderliche Dosierung kann auf die Bed\u00fcrfnisse der jeweiligen Pflanze oder Kultur abgestimmt werden.<\/span><br data-mce-fragment=\"1\" _mstmutation=\"1\" _istranslated=\"1\"><br data-mce-fragment=\"1\" _mstmutation=\"1\" _istranslated=\"1\"><strong data-mce-fragment=\"1\" _mstmutation=\"1\" _istranslated=\"1\">ANWENDUNG<\/strong><br data-mce-fragment=\"1\" _mstmutation=\"1\" _istranslated=\"1\"><span data-mce-fragment=\"1\">Das Kombinationsprodukt kann als alleinige Quelle f\u00fcr N\u00e4hrstoffe und Stimulatoren verwendet werden, womit die Z\u00fcchter bereits gute Ergebnisse erzielen. Wir empfehlen die Verwendung des B&#8217;cuzz Blossom Builder Liquid in Kombination mit dem B&#8217;cuzz Bloom Stimulator. B&#8217;cuzz Blossom Builder Liquid kann in Erde, Kokoserde und Hydrokulturen sowie in allen Bew\u00e4sserungssystemen verwendet werden.<\/span><br data-mce-fragment=\"1\" _mstmutation=\"1\" _istranslated=\"1\"><br data-mce-fragment=\"1\" _mstmutation=\"1\" _istranslated=\"1\"><strong data-mce-fragment=\"1\" _mstmutation=\"1\" _istranslated=\"1\">DOSIEREN<\/strong><br data-mce-fragment=\"1\" _mstmutation=\"1\" _istranslated=\"1\"><span data-mce-fragment=\"1\">Mischen Sie Ihre Standardgrundn\u00e4hrstoffe und f\u00fcgen Sie 0,25 ml bis 0,50 ml B&#8217;cuzz Blossom Builder Liquid pro Liter N\u00e4hrl\u00f6sung hinzu.<\/span><br data-mce-fragment=\"1\" _mstmutation=\"1\" _istranslated=\"1\"><br data-mce-fragment=\"1\" _mstmutation=\"1\" _istranslated=\"1\"><strong data-mce-fragment=\"1\" _mstmutation=\"1\" _istranslated=\"1\">PK 18-23 W\/W<\/strong><\/p>\n","protected":false},"excerpt":{"rendered":"<p>Mit B&#8217;cuzz Blossom Builder Liquid erzielen Sie unglaubliche Ergebnisse! Es ist auch bekannt, dass die Pflanzen mit fortschreitender Bl\u00fctephase einen<\/p>\n","protected":false},"featured_media":24629,"template":"","meta":[],"product_brand":[],"product_cat":[388,344],"product_tag":[],"class_list":{"0":"post-28238","1":"product","2":"type-product","3":"status-publish","4":"has-post-thumbnail","6":"product_cat-atami-bcuzz-de","7":"product_cat-pflanzennahrung","9":"first","10":"instock","11":"taxable","12":"shipping-taxable","13":"purchasable","14":"product-type-simple"},"_links":{"self":[{"href":"https:\/\/greendisc.dev-project.digital\/de\/wp-json\/wp\/v2\/product\/28238","targetHints":{"allow":["GET"]}}],"collection":[{"href":"https:\/\/greendisc.dev-project.digital\/de\/wp-json\/wp\/v2\/product"}],"about":[{"href":"https:\/\/greendisc.dev-project.digital\/de\/wp-json\/wp\/v2\/types\/product"}],"version-history":[{"count":0,"href":"https:\/\/greendisc.dev-project.digital\/de\/wp-json\/wp\/v2\/product\/28238\/revisions"}],"wp:featuredmedia":[{"embeddable":true,"href":"https:\/\/greendisc.dev-project.digital\/de\/wp-json\/wp\/v2\/media\/24629"}],"wp:attachment":[{"href":"https:\/\/greendisc.dev-project.digital\/de\/wp-json\/wp\/v2\/media?parent=28238"}],"wp:term":[{"taxonomy":"product_brand","embeddable":true,"href":"https:\/\/greendisc.dev-project.digital\/de\/wp-json\/wp\/v2\/product_brand?post=28238"},{"taxonomy":"product_cat","embeddable":true,"href":"https:\/\/greendisc.dev-project.digital\/de\/wp-json\/wp\/v2\/product_cat?post=28238"},{"taxonomy":"product_tag","embeddable":true,"href":"https:\/\/greendisc.dev-project.digital\/de\/wp-json\/wp\/v2\/product_tag?post=28238"}],"curies":[{"name":"wp","href":"https:\/\/api.w.org\/{rel}","templated":true}]}}