 {"id":28236,"date":"2023-11-14T12:19:19","date_gmt":"2023-11-14T11:19:19","guid":{"rendered":"https:\/\/greendisc.dev-project.digital\/\/product\/bcuzz-bio-defense-12-250ml\/"},"modified":"2023-11-14T12:19:19","modified_gmt":"2023-11-14T11:19:19","slug":"bcuzz-bio-defense-12-250ml","status":"publish","type":"product","link":"https:\/\/greendisc.dev-project.digital\/de\/produkt\/bcuzz-bio-defense-12-250ml\/","title":{"rendered":"B&#8217;cuzz Bio Defense 1&amp;2 250ml"},"content":{"rendered":"<div data-mce-fragment=\"1\" _msthash=\"4785391\" _msttexthash=\"4103099\">Widerstandsverst\u00e4rker. Macht Ihre Ernte widerstandsf\u00e4higer gegen Sch\u00e4dlinge und\/oder Pilze.<\/div>\n<div data-mce-fragment=\"1\" _msthash=\"4785534\" _msttexthash=\"9550944\">Verteidigung 1 kombiniert mit Verteidigung 2 ist<span id=\"more-881\" data-mce-fragment=\"1\" _istranslated=\"1\"><\/span><span data-mce-fragment=\"1\"> <\/span>eine Verst\u00e4rkung der Resistenz. Es macht Ihre Pflanzen widerstandsf\u00e4higer gegen Sch\u00e4dlinge und\/oder Pilze.<\/p>\n<p><strong data-mce-fragment=\"1\">Anwendung:<\/strong><br data-mce-fragment=\"1\"><span data-mce-fragment=\"1\">Bio Defense 1 &amp; 2 sollten zusammen und gleichzeitig in lauwarmem Wasser gemischt werden. Bespr\u00fchen Sie dann sowohl die Unter- als auch die Oberseite der Bl\u00e4tter. Wenn wir diese Behandlung mehrmals wiederholen (im Abstand von etwa 10 Tagen), werden die Ergebnisse deutlich sp\u00fcrbar sein. Daher ist eine mehrmalige Behandlung der Pflanze mit diesem Mittel sehr effektiv.<\/span><br data-mce-fragment=\"1\"><br data-mce-fragment=\"1\"><strong data-mce-fragment=\"1\">Dosierung:<\/strong><br data-mce-fragment=\"1\"><span data-mce-fragment=\"1\">Je nach dem Grad der Bel\u00e4stigung.<\/span><br data-mce-fragment=\"1\"><strong data-mce-fragment=\"1\">Minimum:<\/strong><span data-mce-fragment=\"1\"> 1 ml pro Liter Wasser (1:1000).<\/span><br data-mce-fragment=\"1\"><strong data-mce-fragment=\"1\">Maximal:<\/strong><span data-mce-fragment=\"1\"> 3 ml pro Liter Wasser (3:1000).<\/span>\n<\/div>\n","protected":false},"excerpt":{"rendered":"<p>Widerstandsverst\u00e4rker. Macht Ihre Ernte widerstandsf\u00e4higer gegen Sch\u00e4dlinge und\/oder Pilze. Verteidigung 1 kombiniert mit Verteidigung 2 ist eine Verst\u00e4rkung der Resistenz.<\/p>\n","protected":false},"featured_media":24619,"template":"","meta":[],"product_brand":[],"product_cat":[388,344],"product_tag":[],"class_list":{"0":"post-28236","1":"product","2":"type-product","3":"status-publish","4":"has-post-thumbnail","6":"product_cat-atami-bcuzz-de","7":"product_cat-pflanzennahrung","9":"first","10":"instock","11":"taxable","12":"shipping-taxable","13":"purchasable","14":"product-type-simple"},"_links":{"self":[{"href":"https:\/\/greendisc.dev-project.digital\/de\/wp-json\/wp\/v2\/product\/28236","targetHints":{"allow":["GET"]}}],"collection":[{"href":"https:\/\/greendisc.dev-project.digital\/de\/wp-json\/wp\/v2\/product"}],"about":[{"href":"https:\/\/greendisc.dev-project.digital\/de\/wp-json\/wp\/v2\/types\/product"}],"version-history":[{"count":0,"href":"https:\/\/greendisc.dev-project.digital\/de\/wp-json\/wp\/v2\/product\/28236\/revisions"}],"wp:featuredmedia":[{"embeddable":true,"href":"https:\/\/greendisc.dev-project.digital\/de\/wp-json\/wp\/v2\/media\/24619"}],"wp:attachment":[{"href":"https:\/\/greendisc.dev-project.digital\/de\/wp-json\/wp\/v2\/media?parent=28236"}],"wp:term":[{"taxonomy":"product_brand","embeddable":true,"href":"https:\/\/greendisc.dev-project.digital\/de\/wp-json\/wp\/v2\/product_brand?post=28236"},{"taxonomy":"product_cat","embeddable":true,"href":"https:\/\/greendisc.dev-project.digital\/de\/wp-json\/wp\/v2\/product_cat?post=28236"},{"taxonomy":"product_tag","embeddable":true,"href":"https:\/\/greendisc.dev-project.digital\/de\/wp-json\/wp\/v2\/product_tag?post=28236"}],"curies":[{"name":"wp","href":"https:\/\/api.w.org\/{rel}","templated":true}]}}