 {"id":28227,"date":"2023-11-14T12:27:30","date_gmt":"2023-11-14T11:27:30","guid":{"rendered":"https:\/\/greendisc.dev-project.digital\/\/product\/lumatek-pro-1000w-400v-dimmbares-und-regelbares-vorschaltgeraet\/"},"modified":"2023-11-14T12:27:30","modified_gmt":"2023-11-14T11:27:30","slug":"lumatek-pro-1000w-400v-dimmbares-und-regelbares-vorschaltgeraet","status":"publish","type":"product","link":"https:\/\/greendisc.dev-project.digital\/de\/produkt\/lumatek-pro-1000w-400v-dimmbares-und-regelbares-vorschaltgeraet\/","title":{"rendered":"Lumatek Pro 1000W, 400V dimmbares und regelbares Vorschaltger\u00e4t"},"content":{"rendered":"<p>Der LUMATEK Pro 1000W 400v Controllable wurde f\u00fcr den Anschluss an eine 240V Stromversorgung entwickelt und beleuchtet 600\/750\/1000W 400V HPS Growlampen.<\/p>\n<p>400V Grow-Beleuchtung ist heute Standard im professionellen Gartenbau, da das zus\u00e4tzliche PAR\/PPF (Grow-Licht) mit gr\u00f6\u00dferer Effizienz und niedrigeren Energiekosten erzeugt wird. Verbesserte PAR sorgt f\u00fcr ein konstantes und gleichm\u00e4\u00dfiges Pflanzenwachstum.<\/p>\n<p>Entwickelt, um die professionellen Standards und die wichtigsten Anforderungen der Z\u00fcchter zu erf\u00fcllen:<br \/>&#8211; Zus\u00e4tzliches PAR\/PPF &#8211; bis zu 10% mehr Wachstumslicht<br \/>&#8211; Mehr Licht = mehr Ertrag\/Einkommen<br \/>&#8211; Verbesserte Wartung der PAR-Lichtleistung<br \/>&#8211; H\u00f6chste System-Effizienz<br \/>&#8211; Hohe Zuverl\u00e4ssigkeit<br \/>&#8211; Niedrige Energiekosten<br \/>&#8211; Erschwinglicher Preis &#8211; nur wenig mehr als Standard 240V Ger\u00e4te<br \/>&#8211; Schlie\u00dfen Sie das Ger\u00e4t an eine 240-V-Stromversorgung an und beleuchten Sie 400-V-Double-Ended-Gartenbaulampen.<\/p>\n<p>Lumatek verwendet die neuesten elektronischen Komponenten, um die Leistung und Effizienz zu verbessern und die Kosten f\u00fcr professionelle High-End-Ger\u00e4te f\u00fcr den Endverbraucher zu senken.<\/p>\n<p>Lumatek Pro Vorschaltger\u00e4te sind getestet und kompatibel mit 400V DE HPS-Lampen aller f\u00fchrenden Hersteller, einschlie\u00dflich Phillips. Vergleichstests haben gezeigt, dass die PAR\/PPF-Werte bis zu 10% h\u00f6her sind als bei Standard-Gartenbaulampen und die PAR-Werte besser gehalten werden.<\/p>\n<p>Lumatek hat einen guten Ruf f\u00fcr seine Zuverl\u00e4ssigkeit und Leistung. Die Pro 400V-Serie bietet erschwingliche professionelle Beleuchtungsl\u00f6sungen f\u00fcr den Indoor-Grow-Markt.<\/p>\n<p>Die neu hinzugef\u00fcgte Kontrollfunktion erm\u00f6glicht es Ihnen, die Umgebung Ihres Zuchtraums ganz einfach zu \u00fcberwachen und zu regulieren (Zeitsteuerung der Beleuchtung, Sonnenaufgang\/Sonnenuntergang, digitale 1%-Dimmung usw.). Schlie\u00dfen Sie einfach das Lumatek Digital Panel (separat erh\u00e4ltlich) an den TRS &#8222;Link&#8220;-Anschluss Ihres steuerbaren Vorschaltger\u00e4ts an.<\/p>\n<p>Die Gesamtl\u00e4nge des Kabels zwischen dem Pro 1000W 400V Vorschaltger\u00e4t und dem Reflektor sollte 5 Meter nicht \u00fcberschreiten.<\/p>\n","protected":false},"excerpt":{"rendered":"<p>Der LUMATEK Pro 1000W 400v Controllable wurde f\u00fcr den Anschluss an eine 240V Stromversorgung entwickelt und beleuchtet 600\/750\/1000W 400V HPS<\/p>\n","protected":false},"featured_media":25631,"template":"","meta":[],"product_brand":[],"product_cat":[337,382,384],"product_tag":[],"class_list":{"0":"post-28227","1":"product","2":"type-product","3":"status-publish","4":"has-post-thumbnail","6":"product_cat-beleuchtung","7":"product_cat-beleuchtungskorper","8":"product_cat-digitale-vorschaltgerate","10":"first","11":"instock","12":"taxable","13":"shipping-taxable","14":"purchasable","15":"product-type-simple"},"_links":{"self":[{"href":"https:\/\/greendisc.dev-project.digital\/de\/wp-json\/wp\/v2\/product\/28227","targetHints":{"allow":["GET"]}}],"collection":[{"href":"https:\/\/greendisc.dev-project.digital\/de\/wp-json\/wp\/v2\/product"}],"about":[{"href":"https:\/\/greendisc.dev-project.digital\/de\/wp-json\/wp\/v2\/types\/product"}],"version-history":[{"count":0,"href":"https:\/\/greendisc.dev-project.digital\/de\/wp-json\/wp\/v2\/product\/28227\/revisions"}],"wp:featuredmedia":[{"embeddable":true,"href":"https:\/\/greendisc.dev-project.digital\/de\/wp-json\/wp\/v2\/media\/25631"}],"wp:attachment":[{"href":"https:\/\/greendisc.dev-project.digital\/de\/wp-json\/wp\/v2\/media?parent=28227"}],"wp:term":[{"taxonomy":"product_brand","embeddable":true,"href":"https:\/\/greendisc.dev-project.digital\/de\/wp-json\/wp\/v2\/product_brand?post=28227"},{"taxonomy":"product_cat","embeddable":true,"href":"https:\/\/greendisc.dev-project.digital\/de\/wp-json\/wp\/v2\/product_cat?post=28227"},{"taxonomy":"product_tag","embeddable":true,"href":"https:\/\/greendisc.dev-project.digital\/de\/wp-json\/wp\/v2\/product_tag?post=28227"}],"curies":[{"name":"wp","href":"https:\/\/api.w.org\/{rel}","templated":true}]}}