 {"id":28223,"date":"2023-11-14T12:23:12","date_gmt":"2023-11-14T11:23:12","guid":{"rendered":"https:\/\/greendisc.dev-project.digital\/\/product\/dutch-masters-evsa-600w-dimmbar\/"},"modified":"2023-11-14T12:23:12","modified_gmt":"2023-11-14T11:23:12","slug":"dutch-masters-evsa-600w-dimmbar","status":"publish","type":"product","link":"https:\/\/greendisc.dev-project.digital\/de\/produkt\/dutch-masters-evsa-600w-dimmbar\/","title":{"rendered":"Dutch Masters EVSA 600W Dimmbar"},"content":{"rendered":"<p><meta charset=\"utf-8\"><\/p>\n<p data-mce-fragment=\"1\">Die dimmbare Dutch Masters EVSA ist mit einem automatischen Abschaltmechanismus programmiert, der bei einem Kurzschluss in der Verkabelung, bei Verwendung einer fehlerhaften Lampe oder bei Fehlen einer Lampe zum Einsatz kommt.<\/p>\n<p data-mce-fragment=\"1\">Das elektronische Vorschaltger\u00e4t kann w\u00e4hrend des Betriebs zwischen vier Stufen (660W, 600W, 400W und 250Watt) gedimmt werden. Diese EVSA ist mit Metallhalogenid- (MH) und HPS- (Natriumdampf-Hochdruck-) Lampen kompatibel.<\/p>\n<h2 data-mce-fragment=\"1\">Technische Daten:<\/h2>\n<ul data-mce-fragment=\"1\">\n<li data-mce-fragment=\"1\">Abmessungen (LxBxH mm): 290 x 120 x 60 mm<\/li>\n<li data-mce-fragment=\"1\">Luftfeuchtigkeit: geeignet bis max. 85%.<\/li>\n<li data-mce-fragment=\"1\">Aluminiumgeh\u00e4use: spritzwassergesch\u00fctzt<\/li>\n<li data-mce-fragment=\"1\">4 Dimmmodi: 660W (Boost), 600W, 400W, 250Watt<\/li>\n<li data-mce-fragment=\"1\">Kurzschlussschutz: ja<\/li>\n<li data-mce-fragment=\"1\">\u00dcberspringschutz: ja<\/li>\n<li data-mce-fragment=\"1\">Schutz gegen Lampenausfall: ja<\/li>\n<li data-mce-fragment=\"1\">Max. Geh\u00e4usetemperatur: 70 \u00b0C<\/li>\n<li data-mce-fragment=\"1\">Umgebungstemperaturbereich: -10 \u00b0C ~ 70 \u00b0C<\/li>\n<li data-mce-fragment=\"1\">Nennausgangsleistung: 600 Watt<\/li>\n<li data-mce-fragment=\"1\">Max. Eingangsstrom bei 600 W: 3,7 A, bei 400 W (2,4 A)<\/li>\n<li data-mce-fragment=\"1\">Nenneingangsstrom bei 600 W: 2,9 A bei 400 W (1,8 A)<\/li>\n<li data-mce-fragment=\"1\">Eingang: 240V-50\/60 Hz<\/li>\n<li data-mce-fragment=\"1\">spezielles K\u00fchlrippendesign f\u00fcr effiziente K\u00fchlung<\/li>\n<li data-mce-fragment=\"1\">Gewicht: 1,72 kg<\/li>\n<li data-mce-fragment=\"1\">Die Farbe Schwarz<\/li>\n<li data-mce-fragment=\"1\">Steckerkabel ca. 2 Meter lang (im Lieferumfang enthalten)<\/li>\n<li data-mce-fragment=\"1\">IEC-Stecker f\u00fcr Reflektorkabel optional erh\u00e4ltlich<\/li>\n<\/ul>\n","protected":false},"excerpt":{"rendered":"<p>Die dimmbare Dutch Masters EVSA ist mit einem automatischen Abschaltmechanismus programmiert, der bei einem Kurzschluss in der Verkabelung, bei Verwendung<\/p>\n","protected":false},"featured_media":25149,"template":"","meta":[],"product_brand":[],"product_cat":[337,382,384],"product_tag":[],"class_list":{"0":"post-28223","1":"product","2":"type-product","3":"status-publish","4":"has-post-thumbnail","6":"product_cat-beleuchtung","7":"product_cat-beleuchtungskorper","8":"product_cat-digitale-vorschaltgerate","10":"first","11":"instock","12":"taxable","13":"shipping-taxable","14":"purchasable","15":"product-type-simple"},"_links":{"self":[{"href":"https:\/\/greendisc.dev-project.digital\/de\/wp-json\/wp\/v2\/product\/28223","targetHints":{"allow":["GET"]}}],"collection":[{"href":"https:\/\/greendisc.dev-project.digital\/de\/wp-json\/wp\/v2\/product"}],"about":[{"href":"https:\/\/greendisc.dev-project.digital\/de\/wp-json\/wp\/v2\/types\/product"}],"version-history":[{"count":0,"href":"https:\/\/greendisc.dev-project.digital\/de\/wp-json\/wp\/v2\/product\/28223\/revisions"}],"wp:featuredmedia":[{"embeddable":true,"href":"https:\/\/greendisc.dev-project.digital\/de\/wp-json\/wp\/v2\/media\/25149"}],"wp:attachment":[{"href":"https:\/\/greendisc.dev-project.digital\/de\/wp-json\/wp\/v2\/media?parent=28223"}],"wp:term":[{"taxonomy":"product_brand","embeddable":true,"href":"https:\/\/greendisc.dev-project.digital\/de\/wp-json\/wp\/v2\/product_brand?post=28223"},{"taxonomy":"product_cat","embeddable":true,"href":"https:\/\/greendisc.dev-project.digital\/de\/wp-json\/wp\/v2\/product_cat?post=28223"},{"taxonomy":"product_tag","embeddable":true,"href":"https:\/\/greendisc.dev-project.digital\/de\/wp-json\/wp\/v2\/product_tag?post=28223"}],"curies":[{"name":"wp","href":"https:\/\/api.w.org\/{rel}","templated":true}]}}