 {"id":28222,"date":"2023-11-14T12:23:57","date_gmt":"2023-11-14T11:23:57","guid":{"rendered":"https:\/\/greendisc.dev-project.digital\/\/product\/e-l-t-vsa-600w\/"},"modified":"2023-11-14T12:23:57","modified_gmt":"2023-11-14T11:23:57","slug":"e-l-t-vsa-600w","status":"publish","type":"product","link":"https:\/\/greendisc.dev-project.digital\/de\/produkt\/e-l-t-vsa-600w\/","title":{"rendered":"E.L.T. vsa 600W"},"content":{"rendered":"<p><meta charset=\"utf-8\"><\/p>\n<h2 data-mce-fragment=\"1\"><strong data-mce-fragment=\"1\">VSA ELT 600 Watt<\/strong><\/h2>\n<ul data-mce-fragment=\"1\">\n<li data-mce-fragment=\"1\">Ferngesteuertes Vorschaltger\u00e4t 600 Watt<\/li>\n<li data-mce-fragment=\"1\">die zu verwendende Spannung betr\u00e4gt 220-230 Volt<\/li>\n<li data-mce-fragment=\"1\">Die maximale Leistungsaufnahme betr\u00e4gt 600 Watt<\/li>\n<li data-mce-fragment=\"1\">Der Strom des Vorschaltger\u00e4ts betr\u00e4gt 6,2 Ampere<\/li>\n<li data-mce-fragment=\"1\">Mit diesem vsa ist kein Sperrfilter erforderlich<\/li>\n<li data-mce-fragment=\"1\">Verwenden Sie das Vorschaltger\u00e4t nicht in feuchten R\u00e4umen<\/li>\n<\/ul>\n","protected":false},"excerpt":{"rendered":"<p>VSA ELT 600 Watt Ferngesteuertes Vorschaltger\u00e4t 600 Watt die zu verwendende Spannung betr\u00e4gt 220-230 Volt Die maximale Leistungsaufnahme betr\u00e4gt 600<\/p>\n","protected":false},"featured_media":25231,"template":"","meta":[],"product_brand":[],"product_cat":[337,382,386],"product_tag":[],"class_list":{"0":"post-28222","1":"product","2":"type-product","3":"status-publish","4":"has-post-thumbnail","6":"product_cat-beleuchtung","7":"product_cat-beleuchtungskorper","8":"product_cat-vorschaltgerate-aus-kupfer-aluminium","10":"first","11":"instock","12":"taxable","13":"shipping-taxable","14":"purchasable","15":"product-type-simple"},"_links":{"self":[{"href":"https:\/\/greendisc.dev-project.digital\/de\/wp-json\/wp\/v2\/product\/28222","targetHints":{"allow":["GET"]}}],"collection":[{"href":"https:\/\/greendisc.dev-project.digital\/de\/wp-json\/wp\/v2\/product"}],"about":[{"href":"https:\/\/greendisc.dev-project.digital\/de\/wp-json\/wp\/v2\/types\/product"}],"version-history":[{"count":0,"href":"https:\/\/greendisc.dev-project.digital\/de\/wp-json\/wp\/v2\/product\/28222\/revisions"}],"wp:featuredmedia":[{"embeddable":true,"href":"https:\/\/greendisc.dev-project.digital\/de\/wp-json\/wp\/v2\/media\/25231"}],"wp:attachment":[{"href":"https:\/\/greendisc.dev-project.digital\/de\/wp-json\/wp\/v2\/media?parent=28222"}],"wp:term":[{"taxonomy":"product_brand","embeddable":true,"href":"https:\/\/greendisc.dev-project.digital\/de\/wp-json\/wp\/v2\/product_brand?post=28222"},{"taxonomy":"product_cat","embeddable":true,"href":"https:\/\/greendisc.dev-project.digital\/de\/wp-json\/wp\/v2\/product_cat?post=28222"},{"taxonomy":"product_tag","embeddable":true,"href":"https:\/\/greendisc.dev-project.digital\/de\/wp-json\/wp\/v2\/product_tag?post=28222"}],"curies":[{"name":"wp","href":"https:\/\/api.w.org\/{rel}","templated":true}]}}