 {"id":28219,"date":"2023-11-14T12:22:58","date_gmt":"2023-11-14T11:22:58","guid":{"rendered":"https:\/\/greendisc.dev-project.digital\/\/product\/dimlux-xtreme-serie-600w-400v-ausgang\/"},"modified":"2023-11-14T12:22:58","modified_gmt":"2023-11-14T11:22:58","slug":"dimlux-xtreme-serie-600w-400v-ausgang","status":"publish","type":"product","link":"https:\/\/greendisc.dev-project.digital\/de\/produkt\/dimlux-xtreme-serie-600w-400v-ausgang\/","title":{"rendered":"Dimlux Xtreme Serie 600W, 400V Ausgang"},"content":{"rendered":"<p><meta charset=\"utf-8\"><\/p>\n<p data-mce-fragment=\"1\">F\u00fcr die professionelleren Z\u00fcchter unter uns bieten wir das Dimlux Xtreme 600W 400V an. Dieses elektronisch gesteuerte Vorschaltger\u00e4t ist praktisch ger\u00e4uschlos und kann sowohl gedimmt als auch geboostet werden. Dieser EVSA kann auch in Kombination mit dem Maxi-Controller von Dimlux verwendet werden. Aufgrund einer internen Spannungsumwandlung verwendet diese EVSA 400V EL-Lampen mit einem normalen 230V-Anschluss. Dieser EVSA kann auf bis zu 720W gesteigert werden!<\/p>\n<p data-mce-fragment=\"1\"><strong data-mce-fragment=\"1\">Spezifikationen:<\/strong><\/p>\n<ul data-mce-fragment=\"1\">\n<li data-mce-fragment=\"1\">Verwendet 600W 400V EL-Lampen<\/li>\n<li data-mce-fragment=\"1\">Leistung: 600W 400V<\/li>\n<li data-mce-fragment=\"1\">Eingang\/Anschluss 230V<\/li>\n<li data-mce-fragment=\"1\">Ausgangsleistung von 320W bis 720W<\/li>\n<li data-mce-fragment=\"1\">Soft Start (geringer Einschaltstrom) bei Verwendung ohne Maxi Controller<\/li>\n<li data-mce-fragment=\"1\">Null-Start (kein Einschaltstrom) mit dem Maxi Controller<\/li>\n<li data-mce-fragment=\"1\">Dimmertaste mit 7 Positionen und Soft-Off-Funktion.<\/li>\n<li data-mce-fragment=\"1\">Kann auch mit dem Maxi Controller ein- und ausgeschaltet und stufenlos gedimmt werden<\/li>\n<li data-mce-fragment=\"1\">Ausgestattet mit umfangreichen Diagnose-LEDs<\/li>\n<li data-mce-fragment=\"1\">15% Overdrive<\/li>\n<li data-mce-fragment=\"1\">Kabel + Stecker von 4mtr<\/li>\n<\/ul>\n","protected":false},"excerpt":{"rendered":"<p>F\u00fcr die professionelleren Z\u00fcchter unter uns bieten wir das Dimlux Xtreme 600W 400V an. Dieses elektronisch gesteuerte Vorschaltger\u00e4t ist praktisch<\/p>\n","protected":false},"featured_media":25099,"template":"","meta":[],"product_brand":[],"product_cat":[337,382,384],"product_tag":[],"class_list":{"0":"post-28219","1":"product","2":"type-product","3":"status-publish","4":"has-post-thumbnail","6":"product_cat-beleuchtung","7":"product_cat-beleuchtungskorper","8":"product_cat-digitale-vorschaltgerate","10":"first","11":"instock","12":"taxable","13":"shipping-taxable","14":"purchasable","15":"product-type-simple"},"_links":{"self":[{"href":"https:\/\/greendisc.dev-project.digital\/de\/wp-json\/wp\/v2\/product\/28219","targetHints":{"allow":["GET"]}}],"collection":[{"href":"https:\/\/greendisc.dev-project.digital\/de\/wp-json\/wp\/v2\/product"}],"about":[{"href":"https:\/\/greendisc.dev-project.digital\/de\/wp-json\/wp\/v2\/types\/product"}],"version-history":[{"count":0,"href":"https:\/\/greendisc.dev-project.digital\/de\/wp-json\/wp\/v2\/product\/28219\/revisions"}],"wp:featuredmedia":[{"embeddable":true,"href":"https:\/\/greendisc.dev-project.digital\/de\/wp-json\/wp\/v2\/media\/25099"}],"wp:attachment":[{"href":"https:\/\/greendisc.dev-project.digital\/de\/wp-json\/wp\/v2\/media?parent=28219"}],"wp:term":[{"taxonomy":"product_brand","embeddable":true,"href":"https:\/\/greendisc.dev-project.digital\/de\/wp-json\/wp\/v2\/product_brand?post=28219"},{"taxonomy":"product_cat","embeddable":true,"href":"https:\/\/greendisc.dev-project.digital\/de\/wp-json\/wp\/v2\/product_cat?post=28219"},{"taxonomy":"product_tag","embeddable":true,"href":"https:\/\/greendisc.dev-project.digital\/de\/wp-json\/wp\/v2\/product_tag?post=28219"}],"curies":[{"name":"wp","href":"https:\/\/api.w.org\/{rel}","templated":true}]}}