 {"id":28218,"date":"2023-11-14T12:23:56","date_gmt":"2023-11-14T11:23:56","guid":{"rendered":"https:\/\/greendisc.dev-project.digital\/\/product\/e-l-t-vsa-400w\/"},"modified":"2023-11-14T12:23:56","modified_gmt":"2023-11-14T11:23:56","slug":"e-l-t-vsa-400w","status":"publish","type":"product","link":"https:\/\/greendisc.dev-project.digital\/de\/produkt\/e-l-t-vsa-400w\/","title":{"rendered":"E.L.T. vsa 400W"},"content":{"rendered":"<p><meta charset=\"utf-8\"><span data-mce-fragment=\"1\">E.L.T. ist in der Lampentechnologie seit Jahren f\u00fchrend und bekannt f\u00fcr seine Qualit\u00e4t und Zuverl\u00e4ssigkeit. Dieser Transformator ist sehr kompakt und komplett, geeignet f\u00fcr 400-W-Lampen.<\/span><\/p>\n","protected":false},"excerpt":{"rendered":"<p>E.L.T. ist in der Lampentechnologie seit Jahren f\u00fchrend und bekannt f\u00fcr seine Qualit\u00e4t und Zuverl\u00e4ssigkeit. Dieser Transformator ist sehr kompakt<\/p>\n","protected":false},"featured_media":25229,"template":"","meta":[],"product_brand":[],"product_cat":[337,382,386],"product_tag":[],"class_list":{"0":"post-28218","1":"product","2":"type-product","3":"status-publish","4":"has-post-thumbnail","6":"product_cat-beleuchtung","7":"product_cat-beleuchtungskorper","8":"product_cat-vorschaltgerate-aus-kupfer-aluminium","10":"first","11":"outofstock","12":"taxable","13":"shipping-taxable","14":"purchasable","15":"product-type-simple"},"_links":{"self":[{"href":"https:\/\/greendisc.dev-project.digital\/de\/wp-json\/wp\/v2\/product\/28218","targetHints":{"allow":["GET"]}}],"collection":[{"href":"https:\/\/greendisc.dev-project.digital\/de\/wp-json\/wp\/v2\/product"}],"about":[{"href":"https:\/\/greendisc.dev-project.digital\/de\/wp-json\/wp\/v2\/types\/product"}],"version-history":[{"count":0,"href":"https:\/\/greendisc.dev-project.digital\/de\/wp-json\/wp\/v2\/product\/28218\/revisions"}],"wp:featuredmedia":[{"embeddable":true,"href":"https:\/\/greendisc.dev-project.digital\/de\/wp-json\/wp\/v2\/media\/25229"}],"wp:attachment":[{"href":"https:\/\/greendisc.dev-project.digital\/de\/wp-json\/wp\/v2\/media?parent=28218"}],"wp:term":[{"taxonomy":"product_brand","embeddable":true,"href":"https:\/\/greendisc.dev-project.digital\/de\/wp-json\/wp\/v2\/product_brand?post=28218"},{"taxonomy":"product_cat","embeddable":true,"href":"https:\/\/greendisc.dev-project.digital\/de\/wp-json\/wp\/v2\/product_cat?post=28218"},{"taxonomy":"product_tag","embeddable":true,"href":"https:\/\/greendisc.dev-project.digital\/de\/wp-json\/wp\/v2\/product_tag?post=28218"}],"curies":[{"name":"wp","href":"https:\/\/api.w.org\/{rel}","templated":true}]}}