 {"id":28212,"date":"2023-11-14T12:18:05","date_gmt":"2023-11-14T11:18:05","guid":{"rendered":"https:\/\/greendisc.dev-project.digital\/\/product\/aptus-n-boost-1-ltr\/"},"modified":"2023-11-14T12:18:05","modified_gmt":"2023-11-14T11:18:05","slug":"aptus-n-boost-1-ltr","status":"publish","type":"product","link":"https:\/\/greendisc.dev-project.digital\/de\/produkt\/aptus-n-boost-1-ltr\/","title":{"rendered":"Aptus N-boost 1 ltr."},"content":{"rendered":"<p>N-Boost enth\u00e4lt organischen Stickstoff und linksdrehende Aminos\u00e4uren. Pflanzen haben w\u00e4hrend der Vegetations- oder Wachstumsphase einen gro\u00dfen Bedarf an Stickstoff. N-Boost ist vollst\u00e4ndig wasserl\u00f6slich und hinterl\u00e4sst keine R\u00fcckst\u00e4nde. N-Boost ist ein organisches Produkt, das die biologische Aufnahme von wachstumsf\u00f6rdernden Substanzen erh\u00f6ht. N-Boost hat eine stark stimulierende Wirkung auf den Wachstumsprozess und f\u00f6rdert auch das Bodenleben. Mit N-Boost erzielen Sie in der Wachstumsphase einen optimalen Ertrag ohne das Risiko einer Verstopfung.<\/p>\n<p><strong>Warum N-Boost?<\/strong><\/p>\n<ul>\n<li>Vollkommen organischer Wachstumsstimulator;<\/li>\n<li>Verbessert die Wachstumsproduktivit\u00e4t;<\/li>\n<li>Verbessert den Zuckergehalt;<\/li>\n<li>Sorgt f\u00fcr kompakten und kr\u00e4ftigen Wuchs;<\/li>\n<li>Verbessert die Widerstandsf\u00e4higkeit gegen Fruchtsch\u00e4den.<\/li>\n<\/ul>\n<p><strong>Anwendung von N-Boost<\/strong><br \/>Verwenden Sie N-Boost w\u00e4hrend der Wachstumsphase. Mischen Sie 30-50 ml N-Boost mit 100 l Wasser. Vor Gebrauch sch\u00fctteln. Vollst\u00e4ndig wasserl\u00f6slich. Hinterl\u00e4sst keine R\u00fcckst\u00e4nde in Bew\u00e4sserungssystemen.<\/p>\n","protected":false},"excerpt":{"rendered":"<p>N-Boost enth\u00e4lt organischen Stickstoff und linksdrehende Aminos\u00e4uren. Pflanzen haben w\u00e4hrend der Vegetations- oder Wachstumsphase einen gro\u00dfen Bedarf an Stickstoff. N-Boost<\/p>\n","protected":false},"featured_media":24435,"template":"","meta":[],"product_brand":[],"product_cat":[380,344],"product_tag":[],"class_list":{"0":"post-28212","1":"product","2":"type-product","3":"status-publish","4":"has-post-thumbnail","6":"product_cat-aptus-de","7":"product_cat-pflanzennahrung","9":"first","10":"instock","11":"taxable","12":"shipping-taxable","13":"purchasable","14":"product-type-simple"},"_links":{"self":[{"href":"https:\/\/greendisc.dev-project.digital\/de\/wp-json\/wp\/v2\/product\/28212","targetHints":{"allow":["GET"]}}],"collection":[{"href":"https:\/\/greendisc.dev-project.digital\/de\/wp-json\/wp\/v2\/product"}],"about":[{"href":"https:\/\/greendisc.dev-project.digital\/de\/wp-json\/wp\/v2\/types\/product"}],"version-history":[{"count":0,"href":"https:\/\/greendisc.dev-project.digital\/de\/wp-json\/wp\/v2\/product\/28212\/revisions"}],"wp:featuredmedia":[{"embeddable":true,"href":"https:\/\/greendisc.dev-project.digital\/de\/wp-json\/wp\/v2\/media\/24435"}],"wp:attachment":[{"href":"https:\/\/greendisc.dev-project.digital\/de\/wp-json\/wp\/v2\/media?parent=28212"}],"wp:term":[{"taxonomy":"product_brand","embeddable":true,"href":"https:\/\/greendisc.dev-project.digital\/de\/wp-json\/wp\/v2\/product_brand?post=28212"},{"taxonomy":"product_cat","embeddable":true,"href":"https:\/\/greendisc.dev-project.digital\/de\/wp-json\/wp\/v2\/product_cat?post=28212"},{"taxonomy":"product_tag","embeddable":true,"href":"https:\/\/greendisc.dev-project.digital\/de\/wp-json\/wp\/v2\/product_tag?post=28212"}],"curies":[{"name":"wp","href":"https:\/\/api.w.org\/{rel}","templated":true}]}}