 {"id":28183,"date":"2023-11-14T12:18:18","date_gmt":"2023-11-14T11:18:18","guid":{"rendered":"https:\/\/greendisc.dev-project.digital\/\/product\/aptus-startbooster-500-ml\/"},"modified":"2024-12-16T08:36:31","modified_gmt":"2024-12-16T07:36:31","slug":"aptus-startbooster-500-ml","status":"publish","type":"product","link":"https:\/\/greendisc.dev-project.digital\/de\/produkt\/aptus-startbooster-500-ml\/","title":{"rendered":"Aptus Startbooster 500 ml"},"content":{"rendered":"<p><meta charset=\"utf-8\"><\/p>\n<p data-mce-fragment=\"1\">Startbooster von Aptus ist ein speziell formulierter organischer Wurzel- und Wachstumsstimulator. Startbooster ist 100% biologisch und enth\u00e4lt aktive organische Substanzen, die die Entwicklung des Wurzelsystems und das vegetative Wachstum stimulieren. Eine spezifische Biomasse von Mikroorganismen verbessert die Wurzelentwicklung. Es stimuliert die Entwicklung der Haarwurzeln, konditioniert den Boden und liefert bioverf\u00fcgbare N\u00e4hrstoffe w\u00e4hrend des vegetativen Wachstums.<\/p>\n<h2 data-mce-fragment=\"1\">WARUM APTUS START BOOSTER?<\/h2>\n<div class=\"entry-content\" data-mce-fragment=\"1\">\n<ul data-mce-fragment=\"1\">\n<li data-mce-fragment=\"1\">Starker Wurzel- und Wachstumsstimulator (mehr Wurzeln und Pflanzenwachstum)<\/li>\n<li data-mce-fragment=\"1\">Verbesserte Entwicklung von St\u00e4ngeln, Wurzelsystem und Pflanzengewebe (verbessertes vegetatives Wachstum)<\/li>\n<li data-mce-fragment=\"1\">Verbessert die Populationen und die St\u00e4rke von Microlife<\/li>\n<li data-mce-fragment=\"1\">Verbessert die zellul\u00e4re Entwicklung der St\u00e4ngel (bis zu 2x dicker)<\/li>\n<\/ul>\n<\/div>\n","protected":false},"excerpt":{"rendered":"<p>Startbooster von Aptus ist ein speziell formulierter organischer Wurzel- und Wachstumsstimulator. Startbooster ist 100% biologisch und enth\u00e4lt aktive organische Substanzen, die die Entwicklung des Wurzelsystems und das vegetative Wachstum stimulieren.<\/p>\n","protected":false},"featured_media":24461,"template":"","meta":[],"product_brand":[],"product_cat":[380,344],"product_tag":[],"class_list":{"0":"post-28183","1":"product","2":"type-product","3":"status-publish","4":"has-post-thumbnail","6":"product_cat-aptus-de","7":"product_cat-pflanzennahrung","9":"first","10":"instock","11":"taxable","12":"shipping-taxable","13":"purchasable","14":"product-type-simple"},"_links":{"self":[{"href":"https:\/\/greendisc.dev-project.digital\/de\/wp-json\/wp\/v2\/product\/28183","targetHints":{"allow":["GET"]}}],"collection":[{"href":"https:\/\/greendisc.dev-project.digital\/de\/wp-json\/wp\/v2\/product"}],"about":[{"href":"https:\/\/greendisc.dev-project.digital\/de\/wp-json\/wp\/v2\/types\/product"}],"version-history":[{"count":0,"href":"https:\/\/greendisc.dev-project.digital\/de\/wp-json\/wp\/v2\/product\/28183\/revisions"}],"wp:featuredmedia":[{"embeddable":true,"href":"https:\/\/greendisc.dev-project.digital\/de\/wp-json\/wp\/v2\/media\/24461"}],"wp:attachment":[{"href":"https:\/\/greendisc.dev-project.digital\/de\/wp-json\/wp\/v2\/media?parent=28183"}],"wp:term":[{"taxonomy":"product_brand","embeddable":true,"href":"https:\/\/greendisc.dev-project.digital\/de\/wp-json\/wp\/v2\/product_brand?post=28183"},{"taxonomy":"product_cat","embeddable":true,"href":"https:\/\/greendisc.dev-project.digital\/de\/wp-json\/wp\/v2\/product_cat?post=28183"},{"taxonomy":"product_tag","embeddable":true,"href":"https:\/\/greendisc.dev-project.digital\/de\/wp-json\/wp\/v2\/product_tag?post=28183"}],"curies":[{"name":"wp","href":"https:\/\/api.w.org\/{rel}","templated":true}]}}