 {"id":28171,"date":"2023-11-14T12:18:09","date_gmt":"2023-11-14T11:18:09","guid":{"rendered":"https:\/\/greendisc.dev-project.digital\/\/product\/aptus-p-boost-1-ltr\/"},"modified":"2024-12-16T08:36:26","modified_gmt":"2024-12-16T07:36:26","slug":"aptus-p-boost-1-ltr","status":"publish","type":"product","link":"https:\/\/greendisc.dev-project.digital\/de\/produkt\/aptus-p-boost-1-ltr\/","title":{"rendered":"Aptus P-boost 1 ltr."},"content":{"rendered":"<p>P-Boost von Aptus enth\u00e4lt Phosphor, ist 100% wasserl\u00f6slich und hinterl\u00e4sst keine R\u00fcckst\u00e4nde. P-Boost enth\u00e4lt organische S\u00e4uren und kann auch verwendet werden, um den pH-Wert des Wassers im Beh\u00e4lter zu senken. P-Boost ist ein organomineralisches Produkt, das den Bl\u00fchprozess f\u00f6rdert und die Produktion von Proteinen, Pflanzenhormonen und Vitaminen unterst\u00fctzt.<\/p>\n<p><strong>Warum P-Boost?<\/strong><\/p>\n<ul>\n<li>Liefert eine gro\u00dfe Menge an Phosphor (P) in der generativen und bl\u00fchenden Phase;<\/li>\n<li>100% wasserl\u00f6slich und organisch, hinterl\u00e4sst keine R\u00fcckst\u00e4nde;<\/li>\n<li>Kombiniert organischen Stickstoff (N) und Phosphor (P) mit L-Aminos\u00e4uren;<\/li>\n<li>Hohe Bioverf\u00fcgbarkeit;<\/li>\n<li>Starke stimulierende Wirkung auf den Bl\u00fchprozess.<\/li>\n<\/ul>\n<p><strong>Anwendung von P-Boost<\/strong><br \/>Verwenden Sie P-Boost von der Knospenbildung bis zur sechsten Woche der Bl\u00fcte. Verwenden Sie 30-50 ml P-Boost pro 100 l Wasser. Vor Gebrauch sch\u00fctteln. Vollst\u00e4ndig wasserl\u00f6slich. Hinterl\u00e4sst keine R\u00fcckst\u00e4nde in der Bew\u00e4sserungsanlage.<\/p>\n","protected":false},"excerpt":{"rendered":"<p>P-Boost von Aptus enth\u00e4lt Phosphor, ist 100% wasserl\u00f6slich und hinterl\u00e4sst keine R\u00fcckst\u00e4nde. P-Boost enth\u00e4lt organische S\u00e4uren und kann auch verwendet werden, um den pH-Wert des Wassers im Beh\u00e4lter zu senken.<\/p>\n","protected":false},"featured_media":24441,"template":"","meta":[],"product_brand":[],"product_cat":[380,344],"product_tag":[],"class_list":{"0":"post-28171","1":"product","2":"type-product","3":"status-publish","4":"has-post-thumbnail","6":"product_cat-aptus-de","7":"product_cat-pflanzennahrung","9":"first","10":"instock","11":"taxable","12":"shipping-taxable","13":"purchasable","14":"product-type-simple"},"_links":{"self":[{"href":"https:\/\/greendisc.dev-project.digital\/de\/wp-json\/wp\/v2\/product\/28171","targetHints":{"allow":["GET"]}}],"collection":[{"href":"https:\/\/greendisc.dev-project.digital\/de\/wp-json\/wp\/v2\/product"}],"about":[{"href":"https:\/\/greendisc.dev-project.digital\/de\/wp-json\/wp\/v2\/types\/product"}],"version-history":[{"count":0,"href":"https:\/\/greendisc.dev-project.digital\/de\/wp-json\/wp\/v2\/product\/28171\/revisions"}],"wp:featuredmedia":[{"embeddable":true,"href":"https:\/\/greendisc.dev-project.digital\/de\/wp-json\/wp\/v2\/media\/24441"}],"wp:attachment":[{"href":"https:\/\/greendisc.dev-project.digital\/de\/wp-json\/wp\/v2\/media?parent=28171"}],"wp:term":[{"taxonomy":"product_brand","embeddable":true,"href":"https:\/\/greendisc.dev-project.digital\/de\/wp-json\/wp\/v2\/product_brand?post=28171"},{"taxonomy":"product_cat","embeddable":true,"href":"https:\/\/greendisc.dev-project.digital\/de\/wp-json\/wp\/v2\/product_cat?post=28171"},{"taxonomy":"product_tag","embeddable":true,"href":"https:\/\/greendisc.dev-project.digital\/de\/wp-json\/wp\/v2\/product_tag?post=28171"}],"curies":[{"name":"wp","href":"https:\/\/api.w.org\/{rel}","templated":true}]}}