 {"id":28161,"date":"2023-11-14T12:18:13","date_gmt":"2023-11-14T11:18:13","guid":{"rendered":"https:\/\/greendisc.dev-project.digital\/\/product\/aptus-regulator-250-ml\/"},"modified":"2024-12-16T08:36:24","modified_gmt":"2024-12-16T07:36:24","slug":"aptus-regulator-250-ml","status":"publish","type":"product","link":"https:\/\/greendisc.dev-project.digital\/de\/produkt\/aptus-regulator-250-ml\/","title":{"rendered":"Aptus Regulator 250 ml"},"content":{"rendered":"<p><meta charset=\"utf-8\"><\/p>\n<p data-mce-fragment=\"1\"><strong>APTUS REGLER 250ML<\/strong><\/p>\n<p data-mce-fragment=\"1\">Regulator hilft bei der N\u00e4hrstoffaufnahme, st\u00e4rkt die Pflanzenstruktur und erh\u00f6ht die F\u00e4higkeit der Pflanze, mit verschiedenen Umweltbelastungen (abiotisch und biotisch) umzugehen. Regulator ist der Eckpfeiler eines jeden Pflanzenern\u00e4hrungsprogramms.<\/p>\n<p data-mce-fragment=\"1\">Es erh\u00f6ht die Aufnahme und Bioverf\u00fcgbarkeit aller anderen N\u00e4hrstoffe, indem es als effizienter Transporter f\u00fcr andere Elemente fungiert.<\/p>\n<p data-mce-fragment=\"1\">Dies erh\u00f6ht die allgemeine St\u00e4rke, Gesundheit und Ern\u00e4hrung der Pflanzen.<\/p>\n<p data-mce-fragment=\"1\">Dieses Produkt bietet einen Ausgangspunkt f\u00fcr die Aufnahme und Verwertung anderer N\u00e4hrstoffe in einem N\u00e4hrstoffprogramm. Die patentierte Formel arbeitet mit nat\u00fcrlichen pflanzlichen Mechanismen, um die richtigen N\u00e4hrstoffe in der richtigen Menge zum richtigen Zeitpunkt bereitzustellen.<\/p>\n<h2 data-mce-fragment=\"1\">WARUM REGULATOR VERWENDEN?<\/h2>\n<div class=\"entry-content\" data-mce-fragment=\"1\">\n<ul data-mce-fragment=\"1\">\n<li data-mce-fragment=\"1\">Resistenz gegen abiotische Einfl\u00fcsse (Umwelt: Temperatur, Wind, Trockenheit)<\/li>\n<li data-mce-fragment=\"1\">Resistenz gegen biotische Stressfaktoren (Sch\u00e4dlinge und Krankheitserreger)<\/li>\n<li data-mce-fragment=\"1\">Verbessert die Aufnahme, Absorption und Verwertung von N\u00e4hrstoffen<\/li>\n<li data-mce-fragment=\"1\">St\u00e4rkere Zellstruktur und Epidermisschicht f\u00fcr st\u00e4rkere Pflanzen und dickere St\u00e4mme (erh\u00f6ht das Trockengewicht)<\/li>\n<li data-mce-fragment=\"1\">Reduziert und reguliert den Abstand zwischen den Internodien, der durch Temperaturstress und unausgewogene Ern\u00e4hrung entsteht<\/li>\n<li data-mce-fragment=\"1\">Erh\u00f6ht die Resistenz gegen Salzgehalt (N\u00e4hrsalzanreicherung)<\/li>\n<li data-mce-fragment=\"1\">Reduziert die Transpiration (Feuchtigkeitsverlust der Bl\u00e4tter)<\/li>\n<\/ul>\n<\/div>\n","protected":false},"excerpt":{"rendered":"<p>APTUS REGLER 250ML Regulator hilft bei der N\u00e4hrstoffaufnahme, st\u00e4rkt die Pflanzenstruktur und erh\u00f6ht die F\u00e4higkeit der Pflanze, mit verschiedenen Umweltbelastungen (abiotisch und biotisch) umzugehen. <\/p>\n","protected":false},"featured_media":24449,"template":"","meta":[],"product_brand":[],"product_cat":[380,344],"product_tag":[],"class_list":{"0":"post-28161","1":"product","2":"type-product","3":"status-publish","4":"has-post-thumbnail","6":"product_cat-aptus-de","7":"product_cat-pflanzennahrung","9":"first","10":"instock","11":"taxable","12":"shipping-taxable","13":"purchasable","14":"product-type-simple"},"_links":{"self":[{"href":"https:\/\/greendisc.dev-project.digital\/de\/wp-json\/wp\/v2\/product\/28161","targetHints":{"allow":["GET"]}}],"collection":[{"href":"https:\/\/greendisc.dev-project.digital\/de\/wp-json\/wp\/v2\/product"}],"about":[{"href":"https:\/\/greendisc.dev-project.digital\/de\/wp-json\/wp\/v2\/types\/product"}],"version-history":[{"count":0,"href":"https:\/\/greendisc.dev-project.digital\/de\/wp-json\/wp\/v2\/product\/28161\/revisions"}],"wp:featuredmedia":[{"embeddable":true,"href":"https:\/\/greendisc.dev-project.digital\/de\/wp-json\/wp\/v2\/media\/24449"}],"wp:attachment":[{"href":"https:\/\/greendisc.dev-project.digital\/de\/wp-json\/wp\/v2\/media?parent=28161"}],"wp:term":[{"taxonomy":"product_brand","embeddable":true,"href":"https:\/\/greendisc.dev-project.digital\/de\/wp-json\/wp\/v2\/product_brand?post=28161"},{"taxonomy":"product_cat","embeddable":true,"href":"https:\/\/greendisc.dev-project.digital\/de\/wp-json\/wp\/v2\/product_cat?post=28161"},{"taxonomy":"product_tag","embeddable":true,"href":"https:\/\/greendisc.dev-project.digital\/de\/wp-json\/wp\/v2\/product_tag?post=28161"}],"curies":[{"name":"wp","href":"https:\/\/api.w.org\/{rel}","templated":true}]}}