 {"id":28158,"date":"2023-11-14T12:18:21","date_gmt":"2023-11-14T11:18:21","guid":{"rendered":"https:\/\/greendisc.dev-project.digital\/\/product\/aptus-system-clean-1-ltr\/"},"modified":"2024-12-16T08:36:23","modified_gmt":"2024-12-16T07:36:23","slug":"aptus-system-clean-1-ltr","status":"publish","type":"product","link":"https:\/\/greendisc.dev-project.digital\/de\/produkt\/aptus-system-clean-1-ltr\/","title":{"rendered":"Aptus System Clean 1 ltr."},"content":{"rendered":"<p><meta charset=\"utf-8\"><\/p>\n<p data-mce-fragment=\"1\">System-Clean von Aptus ist ein leistungsstarkes Oxidationsmittel, das bakterielle Angriffe, Verstopfungen und N\u00e4hrstoffansammlungen in Bew\u00e4sserungssystemen verhindert. Ein sauberes Bew\u00e4sserungssystem verbessert das Wachstum und die Entwicklung der Pflanzen, insbesondere des Wurzelsystems, indem es daf\u00fcr sorgt, dass mehr Sauerstoff und N\u00e4hrstoffe die Pflanze erreichen, ohne den pH-Wert zu beeinflussen. Nicht absorbierte N\u00e4hrstoffe f\u00fchren zu weiteren Ablagerungen im Bew\u00e4sserungssystem. Diese verbleibenden N\u00e4hrstoffe s\u00e4uern das Medium an (senken den pH-Wert) und erh\u00f6hen die Wahrscheinlichkeit eines bakteriellen Angriffs, da sie Nahrung f\u00fcr Krankheitserreger bieten.<\/p>\n<h2 data-mce-fragment=\"1\">WARUM APTUS SYSTEM-CLEAN?<\/h2>\n<div data-mce-fragment=\"1\" class=\"entry-content\">\n<ul data-mce-fragment=\"1\">\n<li data-mce-fragment=\"1\">Verhindert den Verlust von N\u00e4hrstoffen und Sauerstoff in Bew\u00e4sserungssystemen (verbessert die Wirksamkeit des Bew\u00e4sserungssystems und die Aufnahme durch die Pflanzen)<\/li>\n<li data-mce-fragment=\"1\">Entfernt Ablagerungen in Bew\u00e4sserungssystemen (verhindert die Ansammlung von N\u00e4hrstoffen)<\/li>\n<li data-mce-fragment=\"1\">F\u00fchrt den Wurzeln zus\u00e4tzlichen Sauerstoff zu (erh\u00f6ht die Menge an Sauerstoff in der N\u00e4hrl\u00f6sung)<\/li>\n<li data-mce-fragment=\"1\">Entfernt die Quelle von Krankheitserregern<\/li>\n<\/ul>\n<\/div>\n","protected":false},"excerpt":{"rendered":"<p>System-Clean von Aptus ist ein leistungsstarkes Oxidationsmittel, das bakterielle Angriffe, Verstopfungen und N\u00e4hrstoffansammlungen in Bew\u00e4sserungssystemen verhindert.<\/p>\n","protected":false},"featured_media":24469,"template":"","meta":[],"product_brand":[],"product_cat":[380,344],"product_tag":[],"class_list":{"0":"post-28158","1":"product","2":"type-product","3":"status-publish","4":"has-post-thumbnail","6":"product_cat-aptus-de","7":"product_cat-pflanzennahrung","9":"first","10":"instock","11":"taxable","12":"shipping-taxable","13":"purchasable","14":"product-type-simple"},"_links":{"self":[{"href":"https:\/\/greendisc.dev-project.digital\/de\/wp-json\/wp\/v2\/product\/28158","targetHints":{"allow":["GET"]}}],"collection":[{"href":"https:\/\/greendisc.dev-project.digital\/de\/wp-json\/wp\/v2\/product"}],"about":[{"href":"https:\/\/greendisc.dev-project.digital\/de\/wp-json\/wp\/v2\/types\/product"}],"version-history":[{"count":0,"href":"https:\/\/greendisc.dev-project.digital\/de\/wp-json\/wp\/v2\/product\/28158\/revisions"}],"wp:featuredmedia":[{"embeddable":true,"href":"https:\/\/greendisc.dev-project.digital\/de\/wp-json\/wp\/v2\/media\/24469"}],"wp:attachment":[{"href":"https:\/\/greendisc.dev-project.digital\/de\/wp-json\/wp\/v2\/media?parent=28158"}],"wp:term":[{"taxonomy":"product_brand","embeddable":true,"href":"https:\/\/greendisc.dev-project.digital\/de\/wp-json\/wp\/v2\/product_brand?post=28158"},{"taxonomy":"product_cat","embeddable":true,"href":"https:\/\/greendisc.dev-project.digital\/de\/wp-json\/wp\/v2\/product_cat?post=28158"},{"taxonomy":"product_tag","embeddable":true,"href":"https:\/\/greendisc.dev-project.digital\/de\/wp-json\/wp\/v2\/product_tag?post=28158"}],"curies":[{"name":"wp","href":"https:\/\/api.w.org\/{rel}","templated":true}]}}