 {"id":28153,"date":"2023-11-14T12:18:23","date_gmt":"2023-11-14T11:18:23","guid":{"rendered":"https:\/\/greendisc.dev-project.digital\/\/product\/aptus-topbooster-1-ltr\/"},"modified":"2024-12-16T08:36:21","modified_gmt":"2024-12-16T07:36:21","slug":"aptus-topbooster-1-ltr","status":"publish","type":"product","link":"https:\/\/greendisc.dev-project.digital\/de\/produkt\/aptus-topbooster-1-ltr\/","title":{"rendered":"Aptus Topbooster 1 ltr."},"content":{"rendered":"<p><meta charset=\"utf-8\"><\/p>\n<p>Topbooster von Aptus ist eine Kombination aus einem Bl\u00fch- und Bl\u00fchstimulator. Es ist 100% biologisch und enth\u00e4lt Wirkstoffe, die die Bl\u00fctenbildung anregen. Die Wirkstoffe f\u00fchren zur Bildung gr\u00f6\u00dferer Fr\u00fcchte mit mehr Ballaststoffen, Harz und Zucker, wodurch die Qualit\u00e4t des Endprodukts verbessert wird. Topbooster tr\u00e4gt zur Verbesserung des nat\u00fcrlichen Geschmacks bei und verbessert gleichzeitig das Aussehen Ihres Produkts.<\/p>\n<p><strong>Warum Aptus Topbooster?<\/strong><\/p>\n<ul>\n<li>Verbessert den \u00dcbergang zwischen verschiedenen Phasen der Pflanzenphysiologie (bessere Pflanzenentwicklung);<\/li>\n<li>Verbessert die Qualit\u00e4t und das Endprodukt (Geschmack, Aussehen und Qualit\u00e4t);<\/li>\n<li>Erh\u00f6ht den Ertrag durch Stimulierung der Knospenentwicklung (mehr Bl\u00fcten und Knospen);<\/li>\n<li>Verbessert die Bl\u00fcten, indem es mehr Fasern, Harz und Zucker liefert (besseres Endprodukt).<\/li>\n<\/ul>\n<p><strong>Anwendung von Topbooster<\/strong><br \/>Topbooster enth\u00e4lt eine synergistische Mischung von Wirkstoffen, die den gesamten Bl\u00fchprozess stimulieren. Wir empfehlen daher, Topbooster fast w\u00e4hrend der gesamten Bl\u00fctephase einzusetzen. Verwenden Sie Topbooster als Erg\u00e4nzung zu einem NPK-D\u00fcnger. Verwenden Sie 20 ml pro 100 L (1:5000) ab der zweiten Woche bis zur letzten Woche der Bl\u00fcte. Topbooster ist ein 100% biologisches Produkt. Verwenden Sie daher bei Tropfsystemen zus\u00e4tzlich zu Topbooster immer auch System-Clean.<\/p>\n<div data-mce-fragment=\"1\" class=\"entry-content\">\n<ul data-mce-fragment=\"1\"><\/ul>\n<\/div>\n","protected":false},"excerpt":{"rendered":"<p>Topbooster von Aptus ist eine Kombination aus einem Bl\u00fch- und Bl\u00fchstimulator. Es ist 100% biologisch und enth\u00e4lt Wirkstoffe, die die Bl\u00fctenbildung anregen. Die Wirkstoffe f\u00fchren zur Bildung gr\u00f6\u00dferer Fr\u00fcchte mit mehr Ballaststoffen, Harz und Zucker, wodurch die Qualit\u00e4t des Endprodukts verbessert wird.<\/p>\n","protected":false},"featured_media":24471,"template":"","meta":[],"product_brand":[],"product_cat":[380,344],"product_tag":[],"class_list":{"0":"post-28153","1":"product","2":"type-product","3":"status-publish","4":"has-post-thumbnail","6":"product_cat-aptus-de","7":"product_cat-pflanzennahrung","9":"first","10":"instock","11":"taxable","12":"shipping-taxable","13":"purchasable","14":"product-type-simple"},"_links":{"self":[{"href":"https:\/\/greendisc.dev-project.digital\/de\/wp-json\/wp\/v2\/product\/28153","targetHints":{"allow":["GET"]}}],"collection":[{"href":"https:\/\/greendisc.dev-project.digital\/de\/wp-json\/wp\/v2\/product"}],"about":[{"href":"https:\/\/greendisc.dev-project.digital\/de\/wp-json\/wp\/v2\/types\/product"}],"version-history":[{"count":0,"href":"https:\/\/greendisc.dev-project.digital\/de\/wp-json\/wp\/v2\/product\/28153\/revisions"}],"wp:featuredmedia":[{"embeddable":true,"href":"https:\/\/greendisc.dev-project.digital\/de\/wp-json\/wp\/v2\/media\/24471"}],"wp:attachment":[{"href":"https:\/\/greendisc.dev-project.digital\/de\/wp-json\/wp\/v2\/media?parent=28153"}],"wp:term":[{"taxonomy":"product_brand","embeddable":true,"href":"https:\/\/greendisc.dev-project.digital\/de\/wp-json\/wp\/v2\/product_brand?post=28153"},{"taxonomy":"product_cat","embeddable":true,"href":"https:\/\/greendisc.dev-project.digital\/de\/wp-json\/wp\/v2\/product_cat?post=28153"},{"taxonomy":"product_tag","embeddable":true,"href":"https:\/\/greendisc.dev-project.digital\/de\/wp-json\/wp\/v2\/product_tag?post=28153"}],"curies":[{"name":"wp","href":"https:\/\/api.w.org\/{rel}","templated":true}]}}