 {"id":28149,"date":"2023-11-14T12:18:20","date_gmt":"2023-11-14T11:18:20","guid":{"rendered":"https:\/\/greendisc.dev-project.digital\/\/product\/aptus-super-pk-20-25-500-ml\/"},"modified":"2024-12-16T08:36:19","modified_gmt":"2024-12-16T07:36:19","slug":"aptus-super-pk-20-25-500-ml","status":"publish","type":"product","link":"https:\/\/greendisc.dev-project.digital\/de\/produkt\/aptus-super-pk-20-25-500-ml\/","title":{"rendered":"Aptus Super PK 20\/25 500 ml"},"content":{"rendered":"<p><meta charset=\"utf-8\"><\/p>\n<p>In der Bl\u00fctephase haben die Pflanzen einen erh\u00f6hten Bedarf an Phosphor und Kalium. Super-PK von Aptus enth\u00e4lt diese essentiellen Mineralien f\u00fcr eine optimale Bl\u00fcte in hohen Konzentrationen. Super-PK enth\u00e4lt 20% Phosphor und 25% Kalium sowie bl\u00fctenstimulierende Aminos\u00e4uren und Vitamine, die direkt von der Pflanze aufgenommen werden k\u00f6nnen. Super-PK zeichnet sich durch seine hohen Konzentrationen an aktiven Inhaltsstoffen aus. Mit Super-PK erzielen Sie einen optimalen Ertrag in der Bl\u00fctephase.<\/p>\n<p><strong>Warum Aptus Super-PK?<\/strong><\/p>\n<ul>\n<li>Leistungsstarkes organisch-mineralisches Produkt;<\/li>\n<li>Hochgradig konzentriert;<\/li>\n<li>Enth\u00e4lt L-Aminos\u00e4uren.<\/li>\n<\/ul>\n<p><strong>Anwendung von Super-PK<\/strong><br \/>Verwenden Sie Super-PK w\u00e4hrend der Bl\u00fctephase. Mischen Sie 25-50 ml Super-PK mit 100 L Wasser. Vor Gebrauch sch\u00fctteln. Hervorragend geeignet f\u00fcr Hydrosysteme. Super-PK ist vollst\u00e4ndig wasserl\u00f6slich.<\/p>\n<div class=\"entry-content\" data-mce-fragment=\"1\">\n<ul data-mce-fragment=\"1\"><\/ul>\n<\/div>\n","protected":false},"excerpt":{"rendered":"<p>In der Bl\u00fctephase haben die Pflanzen einen erh\u00f6hten Bedarf an Phosphor und Kalium. Super-PK von Aptus enth\u00e4lt diese essentiellen Mineralien f\u00fcr eine optimale Bl\u00fcte in hohen Konzentrationen. <\/p>\n","protected":false},"featured_media":24467,"template":"","meta":[],"product_brand":[],"product_cat":[380,344],"product_tag":[],"class_list":{"0":"post-28149","1":"product","2":"type-product","3":"status-publish","4":"has-post-thumbnail","6":"product_cat-aptus-de","7":"product_cat-pflanzennahrung","9":"first","10":"instock","11":"taxable","12":"shipping-taxable","13":"purchasable","14":"product-type-simple"},"_links":{"self":[{"href":"https:\/\/greendisc.dev-project.digital\/de\/wp-json\/wp\/v2\/product\/28149","targetHints":{"allow":["GET"]}}],"collection":[{"href":"https:\/\/greendisc.dev-project.digital\/de\/wp-json\/wp\/v2\/product"}],"about":[{"href":"https:\/\/greendisc.dev-project.digital\/de\/wp-json\/wp\/v2\/types\/product"}],"version-history":[{"count":0,"href":"https:\/\/greendisc.dev-project.digital\/de\/wp-json\/wp\/v2\/product\/28149\/revisions"}],"wp:featuredmedia":[{"embeddable":true,"href":"https:\/\/greendisc.dev-project.digital\/de\/wp-json\/wp\/v2\/media\/24467"}],"wp:attachment":[{"href":"https:\/\/greendisc.dev-project.digital\/de\/wp-json\/wp\/v2\/media?parent=28149"}],"wp:term":[{"taxonomy":"product_brand","embeddable":true,"href":"https:\/\/greendisc.dev-project.digital\/de\/wp-json\/wp\/v2\/product_brand?post=28149"},{"taxonomy":"product_cat","embeddable":true,"href":"https:\/\/greendisc.dev-project.digital\/de\/wp-json\/wp\/v2\/product_cat?post=28149"},{"taxonomy":"product_tag","embeddable":true,"href":"https:\/\/greendisc.dev-project.digital\/de\/wp-json\/wp\/v2\/product_tag?post=28149"}],"curies":[{"name":"wp","href":"https:\/\/api.w.org\/{rel}","templated":true}]}}