 {"id":28146,"date":"2023-11-14T12:17:45","date_gmt":"2023-11-14T11:17:45","guid":{"rendered":"https:\/\/greendisc.dev-project.digital\/\/product\/aluminium-buegelsack-mit-doppelgriff-45x56cm\/"},"modified":"2024-12-16T08:36:16","modified_gmt":"2024-12-16T07:36:16","slug":"aluminium-buegelsack-mit-doppelgriff-45x56cm","status":"publish","type":"product","link":"https:\/\/greendisc.dev-project.digital\/de\/produkt\/aluminium-buegelsack-mit-doppelgriff-45x56cm\/","title":{"rendered":"Aluminium-B\u00fcgelsack MIT DOPPELGRIFF, 45x56cm"},"content":{"rendered":"<p><meta charset=\"utf-8\"><\/p>\n<div id=\"shopify-section-product-template\" class=\"shopify-section\" data-shopify-editor-section=\"{\"id\":\"product-template\",\"type\":\"product-template\",\"disabled\":false}\" data-mce-fragment=\"1\">\n<div id=\"ProductSection\" data-section-id=\"product-template\" data-section-type=\"product-template\" data-image-zoom-type=\"lightbox\" data-show-extra-tab=\"false\" data-extra-tab-content=\"\" data-enable-history-state=\"true\" data-mce-fragment=\"1\" itemscope=\"\" itemtype=\"http:\/\/schema.org\/Product\">\n<div class=\"product-single\" data-mce-fragment=\"1\">\n<div class=\"grid product-single__hero\" data-mce-fragment=\"1\">\n<div class=\"grid__item post-large--one-half\" data-mce-fragment=\"1\">\n<div data-mce-fragment=\"1\" itemprop=\"offers\" itemscope=\"\" itemtype=\"http:\/\/schema.org\/Offer\">\n<div class=\"product-description rte\" data-mce-fragment=\"1\" itemprop=\"description\">\n<span data-mce-fragment=\"1\">Diese Aluminium-B\u00fcgels\u00e4cke mit doppeltem Griffstreifen sind perfekt, um Ihr Produkt v\u00f6llig trocken und geruchsfrei zu verpacken. Mit einem hei\u00dfen B\u00fcgeleisen oder einem speziellen Versiegelungsger\u00e4t k\u00f6nnen die Beutel auf einfache Weise versiegelt werden.  <\/p>\n<p><\/span>Vor oder nach dem Versiegeln kann der Beutel durch die 2 stabilen Griffleisten mehrmals ge\u00f6ffnet und geschlossen werden.  <br data-mce-fragment=\"1\"><br data-mce-fragment=\"1\"><span data-mce-fragment=\"1\">Details:<\/span><br data-mce-fragment=\"1\"><span data-mce-fragment=\"1\">-verschiedene Formate<\/span><br data-mce-fragment=\"1\"><span data-mce-fragment=\"1\">-Leicht mit dem B\u00fcgeleisen oder dem Versiegler zu verschlie\u00dfen<\/span><br data-mce-fragment=\"1\"><span data-mce-fragment=\"1\">V\u00f6llig geruchsfrei nach der Versiegelung<\/span>\n<\/div>\n<\/div>\n<\/div>\n<\/div>\n<\/div>\n<\/div>\n<\/div>\n","protected":false},"excerpt":{"rendered":"<p>Diese Aluminium-B\u00fcgels\u00e4cke mit doppeltem Griffstreifen sind perfekt, um Ihr Produkt v\u00f6llig trocken und geruchsfrei zu verpacken. Mit einem hei\u00dfen B\u00fcgeleisen oder einem speziellen Versiegelungsger\u00e4t k\u00f6nnen die Beutel auf einfache Weise versiegelt werden.<\/p>\n","protected":false},"featured_media":24393,"template":"","meta":[],"product_brand":[],"product_cat":[372,377,374],"product_tag":[],"class_list":{"0":"post-28146","1":"product","2":"type-product","3":"status-publish","4":"has-post-thumbnail","6":"product_cat-bugelsacke-aus-aluminium","7":"product_cat-grip-taschen","8":"product_cat-verarbeitung-und-verpackung","10":"first","11":"instock","12":"taxable","13":"shipping-taxable","14":"purchasable","15":"product-type-simple"},"_links":{"self":[{"href":"https:\/\/greendisc.dev-project.digital\/de\/wp-json\/wp\/v2\/product\/28146","targetHints":{"allow":["GET"]}}],"collection":[{"href":"https:\/\/greendisc.dev-project.digital\/de\/wp-json\/wp\/v2\/product"}],"about":[{"href":"https:\/\/greendisc.dev-project.digital\/de\/wp-json\/wp\/v2\/types\/product"}],"version-history":[{"count":0,"href":"https:\/\/greendisc.dev-project.digital\/de\/wp-json\/wp\/v2\/product\/28146\/revisions"}],"wp:featuredmedia":[{"embeddable":true,"href":"https:\/\/greendisc.dev-project.digital\/de\/wp-json\/wp\/v2\/media\/24393"}],"wp:attachment":[{"href":"https:\/\/greendisc.dev-project.digital\/de\/wp-json\/wp\/v2\/media?parent=28146"}],"wp:term":[{"taxonomy":"product_brand","embeddable":true,"href":"https:\/\/greendisc.dev-project.digital\/de\/wp-json\/wp\/v2\/product_brand?post=28146"},{"taxonomy":"product_cat","embeddable":true,"href":"https:\/\/greendisc.dev-project.digital\/de\/wp-json\/wp\/v2\/product_cat?post=28146"},{"taxonomy":"product_tag","embeddable":true,"href":"https:\/\/greendisc.dev-project.digital\/de\/wp-json\/wp\/v2\/product_tag?post=28146"}],"curies":[{"name":"wp","href":"https:\/\/api.w.org\/{rel}","templated":true}]}}