 {"id":28143,"date":"2023-11-14T12:17:49","date_gmt":"2023-11-14T11:17:49","guid":{"rendered":"https:\/\/greendisc.dev-project.digital\/\/product\/aluminium-buegelsack-45x56cm\/"},"modified":"2024-12-16T08:36:15","modified_gmt":"2024-12-16T07:36:15","slug":"aluminium-buegelsack-45x56cm","status":"publish","type":"product","link":"https:\/\/greendisc.dev-project.digital\/de\/produkt\/aluminium-buegelsack-45x56cm\/","title":{"rendered":"Aluminium-B\u00fcgelsack, 45x56cm"},"content":{"rendered":"<p><meta charset=\"utf-8\"><span data-mce-fragment=\"1\">Diese B\u00fcgels\u00e4cke aus Aluminium sind perfekt, um Ihr Produkt v\u00f6llig trocken und geruchsfrei zu verpacken. Mit einem hei\u00dfen B\u00fcgeleisen oder einem speziellen Versiegelungsger\u00e4t k\u00f6nnen die Beutel auf einfache Weise versiegelt werden.  <\/span><br data-mce-fragment=\"1\"><br data-mce-fragment=\"1\"><span data-mce-fragment=\"1\">Details:<\/span><br data-mce-fragment=\"1\"><span data-mce-fragment=\"1\">-verschiedene Formate<\/span><br data-mce-fragment=\"1\"><span data-mce-fragment=\"1\">-Leicht mit dem B\u00fcgeleisen oder dem Versiegler zu verschlie\u00dfen<\/span><br data-mce-fragment=\"1\"><span data-mce-fragment=\"1\">-V\u00f6llig geruchsfrei<\/span><\/p>\n","protected":false},"excerpt":{"rendered":"<p>Diese B\u00fcgels\u00e4cke aus Aluminium sind perfekt, um Ihr Produkt v\u00f6llig trocken und geruchsfrei zu verpacken. Mit einem hei\u00dfen B\u00fcgeleisen oder einem speziellen Versiegelungsger\u00e4t k\u00f6nnen die Beutel auf einfache Weise versiegelt werden.<\/p>\n","protected":false},"featured_media":24399,"template":"","meta":[],"product_brand":[],"product_cat":[372,374],"product_tag":[],"class_list":{"0":"post-28143","1":"product","2":"type-product","3":"status-publish","4":"has-post-thumbnail","6":"product_cat-bugelsacke-aus-aluminium","7":"product_cat-verarbeitung-und-verpackung","9":"first","10":"instock","11":"taxable","12":"shipping-taxable","13":"purchasable","14":"product-type-simple"},"_links":{"self":[{"href":"https:\/\/greendisc.dev-project.digital\/de\/wp-json\/wp\/v2\/product\/28143","targetHints":{"allow":["GET"]}}],"collection":[{"href":"https:\/\/greendisc.dev-project.digital\/de\/wp-json\/wp\/v2\/product"}],"about":[{"href":"https:\/\/greendisc.dev-project.digital\/de\/wp-json\/wp\/v2\/types\/product"}],"version-history":[{"count":0,"href":"https:\/\/greendisc.dev-project.digital\/de\/wp-json\/wp\/v2\/product\/28143\/revisions"}],"wp:featuredmedia":[{"embeddable":true,"href":"https:\/\/greendisc.dev-project.digital\/de\/wp-json\/wp\/v2\/media\/24399"}],"wp:attachment":[{"href":"https:\/\/greendisc.dev-project.digital\/de\/wp-json\/wp\/v2\/media?parent=28143"}],"wp:term":[{"taxonomy":"product_brand","embeddable":true,"href":"https:\/\/greendisc.dev-project.digital\/de\/wp-json\/wp\/v2\/product_brand?post=28143"},{"taxonomy":"product_cat","embeddable":true,"href":"https:\/\/greendisc.dev-project.digital\/de\/wp-json\/wp\/v2\/product_cat?post=28143"},{"taxonomy":"product_tag","embeddable":true,"href":"https:\/\/greendisc.dev-project.digital\/de\/wp-json\/wp\/v2\/product_tag?post=28143"}],"curies":[{"name":"wp","href":"https:\/\/api.w.org\/{rel}","templated":true}]}}