 {"id":28136,"date":"2023-11-14T12:26:14","date_gmt":"2023-11-14T11:26:14","guid":{"rendered":"https:\/\/greendisc.dev-project.digital\/\/product\/handschweissgeraet-fuer-aluminiumbeutel\/"},"modified":"2024-12-16T08:36:12","modified_gmt":"2024-12-16T07:36:12","slug":"handschweissgeraet-fuer-aluminiumbeutel","status":"publish","type":"product","link":"https:\/\/greendisc.dev-project.digital\/de\/produkt\/handschweissgeraet-fuer-aluminiumbeutel\/","title":{"rendered":"Handschwei\u00dfger\u00e4t f\u00fcr Aluminiumbeutel"},"content":{"rendered":"<p>Sehr praktisch f\u00fcr das luftdichte Verpacken eines B\u00fcgelbeutels mit einem Handgriff<\/p>\n","protected":false},"excerpt":{"rendered":"<p>Sehr praktisch f\u00fcr das luftdichte Verpacken eines B\u00fcgelbeutels mit einem Handgriff<\/p>\n","protected":false},"featured_media":25459,"template":"","meta":[],"product_brand":[],"product_cat":[372,374,375],"product_tag":[],"class_list":{"0":"post-28136","1":"product","2":"type-product","3":"status-publish","4":"has-post-thumbnail","6":"product_cat-bugelsacke-aus-aluminium","7":"product_cat-verarbeitung-und-verpackung","8":"product_cat-versiegelungsmaschinen","10":"first","11":"instock","12":"sale","13":"taxable","14":"shipping-taxable","15":"purchasable","16":"product-type-simple"},"_links":{"self":[{"href":"https:\/\/greendisc.dev-project.digital\/de\/wp-json\/wp\/v2\/product\/28136","targetHints":{"allow":["GET"]}}],"collection":[{"href":"https:\/\/greendisc.dev-project.digital\/de\/wp-json\/wp\/v2\/product"}],"about":[{"href":"https:\/\/greendisc.dev-project.digital\/de\/wp-json\/wp\/v2\/types\/product"}],"version-history":[{"count":0,"href":"https:\/\/greendisc.dev-project.digital\/de\/wp-json\/wp\/v2\/product\/28136\/revisions"}],"wp:featuredmedia":[{"embeddable":true,"href":"https:\/\/greendisc.dev-project.digital\/de\/wp-json\/wp\/v2\/media\/25459"}],"wp:attachment":[{"href":"https:\/\/greendisc.dev-project.digital\/de\/wp-json\/wp\/v2\/media?parent=28136"}],"wp:term":[{"taxonomy":"product_brand","embeddable":true,"href":"https:\/\/greendisc.dev-project.digital\/de\/wp-json\/wp\/v2\/product_brand?post=28136"},{"taxonomy":"product_cat","embeddable":true,"href":"https:\/\/greendisc.dev-project.digital\/de\/wp-json\/wp\/v2\/product_cat?post=28136"},{"taxonomy":"product_tag","embeddable":true,"href":"https:\/\/greendisc.dev-project.digital\/de\/wp-json\/wp\/v2\/product_tag?post=28136"}],"curies":[{"name":"wp","href":"https:\/\/api.w.org\/{rel}","templated":true}]}}