 {"id":28030,"date":"2023-11-14T12:17:40","date_gmt":"2023-11-14T11:17:40","guid":{"rendered":"https:\/\/greendisc.dev-project.digital\/\/product\/agro-cocos-mischung-50ltr-pro-beutel\/"},"modified":"2024-12-16T08:35:28","modified_gmt":"2024-12-16T07:35:28","slug":"agro-cocos-mischung-50ltr-pro-beutel","status":"publish","type":"product","link":"https:\/\/greendisc.dev-project.digital\/de\/produkt\/agro-cocos-mischung-50ltr-pro-beutel\/","title":{"rendered":"Agro Cocos Mischung 50ltr pro Beutel"},"content":{"rendered":"<p>Agro Cocos mix 50 Liter ist ein 100% biologisches Substrat, das die strengsten Qualit\u00e4tsstandards erf\u00fcllt. Dieses Basissubstrat enth\u00e4lt keine D\u00fcngemittel und ist f\u00fcr alle Arten der Ern\u00e4hrung geeignet. Der Hauptvorteil dieses Substrats ist seine sehr luftige Struktur. So k\u00f6nnen sich die Wurzeln Ihrer Pflanzen optimal entwickeln.<\/p>\n<p>Cocos hat au\u00dferdem eine gro\u00dfe Wasserpufferkapazit\u00e4t, die einen idealen Feuchtigkeitshaushalt gew\u00e4hrleistet. Das bedeutet, dass Sie weniger oft gie\u00dfen m\u00fcssen und Ihre Pflanzen trotzdem ausreichend Feuchtigkeit erhalten. Agro Cocos mix 50 Liter ist daher eine ideale Wahl sowohl f\u00fcr Anf\u00e4nger als auch f\u00fcr erfahrene Z\u00fcchter.<\/p>\n<p>Vor der Verwendung sollten Sie den Agro Cocos mix 50 Liter, wie alle anderen Cocos-Substrate anderer Marken, w\u00e4ssern und mit Zusatznahrung versorgen. Das Ergebnis wird erstaunlich sein: gesunde, kr\u00e4ftige Pflanzen mit hervorragendem Wachstum und Bl\u00fcte. W\u00e4hlen Sie Agro Cocos mix 50 Liter f\u00fcr optimale Anbauergebnisse und eine gesunde Ernte.<\/p>\n","protected":false},"excerpt":{"rendered":"<p>Agro Cocos mix 50 Liter ist ein 100% biologisches Substrat, das die strengsten Qualit\u00e4tsstandards erf\u00fcllt. Dieses Basissubstrat enth\u00e4lt keine D\u00fcngemittel und ist f\u00fcr alle Arten der Ern\u00e4hrung geeignet. <\/p>\n","protected":false},"featured_media":27079,"template":"","meta":[],"product_brand":[],"product_cat":[363,324],"product_tag":[],"class_list":{"0":"post-28030","1":"product","2":"type-product","3":"status-publish","4":"has-post-thumbnail","6":"product_cat-wachstumsmedien","7":"product_cat-aarde-cocos-de","9":"first","10":"instock","11":"taxable","12":"shipping-taxable","13":"purchasable","14":"product-type-simple"},"_links":{"self":[{"href":"https:\/\/greendisc.dev-project.digital\/de\/wp-json\/wp\/v2\/product\/28030","targetHints":{"allow":["GET"]}}],"collection":[{"href":"https:\/\/greendisc.dev-project.digital\/de\/wp-json\/wp\/v2\/product"}],"about":[{"href":"https:\/\/greendisc.dev-project.digital\/de\/wp-json\/wp\/v2\/types\/product"}],"version-history":[{"count":0,"href":"https:\/\/greendisc.dev-project.digital\/de\/wp-json\/wp\/v2\/product\/28030\/revisions"}],"wp:featuredmedia":[{"embeddable":true,"href":"https:\/\/greendisc.dev-project.digital\/de\/wp-json\/wp\/v2\/media\/27079"}],"wp:attachment":[{"href":"https:\/\/greendisc.dev-project.digital\/de\/wp-json\/wp\/v2\/media?parent=28030"}],"wp:term":[{"taxonomy":"product_brand","embeddable":true,"href":"https:\/\/greendisc.dev-project.digital\/de\/wp-json\/wp\/v2\/product_brand?post=28030"},{"taxonomy":"product_cat","embeddable":true,"href":"https:\/\/greendisc.dev-project.digital\/de\/wp-json\/wp\/v2\/product_cat?post=28030"},{"taxonomy":"product_tag","embeddable":true,"href":"https:\/\/greendisc.dev-project.digital\/de\/wp-json\/wp\/v2\/product_tag?post=28030"}],"curies":[{"name":"wp","href":"https:\/\/api.w.org\/{rel}","templated":true}]}}