 {"id":28028,"date":"2023-11-14T12:19:46","date_gmt":"2023-11-14T11:19:46","guid":{"rendered":"https:\/\/greendisc.dev-project.digital\/\/product\/bcuzz-worms-delight-atami\/"},"modified":"2025-03-31T15:00:58","modified_gmt":"2025-03-31T13:00:58","slug":"bcuzz-worms-delight-atami","status":"publish","type":"product","link":"https:\/\/greendisc.dev-project.digital\/de\/produkt\/bcuzz-worms-delight-atami\/","title":{"rendered":"Atami | Worm delight | Beutel 20 Liter"},"content":{"rendered":"<h3>Atami Worm Delight: Das nat\u00fcrliche Bodenverbesserungsmittel auf Wurmkotbasis<\/h3>\n<p><strong>Atami Worm Delight<\/strong> ist die L\u00f6sung f\u00fcr einen ges\u00fcnderen Boden und besseres Pflanzenwachstum. Dieser nat\u00fcrliche Bodenverbesserer und Pflanzenn\u00e4hrstoff auf Basis von hochwertigem Wurmkot (Humus) verbessert die Bodenstruktur und -qualit\u00e4t. Das Ergebnis? St\u00e4rkere, robustere Pflanzen, die eine bessere Bl\u00fcte und h\u00f6here Ertr\u00e4ge liefern.<\/p>\n<h3>Vorteile von Atami Worm Delight<\/h3>\n<p><strong>1. Reich an essentiellen N\u00e4hrstoffen:<\/strong><br \/>\nWorm Delight enth\u00e4lt eine ausgewogene Mischung von N\u00e4hrstoffen wie Stickstoff, Phosphor und Kalium:<\/p>\n<ul>\n<li><strong>Stickstoff (N):<\/strong> Unterst\u00fctzt das Pflanzenwachstum und die Blattentwicklung.<\/li>\n<li><strong>Phosphor (P):<\/strong> Stimuliert die Bl\u00fctenbildung, die Energiespeicherung und f\u00f6rdert einen gesunden Stoffwechsel.<\/li>\n<li><strong>Kalium (K):<\/strong> Reguliert den Wasserhaushalt und verbessert den Gasaustausch in Pflanzen.<\/li>\n<\/ul>\n<p><strong>2. F\u00f6rdert die Gesundheit des Bodens:<\/strong><br \/>\nWorm Delight ist voll von n\u00fctzlichen Mikroorganismen und Pilzen, die:<\/p>\n<ul>\n<li>N\u00e4hrstoffe f\u00fcr Pflanzen zug\u00e4nglich machen.<\/li>\n<li>Verbessern Sie das Bodenklima und erh\u00f6hen Sie die Stabilit\u00e4t.<\/li>\n<li>Sch\u00fctzen Sie die Pflanzen vor \u00e4u\u00dferen Einfl\u00fcssen wie Krankheiten und Stress.<\/li>\n<\/ul>\n<p><strong>3. Reduziert das Risiko einer \u00dcberd\u00fcngung:<\/strong><br \/>\nDie nat\u00fcrliche und komplexe Zusammensetzung der N\u00e4hrstoffe verhindert eine \u00dcberd\u00fcngung. Dies f\u00f6rdert eine gesunde Wurzelentwicklung und ein starkes Fundament f\u00fcr Ihre Pflanzen.<\/p>\n<h3>Anwendung von Worm Delight<\/h3>\n<p><strong>Atami Worm Delight<\/strong> kann auf verschiedene Arten verwendet werden:<\/p>\n<ul>\n<li><strong>In Substratmischungen:<\/strong> Mischen Sie es in den Boden, um die Qualit\u00e4t und den N\u00e4hrwert zu erh\u00f6hen.<\/li>\n<li><strong>Konzentrierte Anwendung:<\/strong> Verwenden Sie Worm Delight direkt f\u00fcr einen kr\u00e4ftigen Bodenschub.<\/li>\n<\/ul>\n<p>Dank seiner organischen Struktur bietet es einen nat\u00fcrlichen Weg, um Pflanzen gesund und produktiv zu halten, ohne k\u00fcnstliche Zus\u00e4tze. Kombinieren Sie es mit <strong>Atami NRG Upgrade<\/strong> f\u00fcr unvergleichliche Ergebnisse.<\/p>\n<h3>Technische Daten von Atami Worm Delight<\/h3>\n<ul>\n<li><strong>Inhalt:<\/strong> 20-Liter-Beutel<\/li>\n<li><strong>EG-Wert:<\/strong> &lt; 2000<\/li>\n<li><strong>pH-Wert:<\/strong> 6,5 &#8211; 7,5<\/li>\n<li><strong>Zusammensetzung:<\/strong> Wurmkot als Basis<\/li>\n<li><strong>Vorteile:<\/strong> Verbessert die Bodenqualit\u00e4t, reichert Substrate an und liefert Stickstoff, Phosphor und Kalium.<\/li>\n<\/ul>\n<h3>Warum Worm Delight w\u00e4hlen?<\/h3>\n<p>Mit <strong>Atami Worm Delight<\/strong> investieren Sie in eine nachhaltige, umweltfreundliche L\u00f6sung, die Pflanzen in ihrer Wachstums- und Bl\u00fctephase optimal unterst\u00fctzt. Ob Sie nun Hobbyg\u00e4rtner oder professioneller Z\u00fcchter sind, Worm Delight sorgt f\u00fcr Spitzenleistungen auf nat\u00fcrlicher Basis.<\/p>\n<p><strong>Kaufen Sie jetzt und erleben Sie die Vorteile eines gesunden, fruchtbaren Bodens!<\/strong><\/p>\n","protected":false},"excerpt":{"rendered":"<p>Atami Worm Delight ist die L\u00f6sung f\u00fcr einen ges\u00fcnderen Boden und besseres Pflanzenwachstum. Dieser nat\u00fcrliche Bodenverbesserer und Pflanzenn\u00e4hrstoff auf Basis von hochwertigem Wurmkot (Humus) verbessert die Bodenstruktur und -qualit\u00e4t. Das Ergebnis? St\u00e4rkere, robustere Pflanzen, die eine bessere Bl\u00fcte und h\u00f6here Ertr\u00e4ge liefern.<\/p>\n","protected":false},"featured_media":39108,"template":"","meta":[],"product_brand":[1050],"product_cat":[363,324],"product_tag":[],"class_list":{"0":"post-28028","1":"product","2":"type-product","3":"status-publish","4":"has-post-thumbnail","6":"product_brand-atami","7":"product_cat-wachstumsmedien","8":"product_cat-aarde-cocos-de","10":"first","11":"instock","12":"taxable","13":"shipping-taxable","14":"purchasable","15":"product-type-simple"},"_links":{"self":[{"href":"https:\/\/greendisc.dev-project.digital\/de\/wp-json\/wp\/v2\/product\/28028","targetHints":{"allow":["GET"]}}],"collection":[{"href":"https:\/\/greendisc.dev-project.digital\/de\/wp-json\/wp\/v2\/product"}],"about":[{"href":"https:\/\/greendisc.dev-project.digital\/de\/wp-json\/wp\/v2\/types\/product"}],"version-history":[{"count":0,"href":"https:\/\/greendisc.dev-project.digital\/de\/wp-json\/wp\/v2\/product\/28028\/revisions"}],"wp:featuredmedia":[{"embeddable":true,"href":"https:\/\/greendisc.dev-project.digital\/de\/wp-json\/wp\/v2\/media\/39108"}],"wp:attachment":[{"href":"https:\/\/greendisc.dev-project.digital\/de\/wp-json\/wp\/v2\/media?parent=28028"}],"wp:term":[{"taxonomy":"product_brand","embeddable":true,"href":"https:\/\/greendisc.dev-project.digital\/de\/wp-json\/wp\/v2\/product_brand?post=28028"},{"taxonomy":"product_cat","embeddable":true,"href":"https:\/\/greendisc.dev-project.digital\/de\/wp-json\/wp\/v2\/product_cat?post=28028"},{"taxonomy":"product_tag","embeddable":true,"href":"https:\/\/greendisc.dev-project.digital\/de\/wp-json\/wp\/v2\/product_tag?post=28028"}],"curies":[{"name":"wp","href":"https:\/\/api.w.org\/{rel}","templated":true}]}}