 {"id":28027,"date":"2023-11-14T12:19:34","date_gmt":"2023-11-14T11:19:34","guid":{"rendered":"https:\/\/greendisc.dev-project.digital\/\/product\/bcuzz-kokosnuss-laetzchen-pro-stueck\/"},"modified":"2024-12-16T08:35:27","modified_gmt":"2024-12-16T07:35:27","slug":"bcuzz-kokosnuss-laetzchen-pro-stueck","status":"publish","type":"product","link":"https:\/\/greendisc.dev-project.digital\/de\/produkt\/bcuzz-kokosnuss-laetzchen-pro-stueck\/","title":{"rendered":"B&#8217;cuzz Kokosnuss-L\u00e4tzchen pro St\u00fcck"},"content":{"rendered":"<p>B&#8217;cuzz Kokosnuss-L\u00e4tzchen pro St\u00fcck<\/p>\n","protected":false},"excerpt":{"rendered":"<p>B&#8217;cuzz Kokosnuss-L\u00e4tzchen pro St\u00fcck<\/p>\n","protected":false},"featured_media":0,"template":"","meta":[],"product_brand":[],"product_cat":[363,324],"product_tag":[],"class_list":{"0":"post-28027","1":"product","2":"type-product","3":"status-publish","5":"product_cat-wachstumsmedien","6":"product_cat-aarde-cocos-de","8":"first","9":"instock","10":"taxable","11":"shipping-taxable","12":"purchasable","13":"product-type-simple"},"_links":{"self":[{"href":"https:\/\/greendisc.dev-project.digital\/de\/wp-json\/wp\/v2\/product\/28027","targetHints":{"allow":["GET"]}}],"collection":[{"href":"https:\/\/greendisc.dev-project.digital\/de\/wp-json\/wp\/v2\/product"}],"about":[{"href":"https:\/\/greendisc.dev-project.digital\/de\/wp-json\/wp\/v2\/types\/product"}],"version-history":[{"count":0,"href":"https:\/\/greendisc.dev-project.digital\/de\/wp-json\/wp\/v2\/product\/28027\/revisions"}],"wp:attachment":[{"href":"https:\/\/greendisc.dev-project.digital\/de\/wp-json\/wp\/v2\/media?parent=28027"}],"wp:term":[{"taxonomy":"product_brand","embeddable":true,"href":"https:\/\/greendisc.dev-project.digital\/de\/wp-json\/wp\/v2\/product_brand?post=28027"},{"taxonomy":"product_cat","embeddable":true,"href":"https:\/\/greendisc.dev-project.digital\/de\/wp-json\/wp\/v2\/product_cat?post=28027"},{"taxonomy":"product_tag","embeddable":true,"href":"https:\/\/greendisc.dev-project.digital\/de\/wp-json\/wp\/v2\/product_tag?post=28027"}],"curies":[{"name":"wp","href":"https:\/\/api.w.org\/{rel}","templated":true}]}}