 {"id":28024,"date":"2023-11-14T12:19:39","date_gmt":"2023-11-14T11:19:39","guid":{"rendered":"https:\/\/greendisc.dev-project.digital\/\/product\/bcuzz-janeco-lightmix-50-ltr-pro-beutel\/"},"modified":"2025-03-31T15:17:17","modified_gmt":"2025-03-31T13:17:17","slug":"bcuzz-janeco-lightmix-50-ltr-pro-beutel","status":"publish","type":"product","link":"https:\/\/greendisc.dev-project.digital\/de\/produkt\/bcuzz-janeco-lightmix-50-ltr-pro-beutel\/","title":{"rendered":"Atami | Janeco lightmix | Beutel 50 Liter"},"content":{"rendered":"<h3>Atami Janeco Lightmix: Leicht ged\u00fcngte Qualit\u00e4tserde in einem 50-Liter-Beutel<\/h3>\n<p>Mit <strong>Atami Janeco Lightmix<\/strong> w\u00e4hlen Sie ein hochwertiges, RHP-zertifiziertes Substrat. Diese Zertifizierung garantiert ein sicheres und sauberes Substrat, das frei von unerw\u00fcnschten Elementen wie Unkrautsamen, sch\u00e4dlichen Krankheitserregern und Schwermetallen ist. Dank der strengen Kontrolle von Aspekten wie Wasseraufnahme, Luftgehalt, pH-Wert und N\u00e4hrstoffen ist dieser Boden perfekt f\u00fcr den Anbau von Nahrungsmitteln und anderen essbaren Pflanzen geeignet.<\/p>\n<h3>Vorteile von Atami Janeco Lightmix<\/h3>\n<h4>1. <strong>Hochwertige Zusammensetzung f\u00fcr optimales Wachstum<\/strong><\/h4>\n<p>Der <strong>Janeco Lightmix<\/strong> besteht aus sorgf\u00e4ltig ausgew\u00e4hltem Torfmoos (90%) und Perlit (10%):<\/p>\n<ul>\n<li><strong>Torfmoos:<\/strong> Bietet eine hervorragende Wasserspeicherkapazit\u00e4t und f\u00f6rdert gesunde Pflanzen w\u00e4hrend des Anbaus.<\/li>\n<li><strong>Perlite:<\/strong> Verbessert die Luftigkeit des Substrats und versorgt die Wurzeln mit ausreichend Sauerstoff. Dies unterst\u00fctzt die Umwandlung von Zucker in Energie und h\u00e4lt die Bodenstruktur l\u00e4nger intakt.<\/li>\n<\/ul>\n<h4>2. <strong>Leicht ged\u00fcngt und benutzerfreundlich<\/strong><\/h4>\n<p>Der Boden ist leicht vorged\u00fcngt und bietet den Pflanzen einen idealen Start. Je nach Topfgr\u00f6\u00dfe, Pflanzenart und Wachstumsbedingungen enth\u00e4lt die Mischung gen\u00fcgend N\u00e4hrstoffe f\u00fcr <strong>2 bis maximal 4 Wochen<\/strong>. Nach dieser Zeit k\u00f6nnen Sie einfach Fl\u00fcssigd\u00fcnger hinzuf\u00fcgen, um den N\u00e4hrstoffgehalt aufrechtzuerhalten.<\/p>\n<h4>3. <strong>Sicher und umweltfreundlich<\/strong><\/h4>\n<p>Mit dem RHP-G\u00fctesiegel ist der Janeco Lightmix besonders f\u00fcr den \u00f6kologischen Anbau von Gem\u00fcse, Kr\u00e4utern und anderen essbaren Pflanzen geeignet. Das Risiko einer \u00dcberd\u00fcngung ist minimal, so dass Sie die N\u00e4hrstoffe w\u00e4hrend des Anbaus genau kontrollieren k\u00f6nnen.<\/p>\n<h3>Technische Daten von Atami Janeco Lightmix<\/h3>\n<ul>\n<li><strong>Inhalt:<\/strong> 50-Liter-Beutel<\/li>\n<li><strong>EC-Wert:<\/strong> &lt; 1.5<\/li>\n<li><strong>pH-Wert:<\/strong> 5,2 &#8211; 6,2<\/li>\n<li><strong>Struktur:<\/strong> Leicht und luftig, f\u00e4llt beim Anbau nicht zusammen<\/li>\n<li><strong>F\u00fctterung:<\/strong> Leicht vorgem\u00e4stet (2-4 Wochen, je nach Bedingungen)<\/li>\n<li><strong>Zutaten:<\/strong>\n<ul>\n<li><strong>Organisches Material:<\/strong> 32%<\/li>\n<li><strong>Salzgehalt:<\/strong> 1,22 KCl\/l<\/li>\n<li><strong>NPK-Verh\u00e4ltnis:<\/strong> 12-14-24<\/li>\n<li><strong>Wichtigste Zutaten:<\/strong>\n<ul>\n<li>Torfmoos (Sphagnumtorf): 90%<\/li>\n<li>Perlit: 10%<\/li>\n<\/ul>\n<\/li>\n<li><strong>Essentielle N\u00e4hrstoffe:<\/strong>\n<ul>\n<li>Stickstoff (N): 192 mg\/l<\/li>\n<li>Phosphat (P\u2082O\u2085): 195 mg\/l<\/li>\n<li>Kaliumoxid (K\u2082O): 377 mg\/l<\/li>\n<li>Magnesium (Mg): 195 mg\/l<\/li>\n<\/ul>\n<\/li>\n<\/ul>\n<\/li>\n<\/ul>\n<h3>Warum Atami Janeco Lightmix w\u00e4hlen?<\/h3>\n<p>Der <strong>Janeco Lightmix<\/strong> bietet eine perfekte Balance zwischen Wasserspeicherung, Bel\u00fcftung und N\u00e4hrstoffen. Das Substrat ist ideal f\u00fcr G\u00e4rtner, die eine sichere, umweltfreundliche Erde f\u00fcr den Anbau von essbaren Pflanzen oder Zierpflanzen suchen. Dank der leichten D\u00fcngung haben Sie die volle Kontrolle \u00fcber den Anbau und k\u00f6nnen ein gesundes und produktives Pflanzenwachstum garantieren.<\/p>\n<p><strong>Bestellen Sie jetzt Atami Janeco Lightmix und erleben Sie die Vorteile eines RHP-zertifizierten Substrats!<\/strong><\/p>\n","protected":false},"excerpt":{"rendered":"<p>Mit Atami Janeco Lightmix w\u00e4hlen Sie ein hochwertiges, RHP-zertifiziertes Substrat. Diese Zertifizierung garantiert ein sicheres und sauberes Substrat, das frei von unerw\u00fcnschten Elementen wie Unkrautsamen, sch\u00e4dlichen Krankheitserregern und Schwermetallen ist. Dank der strengen Kontrolle von Aspekten wie Wasseraufnahme, Luftgehalt, pH-Wert und N\u00e4hrstoffen ist dieser Boden perfekt f\u00fcr den Anbau von Nahrungsmitteln und anderen essbaren Pflanzen geeignet.<\/p>\n","protected":false},"featured_media":39111,"template":"","meta":[],"product_brand":[1050],"product_cat":[363,324],"product_tag":[],"class_list":{"0":"post-28024","1":"product","2":"type-product","3":"status-publish","4":"has-post-thumbnail","6":"product_brand-atami","7":"product_cat-wachstumsmedien","8":"product_cat-aarde-cocos-de","10":"first","11":"instock","12":"taxable","13":"shipping-taxable","14":"purchasable","15":"product-type-simple"},"_links":{"self":[{"href":"https:\/\/greendisc.dev-project.digital\/de\/wp-json\/wp\/v2\/product\/28024","targetHints":{"allow":["GET"]}}],"collection":[{"href":"https:\/\/greendisc.dev-project.digital\/de\/wp-json\/wp\/v2\/product"}],"about":[{"href":"https:\/\/greendisc.dev-project.digital\/de\/wp-json\/wp\/v2\/types\/product"}],"version-history":[{"count":0,"href":"https:\/\/greendisc.dev-project.digital\/de\/wp-json\/wp\/v2\/product\/28024\/revisions"}],"wp:featuredmedia":[{"embeddable":true,"href":"https:\/\/greendisc.dev-project.digital\/de\/wp-json\/wp\/v2\/media\/39111"}],"wp:attachment":[{"href":"https:\/\/greendisc.dev-project.digital\/de\/wp-json\/wp\/v2\/media?parent=28024"}],"wp:term":[{"taxonomy":"product_brand","embeddable":true,"href":"https:\/\/greendisc.dev-project.digital\/de\/wp-json\/wp\/v2\/product_brand?post=28024"},{"taxonomy":"product_cat","embeddable":true,"href":"https:\/\/greendisc.dev-project.digital\/de\/wp-json\/wp\/v2\/product_cat?post=28024"},{"taxonomy":"product_tag","embeddable":true,"href":"https:\/\/greendisc.dev-project.digital\/de\/wp-json\/wp\/v2\/product_tag?post=28024"}],"curies":[{"name":"wp","href":"https:\/\/api.w.org\/{rel}","templated":true}]}}