 {"id":28020,"date":"2023-11-14T12:19:34","date_gmt":"2023-11-14T11:19:34","guid":{"rendered":"https:\/\/greendisc.dev-project.digital\/\/product\/bcuzz-cocos-50-ltr-pro-beutel\/"},"modified":"2025-03-31T15:22:34","modified_gmt":"2025-03-31T13:22:34","slug":"bcuzz-cocos-50-ltr-pro-beutel","status":"publish","type":"product","link":"https:\/\/greendisc.dev-project.digital\/de\/produkt\/bcuzz-cocos-50-ltr-pro-beutel\/","title":{"rendered":"Atami | Cocos-Substrat | Beutel 50 Liter"},"content":{"rendered":"<h3>Atami Cocos Substrat: 50 Liter Premium-Kokossubstrat f\u00fcr optimales Pflanzenwachstum<\/h3>\n<p><strong>Atami Cocos Substrate<\/strong> ist eine hochwertige Anzuchterde auf der Basis von 100% Kokosfasern, die sich ideal f\u00fcr den Anbau einer Vielzahl von Pflanzen eignet. Dieses Substrat erf\u00fcllt dank des <strong>RHP-G\u00fctesiegels<\/strong>, das Qualit\u00e4t und Sicherheit garantiert, die strengsten Anforderungen. Die Kokosfasern werden w\u00e4hrend des Produktionsprozesses sorgf\u00e4ltig gewaschen, ged\u00e4mpft und gepuffert, um einen stabilen pH-Wert zu erreichen und eine perfekte Umgebung f\u00fcr gesunde Pflanzen zu schaffen.<\/p>\n<h3>Warum Atami Cocos-Substrat w\u00e4hlen?<\/h3>\n<h4>1. <strong>H\u00f6chste Qualit\u00e4t mit RHP-Zertifizierung<\/strong><\/h4>\n<p>Das RHP-Qualit\u00e4tszeichen best\u00e4tigt, dass dieses Kokossubstrat:<\/p>\n<ul>\n<li>Frei von Verunreinigungen wie Unkrautsamen und Schwermetallen.<\/li>\n<li>Kontrollierte und konsistente Eigenschaften wie Wasseraufnahme und Luftigkeit.<\/li>\n<li>Sicher f\u00fcr den Anbau von Nutzpflanzen und anderen Pflanzen.<\/li>\n<\/ul>\n<h4>2. <strong>Perfektes Gleichgewicht zwischen Wasser und Luft<\/strong><\/h4>\n<p>Dank der einzigartigen Struktur der Kokosfasern bietet das Substrat:<\/p>\n<ul>\n<li><strong>Hervorragende Wasserspeicherung:<\/strong> Verhindert Austrocknung und h\u00e4lt die Pflanzen auch bei unregelm\u00e4\u00dfiger Bew\u00e4sserung hydratisiert.<\/li>\n<li><strong>Optimale Bel\u00fcftung:<\/strong> stellt sicher, dass die Wurzeln ausreichend Sauerstoff erhalten, was f\u00fcr ein gesundes Wachstum unerl\u00e4sslich ist.<\/li>\n<\/ul>\n<h4>3. <strong>Leicht vorged\u00fcngt und gebrauchsfertig<\/strong><\/h4>\n<p>Atami Cocos Substrate enth\u00e4lt einen leichten Startd\u00fcnger, der f\u00fcr die erste Woche der Wachstumsperiode ausreicht. Danach k\u00f6nnen Sie ganz einfach Fl\u00fcssigd\u00fcnger nach einem geeigneten F\u00fctterungsplan hinzuf\u00fcgen. Dies gibt den Landwirten die volle Kontrolle \u00fcber die D\u00fcngung und minimiert gleichzeitig das Risiko einer \u00dcberd\u00fcngung.<\/p>\n<h4>4. <strong>F\u00f6rdert ein gesundes Wurzelsystem<\/strong><\/h4>\n<p>Die luftige und stabile Struktur unterst\u00fctzt die Entwicklung eines kr\u00e4ftigen Wurzelsystems. Dies tr\u00e4gt zu einer besseren Aufnahme von N\u00e4hrstoffen und Wasser bei, was zu st\u00e4rkeren und produktiveren Pflanzen f\u00fchrt.<\/p>\n<h3>Technische Daten von Atami Cocos Substrate<\/h3>\n<ul>\n<li><strong>Inhalt:<\/strong> 50-Liter-Beutel<\/li>\n<li><strong>EC-Wert:<\/strong> 0,8 &#8211; 1,0<\/li>\n<li><strong>pH-Wert:<\/strong> 6,4 (CaCl\u2082)<\/li>\n<li><strong>Struktur:<\/strong> Luftig und stabil<\/li>\n<li><strong>F\u00fctterung:<\/strong> leicht vorged\u00fcngt (1 Woche Grundf\u00fctterung)<\/li>\n<li><strong>Zutaten:<\/strong>\n<ul>\n<li>Organische Substanz: 18%<\/li>\n<li>Kokosnussfruchtfleisch (85%)<\/li>\n<li>Zusatzstoffe: Mineralkalk, Kalziumnitrat und NPK-D\u00fcnger (11-27-8)<\/li>\n<li>Verf\u00fcgbare N\u00e4hrstoffe:\n<ul>\n<li>Stickstoff (N): 99 mg\/l<\/li>\n<li>Phosphat (P\u2082O\u2085): 70 mg\/l<\/li>\n<li>Kaliumoxid (K\u2082O): 574 mg\/l<\/li>\n<li>Magnesium (Mg): 104 mg\/l<\/li>\n<\/ul>\n<\/li>\n<\/ul>\n<\/li>\n<\/ul>\n<h3>Anwendung von Atami Cocos Substrat<\/h3>\n<p>Dieses Substrat ist vielseitig und sowohl f\u00fcr Anf\u00e4nger als auch f\u00fcr erfahrene Z\u00fcchter geeignet. Er kann f\u00fcr den Anbau von Zierpflanzen, Gem\u00fcse, Kr\u00e4utern und anderen Kulturen verwendet werden. Kombinieren Sie ihn mit den Fl\u00fcssigd\u00fcngern von Atami f\u00fcr eine optimale N\u00e4hrstoffbilanz w\u00e4hrend des gesamten Wachstumszyklus.<\/p>\n<h3>Die Vorteile auf einen Blick:<\/h3>\n<ul>\n<li><strong>RHP-zertifiziert:<\/strong> Hohe Qualit\u00e4t und sicher f\u00fcr essbare Pflanzen.<\/li>\n<li><strong>Ausgezeichnetes Wasser- und Luftmanagement:<\/strong> verhindert Austrocknung und \u00dcberw\u00e4sserung.<\/li>\n<li><strong>Vorged\u00fcngt:<\/strong> Startklar f\u00fcr die erste Woche des Anbaus.<\/li>\n<li><strong>Luftige Struktur:<\/strong> f\u00f6rdert ein starkes und gesundes Wurzelsystem.<\/li>\n<\/ul>\n<p><strong>Bestellen Sie jetzt Atami Cocos-Substrat und geben Sie Ihren Pflanzen die ideale Grundlage f\u00fcr Wachstum und Bl\u00fcte!<\/strong><\/p>\n","protected":false},"excerpt":{"rendered":"<p>Atami Cocos Substrate ist eine hochwertige Anzuchterde auf der Basis von 100% Kokosfasern, die sich ideal f\u00fcr den Anbau einer Vielzahl von Pflanzen eignet. Dieses Substrat erf\u00fcllt dank des RHP-G\u00fctesiegels, das Qualit\u00e4t und Sicherheit garantiert, die strengsten Anforderungen. Die Kokosfasern werden w\u00e4hrend des Produktionsprozesses sorgf\u00e4ltig gewaschen, ged\u00e4mpft und gepuffert, um einen stabilen pH-Wert zu erreichen und eine perfekte Umgebung f\u00fcr gesunde Pflanzen zu schaffen.<\/p>\n","protected":false},"featured_media":39117,"template":"","meta":[],"product_brand":[1050],"product_cat":[363,324],"product_tag":[],"class_list":{"0":"post-28020","1":"product","2":"type-product","3":"status-publish","4":"has-post-thumbnail","6":"product_brand-atami","7":"product_cat-wachstumsmedien","8":"product_cat-aarde-cocos-de","10":"first","11":"instock","12":"taxable","13":"shipping-taxable","14":"purchasable","15":"product-type-simple"},"_links":{"self":[{"href":"https:\/\/greendisc.dev-project.digital\/de\/wp-json\/wp\/v2\/product\/28020","targetHints":{"allow":["GET"]}}],"collection":[{"href":"https:\/\/greendisc.dev-project.digital\/de\/wp-json\/wp\/v2\/product"}],"about":[{"href":"https:\/\/greendisc.dev-project.digital\/de\/wp-json\/wp\/v2\/types\/product"}],"version-history":[{"count":0,"href":"https:\/\/greendisc.dev-project.digital\/de\/wp-json\/wp\/v2\/product\/28020\/revisions"}],"wp:featuredmedia":[{"embeddable":true,"href":"https:\/\/greendisc.dev-project.digital\/de\/wp-json\/wp\/v2\/media\/39117"}],"wp:attachment":[{"href":"https:\/\/greendisc.dev-project.digital\/de\/wp-json\/wp\/v2\/media?parent=28020"}],"wp:term":[{"taxonomy":"product_brand","embeddable":true,"href":"https:\/\/greendisc.dev-project.digital\/de\/wp-json\/wp\/v2\/product_brand?post=28020"},{"taxonomy":"product_cat","embeddable":true,"href":"https:\/\/greendisc.dev-project.digital\/de\/wp-json\/wp\/v2\/product_cat?post=28020"},{"taxonomy":"product_tag","embeddable":true,"href":"https:\/\/greendisc.dev-project.digital\/de\/wp-json\/wp\/v2\/product_tag?post=28020"}],"curies":[{"name":"wp","href":"https:\/\/api.w.org\/{rel}","templated":true}]}}