 {"id":27987,"date":"2023-11-14T12:30:17","date_gmt":"2023-11-14T11:30:17","guid":{"rendered":"https:\/\/greendisc.dev-project.digital\/\/product\/osram-nav-t-super-250w\/"},"modified":"2024-12-16T08:35:17","modified_gmt":"2024-12-16T07:35:17","slug":"osram-nav-t-super-250w","status":"publish","type":"product","link":"https:\/\/greendisc.dev-project.digital\/de\/produkt\/osram-nav-t-super-250w\/","title":{"rendered":"Osram Nav-T super 250W"},"content":{"rendered":"<p><meta charset=\"utf-8\"><\/p>\n<p data-mce-fragment=\"1\">Die Osram Nav-T ist unsere meistverkaufte Markengl\u00fchlampe. Diese Gl\u00fchbirne ist speziell f\u00fcr die Boje entwickelt worden.<\/p>\n<p data-mce-fragment=\"1\">Diese Osram-Lampen sind knackige, r\u00f6hrenf\u00f6rmige Natriumdampf-Hochdrucklampen mit einer besonders langen Lebensdauer. Es ist m\u00f6glich, diese Gl\u00fchbirne zu dimmen. Die Osram Vialox NAV-T 250W SUPER 4Y E40 Growlampen sind \u00fcberlegen. Dank der langen Lebensdauer werden die Kosten gesenkt.<\/p>\n<p data-mce-fragment=\"1\">Die Osram Vialox NAV-T 250 W SUPER 4Y E40 ist ein warmes Licht mit einer Farbtemperatur von 2000K. Die warme Farbe schafft eine angenehme Atmosph\u00e4re und Wahrnehmung des beleuchteten Raums. Die Lumenzahl betr\u00e4gt 90.000.<\/p>\n<p data-mce-fragment=\"1\">Die Lampen bieten eine hohe Leistung und eine lange Lebensdauer von durchschnittlich 32.000 Stunden. Die Leistung wird w\u00e4hrend der gesamten Lebensdauer garantiert.<\/p>\n","protected":false},"excerpt":{"rendered":"<p>Die Osram Nav-T ist unsere meistverkaufte Markengl\u00fchlampe. Diese Gl\u00fchbirne ist speziell f\u00fcr die Boje entwickelt worden.<\/p>\n","protected":false},"featured_media":26009,"template":"","meta":[],"product_brand":[],"product_cat":[337,336,316],"product_tag":[],"class_list":{"0":"post-27987","1":"product","2":"type-product","3":"status-publish","4":"has-post-thumbnail","6":"product_cat-beleuchtung","7":"product_cat-bulben-de","8":"product_cat-250w-bulben-de-2","10":"first","11":"instock","12":"taxable","13":"shipping-taxable","14":"purchasable","15":"product-type-simple"},"_links":{"self":[{"href":"https:\/\/greendisc.dev-project.digital\/de\/wp-json\/wp\/v2\/product\/27987","targetHints":{"allow":["GET"]}}],"collection":[{"href":"https:\/\/greendisc.dev-project.digital\/de\/wp-json\/wp\/v2\/product"}],"about":[{"href":"https:\/\/greendisc.dev-project.digital\/de\/wp-json\/wp\/v2\/types\/product"}],"version-history":[{"count":0,"href":"https:\/\/greendisc.dev-project.digital\/de\/wp-json\/wp\/v2\/product\/27987\/revisions"}],"wp:featuredmedia":[{"embeddable":true,"href":"https:\/\/greendisc.dev-project.digital\/de\/wp-json\/wp\/v2\/media\/26009"}],"wp:attachment":[{"href":"https:\/\/greendisc.dev-project.digital\/de\/wp-json\/wp\/v2\/media?parent=27987"}],"wp:term":[{"taxonomy":"product_brand","embeddable":true,"href":"https:\/\/greendisc.dev-project.digital\/de\/wp-json\/wp\/v2\/product_brand?post=27987"},{"taxonomy":"product_cat","embeddable":true,"href":"https:\/\/greendisc.dev-project.digital\/de\/wp-json\/wp\/v2\/product_cat?post=27987"},{"taxonomy":"product_tag","embeddable":true,"href":"https:\/\/greendisc.dev-project.digital\/de\/wp-json\/wp\/v2\/product_tag?post=27987"}],"curies":[{"name":"wp","href":"https:\/\/api.w.org\/{rel}","templated":true}]}}