 {"id":27982,"date":"2023-11-14T12:30:52","date_gmt":"2023-11-14T11:30:52","guid":{"rendered":"https:\/\/greendisc.dev-project.digital\/\/product\/philips-master-greenpower-1000w-de-el-400v\/"},"modified":"2024-12-16T08:35:15","modified_gmt":"2024-12-16T07:35:15","slug":"philips-master-greenpower-1000w-de-el-400v","status":"publish","type":"product","link":"https:\/\/greendisc.dev-project.digital\/de\/produkt\/philips-master-greenpower-1000w-de-el-400v\/","title":{"rendered":"Philips Master Greenpower 1000W DE EL 400V"},"content":{"rendered":"<p><meta charset=\"utf-8\"><\/p>\n<p><strong>Entdecken Sie die Philips Greenpower 1000W Double Ended Gl\u00fchbirne f\u00fcr maximales Wachstum und Ertrag!<\/strong><\/p>\n<p>Sie m\u00f6chten Ihren Innengarten auf die n\u00e4chste Stufe bringen? Dann sind Sie bei der Philips Greenpower 1000W Double Ended Gl\u00fchbirne genau richtig. Dieses leistungsstarke Grow-Licht wurde entwickelt, um ein maximales Wachstum und einen maximalen Ertrag zu gew\u00e4hrleisten, was es zur idealen Wahl f\u00fcr ernsthafte Z\u00fcchter macht.<\/p>\n<p><strong>Leistungsstarke Beleuchtung f\u00fcr maximales Wachstum<\/strong><\/p>\n<p>Mit einer Leistung von 1000 Watt liefert diese doppelseitige Lampe eine intensive und gerichtete Beleuchtung, die ideal f\u00fcr alle Wachstumsstadien Ihrer Pflanzen ist. Ganz gleich, ob Sie Samen keimen lassen, gesunde Setzlinge z\u00fcchten oder eine \u00fcppige Bl\u00fcte f\u00f6rdern wollen, diese Lampe bietet das perfekte Lichtspektrum und die Intensit\u00e4t, die Ihre Pflanzen brauchen.<\/p>\n<p><strong>Energieeffizient und nachhaltig<\/strong><\/p>\n<p>Die Philips Greenpower 1000W Double Ended Gl\u00fchbirne ist nicht nur leistungsstark, sondern auch energieeffizient. Es hilft Ihnen, Ihre Energiekosten zu senken und gleichzeitig optimale Wachstumsbedingungen f\u00fcr Ihre Pflanzen zu schaffen. Au\u00dferdem ist diese Lampe robust und langlebig, so dass sich Ihre Investition auf lange Sicht auszahlt.<\/p>\n<p><strong>Einfache Installation und Kompatibilit\u00e4t<\/strong><\/p>\n<p>Diese Lampe ist f\u00fcr eine einfache Installation konzipiert. Dank des doppelseitigen Designs und des praktischen Befestigungssystems k\u00f6nnen Sie die Lampe schnell und einfach in Ihrem Grow Room installieren. Au\u00dferdem ist er mit verschiedenen Anbausystemen und Vorrichtungen kompatibel, was ihn vielseitig einsetzbar macht. Nehmen Sie zum Beispiel die 1000W-Leuchten von Dimlux, Gavita, Lumenking, OCL und DLI.<\/p>\n<p><strong>Optimal f\u00fcr verschiedene Pflanzenarten<\/strong><\/p>\n<p>Ganz gleich, ob Sie Gem\u00fcse, Kr\u00e4uter, Blumen oder exotische Pflanzen anbauen, die Philips Greenpower 1000W Double Ended Bulb sorgt f\u00fcr gesundes und \u00fcppiges Wachstum. Selbst die anspruchsvollsten Pflanzen werden unter dem intensiven und ausgewogenen Licht dieser Grow-Lampe gedeihen.<\/p>\n<p><meta charset=\"utf-8\"><strong>Beleuchtungstechnik<\/strong><br data-mce-fragment=\"1\"><span data-mce-fragment=\"1\">Farbcode 220 [ CCT von 2000K]<\/span><br data-mce-fragment=\"1\"><span data-mce-fragment=\"1\">Lichtstrom (Nennwert) (Nom) 143000 lm<\/span><br data-mce-fragment=\"1\"><span data-mce-fragment=\"1\">Photosynthetischer Photonenflu\u00df (PPF) 2100 \u00b5mol\/s<\/span><br data-mce-fragment=\"1\"><span data-mce-fragment=\"1\">PPF Wartung 4000 h 98<\/span><br data-mce-fragment=\"1\"><span data-mce-fragment=\"1\">PPF Wartung 8000 h 96<\/span><br data-mce-fragment=\"1\"><span data-mce-fragment=\"1\">PPF Wartung 10000 h 95<\/span><br data-mce-fragment=\"1\"><span data-mce-fragment=\"1\">Farbkoordinate X (Nom) 0,529<\/span><br data-mce-fragment=\"1\"><span data-mce-fragment=\"1\">Farbkoordinate Y (Nom) 0.416<\/span><br data-mce-fragment=\"1\"><span data-mce-fragment=\"1\">Korrelierte Farbtemperatur (Nom) 2000 K<\/span><br data-mce-fragment=\"1\"><span data-mce-fragment=\"1\">Lichtstrom (nominal) 141 lm\/W<\/span><br data-mce-fragment=\"1\"><span data-mce-fragment=\"1\">Farbwiedergabe-Index (nom) 38<\/span><br data-mce-fragment=\"1\"><br data-mce-fragment=\"1\"><strong>Bedienung und Elektrik<\/strong><br data-mce-fragment=\"1\"><span data-mce-fragment=\"1\">Versorgungsspannung der Lampe 400 V [ 400]<\/span><br data-mce-fragment=\"1\"><span data-mce-fragment=\"1\">Leistung (nominal) (Min) 1015.0 W<\/span><br data-mce-fragment=\"1\"><span data-mce-fragment=\"1\">Leistung (Nom) 1000 W<\/span><br data-mce-fragment=\"1\"><span data-mce-fragment=\"1\">Z\u00fcndspannung (Nom) 398 V<\/span><br data-mce-fragment=\"1\"><span data-mce-fragment=\"1\">Wiederz\u00fcndzeit (min) (max) 5 min<\/span><br data-mce-fragment=\"1\"><span data-mce-fragment=\"1\">Z\u00fcndzeit (Max) 300 s<\/span><br data-mce-fragment=\"1\"><span data-mce-fragment=\"1\">Spannung (Max) 270 V<\/span><br data-mce-fragment=\"1\"><span data-mce-fragment=\"1\">Spannung (Min) 230 V<\/span><br data-mce-fragment=\"1\"><span data-mce-fragment=\"1\">Spannung (Nom) 250 V<\/span><br data-mce-fragment=\"1\"><br data-mce-fragment=\"1\"><strong>Betrieb und Dimmen<\/strong><br data-mce-fragment=\"1\"><span data-mce-fragment=\"1\">Dimmbar Ja<\/span><br data-mce-fragment=\"1\"><span data-mce-fragment=\"1\">Einschaltzeit 90% (max) 10 min<\/span><br data-mce-fragment=\"1\"><br data-mce-fragment=\"1\"><strong>Mechanik und Geh\u00e4use<\/strong><br data-mce-fragment=\"1\"><span data-mce-fragment=\"1\">Oberfl\u00e4che der Lampe Hell<\/span><br data-mce-fragment=\"1\"><span data-mce-fragment=\"1\">Informationen zum Lampensockel<\/span><br data-mce-fragment=\"1\"><span data-mce-fragment=\"1\">Lampenform T40 [ T 40mm]<br \/><\/span><\/p>\n<p><strong>Fazit<\/strong><\/p>\n<p>Investieren Sie in die Zukunft Ihres Anbaus mit der Philips Greenpower 1000W Double Ended Gl\u00fchbirne. Diese Lampe bietet nicht nur eine leistungsstarke und effiziente Beleuchtung, sondern auch Langlebigkeit und Vielseitigkeit. Steigern Sie Ihren Ertrag, verbessern Sie die Qualit\u00e4t Ihrer Ernte und beobachten Sie, wie Ihre Pflanzen unter dem professionellen Wachstumslicht von Philips aufbl\u00fchen.<\/p>\n<p>Warten Sie nicht l\u00e4nger. R\u00fcsten Sie Ihren Growraum noch heute mit der Philips Greenpower 1000W Double Ended Bulb auf und erleben Sie den Unterschied, den eine hochwertige Beleuchtung f\u00fcr Ihre Pflanzen machen kann!<\/p>\n<p><em>Hinweis: Pr\u00fcfen Sie unbedingt die Spezifikationen Ihres Zuchtraums, um sicherzustellen, dass diese Lampe f\u00fcr Ihre Bed\u00fcrfnisse geeignet ist.<\/em><\/p>\n<p data-mce-fragment=\"1\">\n","protected":false},"excerpt":{"rendered":"<p>Entdecken Sie die Philips Greenpower 1000W Double Ended Gl\u00fchbirne f\u00fcr maximales Wachstum und Ertrag!Sie m\u00f6chten Ihren Innengarten auf die n\u00e4chste Stufe bringen? Dann sind Sie bei der Philips Greenpower 1000W Double Ended Gl\u00fchbirne genau richtig. Dieses leistungsstarke Grow-Licht wurde entwickelt, um ein maximales Wachstum und einen maximalen Ertrag zu gew\u00e4hrleisten, was es zur idealen Wahl f\u00fcr ernsthafte Z\u00fcchter macht.<\/p>\n","protected":false},"featured_media":26069,"template":"","meta":[],"product_brand":[],"product_cat":[337,336,322],"product_tag":[],"class_list":{"0":"post-27982","1":"product","2":"type-product","3":"status-publish","4":"has-post-thumbnail","6":"product_cat-beleuchtung","7":"product_cat-bulben-de","8":"product_cat-1000w-bulben-de","10":"first","11":"outofstock","12":"sale","13":"taxable","14":"shipping-taxable","15":"purchasable","16":"product-type-simple"},"_links":{"self":[{"href":"https:\/\/greendisc.dev-project.digital\/de\/wp-json\/wp\/v2\/product\/27982","targetHints":{"allow":["GET"]}}],"collection":[{"href":"https:\/\/greendisc.dev-project.digital\/de\/wp-json\/wp\/v2\/product"}],"about":[{"href":"https:\/\/greendisc.dev-project.digital\/de\/wp-json\/wp\/v2\/types\/product"}],"version-history":[{"count":0,"href":"https:\/\/greendisc.dev-project.digital\/de\/wp-json\/wp\/v2\/product\/27982\/revisions"}],"wp:featuredmedia":[{"embeddable":true,"href":"https:\/\/greendisc.dev-project.digital\/de\/wp-json\/wp\/v2\/media\/26069"}],"wp:attachment":[{"href":"https:\/\/greendisc.dev-project.digital\/de\/wp-json\/wp\/v2\/media?parent=27982"}],"wp:term":[{"taxonomy":"product_brand","embeddable":true,"href":"https:\/\/greendisc.dev-project.digital\/de\/wp-json\/wp\/v2\/product_brand?post=27982"},{"taxonomy":"product_cat","embeddable":true,"href":"https:\/\/greendisc.dev-project.digital\/de\/wp-json\/wp\/v2\/product_cat?post=27982"},{"taxonomy":"product_tag","embeddable":true,"href":"https:\/\/greendisc.dev-project.digital\/de\/wp-json\/wp\/v2\/product_tag?post=27982"}],"curies":[{"name":"wp","href":"https:\/\/api.w.org\/{rel}","templated":true}]}}