 {"id":27964,"date":"2024-06-11T19:05:26","date_gmt":"2024-06-11T17:05:26","guid":{"rendered":"https:\/\/greendisc.dev-project.digital\/\/product\/fernbedienung-fuer-opticlimate-altes-modell-tm-pro3a\/"},"modified":"2024-12-16T08:35:06","modified_gmt":"2024-12-16T07:35:06","slug":"fernbedienung-fuer-opticlimate-altes-modell-tm-pro3a","status":"publish","type":"product","link":"https:\/\/greendisc.dev-project.digital\/de\/produkt\/fernbedienung-fuer-opticlimate-altes-modell-tm-pro3a\/","title":{"rendered":"Fernbedienung f\u00fcr Opticlimate altes Modell (tm pro3A)"},"content":{"rendered":"<\/p>\n<p>Sie suchen eine lose Fernbedienung f\u00fcr Ihren Opticlimate Pro2-3A? Dann suchen Sie nicht weiter! Diese Fernbedienung ist die perfekte L\u00f6sung f\u00fcr die Bedienung Ihres Opticlimate-Klimasystems.<\/p>\n<p>Diese Fernbedienung ist die gleiche wie die, die mit einem neuen Opticlimate geliefert wird. Er wurde speziell f\u00fcr alle Pro2-3A-Modelle von Opticlimate entwickelt. Es ist sehr benutzerfreundlich und erm\u00f6glicht die Fernsteuerung Ihres Klimatisierungssystems, so dass Sie die gew\u00fcnschte Temperatur und Luftfeuchtigkeit ganz einfach einstellen k\u00f6nnen.<\/p>\n<p>Au\u00dferdem bietet unsere Fernbedienung eine hervorragende Funktionalit\u00e4t. Sie k\u00f6nnen ganz einfach zwischen verschiedenen Modi wie K\u00fchlen, Heizen und L\u00fcften wechseln und die L\u00fcftergeschwindigkeit einstellen. Das LCD-Display zeigt die aktuellen Einstellungen und den Status des Systems an, so dass Sie immer \u00fcber die Leistung Ihres Klimatisierungssystems informiert sind.<\/p>\n<p>Kurzum, unsere Fernbedienung ist die perfekte Wahl f\u00fcr die Steuerung Ihres Opticlimate-Klimasystems. Es bietet eine hervorragende Funktionalit\u00e4t, ist einfach zu installieren und zu verwenden und eignet sich f\u00fcr alle Pro2-3A Modelle. Bestellen Sie noch heute und genie\u00dfen Sie den Komfort und die Kontrolle, die Ihnen unsere Fernbedienung bietet!<\/p>\n<p>BITTE BEACHTEN SIE: wird ohne Kabel geliefert! <a href=\"https:\/\/greendisc.dev-project.digital\/products\/kabel-t-b-v-afstandsbediening-opticlimate\" title=\"kabel f\u00fcr fernbedienung opticlimate pro3 und pro4\" rel=\"noopener noreferrer\" target=\"_blank\">Sie k\u00f6nnen dieses hier finden<\/a>.<\/p>\n","protected":false},"excerpt":{"rendered":"<p>Sie suchen eine lose Fernbedienung f\u00fcr Ihren Opticlimate Pro2-3A? Dann suchen Sie nicht weiter! Diese Fernbedienung ist die perfekte L\u00f6sung f\u00fcr die Bedienung Ihres Opticlimate-Klimasystems.<\/p>\n","protected":false},"featured_media":24375,"template":"","meta":[],"product_brand":[1039],"product_cat":[350,351,353],"product_tag":[],"class_list":{"0":"post-27964","1":"product","2":"type-product","3":"status-publish","4":"has-post-thumbnail","6":"product_brand-opticlimate","7":"product_cat-aeronautik","8":"product_cat-opticlimate-de","9":"product_cat-opticlimate-ersatzteile","11":"first","12":"outofstock","13":"taxable","14":"shipping-taxable","15":"purchasable","16":"product-type-simple"},"_links":{"self":[{"href":"https:\/\/greendisc.dev-project.digital\/de\/wp-json\/wp\/v2\/product\/27964","targetHints":{"allow":["GET"]}}],"collection":[{"href":"https:\/\/greendisc.dev-project.digital\/de\/wp-json\/wp\/v2\/product"}],"about":[{"href":"https:\/\/greendisc.dev-project.digital\/de\/wp-json\/wp\/v2\/types\/product"}],"version-history":[{"count":0,"href":"https:\/\/greendisc.dev-project.digital\/de\/wp-json\/wp\/v2\/product\/27964\/revisions"}],"wp:featuredmedia":[{"embeddable":true,"href":"https:\/\/greendisc.dev-project.digital\/de\/wp-json\/wp\/v2\/media\/24375"}],"wp:attachment":[{"href":"https:\/\/greendisc.dev-project.digital\/de\/wp-json\/wp\/v2\/media?parent=27964"}],"wp:term":[{"taxonomy":"product_brand","embeddable":true,"href":"https:\/\/greendisc.dev-project.digital\/de\/wp-json\/wp\/v2\/product_brand?post=27964"},{"taxonomy":"product_cat","embeddable":true,"href":"https:\/\/greendisc.dev-project.digital\/de\/wp-json\/wp\/v2\/product_cat?post=27964"},{"taxonomy":"product_tag","embeddable":true,"href":"https:\/\/greendisc.dev-project.digital\/de\/wp-json\/wp\/v2\/product_tag?post=27964"}],"curies":[{"name":"wp","href":"https:\/\/api.w.org\/{rel}","templated":true}]}}