 {"id":27917,"date":"2023-11-14T12:17:16","date_gmt":"2023-11-14T11:17:16","guid":{"rendered":"https:\/\/greendisc.dev-project.digital\/\/product\/a-r-t-s-bio-granulat-granulat-1kg\/"},"modified":"2024-12-16T08:34:57","modified_gmt":"2024-12-16T07:34:57","slug":"a-r-t-s-bio-granulat-granulat-1kg","status":"publish","type":"product","link":"https:\/\/greendisc.dev-project.digital\/de\/produkt\/a-r-t-s-bio-granulat-granulat-1kg\/","title":{"rendered":"A.R.T.S. Bio-Granulat (Granulat) 1kg"},"content":{"rendered":"<p>Dieser getrocknete Extrakt wird seit Jahren zur Bek\u00e4mpfung von sch\u00e4dlichen Nematoden im Boden verwendet, hat aber keine Wirkung auf W\u00fcrmer\/Milben.  <br \/>Es unterbricht den Lebenszyklus (Eier und Larven) von sch\u00e4dlichen Nematoden (Meloidogyne, Pratylenchus, Thripse, Kartoffelmilben, Tausendf\u00fc\u00dfler, Pillendreher, Wurzelfliegen, Regenw\u00fcrmer und Sciariden), die im Boden leben, sowie in Hydrokulturen Springschw\u00e4nze und Wurzell\u00e4use.<\/p>\n<p>Um beste Ergebnisse zu erzielen und den Lebenszyklus effizient zu unterbrechen, wird empfohlen, BIO-GRANULES in Kombination mit <a href=\"https:\/\/greendisc.dev-project.digital\/products\/a-r-t-s-aphids-o-250ml-tegen-schadelijke-vliegende-insecte\" target=\"_blank\" title=\"Blattl\u00e4use -\" rel=\"noopener noreferrer\">APHIDS-0<\/a> zu verwenden. BIO-GRANULES t\u00f6tet Eier und Larven, w\u00e4hrend Aphids-0 auf Blattl\u00e4use (Sciaridae) abzielt.<\/p>\n<p>Verabreichung und Dosierung:<\/p>\n<p>1 kg ist ausreichend f\u00fcr etwa 25 m2 oder 150 13-Liter-T\u00f6pfe.<\/p>\n<p><strong>Vorbeugend:<\/strong> Mischen Sie vor dem Einpflanzen 1 Essl\u00f6ffel BIO-GRANULES in Ihre Blumenerde\/Kokosfaser. Bei mehrj\u00e4hrigen Pflanzen streuen Sie sie auf den Boden und arbeiten sie ein und\/oder gie\u00dfen sie, wenn m\u00f6glich. Wiederholen Sie den Vorgang nach 4 Wochen.<\/p>\n<p><strong>Heilmittel:<\/strong> (Erde\/Kokosnussfaser) Streuen Sie 1 Teel\u00f6ffel \u00fcber Ihre T\u00f6pfe und gie\u00dfen Sie dann von oben (mit oder ohne D\u00fcnger).<\/p>\n<p>In Hydrokulturen: Nehmen Sie BIO-GRANULES aus der Verpackung und stecken Sie es in eine Strumpfhose oder Nylonsocke, verknoten Sie es und legen oder h\u00e4ngen Sie es in Ihr <a href=\"https:\/\/greendisc.dev-project.digital\/collections\/watervaten\" title=\"Wasserf\u00e4sser\">N\u00e4hrstoffbecken<\/a>. Feucht bis nass halten. R\u00fchren Sie beim Gie\u00dfen gut um.<\/p>\n","protected":false},"excerpt":{"rendered":"<p>Dieser getrocknete Extrakt wird seit Jahren zur Bek\u00e4mpfung von sch\u00e4dlichen Nematoden im Boden verwendet, hat aber keine Wirkung auf W\u00fcrmer\/Milben.  <br \/>Es unterbricht den Lebenszyklus (Eier und Larven) von sch\u00e4dlichen Nematoden (Meloidogyne, Pratylenchus, Thripse, Kartoffelmilben, Tausendf\u00fc\u00dfler, Pillendreher, Wurzelfliegen, Regenw\u00fcrmer und Sciariden), die im Boden leben, sowie in Hydrokulturen Springschw\u00e4nze und Wurzell\u00e4use.<\/p>\n","protected":false},"featured_media":24333,"template":"","meta":[],"product_brand":[],"product_cat":[333,332],"product_tag":[],"class_list":{"0":"post-27917","1":"product","2":"type-product","3":"status-publish","4":"has-post-thumbnail","6":"product_cat-andere","7":"product_cat-schadlingsbekampfung","9":"first","10":"instock","11":"sale","12":"taxable","13":"shipping-taxable","14":"purchasable","15":"product-type-simple"},"_links":{"self":[{"href":"https:\/\/greendisc.dev-project.digital\/de\/wp-json\/wp\/v2\/product\/27917","targetHints":{"allow":["GET"]}}],"collection":[{"href":"https:\/\/greendisc.dev-project.digital\/de\/wp-json\/wp\/v2\/product"}],"about":[{"href":"https:\/\/greendisc.dev-project.digital\/de\/wp-json\/wp\/v2\/types\/product"}],"version-history":[{"count":0,"href":"https:\/\/greendisc.dev-project.digital\/de\/wp-json\/wp\/v2\/product\/27917\/revisions"}],"wp:featuredmedia":[{"embeddable":true,"href":"https:\/\/greendisc.dev-project.digital\/de\/wp-json\/wp\/v2\/media\/24333"}],"wp:attachment":[{"href":"https:\/\/greendisc.dev-project.digital\/de\/wp-json\/wp\/v2\/media?parent=27917"}],"wp:term":[{"taxonomy":"product_brand","embeddable":true,"href":"https:\/\/greendisc.dev-project.digital\/de\/wp-json\/wp\/v2\/product_brand?post=27917"},{"taxonomy":"product_cat","embeddable":true,"href":"https:\/\/greendisc.dev-project.digital\/de\/wp-json\/wp\/v2\/product_cat?post=27917"},{"taxonomy":"product_tag","embeddable":true,"href":"https:\/\/greendisc.dev-project.digital\/de\/wp-json\/wp\/v2\/product_tag?post=27917"}],"curies":[{"name":"wp","href":"https:\/\/api.w.org\/{rel}","templated":true}]}}