 {"id":27916,"date":"2023-11-14T12:17:19","date_gmt":"2023-11-14T11:17:19","guid":{"rendered":"https:\/\/greendisc.dev-project.digital\/\/product\/a-r-t-s-wortelrot-250ml-gegen-wurzelfaeule\/"},"modified":"2024-12-16T08:34:56","modified_gmt":"2024-12-16T07:34:56","slug":"a-r-t-s-wortelrot-250ml-gegen-wurzelfaeule","status":"publish","type":"product","link":"https:\/\/greendisc.dev-project.digital\/de\/produkt\/a-r-t-s-wortelrot-250ml-gegen-wurzelfaeule\/","title":{"rendered":"A.R.T.S. Wortelrot 250ml, gegen Wurzelf\u00e4ule"},"content":{"rendered":"<p><meta charset=\"utf-8\"><span data-app=\"readmore\" class=\"description__text\">Ein professionelles Bio-Produkt aus Liechtenstein gegen ROTTLE-F\u00e4ule mit Phosphit (Elictor) als Wirkstoff. Der Wirkstoff unterdr\u00fcckt Bodenpilze durch seinen einzigartigen Wirkmechanismus. Mehrere Studien haben daher gezeigt, dass A.R.T.S. AGAINST ROTTERROT sehr wirksam bei der Vorbeugung und Bek\u00e4mpfung der Bodenpilze Pythium und Phytopthora ist. ARTS AGAINST Wurzelf\u00e4ule ist nicht phytotoxisch (giftig f\u00fcr die Pflanze).<\/p>\n<p>Verabreichung und Dosierung<br \/>Wenn Sie die Wurzeln junger Stecklinge vor dem Einpflanzen eintauchen, beugen Sie der Wurzelf\u00e4ule vor.<\/span><span class=\"description__full\">et kann innerhalb der ersten 6 bis 7 Wochen auftreten (Hinweis: Wenn die Pflanzen in einer Art Hydrokultur gezogen werden, gilt dies nicht!).<\/p>\n<p>&#8211; KURATIV: L\u00f6sen Sie 50 ml WORTELROT (gut f\u00fcr ca. 10 m2) in 1 Liter Wasser auf und spr\u00fchen Sie diese Fl\u00fcssigkeit \u00fcber die Pflanzen. L\u00f6sen Sie dann 250 ml Root Rot in der N\u00e4hrl\u00f6sung auf und geben Sie 1 Gie\u00dfung (gut f\u00fcr ca. 60 Pflanzen);<br \/>&#8211; PR\u00c4VENTION: Tauchen Sie die Jungpflanzen vor dem Einpflanzen kurz in eine L\u00f6sung von 50 ml pro Liter Wasser. Dies sorgt f\u00fcr ein besseres Stra\u00dfenwachstum der jungen Pflanzen und die Pflanze ist f\u00fcr etwa 6 Wochen vor Wurzelf\u00e4ule gesch\u00fctzt.<\/span><\/p>\n","protected":false},"excerpt":{"rendered":"<p>Ein professionelles Bio-Produkt aus Liechtenstein gegen ROTTLE-F\u00e4ule mit Phosphit (Elictor) als Wirkstoff. Der Wirkstoff unterdr\u00fcckt Bodenpilze durch seinen einzigartigen Wirkmechanismus. Mehrere Studien haben daher gezeigt, dass A.R.T.S. AGAINST ROTTERROT sehr wirksam bei der Vorbeugung und Bek\u00e4mpfung der Bodenpilze Pythium und Phytopthora ist. <\/p>\n","protected":false},"featured_media":24341,"template":"","meta":[],"product_brand":[],"product_cat":[333,332],"product_tag":[],"class_list":{"0":"post-27916","1":"product","2":"type-product","3":"status-publish","4":"has-post-thumbnail","6":"product_cat-andere","7":"product_cat-schadlingsbekampfung","9":"first","10":"instock","11":"taxable","12":"shipping-taxable","13":"purchasable","14":"product-type-simple"},"_links":{"self":[{"href":"https:\/\/greendisc.dev-project.digital\/de\/wp-json\/wp\/v2\/product\/27916","targetHints":{"allow":["GET"]}}],"collection":[{"href":"https:\/\/greendisc.dev-project.digital\/de\/wp-json\/wp\/v2\/product"}],"about":[{"href":"https:\/\/greendisc.dev-project.digital\/de\/wp-json\/wp\/v2\/types\/product"}],"version-history":[{"count":0,"href":"https:\/\/greendisc.dev-project.digital\/de\/wp-json\/wp\/v2\/product\/27916\/revisions"}],"wp:featuredmedia":[{"embeddable":true,"href":"https:\/\/greendisc.dev-project.digital\/de\/wp-json\/wp\/v2\/media\/24341"}],"wp:attachment":[{"href":"https:\/\/greendisc.dev-project.digital\/de\/wp-json\/wp\/v2\/media?parent=27916"}],"wp:term":[{"taxonomy":"product_brand","embeddable":true,"href":"https:\/\/greendisc.dev-project.digital\/de\/wp-json\/wp\/v2\/product_brand?post=27916"},{"taxonomy":"product_cat","embeddable":true,"href":"https:\/\/greendisc.dev-project.digital\/de\/wp-json\/wp\/v2\/product_cat?post=27916"},{"taxonomy":"product_tag","embeddable":true,"href":"https:\/\/greendisc.dev-project.digital\/de\/wp-json\/wp\/v2\/product_tag?post=27916"}],"curies":[{"name":"wp","href":"https:\/\/api.w.org\/{rel}","templated":true}]}}