 {"id":27913,"date":"2023-11-14T12:17:16","date_gmt":"2023-11-14T11:17:16","guid":{"rendered":"https:\/\/greendisc.dev-project.digital\/\/product\/a-r-t-s-fungus-free-250ml-gegen-pilze\/"},"modified":"2024-12-16T08:34:56","modified_gmt":"2024-12-16T07:34:56","slug":"a-r-t-s-fungus-free-250ml-gegen-pilze","status":"publish","type":"product","link":"https:\/\/greendisc.dev-project.digital\/de\/produkt\/a-r-t-s-fungus-free-250ml-gegen-pilze\/","title":{"rendered":"A.R.T.S. Fungus free 250ml, gegen Pilze"},"content":{"rendered":"<p>Haben Sie ein Problem mit Pilzen auf Ihren Pflanzen? Dann ist A.R.T.S. Fungus Free die perfekte L\u00f6sung f\u00fcr Sie! Dieses leistungsstarke und effektive Fungizid hilft Ihnen, alle Schimmelpilze schnell und einfach loszuwerden. 250ml Flaschen sind jetzt erh\u00e4ltlich.<\/p>\n<p>A.R.T.S. Fungus Free ist ein starkes Fungizid, das hochwirksam gegen alle Arten von Pilzen ist. Es ist einfach zu verwenden, mischen Sie es einfach mit Wasser und spr\u00fchen Sie es auf die betroffenen Stellen.  <\/p>\n<p>A.R.T.S. Fungus Free ist perfekt f\u00fcr alle Arten von Pflanzen geeignet, einschlie\u00dflich Zierpflanzen, Gem\u00fcse, Obst und Rasen. Es hilft, Ihre Pflanzen vor weiteren Sch\u00e4den zu sch\u00fctzen und h\u00e4lt sie die ganze Saison \u00fcber gesund und schimmelfrei!<\/p>\n","protected":false},"excerpt":{"rendered":"<p>Haben Sie ein Problem mit Pilzen auf Ihren Pflanzen? Dann ist A.R.T.S. Fungus Free die perfekte L\u00f6sung f\u00fcr Sie! Dieses leistungsstarke und effektive Fungizid hilft Ihnen, alle Schimmelpilze schnell und einfach loszuwerden. 250ml Flaschen sind jetzt erh\u00e4ltlich.<\/p>\n","protected":false},"featured_media":24335,"template":"","meta":[],"product_brand":[],"product_cat":[333,332],"product_tag":[],"class_list":{"0":"post-27913","1":"product","2":"type-product","3":"status-publish","4":"has-post-thumbnail","6":"product_cat-andere","7":"product_cat-schadlingsbekampfung","9":"first","10":"instock","11":"taxable","12":"shipping-taxable","13":"purchasable","14":"product-type-simple"},"_links":{"self":[{"href":"https:\/\/greendisc.dev-project.digital\/de\/wp-json\/wp\/v2\/product\/27913","targetHints":{"allow":["GET"]}}],"collection":[{"href":"https:\/\/greendisc.dev-project.digital\/de\/wp-json\/wp\/v2\/product"}],"about":[{"href":"https:\/\/greendisc.dev-project.digital\/de\/wp-json\/wp\/v2\/types\/product"}],"version-history":[{"count":0,"href":"https:\/\/greendisc.dev-project.digital\/de\/wp-json\/wp\/v2\/product\/27913\/revisions"}],"wp:featuredmedia":[{"embeddable":true,"href":"https:\/\/greendisc.dev-project.digital\/de\/wp-json\/wp\/v2\/media\/24335"}],"wp:attachment":[{"href":"https:\/\/greendisc.dev-project.digital\/de\/wp-json\/wp\/v2\/media?parent=27913"}],"wp:term":[{"taxonomy":"product_brand","embeddable":true,"href":"https:\/\/greendisc.dev-project.digital\/de\/wp-json\/wp\/v2\/product_brand?post=27913"},{"taxonomy":"product_cat","embeddable":true,"href":"https:\/\/greendisc.dev-project.digital\/de\/wp-json\/wp\/v2\/product_cat?post=27913"},{"taxonomy":"product_tag","embeddable":true,"href":"https:\/\/greendisc.dev-project.digital\/de\/wp-json\/wp\/v2\/product_tag?post=27913"}],"curies":[{"name":"wp","href":"https:\/\/api.w.org\/{rel}","templated":true}]}}