 {"id":27912,"date":"2023-11-14T12:17:17","date_gmt":"2023-11-14T11:17:17","guid":{"rendered":"https:\/\/greendisc.dev-project.digital\/\/product\/a-r-t-s-spired-250ml-gegen-spinnmilben\/"},"modified":"2024-12-16T08:34:55","modified_gmt":"2024-12-16T07:34:55","slug":"a-r-t-s-spired-250ml-gegen-spinnmilben","status":"publish","type":"product","link":"https:\/\/greendisc.dev-project.digital\/de\/produkt\/a-r-t-s-spired-250ml-gegen-spinnmilben\/","title":{"rendered":"A.R.T.S. Spired 250ml, gegen Spinnmilben"},"content":{"rendered":"<p>Suchen Sie nach einer wirksamen Methode, um Spinnmilben loszuwerden? Suchen Sie nicht weiter als A.R.T.S. Spired 250ml! Dieses wirksame Spray gegen Spinnmilben wird mit Wasser gemischt, um eine hochwirksame L\u00f6sung zur Beseitigung dieser Sch\u00e4dlinge zu erzeugen. Mischen Sie es einfach mit Wasser und spr\u00fchen Sie es auf die betroffenen Stellen, und Sie werden im Handumdrehen Ergebnisse sehen! A.R.T.S. Spired 250ml ist die perfekte L\u00f6sung f\u00fcr alle, die eine einfache und wirksame Methode suchen, um Spinnmilben loszuwerden!<\/p>\n","protected":false},"excerpt":{"rendered":"<p>Suchen Sie nach einer wirksamen Methode, um Spinnmilben loszuwerden? Suchen Sie nicht weiter als A.R.T.S. Spired 250ml! Dieses wirksame Spray gegen Spinnmilben wird mit Wasser gemischt, um eine hochwirksame L\u00f6sung zur Beseitigung dieser Sch\u00e4dlinge zu erzeugen.<\/p>\n","protected":false},"featured_media":24337,"template":"","meta":[],"product_brand":[],"product_cat":[333,332],"product_tag":[],"class_list":{"0":"post-27912","1":"product","2":"type-product","3":"status-publish","4":"has-post-thumbnail","6":"product_cat-andere","7":"product_cat-schadlingsbekampfung","9":"first","10":"instock","11":"taxable","12":"shipping-taxable","13":"purchasable","14":"product-type-simple"},"_links":{"self":[{"href":"https:\/\/greendisc.dev-project.digital\/de\/wp-json\/wp\/v2\/product\/27912","targetHints":{"allow":["GET"]}}],"collection":[{"href":"https:\/\/greendisc.dev-project.digital\/de\/wp-json\/wp\/v2\/product"}],"about":[{"href":"https:\/\/greendisc.dev-project.digital\/de\/wp-json\/wp\/v2\/types\/product"}],"version-history":[{"count":0,"href":"https:\/\/greendisc.dev-project.digital\/de\/wp-json\/wp\/v2\/product\/27912\/revisions"}],"wp:featuredmedia":[{"embeddable":true,"href":"https:\/\/greendisc.dev-project.digital\/de\/wp-json\/wp\/v2\/media\/24337"}],"wp:attachment":[{"href":"https:\/\/greendisc.dev-project.digital\/de\/wp-json\/wp\/v2\/media?parent=27912"}],"wp:term":[{"taxonomy":"product_brand","embeddable":true,"href":"https:\/\/greendisc.dev-project.digital\/de\/wp-json\/wp\/v2\/product_brand?post=27912"},{"taxonomy":"product_cat","embeddable":true,"href":"https:\/\/greendisc.dev-project.digital\/de\/wp-json\/wp\/v2\/product_cat?post=27912"},{"taxonomy":"product_tag","embeddable":true,"href":"https:\/\/greendisc.dev-project.digital\/de\/wp-json\/wp\/v2\/product_tag?post=27912"}],"curies":[{"name":"wp","href":"https:\/\/api.w.org\/{rel}","templated":true}]}}