 {"id":27909,"date":"2023-11-14T12:17:15","date_gmt":"2023-11-14T11:17:15","guid":{"rendered":"https:\/\/greendisc.dev-project.digital\/\/product\/a-r-t-s-aphids-o-250ml-gegen-fliegende-schadinsekten\/"},"modified":"2024-12-16T08:34:55","modified_gmt":"2024-12-16T07:34:55","slug":"a-r-t-s-aphids-o-250ml-gegen-fliegende-schadinsekten","status":"publish","type":"product","link":"https:\/\/greendisc.dev-project.digital\/de\/produkt\/a-r-t-s-aphids-o-250ml-gegen-fliegende-schadinsekten\/","title":{"rendered":"A.R.T.S. Aphids-O 250ml, gegen fliegende Schadinsekten"},"content":{"rendered":"<p>Versand innerhalb von 1-2 Werktagen<\/p>\n<p>Wenn Sie nach einem wirksamen Mittel suchen, um Ihre Pflanzen vor sch\u00e4dlichen fliegenden Insekten zu sch\u00fctzen, sind Sie bei A.R.T.S. Aphids-O 250ml genau richtig. Diese Formel wurde entwickelt, um Blattl\u00e4use, Wei\u00dfe Fliegen und andere l\u00e4stige Insekten schnell und effizient abzut\u00f6ten, w\u00e4hrend sie gleichzeitig sanft zu den Pflanzen ist. Mischen Sie einfach eine kleine Menge des Sprays mit Wasser und tragen Sie es auf Ihre Pflanzen auf, um einen lang anhaltenden Schutz zu gew\u00e4hrleisten.<\/p>\n","protected":false},"excerpt":{"rendered":"<p>Versand innerhalb von 1-2 Werktagen Wenn Sie nach einem wirksamen Mittel suchen, um Ihre Pflanzen vor sch\u00e4dlichen fliegenden Insekten zu sch\u00fctzen, sind Sie bei A.R.T.S. Aphids-O 250ml genau richtig.<\/p>\n","protected":false},"featured_media":24331,"template":"","meta":[],"product_brand":[],"product_cat":[333,332],"product_tag":[],"class_list":{"0":"post-27909","1":"product","2":"type-product","3":"status-publish","4":"has-post-thumbnail","6":"product_cat-andere","7":"product_cat-schadlingsbekampfung","9":"first","10":"instock","11":"taxable","12":"shipping-taxable","13":"purchasable","14":"product-type-simple"},"_links":{"self":[{"href":"https:\/\/greendisc.dev-project.digital\/de\/wp-json\/wp\/v2\/product\/27909","targetHints":{"allow":["GET"]}}],"collection":[{"href":"https:\/\/greendisc.dev-project.digital\/de\/wp-json\/wp\/v2\/product"}],"about":[{"href":"https:\/\/greendisc.dev-project.digital\/de\/wp-json\/wp\/v2\/types\/product"}],"version-history":[{"count":0,"href":"https:\/\/greendisc.dev-project.digital\/de\/wp-json\/wp\/v2\/product\/27909\/revisions"}],"wp:featuredmedia":[{"embeddable":true,"href":"https:\/\/greendisc.dev-project.digital\/de\/wp-json\/wp\/v2\/media\/24331"}],"wp:attachment":[{"href":"https:\/\/greendisc.dev-project.digital\/de\/wp-json\/wp\/v2\/media?parent=27909"}],"wp:term":[{"taxonomy":"product_brand","embeddable":true,"href":"https:\/\/greendisc.dev-project.digital\/de\/wp-json\/wp\/v2\/product_brand?post=27909"},{"taxonomy":"product_cat","embeddable":true,"href":"https:\/\/greendisc.dev-project.digital\/de\/wp-json\/wp\/v2\/product_cat?post=27909"},{"taxonomy":"product_tag","embeddable":true,"href":"https:\/\/greendisc.dev-project.digital\/de\/wp-json\/wp\/v2\/product_tag?post=27909"}],"curies":[{"name":"wp","href":"https:\/\/api.w.org\/{rel}","templated":true}]}}