 {"id":27899,"date":"2023-11-14T12:20:15","date_gmt":"2023-11-14T11:20:15","guid":{"rendered":"https:\/\/greendisc.dev-project.digital\/\/product\/bio-optimal\/"},"modified":"2025-04-07T20:51:39","modified_gmt":"2025-04-07T18:51:39","slug":"bio-optimal","status":"publish","type":"product","link":"https:\/\/greendisc.dev-project.digital\/de\/produkt\/bio-optimal\/","title":{"rendered":"Bio Optimal"},"content":{"rendered":"<p><meta charset=\"utf-8\"><\/p>\n<p data-mce-fragment=\"1\">Bio optimal ist ein wachstumsregulierendes Hormonelixier auf Paraffinbasis, das der Zellstreckung entgegenwirkt. Das hat den Vorteil, dass Ihre Pflanzen kurz gehalten werden. Das hat auch den Vorteil, dass Sie h\u00f6here Ertr\u00e4ge und eine k\u00fcrzere Bl\u00fctezeit erzielen. Es ist au\u00dferdem das beste Anti-Zell-Stretching auf dem Markt und auch eines der ersten. Testen Sie es selbst und bemerken Sie den Unterschied.  <\/p>\n<p data-mce-fragment=\"1\">\n<p data-mce-fragment=\"1\">Anwendung: Geben Sie den Inhalt der 30-ml-Flasche in einen Druckspr\u00fcher und f\u00fcgen Sie 5 Liter Wasser hinzu, gut sch\u00fctteln! Spr\u00fchen Sie w\u00e4hrend des Wachstums auf Bl\u00e4tter und St\u00e4ngel! Begrenzt haltbar: 4 Wochen. Vermeiden Sie den Kontakt mit Wurzeln. Vor Gebrauch gut sch\u00fctteln! Spr\u00fchen Sie nicht mehr, wenn die Bl\u00fcte eingesetzt hat. Inhalt 30ml, enth\u00e4lt Bio-S\u00e4uren, Paraffin\u00f6l.<\/p>\n","protected":false},"excerpt":{"rendered":"<p>Bio optimal ist ein wachstumsregulierendes Hormonelixier auf Paraffinbasis, das der Zellstreckung entgegenwirkt. Das hat den Vorteil, dass Ihre Pflanzen kurz gehalten werden.<\/p>\n","protected":false},"featured_media":24749,"template":"","meta":[],"product_brand":[],"product_cat":[333,332],"product_tag":[],"class_list":{"0":"post-27899","1":"product","2":"type-product","3":"status-publish","4":"has-post-thumbnail","6":"product_cat-andere","7":"product_cat-schadlingsbekampfung","9":"first","10":"instock","11":"taxable","12":"shipping-taxable","13":"purchasable","14":"product-type-simple"},"_links":{"self":[{"href":"https:\/\/greendisc.dev-project.digital\/de\/wp-json\/wp\/v2\/product\/27899","targetHints":{"allow":["GET"]}}],"collection":[{"href":"https:\/\/greendisc.dev-project.digital\/de\/wp-json\/wp\/v2\/product"}],"about":[{"href":"https:\/\/greendisc.dev-project.digital\/de\/wp-json\/wp\/v2\/types\/product"}],"version-history":[{"count":0,"href":"https:\/\/greendisc.dev-project.digital\/de\/wp-json\/wp\/v2\/product\/27899\/revisions"}],"wp:featuredmedia":[{"embeddable":true,"href":"https:\/\/greendisc.dev-project.digital\/de\/wp-json\/wp\/v2\/media\/24749"}],"wp:attachment":[{"href":"https:\/\/greendisc.dev-project.digital\/de\/wp-json\/wp\/v2\/media?parent=27899"}],"wp:term":[{"taxonomy":"product_brand","embeddable":true,"href":"https:\/\/greendisc.dev-project.digital\/de\/wp-json\/wp\/v2\/product_brand?post=27899"},{"taxonomy":"product_cat","embeddable":true,"href":"https:\/\/greendisc.dev-project.digital\/de\/wp-json\/wp\/v2\/product_cat?post=27899"},{"taxonomy":"product_tag","embeddable":true,"href":"https:\/\/greendisc.dev-project.digital\/de\/wp-json\/wp\/v2\/product_tag?post=27899"}],"curies":[{"name":"wp","href":"https:\/\/api.w.org\/{rel}","templated":true}]}}