 {"id":38460,"date":"2025-03-24T09:34:02","date_gmt":"2025-03-24T08:34:02","guid":{"rendered":"https:\/\/greendisc.dev-project.digital\/ec-ph-messgeraete\/"},"modified":"2025-03-25T05:54:38","modified_gmt":"2025-03-25T04:54:38","slug":"ec-ph-messgeraete","status":"publish","type":"page","link":"https:\/\/greendisc.dev-project.digital\/de\/ec-ph-messgeraete\/","title":{"rendered":"EC &amp; PH Messger\u00e4te"},"content":{"rendered":"\t\t<div data-elementor-type=\"wp-page\" data-elementor-id=\"38460\" class=\"elementor elementor-38460 elementor-38181\">\n\t\t\t\t<div class=\"wd-negative-gap elementor-element elementor-element-3c54979 e-flex e-con-boxed e-con e-parent\" data-id=\"3c54979\" data-element_type=\"container\">\n\t\t\t\t\t<div class=\"e-con-inner\">\n\t\t\t\t<div class=\"elementor-element elementor-element-c4dd922 color-scheme-inherit text-left elementor-widget elementor-widget-text-editor\" data-id=\"c4dd922\" data-element_type=\"widget\" data-widget_type=\"text-editor.default\">\n\t\t\t\t<div class=\"elementor-widget-container\">\n\t\t\t\t\t\t\t\t\t<p>Bei Greendiscounter haben wir eine umfangreiche Kollektion von Produkten zur Messung und Kalibrierung des Wassers in Ihrem Grow Room oder Garten. Ganz gleich, ob Sie Produkte zur Messung des EC- oder pH-Werts des Wassers suchen, wir haben alles, was Sie brauchen, um Ihre N\u00e4hrl\u00f6sung perfekt zu dosieren.<br>Wir bieten Produkte von Top-Marken wie Bluelab, Aquamaster, Milwaukee und Hanna. Diese Marken sind f\u00fcr ihre Zuverl\u00e4ssigkeit und Genauigkeit bekannt, so dass Sie sich darauf verlassen k\u00f6nnen, dass Ihre Messungen immer genau sind.<br>Unsere Produkte reichen von einfachen pH-Metern und EC-Metern bis hin zu hochentwickelten Reglern und automatischen Dosiersystemen. Wir von Greendiscounter sind der Meinung, dass es wichtig ist, dass Sie die besten Produkte erhalten, um Ihr Wachstumsumfeld zu optimieren.<br>Unsere fachkundigen Mitarbeiter sind immer bereit, Ihnen bei der Auswahl der richtigen Produkte f\u00fcr Ihre spezielle Situation zu helfen. Ob Sie einen kleinen Garten oder eine gro\u00dfe Anbaufl\u00e4che haben, wir haben die Produkte und das Wissen, um Ihnen zu helfen.<br>Bei Greendiscounter haben wir uns der Kundenzufriedenheit verschrieben und bieten nur die besten Produkte der renommiertesten Marken der Branche an. Kontaktieren Sie uns noch heute und finden Sie heraus, wie wir Ihnen mit unseren Mess- und Kalibrierungsprodukten dabei helfen k\u00f6nnen, Ihr Anbau- oder Gartenumfeld zu optimieren.<\/p>\t\t\t\t\t\t\t\t<\/div>\n\t\t\t\t<\/div>\n\t\t\t\t\t<\/div>\n\t\t\t\t<\/div>\n\t\t\t\t<section class=\"wd-negative-gap elementor-section elementor-top-section elementor-element elementor-element-e9c0a04 elementor-section-full_width elementor-section-height-default elementor-section-height-default\" data-id=\"e9c0a04\" data-element_type=\"section\">\n\t\t\t\t\t\t<div class=\"elementor-container elementor-column-gap-default\">\n\t\t\t\t\t<div class=\"elementor-column elementor-col-100 elementor-top-column elementor-element elementor-element-ba29b0b\" data-id=\"ba29b0b\" data-element_type=\"column\">\n\t\t\t<div class=\"elementor-widget-wrap elementor-element-populated\">\n\t\t\t\t<div class=\"wd-negative-gap elementor-element elementor-element-207532e mpc e-flex e-con-boxed e-con e-parent\" data-id=\"207532e\" data-element_type=\"container\">\n\t\t\t\t\t<div class=\"e-con-inner\">\n\t\t<div class=\"elementor-element elementor-element-de71448 e-con-full e-flex e-con e-child\" data-id=\"de71448\" data-element_type=\"container\">\n\t\t\t\t<div class=\"elementor-element elementor-element-5b77374 catobx elementor-position-top elementor-widget elementor-widget-image-box\" data-id=\"5b77374\" data-element_type=\"widget\" data-widget_type=\"image-box.default\">\n\t\t\t\t<div class=\"elementor-widget-container\">\n\t\t\t\t\t<div class=\"elementor-image-box-wrapper\"><figure class=\"elementor-image-box-img\"><a href=\"https:\/\/greendisc.dev-project.digital\/de\/produkt-kategorie\/bluelab-de\/\" tabindex=\"-1\"><img decoding=\"async\" width=\"185\" height=\"200\" src=\"https:\/\/greendisc.dev-project.digital\/wp-content\/uploads\/2025\/03\/Bluelab.jpg\" class=\"attachment-full size-full wp-image-38395\" alt=\"\" srcset=\"https:\/\/greendisc.dev-project.digital\/wp-content\/uploads\/2025\/03\/Bluelab.jpg 185w, https:\/\/greendisc.dev-project.digital\/wp-content\/uploads\/2025\/03\/Bluelab-150x162.jpg 150w\" sizes=\"(max-width: 185px) 100vw, 185px\" \/><\/a><\/figure><div class=\"elementor-image-box-content\"><h3 class=\"elementor-image-box-title\"><a href=\"https:\/\/greendisc.dev-project.digital\/de\/produkt-kategorie\/bluelab-de\/\">Bluelab<\/a><\/h3><\/div><\/div>\t\t\t\t<\/div>\n\t\t\t\t<\/div>\n\t\t\t\t<\/div>\n\t\t<div class=\"elementor-element elementor-element-428cb78 e-con-full e-flex e-con e-child\" data-id=\"428cb78\" data-element_type=\"container\">\n\t\t\t\t<div class=\"elementor-element elementor-element-03b0a83 catobx elementor-position-top elementor-widget elementor-widget-image-box\" data-id=\"03b0a83\" data-element_type=\"widget\" data-widget_type=\"image-box.default\">\n\t\t\t\t<div class=\"elementor-widget-container\">\n\t\t\t\t\t<div class=\"elementor-image-box-wrapper\"><figure class=\"elementor-image-box-img\"><a href=\"https:\/\/greendisc.dev-project.digital\/de\/produkt-kategorie\/milwaukee-de\/\" tabindex=\"-1\"><img decoding=\"async\" width=\"185\" height=\"200\" src=\"https:\/\/greendisc.dev-project.digital\/wp-content\/uploads\/2025\/03\/Milwaukee.jpg\" class=\"attachment-full size-full wp-image-38392\" alt=\"\" srcset=\"https:\/\/greendisc.dev-project.digital\/wp-content\/uploads\/2025\/03\/Milwaukee.jpg 185w, https:\/\/greendisc.dev-project.digital\/wp-content\/uploads\/2025\/03\/Milwaukee-150x162.jpg 150w\" sizes=\"(max-width: 185px) 100vw, 185px\" \/><\/a><\/figure><div class=\"elementor-image-box-content\"><h3 class=\"elementor-image-box-title\"><a href=\"https:\/\/greendisc.dev-project.digital\/de\/produkt-kategorie\/milwaukee-de\/\">Milwaukee<\/a><\/h3><\/div><\/div>\t\t\t\t<\/div>\n\t\t\t\t<\/div>\n\t\t\t\t<\/div>\n\t\t<div class=\"elementor-element elementor-element-9ce401b e-con-full e-flex e-con e-child\" data-id=\"9ce401b\" data-element_type=\"container\">\n\t\t\t\t<div class=\"elementor-element elementor-element-893f3c2 catobx elementor-position-top elementor-widget elementor-widget-image-box\" data-id=\"893f3c2\" data-element_type=\"widget\" data-widget_type=\"image-box.default\">\n\t\t\t\t<div class=\"elementor-widget-container\">\n\t\t\t\t\t<div class=\"elementor-image-box-wrapper\"><figure class=\"elementor-image-box-img\"><a href=\"https:\/\/greendisc.dev-project.digital\/de\/produkt-kategorie\/aquamaster-de\/\" tabindex=\"-1\"><img decoding=\"async\" width=\"185\" height=\"200\" src=\"https:\/\/greendisc.dev-project.digital\/wp-content\/uploads\/2025\/03\/Aquamaster.jpg\" class=\"attachment-full size-full wp-image-38389\" alt=\"\" srcset=\"https:\/\/greendisc.dev-project.digital\/wp-content\/uploads\/2025\/03\/Aquamaster.jpg 185w, https:\/\/greendisc.dev-project.digital\/wp-content\/uploads\/2025\/03\/Aquamaster-150x162.jpg 150w\" sizes=\"(max-width: 185px) 100vw, 185px\" \/><\/a><\/figure><div class=\"elementor-image-box-content\"><h3 class=\"elementor-image-box-title\"><a href=\"https:\/\/greendisc.dev-project.digital\/de\/produkt-kategorie\/aquamaster-de\/\">Aquamaster<\/a><\/h3><\/div><\/div>\t\t\t\t<\/div>\n\t\t\t\t<\/div>\n\t\t\t\t<\/div>\n\t\t<div class=\"elementor-element elementor-element-3507624 e-con-full e-flex e-con e-child\" data-id=\"3507624\" data-element_type=\"container\">\n\t\t\t\t<div class=\"elementor-element elementor-element-b833bc0 catobx elementor-position-top elementor-widget elementor-widget-image-box\" data-id=\"b833bc0\" data-element_type=\"widget\" data-widget_type=\"image-box.default\">\n\t\t\t\t<div class=\"elementor-widget-container\">\n\t\t\t\t\t<div class=\"elementor-image-box-wrapper\"><figure class=\"elementor-image-box-img\"><a href=\"https:\/\/greendisc.dev-project.digital\/de\/produkt-kategorie\/hanna-de\/\" tabindex=\"-1\"><img loading=\"lazy\" decoding=\"async\" width=\"185\" height=\"200\" src=\"https:\/\/greendisc.dev-project.digital\/wp-content\/uploads\/2025\/03\/Hanna.jpg\" class=\"attachment-full size-full wp-image-38386\" alt=\"\" srcset=\"https:\/\/greendisc.dev-project.digital\/wp-content\/uploads\/2025\/03\/Hanna.jpg 185w, https:\/\/greendisc.dev-project.digital\/wp-content\/uploads\/2025\/03\/Hanna-150x162.jpg 150w\" sizes=\"(max-width: 185px) 100vw, 185px\" \/><\/a><\/figure><div class=\"elementor-image-box-content\"><h3 class=\"elementor-image-box-title\"><a href=\"https:\/\/greendisc.dev-project.digital\/de\/produkt-kategorie\/hanna-de\/\">Hanna<\/a><\/h3><\/div><\/div>\t\t\t\t<\/div>\n\t\t\t\t<\/div>\n\t\t\t\t<\/div>\n\t\t\t\t\t<\/div>\n\t\t\t\t<\/div>\n\t\t\t\t\t<\/div>\n\t\t<\/div>\n\t\t\t\t\t<\/div>\n\t\t<\/section>\n\t\t<div class=\"wd-negative-gap elementor-element elementor-element-30bfbf8 e-flex e-con-boxed e-con e-parent\" data-id=\"30bfbf8\" data-element_type=\"container\">\n\t\t\t\t\t<div class=\"e-con-inner\">\n\t\t\t\t<div class=\"elementor-element elementor-element-f098246 color-scheme-inherit text-left elementor-widget elementor-widget-text-editor\" data-id=\"f098246\" data-element_type=\"widget\" data-widget_type=\"text-editor.default\">\n\t\t\t\t<div class=\"elementor-widget-container\">\n\t\t\t\t\t\t\t\t\t<p>Bei Greendiscounter haben wir eine umfangreiche Kollektion von Produkten zur Messung und Kalibrierung des Wassers in Ihrem Grow Room oder Garten. Ganz gleich, ob Sie Produkte zur Messung des EC- oder pH-Werts des Wassers suchen, wir haben alles, was Sie brauchen, um Ihre N\u00e4hrl\u00f6sung perfekt zu dosieren.<br>Wir bieten Produkte von Top-Marken wie Bluelab, Aquamaster, Milwaukee und Hanna. Diese Marken sind f\u00fcr ihre Zuverl\u00e4ssigkeit und Genauigkeit bekannt, so dass Sie sich darauf verlassen k\u00f6nnen, dass Ihre Messungen immer genau sind.<br>Unsere Produkte reichen von einfachen pH-Metern und EC-Metern bis hin zu hochentwickelten Reglern und automatischen Dosiersystemen. Wir von Greendiscounter sind der Meinung, dass es wichtig ist, dass Sie die besten Produkte erhalten, um Ihr Wachstumsumfeld zu optimieren.<br>Unsere fachkundigen Mitarbeiter sind immer bereit, Ihnen bei der Auswahl der richtigen Produkte f\u00fcr Ihre spezielle Situation zu helfen. Ob Sie einen kleinen Garten oder eine gro\u00dfe Anbaufl\u00e4che haben, wir haben die Produkte und das Wissen, um Ihnen zu helfen.<br>Bei Greendiscounter haben wir uns der Kundenzufriedenheit verschrieben und bieten nur die besten Produkte der renommiertesten Marken der Branche an. Kontaktieren Sie uns noch heute und finden Sie heraus, wie wir Ihnen mit unseren Mess- und Kalibrierungsprodukten dabei helfen k\u00f6nnen, Ihr Anbau- oder Gartenumfeld zu optimieren.<\/p>\t\t\t\t\t\t\t\t<\/div>\n\t\t\t\t<\/div>\n\t\t\t\t\t<\/div>\n\t\t\t\t<\/div>\n\t\t\t\t<\/div>\n\t\t","protected":false},"excerpt":{"rendered":"<p>Bei Greendiscounter haben wir eine umfangreiche Kollektion von Produkten zur Messung und Kalibrierung des Wassers in Ihrem Grow Room oder<\/p>\n","protected":false},"author":1,"featured_media":0,"parent":0,"menu_order":0,"comment_status":"closed","ping_status":"closed","template":"","meta":{"footnotes":""},"class_list":["post-38460","page","type-page","status-publish","hentry"],"_links":{"self":[{"href":"https:\/\/greendisc.dev-project.digital\/de\/wp-json\/wp\/v2\/pages\/38460","targetHints":{"allow":["GET"]}}],"collection":[{"href":"https:\/\/greendisc.dev-project.digital\/de\/wp-json\/wp\/v2\/pages"}],"about":[{"href":"https:\/\/greendisc.dev-project.digital\/de\/wp-json\/wp\/v2\/types\/page"}],"author":[{"embeddable":true,"href":"https:\/\/greendisc.dev-project.digital\/de\/wp-json\/wp\/v2\/users\/1"}],"replies":[{"embeddable":true,"href":"https:\/\/greendisc.dev-project.digital\/de\/wp-json\/wp\/v2\/comments?post=38460"}],"version-history":[{"count":0,"href":"https:\/\/greendisc.dev-project.digital\/de\/wp-json\/wp\/v2\/pages\/38460\/revisions"}],"wp:attachment":[{"href":"https:\/\/greendisc.dev-project.digital\/de\/wp-json\/wp\/v2\/media?parent=38460"}],"curies":[{"name":"wp","href":"https:\/\/api.w.org\/{rel}","templated":true}]}}