 {"id":34962,"date":"2024-11-26T06:44:18","date_gmt":"2024-11-26T05:44:18","guid":{"rendered":"https:\/\/greendisc.dev-project.digital\/\/can\/"},"modified":"2025-02-28T18:12:30","modified_gmt":"2025-02-28T17:12:30","slug":"can","status":"publish","type":"page","link":"https:\/\/greendisc.dev-project.digital\/de\/can\/","title":{"rendered":"CAN"},"content":{"rendered":"\t\t<div data-elementor-type=\"wp-page\" data-elementor-id=\"34962\" class=\"elementor elementor-34962 elementor-34446\">\n\t\t\t\t<div class=\"wd-negative-gap elementor-element elementor-element-2502b4a e-flex e-con-boxed e-con e-parent\" data-id=\"2502b4a\" data-element_type=\"container\">\n\t\t\t\t\t<div class=\"e-con-inner\">\n\t\t\t\t<div class=\"elementor-element elementor-element-cf59327 color-scheme-inherit text-left elementor-widget elementor-widget-text-editor\" data-id=\"cf59327\" data-element_type=\"widget\" data-widget_type=\"text-editor.default\">\n\t\t\t\t<div class=\"elementor-widget-container\">\n\t\t\t\t\t\t\t\t\t<p>Bei Greendiscounter finden Sie hochwertige Kohlefilter von Top-Marken wie CAN, Wilco und HK mit Kapazit\u00e4ten von 500 m\u00b3 bis 4500 m\u00b3 pro Stunde, perfekt zum Entfernen von Ger\u00fcchen in Ihrem Grow-Raum. Wir bieten sowohl Standard- als auch Lite-Filter an, die leichter sind, aber die gleiche hervorragende Leistung liefern. Ob Sie einen kleinen oder gro\u00dfen Growraum haben, unsere Filter bieten die ideale L\u00f6sung zur Geruchskontrolle und Luftreinigung.<\/p>\t\t\t\t\t\t\t\t<\/div>\n\t\t\t\t<\/div>\n\t\t\t\t\t<\/div>\n\t\t\t\t<\/div>\n\t\t\t\t<section class=\"wd-negative-gap elementor-section elementor-top-section elementor-element elementor-element-3ad0024 elementor-section-full_width elementor-section-height-default elementor-section-height-default\" data-id=\"3ad0024\" data-element_type=\"section\" data-settings=\"{&quot;background_background&quot;:&quot;classic&quot;}\">\n\t\t\t\t\t\t<div class=\"elementor-container elementor-column-gap-default\">\n\t\t\t\t\t<div class=\"elementor-column elementor-col-100 elementor-top-column elementor-element elementor-element-655b391\" data-id=\"655b391\" data-element_type=\"column\">\n\t\t\t<div class=\"elementor-widget-wrap elementor-element-populated\">\n\t\t\t\t<div class=\"wd-negative-gap elementor-element elementor-element-5963200 mpc e-flex e-con-boxed e-con e-parent\" data-id=\"5963200\" data-element_type=\"container\">\n\t\t\t\t\t<div class=\"e-con-inner\">\n\t\t<div class=\"elementor-element elementor-element-c28787f e-con-full e-flex e-con e-child\" data-id=\"c28787f\" data-element_type=\"container\">\n\t\t\t\t<div class=\"elementor-element elementor-element-8268e23 catobx elementor-position-top elementor-widget elementor-widget-image-box\" data-id=\"8268e23\" data-element_type=\"widget\" data-widget_type=\"image-box.default\">\n\t\t\t\t<div class=\"elementor-widget-container\">\n\t\t\t\t\t<div class=\"elementor-image-box-wrapper\"><figure class=\"elementor-image-box-img\"><a href=\"https:\/\/greendisc.dev-project.digital\/de\/produkt-kategorie\/aeronautik\/kohlefilter\/can-de\/can-lite-de\/\" tabindex=\"-1\"><img decoding=\"async\" width=\"200\" height=\"200\" src=\"https:\/\/greendisc.dev-project.digital\/wp-content\/uploads\/2024\/11\/canlit-1.jpg\" class=\"attachment-full size-full wp-image-34514\" alt=\"\" srcset=\"https:\/\/greendisc.dev-project.digital\/wp-content\/uploads\/2024\/11\/canlit-1.jpg 200w, https:\/\/greendisc.dev-project.digital\/wp-content\/uploads\/2024\/11\/canlit-1-150x150.jpg 150w\" sizes=\"(max-width: 200px) 100vw, 200px\" \/><\/a><\/figure><div class=\"elementor-image-box-content\"><h3 class=\"elementor-image-box-title\"><a href=\"https:\/\/greendisc.dev-project.digital\/de\/produkt-kategorie\/aeronautik\/kohlefilter\/can-de\/can-lite-de\/\">Can Lite<\/a><\/h3><\/div><\/div>\t\t\t\t<\/div>\n\t\t\t\t<\/div>\n\t\t\t\t<\/div>\n\t\t<div class=\"elementor-element elementor-element-f6ac776 e-con-full e-flex e-con e-child\" data-id=\"f6ac776\" data-element_type=\"container\">\n\t\t\t\t<div class=\"elementor-element elementor-element-f43d9b0 catobx elementor-position-top elementor-widget elementor-widget-image-box\" data-id=\"f43d9b0\" data-element_type=\"widget\" data-widget_type=\"image-box.default\">\n\t\t\t\t<div class=\"elementor-widget-container\">\n\t\t\t\t\t<div class=\"elementor-image-box-wrapper\"><figure class=\"elementor-image-box-img\"><a href=\"https:\/\/greendisc.dev-project.digital\/de\/produkt-kategorie\/aeronautik\/kohlefilter\/can-de\/can-original-de\/\" tabindex=\"-1\"><img decoding=\"async\" width=\"200\" height=\"200\" src=\"https:\/\/greendisc.dev-project.digital\/wp-content\/uploads\/2024\/11\/can-orginal-1.jpg\" class=\"attachment-full size-full wp-image-34511\" alt=\"\" srcset=\"https:\/\/greendisc.dev-project.digital\/wp-content\/uploads\/2024\/11\/can-orginal-1.jpg 200w, https:\/\/greendisc.dev-project.digital\/wp-content\/uploads\/2024\/11\/can-orginal-1-150x150.jpg 150w\" sizes=\"(max-width: 200px) 100vw, 200px\" \/><\/a><\/figure><div class=\"elementor-image-box-content\"><h3 class=\"elementor-image-box-title\"><a href=\"https:\/\/greendisc.dev-project.digital\/de\/produkt-kategorie\/aeronautik\/kohlefilter\/can-de\/can-original-de\/\">Can Original<\/a><\/h3><\/div><\/div>\t\t\t\t<\/div>\n\t\t\t\t<\/div>\n\t\t\t\t<\/div>\n\t\t<div class=\"elementor-element elementor-element-55505ea e-con-full e-flex e-con e-child\" data-id=\"55505ea\" data-element_type=\"container\">\n\t\t\t\t<div class=\"elementor-element elementor-element-abde9a1 catobx elementor-position-top elementor-widget elementor-widget-image-box\" data-id=\"abde9a1\" data-element_type=\"widget\" data-widget_type=\"image-box.default\">\n\t\t\t\t<div class=\"elementor-widget-container\">\n\t\t\t\t\t<div class=\"elementor-image-box-wrapper\"><figure class=\"elementor-image-box-img\"><a href=\"https:\/\/greendisc.dev-project.digital\/de\/produkt-kategorie\/aeronautik\/kohlefilter\/can-de\/can-38-specials-de\/\" tabindex=\"-1\"><img decoding=\"async\" width=\"200\" height=\"200\" src=\"https:\/\/greendisc.dev-project.digital\/wp-content\/uploads\/2024\/11\/can38-1.jpg\" class=\"attachment-full size-full wp-image-34508\" alt=\"\" srcset=\"https:\/\/greendisc.dev-project.digital\/wp-content\/uploads\/2024\/11\/can38-1.jpg 200w, https:\/\/greendisc.dev-project.digital\/wp-content\/uploads\/2024\/11\/can38-1-150x150.jpg 150w\" sizes=\"(max-width: 200px) 100vw, 200px\" \/><\/a><\/figure><div class=\"elementor-image-box-content\"><h3 class=\"elementor-image-box-title\"><a href=\"https:\/\/greendisc.dev-project.digital\/de\/produkt-kategorie\/aeronautik\/kohlefilter\/can-de\/can-38-specials-de\/\">Can 38 Specials<\/a><\/h3><\/div><\/div>\t\t\t\t<\/div>\n\t\t\t\t<\/div>\n\t\t\t\t<\/div>\n\t\t<div class=\"elementor-element elementor-element-0ebea76 e-con-full e-flex e-con e-child\" data-id=\"0ebea76\" data-element_type=\"container\">\n\t\t\t\t<\/div>\n\t\t\t\t\t<\/div>\n\t\t\t\t<\/div>\n\t\t\t\t\t<\/div>\n\t\t<\/div>\n\t\t\t\t\t<\/div>\n\t\t<\/section>\n\t\t<div class=\"wd-negative-gap elementor-element elementor-element-9f33c99 e-flex e-con-boxed e-con e-parent\" data-id=\"9f33c99\" data-element_type=\"container\">\n\t\t\t\t\t<div class=\"e-con-inner\">\n\t\t\t\t<div class=\"elementor-element elementor-element-1ddcc94 color-scheme-inherit text-left elementor-widget elementor-widget-text-editor\" data-id=\"1ddcc94\" data-element_type=\"widget\" data-widget_type=\"text-editor.default\">\n\t\t\t\t<div class=\"elementor-widget-container\">\n\t\t\t\t\t\t\t\t\t<h3><strong>Koolstoffilters van Hoogwaardige Kwaliteit \u2013 CAN, Wilco en HK Filters bij Greendiscounter<\/strong><\/h3><p>Bij Greendiscounter bieden we een breed assortiment koolstoffilters van topmerken zoals CAN, Wilco en HK, ontworpen voor effici\u00ebnte luchtzuivering in jouw kweekruimte. Koolstoffilters zijn essentieel voor het verwijderen van geuren en het waarborgen van een frisse, schone luchtcirculatie. Met capaciteiten van 500 m\u00b3 tot maar liefst 4500 m\u00b3 per uur bieden onze koolstoffilters oplossingen voor zowel kleine als grote kweekomgevingen. Daarnaast bieden we naast de standaard filters ook Lite filters, die lichter zijn maar toch dezelfde kwaliteit en prestaties leveren.<\/p><h3>CAN-Kohlefilter<\/h3><p>CAN-Filter sind f\u00fcr ihre Zuverl\u00e4ssigkeit und Leistung bei der Luftreinigung bekannt. Diese Filter sind mit hochwertiger Aktivkohle ausgestattet, die f\u00fcr eine optimale Aufnahme von Ger\u00fcchen und Schadstoffen sorgt. CAN-Kohlefilter sind in Kapazit\u00e4ten von 500 m\u00b3 bis 4500 m\u00b3 erh\u00e4ltlich und eignen sich somit f\u00fcr die unterschiedlichsten Anbaugebiete. F\u00fcr Z\u00fcchter, die eine leistungsstarke Luftfiltration und langanhaltende Leistung suchen, bieten CAN-Filter eine hervorragende L\u00f6sung.<\/p><h3>Wilco-Kohlefilter<\/h3><p>Wilco-Kohlefilter sind f\u00fcr ihre Robustheit und hohe Qualit\u00e4t bekannt. Mit ihrer starken Leistung und den langlebigen Materialien sind Wilco-Filter ideal f\u00fcr Z\u00fcchter, die eine zuverl\u00e4ssige und wirksame Geruchskontrolle w\u00fcnschen. Genau wie CAN sind die Wilco-Filter in Kapazit\u00e4ten von 500 m\u00b3 bis 4500 m\u00b3 pro Stunde erh\u00e4ltlich und eignen sich sowohl f\u00fcr kleine R\u00e4ume als auch f\u00fcr gr\u00f6\u00dfere Anbauumgebungen. Wilco bietet auch eine Auswahl an Lite-Filtern an, die leichter und daher einfacher zu handhaben sind, ohne dass die Filterqualit\u00e4t darunter leidet.<\/p><h3>HK-Kohlefilter<\/h3><p>Bei der Entwicklung von HK-Filtern liegt der Schwerpunkt auf Langlebigkeit und hochwertigem Kohlenstoff, der selbst hartn\u00e4ckigste Ger\u00fcche neutralisiert. Dank ihrer starken Filtereigenschaften und Kapazit\u00e4ten von 500 m\u00b3 bis 4500 m\u00b3 sind HK-Kohlefilter ideal f\u00fcr intensive Anbaugebiete. Die HK-Filter bieten sowohl Standard- als auch Lite-Varianten, sodass Sie sich f\u00fcr einen leichteren Filter entscheiden k\u00f6nnen, wenn Mobilit\u00e4t und einfachere Installation wichtig sind und gleichzeitig die Filterleistung erhalten bleibt.<\/p><h3>Lite-Filter zur Gewichtseinsparung<\/h3><p>Zus\u00e4tzlich zu den Standardfiltern bieten wir bei Greendiscounter auch Lite-Filter f\u00fcr diejenigen an, die eine leichtere Alternative suchen. Die Lite-Filter von CAN, Wilco und HK sind speziell darauf ausgelegt, das Gewicht zu reduzieren, ohne Einbu\u00dfen bei der Qualit\u00e4t hinnehmen zu m\u00fcssen. Diese Filter erleichtern die Installation, insbesondere in Situationen, in denen der Filter h\u00e4ufig bewegt werden muss oder die Montagem\u00f6glichkeiten begrenzt sind. Trotz ihres geringeren Gewichts bieten Lite-Filter dennoch eine hervorragende Geruchsabsorption und Filterleistung.<\/p><h3>Warum Kohlefilter von Greendiscounter?<\/h3><p>Greendiscounter ist Ihr zuverl\u00e4ssiger Partner f\u00fcr hochwertige Kohlefilter der Marken CAN, Wilco und HK. Unser umfangreiches Sortiment an Filtern und Lite-Varianten stellt sicher, dass Sie immer die richtige L\u00f6sung f\u00fcr Ihre spezifische Wachstumsumgebung finden. Mit Kapazit\u00e4ten von 500 m\u00b3 bis 4500 m\u00b3 und einer gro\u00dfen Auswahl an Standard- und Lite-Modellen unterst\u00fctzen unsere Kohlefilter einen sauberen und geruchsfreien Anbauraum sowohl f\u00fcr professionelle Z\u00fcchter als auch f\u00fcr Hobbyanwender.<\/p><p>W\u00e4hlen Sie die hochwertigen Kohlefilter von Greendiscounter und schaffen Sie eine optimale Wachstumsumgebung mit sauberer, frischer Luft, die zu gesundem Pflanzenwachstum und Geruchskontrolle beitr\u00e4gt.<\/p>\t\t\t\t\t\t\t\t<\/div>\n\t\t\t\t<\/div>\n\t\t\t\t\t<\/div>\n\t\t\t\t<\/div>\n\t\t\t\t<\/div>\n\t\t","protected":false},"excerpt":{"rendered":"<p>Bei Greendiscounter finden Sie hochwertige Kohlefilter von Top-Marken wie CAN, Wilco und HK mit Kapazit\u00e4ten von 500 m\u00b3 bis 4500<\/p>\n","protected":false},"author":1,"featured_media":0,"parent":0,"menu_order":0,"comment_status":"closed","ping_status":"closed","template":"","meta":{"footnotes":""},"class_list":["post-34962","page","type-page","status-publish","hentry"],"_links":{"self":[{"href":"https:\/\/greendisc.dev-project.digital\/de\/wp-json\/wp\/v2\/pages\/34962","targetHints":{"allow":["GET"]}}],"collection":[{"href":"https:\/\/greendisc.dev-project.digital\/de\/wp-json\/wp\/v2\/pages"}],"about":[{"href":"https:\/\/greendisc.dev-project.digital\/de\/wp-json\/wp\/v2\/types\/page"}],"author":[{"embeddable":true,"href":"https:\/\/greendisc.dev-project.digital\/de\/wp-json\/wp\/v2\/users\/1"}],"replies":[{"embeddable":true,"href":"https:\/\/greendisc.dev-project.digital\/de\/wp-json\/wp\/v2\/comments?post=34962"}],"version-history":[{"count":0,"href":"https:\/\/greendisc.dev-project.digital\/de\/wp-json\/wp\/v2\/pages\/34962\/revisions"}],"wp:attachment":[{"href":"https:\/\/greendisc.dev-project.digital\/de\/wp-json\/wp\/v2\/media?parent=34962"}],"curies":[{"name":"wp","href":"https:\/\/api.w.org\/{rel}","templated":true}]}}