 {"id":27752,"date":"2024-02-06T11:24:37","date_gmt":"2024-02-06T10:24:37","guid":{"rendered":"https:\/\/greendisc.dev-project.digital\/\/beleuchtung\/"},"modified":"2025-02-28T17:13:09","modified_gmt":"2025-02-28T16:13:09","slug":"beleuchtung","status":"publish","type":"page","link":"https:\/\/greendisc.dev-project.digital\/de\/beleuchtung\/","title":{"rendered":"Beleuchtung"},"content":{"rendered":"\t\t<div data-elementor-type=\"wp-page\" data-elementor-id=\"27752\" class=\"elementor elementor-27752 elementor-21546\">\n\t\t\t\t<div class=\"wd-negative-gap elementor-element elementor-element-a5ced43 e-flex e-con-boxed e-con e-parent\" data-id=\"a5ced43\" data-element_type=\"container\">\n\t\t\t\t\t<div class=\"e-con-inner\">\n\t\t\t\t<div class=\"elementor-element elementor-element-58d43d6 color-scheme-inherit text-left elementor-widget elementor-widget-text-editor\" data-id=\"58d43d6\" data-element_type=\"widget\" data-widget_type=\"text-editor.default\">\n\t\t\t\t<div class=\"elementor-widget-container\">\n\t\t\t\t\t\t\t\t\t<div class=\"mb-2 flex gap-3 empty:hidden -ml-2\"><div class=\"items-center justify-start rounded-xl p-1 flex\"><div class=\"flex items-center\"><p><span style=\"background-color: var(--wd-main-bgcolor); color: var(--wd-text-color); font-size: 14px;\">F\u00fcr erfolgreiches Pflanzenwachstum und -bl\u00fcte ist Beleuchtung entscheidend. Bei Greendiscounter finden Sie eine breite Auswahl an Beleuchtungsoptionen, die alle f\u00fcr das Wachstum oder die Bl\u00fcte Ihrer Pflanzen geeignet sind. Von LED-Wachstumsleuchten und kompletten HPS-Leuchten bis hin zu Leuchtstofflampen, von 18W und 250W bis hin zu 1200W \u2013 bei Greendiscounter finden Sie immer die passende L\u00f6sung.<\/span><\/p><\/div><\/div><\/div>\t\t\t\t\t\t\t\t<\/div>\n\t\t\t\t<\/div>\n\t\t\t\t\t<\/div>\n\t\t\t\t<\/div>\n\t\t\t\t<section class=\"wd-negative-gap elementor-section elementor-top-section elementor-element elementor-element-863374f elementor-section-full_width elementor-section-height-default elementor-section-height-default\" data-id=\"863374f\" data-element_type=\"section\" data-settings=\"{&quot;background_background&quot;:&quot;classic&quot;}\">\n\t\t\t\t\t\t<div class=\"elementor-container elementor-column-gap-default\">\n\t\t\t\t\t<div class=\"elementor-column elementor-col-100 elementor-top-column elementor-element elementor-element-856d910\" data-id=\"856d910\" data-element_type=\"column\">\n\t\t\t<div class=\"elementor-widget-wrap elementor-element-populated\">\n\t\t\t\t<div class=\"wd-negative-gap elementor-element elementor-element-761b1f1 e-flex e-con-boxed e-con e-parent\" data-id=\"761b1f1\" data-element_type=\"container\">\n\t\t\t\t\t<div class=\"e-con-inner\">\n\t\t<div class=\"elementor-element elementor-element-75659ef e-con-full e-flex e-con e-child\" data-id=\"75659ef\" data-element_type=\"container\">\n\t\t\t\t<div class=\"elementor-element elementor-element-fcb7642 catobx elementor-position-top elementor-widget elementor-widget-image-box\" data-id=\"fcb7642\" data-element_type=\"widget\" data-widget_type=\"image-box.default\">\n\t\t\t\t<div class=\"elementor-widget-container\">\n\t\t\t\t\t<div class=\"elementor-image-box-wrapper\"><figure class=\"elementor-image-box-img\"><a href=\"https:\/\/greendisc.dev-project.digital\/de\/komplette-hps-leuchten\/\" tabindex=\"-1\"><img decoding=\"async\" width=\"200\" height=\"200\" src=\"https:\/\/greendisc.dev-project.digital\/wp-content\/uploads\/2024\/09\/dimlux-expert-series-600w-el-uhf-mkII_0000s_0007_Dimlux-600-Watt-EL-UHF-MII-4-430x333-1-1.png\" class=\"attachment-full size-full wp-image-31532\" alt=\"\" srcset=\"https:\/\/greendisc.dev-project.digital\/wp-content\/uploads\/2024\/09\/dimlux-expert-series-600w-el-uhf-mkII_0000s_0007_Dimlux-600-Watt-EL-UHF-MII-4-430x333-1-1.png 200w, https:\/\/greendisc.dev-project.digital\/wp-content\/uploads\/2024\/09\/dimlux-expert-series-600w-el-uhf-mkII_0000s_0007_Dimlux-600-Watt-EL-UHF-MII-4-430x333-1-1-150x150.png 150w\" sizes=\"(max-width: 200px) 100vw, 200px\" \/><\/a><\/figure><div class=\"elementor-image-box-content\"><h3 class=\"elementor-image-box-title\"><a href=\"https:\/\/greendisc.dev-project.digital\/de\/komplette-hps-leuchten\/\">Komplette HPS-Leuchten<\/a><\/h3><\/div><\/div>\t\t\t\t<\/div>\n\t\t\t\t<\/div>\n\t\t\t\t<\/div>\n\t\t<div class=\"elementor-element elementor-element-e441f95 e-con-full e-flex e-con e-child\" data-id=\"e441f95\" data-element_type=\"container\">\n\t\t\t\t<div class=\"elementor-element elementor-element-1704519 catobx elementor-position-top elementor-widget elementor-widget-image-box\" data-id=\"1704519\" data-element_type=\"widget\" data-widget_type=\"image-box.default\">\n\t\t\t\t<div class=\"elementor-widget-container\">\n\t\t\t\t\t<div class=\"elementor-image-box-wrapper\"><figure class=\"elementor-image-box-img\"><a href=\"https:\/\/greendisc.dev-project.digital\/de\/led-leuchten\/\" tabindex=\"-1\"><img decoding=\"async\" width=\"200\" height=\"200\" src=\"https:\/\/greendisc.dev-project.digital\/wp-content\/uploads\/2024\/09\/dimlux-dimlux-extreme-led-1000w-430x550-1-1-1.png\" class=\"attachment-full size-full wp-image-31568\" alt=\"\" srcset=\"https:\/\/greendisc.dev-project.digital\/wp-content\/uploads\/2024\/09\/dimlux-dimlux-extreme-led-1000w-430x550-1-1-1.png 200w, https:\/\/greendisc.dev-project.digital\/wp-content\/uploads\/2024\/09\/dimlux-dimlux-extreme-led-1000w-430x550-1-1-1-150x150.png 150w\" sizes=\"(max-width: 200px) 100vw, 200px\" \/><\/a><\/figure><div class=\"elementor-image-box-content\"><h3 class=\"elementor-image-box-title\"><a href=\"https:\/\/greendisc.dev-project.digital\/de\/led-leuchten\/\">LED-Leuchten<\/a><\/h3><\/div><\/div>\t\t\t\t<\/div>\n\t\t\t\t<\/div>\n\t\t\t\t<\/div>\n\t\t<div class=\"elementor-element elementor-element-050d175 e-con-full e-flex e-con e-child\" data-id=\"050d175\" data-element_type=\"container\">\n\t\t\t\t<div class=\"elementor-element elementor-element-744199d catobx elementor-position-top elementor-widget elementor-widget-image-box\" data-id=\"744199d\" data-element_type=\"widget\" data-widget_type=\"image-box.default\">\n\t\t\t\t<div class=\"elementor-widget-container\">\n\t\t\t\t\t<div class=\"elementor-image-box-wrapper\"><figure class=\"elementor-image-box-img\"><a href=\"https:\/\/greendisc.dev-project.digital\/de\/lose-beschlaege\/\" tabindex=\"-1\"><img decoding=\"async\" width=\"200\" height=\"200\" src=\"https:\/\/greendisc.dev-project.digital\/wp-content\/uploads\/2024\/11\/losse_armaturen.jpg\" class=\"attachment-full size-full wp-image-32758\" alt=\"\" srcset=\"https:\/\/greendisc.dev-project.digital\/wp-content\/uploads\/2024\/11\/losse_armaturen.jpg 200w, https:\/\/greendisc.dev-project.digital\/wp-content\/uploads\/2024\/11\/losse_armaturen-150x150.jpg 150w\" sizes=\"(max-width: 200px) 100vw, 200px\" \/><\/a><\/figure><div class=\"elementor-image-box-content\"><h3 class=\"elementor-image-box-title\"><a href=\"https:\/\/greendisc.dev-project.digital\/de\/lose-beschlaege\/\">Lose Beschl\u00e4ge<\/a><\/h3><\/div><\/div>\t\t\t\t<\/div>\n\t\t\t\t<\/div>\n\t\t\t\t<\/div>\n\t\t<div class=\"elementor-element elementor-element-2875a2b e-con-full e-flex e-con e-child\" data-id=\"2875a2b\" data-element_type=\"container\">\n\t\t\t\t<div class=\"elementor-element elementor-element-cc220da catobx elementor-position-top elementor-widget elementor-widget-image-box\" data-id=\"cc220da\" data-element_type=\"widget\" data-widget_type=\"image-box.default\">\n\t\t\t\t<div class=\"elementor-widget-container\">\n\t\t\t\t\t<div class=\"elementor-image-box-wrapper\"><figure class=\"elementor-image-box-img\"><a href=\"https:\/\/greendisc.dev-project.digital\/de\/bulben\/\" tabindex=\"-1\"><img loading=\"lazy\" decoding=\"async\" width=\"200\" height=\"200\" src=\"https:\/\/greendisc.dev-project.digital\/wp-content\/uploads\/2024\/09\/BLV-USHIO-GROUP-650x650-1-600x600-1-430x430-1-1.jpg\" class=\"attachment-full size-full wp-image-31583\" alt=\"\" srcset=\"https:\/\/greendisc.dev-project.digital\/wp-content\/uploads\/2024\/09\/BLV-USHIO-GROUP-650x650-1-600x600-1-430x430-1-1.jpg 200w, https:\/\/greendisc.dev-project.digital\/wp-content\/uploads\/2024\/09\/BLV-USHIO-GROUP-650x650-1-600x600-1-430x430-1-1-150x150.jpg 150w\" sizes=\"(max-width: 200px) 100vw, 200px\" \/><\/a><\/figure><div class=\"elementor-image-box-content\"><h3 class=\"elementor-image-box-title\"><a href=\"https:\/\/greendisc.dev-project.digital\/de\/bulben\/\">Bulben<\/a><\/h3><\/div><\/div>\t\t\t\t<\/div>\n\t\t\t\t<\/div>\n\t\t\t\t<\/div>\n\t\t\t\t\t<\/div>\n\t\t\t\t<\/div>\n\t\t<div class=\"wd-negative-gap elementor-element elementor-element-ed032d8 e-flex e-con-boxed e-con e-parent\" data-id=\"ed032d8\" data-element_type=\"container\">\n\t\t\t\t\t<div class=\"e-con-inner\">\n\t\t<div class=\"elementor-element elementor-element-aeb2a3e e-con-full e-flex e-con e-child\" data-id=\"aeb2a3e\" data-element_type=\"container\">\n\t\t\t\t<div class=\"elementor-element elementor-element-5f80283 catobx elementor-position-top elementor-widget elementor-widget-image-box\" data-id=\"5f80283\" data-element_type=\"widget\" data-widget_type=\"image-box.default\">\n\t\t\t\t<div class=\"elementor-widget-container\">\n\t\t\t\t\t<div class=\"elementor-image-box-wrapper\"><figure class=\"elementor-image-box-img\"><a href=\"https:\/\/greendisc.dev-project.digital\/de\/produkt-kategorie\/beleuchtung\/reflektoren\/\" tabindex=\"-1\"><img loading=\"lazy\" decoding=\"async\" width=\"200\" height=\"200\" src=\"https:\/\/greendisc.dev-project.digital\/wp-content\/uploads\/2024\/09\/dimlux-dimlux-ultra-optics-98-dimlux-expert-reflec_15d8f74b-fde6-4174-b37e-dd8097634cce-430x430-1.png\" class=\"attachment-full size-full wp-image-31529\" alt=\"\" srcset=\"https:\/\/greendisc.dev-project.digital\/wp-content\/uploads\/2024\/09\/dimlux-dimlux-ultra-optics-98-dimlux-expert-reflec_15d8f74b-fde6-4174-b37e-dd8097634cce-430x430-1.png 200w, https:\/\/greendisc.dev-project.digital\/wp-content\/uploads\/2024\/09\/dimlux-dimlux-ultra-optics-98-dimlux-expert-reflec_15d8f74b-fde6-4174-b37e-dd8097634cce-430x430-1-150x150.png 150w\" sizes=\"(max-width: 200px) 100vw, 200px\" \/><\/a><\/figure><div class=\"elementor-image-box-content\"><h3 class=\"elementor-image-box-title\"><a href=\"https:\/\/greendisc.dev-project.digital\/de\/produkt-kategorie\/beleuchtung\/reflektoren\/\">Reflektoren<\/a><\/h3><\/div><\/div>\t\t\t\t<\/div>\n\t\t\t\t<\/div>\n\t\t\t\t<\/div>\n\t\t<div class=\"elementor-element elementor-element-c1bafa6 e-con-full e-flex e-con e-child\" data-id=\"c1bafa6\" data-element_type=\"container\">\n\t\t\t\t<div class=\"elementor-element elementor-element-45bc91b catobx elementor-position-top elementor-widget elementor-widget-image-box\" data-id=\"45bc91b\" data-element_type=\"widget\" data-widget_type=\"image-box.default\">\n\t\t\t\t<div class=\"elementor-widget-container\">\n\t\t\t\t\t<div class=\"elementor-image-box-wrapper\"><figure class=\"elementor-image-box-img\"><a href=\"https:\/\/greendisc.dev-project.digital\/de\/produkt-kategorie\/beleuchtung\/steuerungen-de\/\" tabindex=\"-1\"><img loading=\"lazy\" decoding=\"async\" width=\"200\" height=\"200\" src=\"https:\/\/greendisc.dev-project.digital\/wp-content\/uploads\/2024\/11\/Controllers.jpg\" class=\"attachment-full size-full wp-image-32740\" alt=\"\" srcset=\"https:\/\/greendisc.dev-project.digital\/wp-content\/uploads\/2024\/11\/Controllers.jpg 200w, https:\/\/greendisc.dev-project.digital\/wp-content\/uploads\/2024\/11\/Controllers-150x150.jpg 150w\" sizes=\"(max-width: 200px) 100vw, 200px\" \/><\/a><\/figure><div class=\"elementor-image-box-content\"><h3 class=\"elementor-image-box-title\"><a href=\"https:\/\/greendisc.dev-project.digital\/de\/produkt-kategorie\/beleuchtung\/steuerungen-de\/\">Steuerungen<\/a><\/h3><\/div><\/div>\t\t\t\t<\/div>\n\t\t\t\t<\/div>\n\t\t\t\t<\/div>\n\t\t<div class=\"elementor-element elementor-element-0ba58f1 e-con-full e-flex e-con e-child\" data-id=\"0ba58f1\" data-element_type=\"container\">\n\t\t\t\t<\/div>\n\t\t<div class=\"elementor-element elementor-element-c22b00d e-con-full e-flex e-con e-child\" data-id=\"c22b00d\" data-element_type=\"container\">\n\t\t\t\t<\/div>\n\t\t\t\t\t<\/div>\n\t\t\t\t<\/div>\n\t\t\t\t\t<\/div>\n\t\t<\/div>\n\t\t\t\t\t<\/div>\n\t\t<\/section>\n\t\t<div class=\"wd-negative-gap elementor-element elementor-element-bd60577 e-flex e-con-boxed e-con e-parent\" data-id=\"bd60577\" data-element_type=\"container\">\n\t\t\t\t\t<div class=\"e-con-inner\">\n\t\t\t\t<div class=\"elementor-element elementor-element-0bb6f37 color-scheme-inherit text-left elementor-widget elementor-widget-text-editor\" data-id=\"0bb6f37\" data-element_type=\"widget\" data-widget_type=\"text-editor.default\">\n\t\t\t\t<div class=\"elementor-widget-container\">\n\t\t\t\t\t\t\t\t\t<p>Finden Sie die beste Beleuchtung f\u00fcr das Wachstum und Gedeihen Ihrer Pflanzen in unserem Online-Growshop!<br \/>Bei Greendiscounter finden Sie eine gro\u00dfe Auswahl an professioneller Beleuchtung f\u00fcr wachsende und bl\u00fchende Pflanzen, sowohl online als auch in unserem Ladengesch\u00e4ft. Ganz gleich, ob Sie zum Beispiel <a title=\"LED-Leuchten\" href=\"https:\/\/greendisc.dev-project.digital\/collections\/led-armaturen\">LED-Zuchtlampen<\/a> oder <a title=\"HPS-Leuchten\" href=\"https:\/\/greendisc.dev-project.digital\/collections\/complete-armaturen\">HPS-Lampen<\/a> suchen, wir haben alles, was Sie brauchen, damit Ihre Pflanzen gedeihen.<br \/>Unsere Beleuchtung wurde <strong>speziell<\/strong> zur Optimierung des Pflanzenwachstums und der Bl\u00fcte entwickelt und bietet alles, was Sie f\u00fcr ein gesundes und erfolgreiches Wachstum ben\u00f6tigen. St\u00f6bern Sie in unseren Produkten, um einen Eindruck von unserer Beleuchtung zu bekommen und lesen Sie unsere Produktbeschreibungen, um mehr \u00fcber die Spezifikationen zu erfahren.<br \/>Bestellen Sie einfach und schnell online und lassen Sie sich Ihre Beleuchtung innerhalb weniger Tage liefern. Wir bieten Ihnen auch die M\u00f6glichkeit, mit <strong>verschiedenen Zahlungsoptionen<\/strong> zu bezahlen, so dass Sie die Beleuchtung kaufen k\u00f6nnen, die zu Ihnen passt. Wir verstehen, dass es oft auch sch\u00f6n ist, die Produkte abholen zu k\u00f6nnen und sie erst dann auch zu bezahlen. Das ist kein Problem! Abholung und Bezahlung vor Ort ist problemlos m\u00f6glich.Unsere Kollektion an Led-Beleuchtung:Ob Sie sich f\u00fcr die  <strong>am qualitativsten<\/strong>  LED-Lampe wie die  <a title=\"OCL Skwid 1900 LED-Leuchte\" href=\"https:\/\/greendisc.dev-project.digital\/products\/ocl-led-skwid-1900-pro\">OCL SKWID 1900<\/a>oder wenn Sie eher auf der Suche nach einer guten, erschwinglichen und zuverl\u00e4ssigen LED-Leuchte sind, wie z.B.  <a title=\"Lumenking LED 630w\" href=\"https:\/\/greendisc.dev-project.digital\/products\/lumen-king-led-630-watt\">Lumenking LED 630w<\/a>  Unsere Kollektion an HPS-Beleuchtung:HPS-Beleuchtung hat einen hohen Wirkungsgrad und kann viel Licht erzeugen, was bedeutet, dass sie f\u00fcr den Anbau von Pflanzen auf kleinerem Raum geeignet ist. Es ist auch eine erschwingliche Option f\u00fcr diejenigen, die eine professionelle Beleuchtung f\u00fcr ihre wachsenden Pflanzen suchen. Ein paar weitere Modelle aus unserem Shop sind die <a title=\"Dimlux 1000w\" href=\"https:\/\/greendisc.dev-project.digital\/products\/dimlux-expert-series-1000w-de-el-uhf-mk2\">Dimlux 1000w<\/a> oder die <a title=\"OCL 600w XL-Serie\" href=\"https:\/\/greendisc.dev-project.digital\/products\/ocl-600w-xl-series\">OCL 600w<\/a>, die als einzige 600-Watt-Leuchte eine doppelseitige Gl\u00fchbirne verwendet, die eine <strong>sehr hohe<\/strong> <strong>Lichtausbeute<\/strong> und <strong>Luminanz<\/strong> bietet.<br \/>Sie sollten jedoch bedenken, dass HPS-Beleuchtung mehr W\u00e4rme erzeugt als einige andere Beleuchtungsarten. Daher ist es wichtig, dass die Pflanzen ausreichend bel\u00fcftet werden und die Temperatur im Raum nicht zu hoch wird. Hierf\u00fcr haben wir nat\u00fcrlich alle m\u00f6glichen Optionen im Angebot, wie z.B. <a title=\"Opticlimate\" href=\"https:\/\/greendisc.dev-project.digital\/collections\/opticlimate\">komplette Klimatisierungssysteme<\/a> oder <strong>starke und zuverl\u00e4ssige<\/strong> <a title=\"Extraktoren\" href=\"https:\/\/greendisc.dev-project.digital\/collections\/afzuigkisten\">Absauganlagen.<\/a><br \/>Wenn Sie Fragen haben oder Hilfe bei der Auswahl der richtigen Beleuchtung f\u00fcr Ihre Pflanzen ben\u00f6tigen, k\u00f6nnen Sie uns gerne <a title=\"Kontakt-Formular\" href=\"https:\/\/greendisc.dev-project.digital\/pages\/contact-us\">kontaktieren<\/a>. Wir helfen Ihnen gerne.<\/p>\n\t\t\t\t\t\t\t\t<\/div>\n\t\t\t\t<\/div>\n\t\t\t\t\t<\/div>\n\t\t\t\t<\/div>\n\t\t\t\t<\/div>\n\t\t","protected":false},"excerpt":{"rendered":"<p>F\u00fcr erfolgreiches Pflanzenwachstum und -bl\u00fcte ist Beleuchtung entscheidend. Bei Greendiscounter finden Sie eine breite Auswahl an Beleuchtungsoptionen, die alle f\u00fcr<\/p>\n","protected":false},"author":1,"featured_media":0,"parent":0,"menu_order":0,"comment_status":"closed","ping_status":"closed","template":"","meta":{"footnotes":""},"class_list":["post-27752","page","type-page","status-publish","hentry"],"_links":{"self":[{"href":"https:\/\/greendisc.dev-project.digital\/de\/wp-json\/wp\/v2\/pages\/27752","targetHints":{"allow":["GET"]}}],"collection":[{"href":"https:\/\/greendisc.dev-project.digital\/de\/wp-json\/wp\/v2\/pages"}],"about":[{"href":"https:\/\/greendisc.dev-project.digital\/de\/wp-json\/wp\/v2\/types\/page"}],"author":[{"embeddable":true,"href":"https:\/\/greendisc.dev-project.digital\/de\/wp-json\/wp\/v2\/users\/1"}],"replies":[{"embeddable":true,"href":"https:\/\/greendisc.dev-project.digital\/de\/wp-json\/wp\/v2\/comments?post=27752"}],"version-history":[{"count":0,"href":"https:\/\/greendisc.dev-project.digital\/de\/wp-json\/wp\/v2\/pages\/27752\/revisions"}],"wp:attachment":[{"href":"https:\/\/greendisc.dev-project.digital\/de\/wp-json\/wp\/v2\/media?parent=27752"}],"curies":[{"name":"wp","href":"https:\/\/api.w.org\/{rel}","templated":true}]}}