 {"id":27745,"date":"2024-02-07T07:42:04","date_gmt":"2024-02-07T06:42:04","guid":{"rendered":"https:\/\/greendisc.dev-project.digital\/\/verarbeitung-und-verpackung\/"},"modified":"2025-03-25T19:32:56","modified_gmt":"2025-03-25T18:32:56","slug":"verarbeitung-und-verpackung","status":"publish","type":"page","link":"https:\/\/greendisc.dev-project.digital\/de\/verarbeitung-und-verpackung\/","title":{"rendered":"Verarbeitung und Verpackung"},"content":{"rendered":"\t\t<div data-elementor-type=\"wp-page\" data-elementor-id=\"27745\" class=\"elementor elementor-27745 elementor-21694\">\n\t\t\t\t<div class=\"wd-negative-gap elementor-element elementor-element-749d725d e-flex e-con-boxed e-con e-parent\" data-id=\"749d725d\" data-element_type=\"container\">\n\t\t\t\t\t<div class=\"e-con-inner\">\n\t\t\t\t<div class=\"elementor-element elementor-element-73b706ac color-scheme-inherit text-left elementor-widget elementor-widget-text-editor\" data-id=\"73b706ac\" data-element_type=\"widget\" data-widget_type=\"text-editor.default\">\n\t\t\t\t<div class=\"elementor-widget-container\">\n\t\t\t\t\t\t\t\t\t<p>Finden Sie die beste Beleuchtung f\u00fcr das Wachstum und Gedeihen Ihrer Pflanzen in unserem Online-Growshop!<br>Bei Greendiscounter finden Sie eine gro\u00dfe Auswahl an professioneller Beleuchtung f\u00fcr wachsende und bl\u00fchende Pflanzen, sowohl online als auch in unserem Ladengesch\u00e4ft. Ganz gleich, ob Sie zum Beispiel <a title=\"LED-Leuchten\" href=\"https:\/\/greendisc.dev-project.digital\/collections\/led-armaturen\">LED-Zuchtlampen<\/a> oder <a title=\"HPS-Leuchten\" href=\"https:\/\/greendisc.dev-project.digital\/collections\/complete-armaturen\">HPS-Lampen<\/a> suchen, wir haben alles, was Sie brauchen, damit Ihre Pflanzen gedeihen.<br><br><\/p>\t\t\t\t\t\t\t\t<\/div>\n\t\t\t\t<\/div>\n\t\t\t\t\t<\/div>\n\t\t\t\t<\/div>\n\t\t\t\t<section class=\"wd-negative-gap elementor-section elementor-top-section elementor-element elementor-element-5a291a5e elementor-section-full_width elementor-section-height-default elementor-section-height-default\" data-id=\"5a291a5e\" data-element_type=\"section\">\n\t\t\t\t\t\t<div class=\"elementor-container elementor-column-gap-default\">\n\t\t\t\t\t<div class=\"elementor-column elementor-col-100 elementor-top-column elementor-element elementor-element-167fdd13\" data-id=\"167fdd13\" data-element_type=\"column\">\n\t\t\t<div class=\"elementor-widget-wrap elementor-element-populated\">\n\t\t\t\t<div class=\"wd-negative-gap elementor-element elementor-element-6542aaa3 mpc e-flex e-con-boxed e-con e-parent\" data-id=\"6542aaa3\" data-element_type=\"container\">\n\t\t\t\t\t<div class=\"e-con-inner\">\n\t\t<div class=\"elementor-element elementor-element-4b4c16e7 e-con-full e-flex e-con e-child\" data-id=\"4b4c16e7\" data-element_type=\"container\">\n\t\t\t\t<div class=\"elementor-element elementor-element-26565a8 catobx elementor-position-top elementor-widget elementor-widget-image-box\" data-id=\"26565a8\" data-element_type=\"widget\" data-widget_type=\"image-box.default\">\n\t\t\t\t<div class=\"elementor-widget-container\">\n\t\t\t\t\t<div class=\"elementor-image-box-wrapper\"><figure class=\"elementor-image-box-img\"><a href=\"https:\/\/greendisc.dev-project.digital\/de\/produkt-kategorie\/verarbeitung-und-verpackung\/verarbeitungsmaschinen\/\" tabindex=\"-1\"><img decoding=\"async\" width=\"200\" height=\"200\" src=\"https:\/\/greendisc.dev-project.digital\/wp-content\/uploads\/2024\/09\/tumble-trimmer-handmatig.jpg\" class=\"attachment-full size-full wp-image-31335\" alt=\"\" srcset=\"https:\/\/greendisc.dev-project.digital\/wp-content\/uploads\/2024\/09\/tumble-trimmer-handmatig.jpg 200w, https:\/\/greendisc.dev-project.digital\/wp-content\/uploads\/2024\/09\/tumble-trimmer-handmatig-150x150.jpg 150w\" sizes=\"(max-width: 200px) 100vw, 200px\" \/><\/a><\/figure><div class=\"elementor-image-box-content\"><h3 class=\"elementor-image-box-title\"><a href=\"https:\/\/greendisc.dev-project.digital\/de\/produkt-kategorie\/verarbeitung-und-verpackung\/verarbeitungsmaschinen\/\">Verarbeitungsmaschinen<\/a><\/h3><\/div><\/div>\t\t\t\t<\/div>\n\t\t\t\t<\/div>\n\t\t\t\t<\/div>\n\t\t<div class=\"elementor-element elementor-element-211f49ed e-con-full e-flex e-con e-child\" data-id=\"211f49ed\" data-element_type=\"container\">\n\t\t\t\t<div class=\"elementor-element elementor-element-7613c5b7 catobx elementor-position-top elementor-widget elementor-widget-image-box\" data-id=\"7613c5b7\" data-element_type=\"widget\" data-widget_type=\"image-box.default\">\n\t\t\t\t<div class=\"elementor-widget-container\">\n\t\t\t\t\t<div class=\"elementor-image-box-wrapper\"><figure class=\"elementor-image-box-img\"><a href=\"https:\/\/greendisc.dev-project.digital\/de\/produkt-kategorie\/verarbeitung-und-verpackung\/schere\/\" tabindex=\"-1\"><img decoding=\"async\" width=\"200\" height=\"200\" src=\"https:\/\/greendisc.dev-project.digital\/wp-content\/uploads\/2024\/11\/schaartjes.jpg\" class=\"attachment-full size-full wp-image-32636\" alt=\"\" srcset=\"https:\/\/greendisc.dev-project.digital\/wp-content\/uploads\/2024\/11\/schaartjes.jpg 200w, https:\/\/greendisc.dev-project.digital\/wp-content\/uploads\/2024\/11\/schaartjes-150x150.jpg 150w\" sizes=\"(max-width: 200px) 100vw, 200px\" \/><\/a><\/figure><div class=\"elementor-image-box-content\"><h3 class=\"elementor-image-box-title\"><a href=\"https:\/\/greendisc.dev-project.digital\/de\/produkt-kategorie\/verarbeitung-und-verpackung\/schere\/\">Schere<\/a><\/h3><\/div><\/div>\t\t\t\t<\/div>\n\t\t\t\t<\/div>\n\t\t\t\t<\/div>\n\t\t<div class=\"elementor-element elementor-element-56654fde e-con-full e-flex e-con e-child\" data-id=\"56654fde\" data-element_type=\"container\">\n\t\t\t\t<div class=\"elementor-element elementor-element-7ee0a7ce catobx elementor-position-top elementor-widget elementor-widget-image-box\" data-id=\"7ee0a7ce\" data-element_type=\"widget\" data-widget_type=\"image-box.default\">\n\t\t\t\t<div class=\"elementor-widget-container\">\n\t\t\t\t\t<div class=\"elementor-image-box-wrapper\"><figure class=\"elementor-image-box-img\"><a href=\"https:\/\/greendisc.dev-project.digital\/de\/produkt-kategorie\/verarbeitung-und-verpackung\/schutzkleidung\/\" tabindex=\"-1\"><img decoding=\"async\" width=\"200\" height=\"200\" src=\"https:\/\/greendisc.dev-project.digital\/wp-content\/uploads\/2024\/09\/SP-DOREF7.jpg\" class=\"attachment-full size-full wp-image-31332\" alt=\"\" srcset=\"https:\/\/greendisc.dev-project.digital\/wp-content\/uploads\/2024\/09\/SP-DOREF7.jpg 200w, https:\/\/greendisc.dev-project.digital\/wp-content\/uploads\/2024\/09\/SP-DOREF7-150x150.jpg 150w\" sizes=\"(max-width: 200px) 100vw, 200px\" \/><\/a><\/figure><div class=\"elementor-image-box-content\"><h3 class=\"elementor-image-box-title\"><a href=\"https:\/\/greendisc.dev-project.digital\/de\/produkt-kategorie\/verarbeitung-und-verpackung\/schutzkleidung\/\">Schutzkleidung<\/a><\/h3><\/div><\/div>\t\t\t\t<\/div>\n\t\t\t\t<\/div>\n\t\t\t\t<\/div>\n\t\t<div class=\"elementor-element elementor-element-28db0fe7 e-con-full e-flex e-con e-child\" data-id=\"28db0fe7\" data-element_type=\"container\">\n\t\t\t\t<div class=\"elementor-element elementor-element-6eba5ce5 catobx elementor-position-top elementor-widget elementor-widget-image-box\" data-id=\"6eba5ce5\" data-element_type=\"widget\" data-widget_type=\"image-box.default\">\n\t\t\t\t<div class=\"elementor-widget-container\">\n\t\t\t\t\t<div class=\"elementor-image-box-wrapper\"><figure class=\"elementor-image-box-img\"><a href=\"https:\/\/greendisc.dev-project.digital\/de\/produkt-kategorie\/verarbeitung-und-verpackung\/trocknungsgestelle\/\" tabindex=\"-1\"><img loading=\"lazy\" decoding=\"async\" width=\"200\" height=\"200\" src=\"https:\/\/greendisc.dev-project.digital\/wp-content\/uploads\/2024\/09\/droognet-hangend-groot-8-lagen.jpg\" class=\"attachment-full size-full wp-image-31320\" alt=\"\" srcset=\"https:\/\/greendisc.dev-project.digital\/wp-content\/uploads\/2024\/09\/droognet-hangend-groot-8-lagen.jpg 200w, https:\/\/greendisc.dev-project.digital\/wp-content\/uploads\/2024\/09\/droognet-hangend-groot-8-lagen-150x150.jpg 150w\" sizes=\"(max-width: 200px) 100vw, 200px\" \/><\/a><\/figure><div class=\"elementor-image-box-content\"><h3 class=\"elementor-image-box-title\"><a href=\"https:\/\/greendisc.dev-project.digital\/de\/produkt-kategorie\/verarbeitung-und-verpackung\/trocknungsgestelle\/\">Trocknungsgestelle<\/a><\/h3><\/div><\/div>\t\t\t\t<\/div>\n\t\t\t\t<\/div>\n\t\t\t\t<\/div>\n\t\t\t\t\t<\/div>\n\t\t\t\t<\/div>\n\t\t<div class=\"wd-negative-gap elementor-element elementor-element-6e01eea mpc e-flex e-con-boxed e-con e-parent\" data-id=\"6e01eea\" data-element_type=\"container\">\n\t\t\t\t\t<div class=\"e-con-inner\">\n\t\t<div class=\"elementor-element elementor-element-aec17a8 e-con-full e-flex e-con e-child\" data-id=\"aec17a8\" data-element_type=\"container\">\n\t\t\t\t<div class=\"elementor-element elementor-element-672d9e55 catobx elementor-position-top elementor-widget elementor-widget-image-box\" data-id=\"672d9e55\" data-element_type=\"widget\" data-widget_type=\"image-box.default\">\n\t\t\t\t<div class=\"elementor-widget-container\">\n\t\t\t\t\t<div class=\"elementor-image-box-wrapper\"><figure class=\"elementor-image-box-img\"><a href=\"https:\/\/greendisc.dev-project.digital\/de\/produkt-kategorie\/verarbeitung-und-verpackung\/waage\/\" tabindex=\"-1\"><img loading=\"lazy\" decoding=\"async\" width=\"200\" height=\"200\" src=\"https:\/\/greendisc.dev-project.digital\/wp-content\/uploads\/2024\/11\/Weegschalen.jpg\" class=\"attachment-full size-full wp-image-32630\" alt=\"\" srcset=\"https:\/\/greendisc.dev-project.digital\/wp-content\/uploads\/2024\/11\/Weegschalen.jpg 200w, https:\/\/greendisc.dev-project.digital\/wp-content\/uploads\/2024\/11\/Weegschalen-150x150.jpg 150w\" sizes=\"(max-width: 200px) 100vw, 200px\" \/><\/a><\/figure><div class=\"elementor-image-box-content\"><h3 class=\"elementor-image-box-title\"><a href=\"https:\/\/greendisc.dev-project.digital\/de\/produkt-kategorie\/verarbeitung-und-verpackung\/waage\/\">Waage<\/a><\/h3><\/div><\/div>\t\t\t\t<\/div>\n\t\t\t\t<\/div>\n\t\t\t\t<\/div>\n\t\t<div class=\"elementor-element elementor-element-d8fb504 e-con-full e-flex e-con e-child\" data-id=\"d8fb504\" data-element_type=\"container\">\n\t\t\t\t<div class=\"elementor-element elementor-element-3552dc57 catobx elementor-position-top elementor-widget elementor-widget-image-box\" data-id=\"3552dc57\" data-element_type=\"widget\" data-widget_type=\"image-box.default\">\n\t\t\t\t<div class=\"elementor-widget-container\">\n\t\t\t\t\t<div class=\"elementor-image-box-wrapper\"><figure class=\"elementor-image-box-img\"><a href=\"https:\/\/greendisc.dev-project.digital\/de\/produkt-kategorie\/verarbeitung-und-verpackung\/versiegelungsmaschinen\/\" tabindex=\"-1\"><img loading=\"lazy\" decoding=\"async\" width=\"200\" height=\"200\" src=\"https:\/\/greendisc.dev-project.digital\/wp-content\/uploads\/2024\/09\/handsealer-tbv-strijkzakken.jpg\" class=\"attachment-full size-full wp-image-31326\" alt=\"\" srcset=\"https:\/\/greendisc.dev-project.digital\/wp-content\/uploads\/2024\/09\/handsealer-tbv-strijkzakken.jpg 200w, https:\/\/greendisc.dev-project.digital\/wp-content\/uploads\/2024\/09\/handsealer-tbv-strijkzakken-150x150.jpg 150w\" sizes=\"(max-width: 200px) 100vw, 200px\" \/><\/a><\/figure><div class=\"elementor-image-box-content\"><h3 class=\"elementor-image-box-title\"><a href=\"https:\/\/greendisc.dev-project.digital\/de\/produkt-kategorie\/verarbeitung-und-verpackung\/versiegelungsmaschinen\/\">Versiegelungsmaschinen<\/a><\/h3><\/div><\/div>\t\t\t\t<\/div>\n\t\t\t\t<\/div>\n\t\t\t\t<\/div>\n\t\t<div class=\"elementor-element elementor-element-f66d675 e-con-full e-flex e-con e-child\" data-id=\"f66d675\" data-element_type=\"container\">\n\t\t\t\t<div class=\"elementor-element elementor-element-3827dc7 catobx elementor-position-top elementor-widget elementor-widget-image-box\" data-id=\"3827dc7\" data-element_type=\"widget\" data-widget_type=\"image-box.default\">\n\t\t\t\t<div class=\"elementor-widget-container\">\n\t\t\t\t\t<div class=\"elementor-image-box-wrapper\"><figure class=\"elementor-image-box-img\"><a href=\"https:\/\/greendisc.dev-project.digital\/de\/produkt-kategorie\/verarbeitung-und-verpackung\/grip-taschen\/\" tabindex=\"-1\"><img loading=\"lazy\" decoding=\"async\" width=\"200\" height=\"200\" src=\"https:\/\/greendisc.dev-project.digital\/wp-content\/uploads\/2024\/11\/gripzakken.jpg\" class=\"attachment-full size-full wp-image-32624\" alt=\"\" srcset=\"https:\/\/greendisc.dev-project.digital\/wp-content\/uploads\/2024\/11\/gripzakken.jpg 200w, https:\/\/greendisc.dev-project.digital\/wp-content\/uploads\/2024\/11\/gripzakken-150x150.jpg 150w\" sizes=\"(max-width: 200px) 100vw, 200px\" \/><\/a><\/figure><div class=\"elementor-image-box-content\"><h3 class=\"elementor-image-box-title\"><a href=\"https:\/\/greendisc.dev-project.digital\/de\/produkt-kategorie\/verarbeitung-und-verpackung\/grip-taschen\/\">Grip-Taschen<\/a><\/h3><\/div><\/div>\t\t\t\t<\/div>\n\t\t\t\t<\/div>\n\t\t\t\t<\/div>\n\t\t<div class=\"elementor-element elementor-element-3db234e e-con-full e-flex e-con e-child\" data-id=\"3db234e\" data-element_type=\"container\">\n\t\t\t\t<div class=\"elementor-element elementor-element-afbf0ff catobx elementor-position-top elementor-widget elementor-widget-image-box\" data-id=\"afbf0ff\" data-element_type=\"widget\" data-widget_type=\"image-box.default\">\n\t\t\t\t<div class=\"elementor-widget-container\">\n\t\t\t\t\t<div class=\"elementor-image-box-wrapper\"><figure class=\"elementor-image-box-img\"><a href=\"https:\/\/greendisc.dev-project.digital\/de\/produkt-kategorie\/verarbeitung-und-verpackung\/bugelsacke-aus-aluminium\/\" tabindex=\"-1\"><img loading=\"lazy\" decoding=\"async\" width=\"200\" height=\"200\" src=\"https:\/\/greendisc.dev-project.digital\/wp-content\/uploads\/2024\/09\/aluminium-strijkzak-groot-zwart-56x91-cm.jpg\" class=\"attachment-full size-full wp-image-31308\" alt=\"\" srcset=\"https:\/\/greendisc.dev-project.digital\/wp-content\/uploads\/2024\/09\/aluminium-strijkzak-groot-zwart-56x91-cm.jpg 200w, https:\/\/greendisc.dev-project.digital\/wp-content\/uploads\/2024\/09\/aluminium-strijkzak-groot-zwart-56x91-cm-150x150.jpg 150w\" sizes=\"(max-width: 200px) 100vw, 200px\" \/><\/a><\/figure><div class=\"elementor-image-box-content\"><h3 class=\"elementor-image-box-title\"><a href=\"https:\/\/greendisc.dev-project.digital\/de\/produkt-kategorie\/verarbeitung-und-verpackung\/bugelsacke-aus-aluminium\/\">B\u00fcgels\u00e4cke aus Aluminium<\/a><\/h3><\/div><\/div>\t\t\t\t<\/div>\n\t\t\t\t<\/div>\n\t\t\t\t<\/div>\n\t\t\t\t\t<\/div>\n\t\t\t\t<\/div>\n\t\t<div class=\"wd-negative-gap elementor-element elementor-element-b131657 mpc e-flex e-con-boxed e-con e-parent\" data-id=\"b131657\" data-element_type=\"container\">\n\t\t\t\t\t<div class=\"e-con-inner\">\n\t\t<div class=\"elementor-element elementor-element-9d2b9e3 e-con-full e-flex e-con e-child\" data-id=\"9d2b9e3\" data-element_type=\"container\">\n\t\t\t\t<div class=\"elementor-element elementor-element-0c12404 catobx elementor-position-top elementor-widget elementor-widget-image-box\" data-id=\"0c12404\" data-element_type=\"widget\" data-widget_type=\"image-box.default\">\n\t\t\t\t<div class=\"elementor-widget-container\">\n\t\t\t\t\t<div class=\"elementor-image-box-wrapper\"><figure class=\"elementor-image-box-img\"><a href=\"https:\/\/greendisc.dev-project.digital\/de\/produkt-kategorie\/verarbeitung-und-verpackung\/tragetaschen\/\" tabindex=\"-1\"><img loading=\"lazy\" decoding=\"async\" width=\"200\" height=\"200\" src=\"https:\/\/greendisc.dev-project.digital\/wp-content\/uploads\/2024\/09\/draagtas.jpg\" class=\"attachment-full size-full wp-image-31317\" alt=\"\" srcset=\"https:\/\/greendisc.dev-project.digital\/wp-content\/uploads\/2024\/09\/draagtas.jpg 200w, https:\/\/greendisc.dev-project.digital\/wp-content\/uploads\/2024\/09\/draagtas-150x150.jpg 150w\" sizes=\"(max-width: 200px) 100vw, 200px\" \/><\/a><\/figure><div class=\"elementor-image-box-content\"><h3 class=\"elementor-image-box-title\"><a href=\"https:\/\/greendisc.dev-project.digital\/de\/produkt-kategorie\/verarbeitung-und-verpackung\/tragetaschen\/\">Tragetaschen<\/a><\/h3><\/div><\/div>\t\t\t\t<\/div>\n\t\t\t\t<\/div>\n\t\t\t\t<\/div>\n\t\t<div class=\"elementor-element elementor-element-8a87a83 e-con-full e-flex e-con e-child\" data-id=\"8a87a83\" data-element_type=\"container\">\n\t\t\t\t<div class=\"elementor-element elementor-element-901eca2 catobx elementor-position-top elementor-widget elementor-widget-image-box\" data-id=\"901eca2\" data-element_type=\"widget\" data-widget_type=\"image-box.default\">\n\t\t\t\t<div class=\"elementor-widget-container\">\n\t\t\t\t\t<div class=\"elementor-image-box-wrapper\"><figure class=\"elementor-image-box-img\"><a href=\"https:\/\/greendisc.dev-project.digital\/de\/produkt-kategorie\/verarbeitung-und-verpackung\/boxen\/\" tabindex=\"-1\"><img loading=\"lazy\" decoding=\"async\" width=\"200\" height=\"200\" src=\"https:\/\/greendisc.dev-project.digital\/wp-content\/uploads\/2024\/09\/AVDoos.jpg\" class=\"attachment-full size-full wp-image-31311\" alt=\"\" srcset=\"https:\/\/greendisc.dev-project.digital\/wp-content\/uploads\/2024\/09\/AVDoos.jpg 200w, https:\/\/greendisc.dev-project.digital\/wp-content\/uploads\/2024\/09\/AVDoos-150x150.jpg 150w\" sizes=\"(max-width: 200px) 100vw, 200px\" \/><\/a><\/figure><div class=\"elementor-image-box-content\"><h3 class=\"elementor-image-box-title\"><a href=\"https:\/\/greendisc.dev-project.digital\/de\/produkt-kategorie\/verarbeitung-und-verpackung\/boxen\/\">Boxen<\/a><\/h3><\/div><\/div>\t\t\t\t<\/div>\n\t\t\t\t<\/div>\n\t\t\t\t<\/div>\n\t\t<div class=\"elementor-element elementor-element-c61f3f8 e-con-full e-flex e-con e-child\" data-id=\"c61f3f8\" data-element_type=\"container\">\n\t\t\t\t<div class=\"elementor-element elementor-element-93a11b0 catobx elementor-position-top elementor-widget elementor-widget-image-box\" data-id=\"93a11b0\" data-element_type=\"widget\" data-widget_type=\"image-box.default\">\n\t\t\t\t<div class=\"elementor-widget-container\">\n\t\t\t\t\t<div class=\"elementor-image-box-wrapper\"><figure class=\"elementor-image-box-img\"><a href=\"https:\/\/greendisc.dev-project.digital\/de\/produkt-kategorie\/grovebags-de\/\" tabindex=\"-1\"><img loading=\"lazy\" decoding=\"async\" width=\"185\" height=\"200\" src=\"https:\/\/greendisc.dev-project.digital\/wp-content\/uploads\/2025\/03\/Grovebags.jpg\" class=\"attachment-full size-full wp-image-38578\" alt=\"\" srcset=\"https:\/\/greendisc.dev-project.digital\/wp-content\/uploads\/2025\/03\/Grovebags.jpg 185w, https:\/\/greendisc.dev-project.digital\/wp-content\/uploads\/2025\/03\/Grovebags-150x162.jpg 150w\" sizes=\"(max-width: 185px) 100vw, 185px\" \/><\/a><\/figure><div class=\"elementor-image-box-content\"><h3 class=\"elementor-image-box-title\"><a href=\"https:\/\/greendisc.dev-project.digital\/de\/produkt-kategorie\/grovebags-de\/\">Grovebags<\/a><\/h3><\/div><\/div>\t\t\t\t<\/div>\n\t\t\t\t<\/div>\n\t\t\t\t<\/div>\n\t\t<div class=\"elementor-element elementor-element-0b957aa e-con-full e-flex e-con e-child\" data-id=\"0b957aa\" data-element_type=\"container\">\n\t\t\t\t<\/div>\n\t\t\t\t\t<\/div>\n\t\t\t\t<\/div>\n\t\t\t\t\t<\/div>\n\t\t<\/div>\n\t\t\t\t\t<\/div>\n\t\t<\/section>\n\t\t<div class=\"wd-negative-gap elementor-element elementor-element-2dae7df e-flex e-con-boxed e-con e-parent\" data-id=\"2dae7df\" data-element_type=\"container\">\n\t\t\t\t\t<div class=\"e-con-inner\">\n\t\t\t\t<div class=\"elementor-element elementor-element-4f661aa color-scheme-inherit text-left elementor-widget elementor-widget-text-editor\" data-id=\"4f661aa\" data-element_type=\"widget\" data-widget_type=\"text-editor.default\">\n\t\t\t\t<div class=\"elementor-widget-container\">\n\t\t\t\t\t\t\t\t\t<p>Finden Sie die beste Beleuchtung f\u00fcr das Wachstum und Gedeihen Ihrer Pflanzen in unserem Online-Growshop!<br>Bei Greendiscounter finden Sie eine gro\u00dfe Auswahl an professioneller Beleuchtung f\u00fcr wachsende und bl\u00fchende Pflanzen, sowohl online als auch in unserem Ladengesch\u00e4ft. Ganz gleich, ob Sie zum Beispiel <a title=\"LED-Leuchten\" href=\"https:\/\/greendisc.dev-project.digital\/collections\/led-armaturen\">LED-Zuchtlampen<\/a> oder <a title=\"HPS-Leuchten\" href=\"https:\/\/greendisc.dev-project.digital\/collections\/complete-armaturen\">HPS-Lampen<\/a> suchen, wir haben alles, was Sie brauchen, damit Ihre Pflanzen gedeihen.<br><br><\/p>\t\t\t\t\t\t\t\t<\/div>\n\t\t\t\t<\/div>\n\t\t\t\t\t<\/div>\n\t\t\t\t<\/div>\n\t\t\t\t<\/div>\n\t\t","protected":false},"excerpt":{"rendered":"<p>Finden Sie die beste Beleuchtung f\u00fcr das Wachstum und Gedeihen Ihrer Pflanzen in unserem Online-Growshop!Bei Greendiscounter finden Sie eine gro\u00dfe<\/p>\n","protected":false},"author":1,"featured_media":0,"parent":0,"menu_order":0,"comment_status":"closed","ping_status":"closed","template":"","meta":{"footnotes":""},"class_list":["post-27745","page","type-page","status-publish","hentry"],"_links":{"self":[{"href":"https:\/\/greendisc.dev-project.digital\/de\/wp-json\/wp\/v2\/pages\/27745","targetHints":{"allow":["GET"]}}],"collection":[{"href":"https:\/\/greendisc.dev-project.digital\/de\/wp-json\/wp\/v2\/pages"}],"about":[{"href":"https:\/\/greendisc.dev-project.digital\/de\/wp-json\/wp\/v2\/types\/page"}],"author":[{"embeddable":true,"href":"https:\/\/greendisc.dev-project.digital\/de\/wp-json\/wp\/v2\/users\/1"}],"replies":[{"embeddable":true,"href":"https:\/\/greendisc.dev-project.digital\/de\/wp-json\/wp\/v2\/comments?post=27745"}],"version-history":[{"count":0,"href":"https:\/\/greendisc.dev-project.digital\/de\/wp-json\/wp\/v2\/pages\/27745\/revisions"}],"wp:attachment":[{"href":"https:\/\/greendisc.dev-project.digital\/de\/wp-json\/wp\/v2\/media?parent=27745"}],"curies":[{"name":"wp","href":"https:\/\/api.w.org\/{rel}","templated":true}]}}