 {"id":27738,"date":"2024-02-06T17:27:34","date_gmt":"2024-02-06T16:27:34","guid":{"rendered":"https:\/\/greendisc.dev-project.digital\/\/folien\/"},"modified":"2025-02-28T17:38:42","modified_gmt":"2025-02-28T16:38:42","slug":"folien","status":"publish","type":"page","link":"https:\/\/greendisc.dev-project.digital\/de\/folien\/","title":{"rendered":"Folien"},"content":{"rendered":"\t\t<div data-elementor-type=\"wp-page\" data-elementor-id=\"27738\" class=\"elementor elementor-27738 elementor-21663\">\n\t\t\t\t<div class=\"wd-negative-gap elementor-element elementor-element-70fbef01 e-flex e-con-boxed e-con e-parent\" data-id=\"70fbef01\" data-element_type=\"container\">\n\t\t\t\t\t<div class=\"e-con-inner\">\n\t\t\t\t<div class=\"elementor-element elementor-element-4cfa31bd color-scheme-inherit text-left elementor-widget elementor-widget-text-editor\" data-id=\"4cfa31bd\" data-element_type=\"widget\" data-widget_type=\"text-editor.default\">\n\t\t\t\t<div class=\"elementor-widget-container\">\n\t\t\t\t\t\t\t\t\t<p>Finden Sie die beste Beleuchtung f\u00fcr das Wachstum und Gedeihen Ihrer Pflanzen in unserem Online-Growshop!<br \/>Bei Greendiscounter finden Sie eine gro\u00dfe Auswahl an professioneller Beleuchtung f\u00fcr wachsende und bl\u00fchende Pflanzen, sowohl online als auch in unserem Ladengesch\u00e4ft. Ganz gleich, ob Sie zum Beispiel <a title=\"LED-Leuchten\" href=\"https:\/\/greendisc.dev-project.digital\/collections\/led-armaturen\">LED-Zuchtlampen<\/a> oder <a title=\"HPS-Leuchten\" href=\"https:\/\/greendisc.dev-project.digital\/collections\/complete-armaturen\">HPS-Lampen<\/a> suchen, wir haben alles, was Sie brauchen, damit Ihre Pflanzen gedeihen.<br \/>Unsere Beleuchtung wurde <strong>speziell<\/strong> zur Optimierung des Pflanzenwachstums und der Bl\u00fcte entwickelt und bietet alles, was Sie f\u00fcr ein gesundes und erfolgreiches Wachstum ben\u00f6tigen. St\u00f6bern Sie in unseren Produkten, um einen Eindruck von unserer Beleuchtung zu bekommen und lesen Sie unsere Produktbeschreibungen, um mehr \u00fcber die Spezifikationen zu erfahren.<br \/>Bestellen Sie einfach und schnell online und lassen Sie sich Ihre Beleuchtung innerhalb weniger Tage liefern. Wir bieten Ihnen auch die M\u00f6glichkeit, mit <strong>verschiedenen Zahlungsoptionen<\/strong> zu bezahlen, so dass Sie die Beleuchtung kaufen k\u00f6nnen, die zu Ihnen passt. Wir verstehen, dass es oft auch sch\u00f6n ist, die Produkte abholen zu k\u00f6nnen und sie erst dann auch zu bezahlen. Das ist kein Problem! Abholung und Bezahlung vor Ort sind problemlos m\u00f6glich.Unsere Kollektion an Led-Beleuchtung:Ob Sie sich f\u00fcr die  <strong>am qualitativsten<\/strong>  LED-Lampe wie die  <a title=\"OCL Skwid 1900 LED-Leuchte\" href=\"https:\/\/greendisc.dev-project.digital\/products\/ocl-led-skwid-1900-pro\">OCL SKWID 1900<\/a>oder wenn Sie eher auf der Suche nach einer guten, erschwinglichen und zuverl\u00e4ssigen LED-Leuchte sind, wie z.B.  <a title=\"Lumenking LED 630w\" href=\"https:\/\/greendisc.dev-project.digital\/products\/lumen-king-led-630-watt\">Lumenking LED 630w<\/a>  Unsere Kollektion an HPS-Beleuchtung:HPS-Beleuchtung hat einen hohen Wirkungsgrad und kann viel Licht erzeugen, was bedeutet, dass sie f\u00fcr den Anbau von Pflanzen auf kleinerem Raum geeignet ist. Es ist auch eine erschwingliche Option f\u00fcr diejenigen, die eine professionelle Beleuchtung f\u00fcr ihre wachsenden Pflanzen suchen. Ein paar weitere Modelle aus unserem Shop sind die <a title=\"Dimlux 1000w\" href=\"https:\/\/greendisc.dev-project.digital\/products\/dimlux-expert-series-1000w-de-el-uhf-mk2\">Dimlux 1000w<\/a> oder die <a title=\"OCL 600w XL-Serie\" href=\"https:\/\/greendisc.dev-project.digital\/products\/ocl-600w-xl-series\">OCL 600w<\/a>, die als einzige 600-Watt-Leuchte eine doppelseitige Gl\u00fchbirne verwendet, die eine <strong>sehr hohe<\/strong> <strong>Lichtausbeute<\/strong> und <strong>Luminanz<\/strong> bietet.<br \/>Sie sollten jedoch bedenken, dass HPS-Beleuchtung mehr W\u00e4rme erzeugt als einige andere Beleuchtungsarten. Daher ist es wichtig, dass die Pflanzen ausreichend bel\u00fcftet werden und die Temperatur im Raum nicht zu hoch wird. Hierf\u00fcr haben wir nat\u00fcrlich alle m\u00f6glichen Optionen im Angebot, wie z.B. <a title=\"Opticlimate\" href=\"https:\/\/greendisc.dev-project.digital\/collections\/opticlimate\">komplette Klimatisierungssysteme<\/a> oder <strong>starke und zuverl\u00e4ssige<\/strong> <a title=\"Extraktoren\" href=\"https:\/\/greendisc.dev-project.digital\/collections\/afzuigkisten\">Absauganlagen.<\/a><br \/>Wenn Sie Fragen haben oder Hilfe bei der Auswahl der richtigen Beleuchtung f\u00fcr Ihre Pflanzen ben\u00f6tigen, k\u00f6nnen Sie uns gerne <a title=\"Kontakt-Formular\" href=\"https:\/\/greendisc.dev-project.digital\/pages\/contact-us\">kontaktieren<\/a>. Wir helfen Ihnen gerne.<\/p>\n\t\t\t\t\t\t\t\t<\/div>\n\t\t\t\t<\/div>\n\t\t\t\t\t<\/div>\n\t\t\t\t<\/div>\n\t\t\t\t<section class=\"wd-negative-gap elementor-section elementor-top-section elementor-element elementor-element-758c46bc elementor-section-full_width elementor-section-height-default elementor-section-height-default\" data-id=\"758c46bc\" data-element_type=\"section\">\n\t\t\t\t\t\t<div class=\"elementor-container elementor-column-gap-default\">\n\t\t\t\t\t<div class=\"elementor-column elementor-col-100 elementor-top-column elementor-element elementor-element-45ba4f0b\" data-id=\"45ba4f0b\" data-element_type=\"column\">\n\t\t\t<div class=\"elementor-widget-wrap elementor-element-populated\">\n\t\t\t\t<div class=\"wd-negative-gap elementor-element elementor-element-6a21f056 e-flex e-con-boxed e-con e-parent\" data-id=\"6a21f056\" data-element_type=\"container\">\n\t\t\t\t\t<div class=\"e-con-inner\">\n\t\t<div class=\"elementor-element elementor-element-46e2a433 e-con-full e-flex e-con e-child\" data-id=\"46e2a433\" data-element_type=\"container\">\n\t\t\t\t<div class=\"elementor-element elementor-element-1921aede catobx elementor-position-top elementor-widget elementor-widget-image-box\" data-id=\"1921aede\" data-element_type=\"widget\" data-widget_type=\"image-box.default\">\n\t\t\t\t<div class=\"elementor-widget-container\">\n\t\t\t\t\t<div class=\"elementor-image-box-wrapper\"><figure class=\"elementor-image-box-img\"><a href=\"https:\/\/greendisc.dev-project.digital\/de\/produkt-kategorie\/folien\/teichfolie\/\" tabindex=\"-1\"><img decoding=\"async\" width=\"200\" height=\"200\" src=\"https:\/\/greendisc.dev-project.digital\/wp-content\/uploads\/2024\/09\/aquaking-aquaking-pvc-vijverfolie-05mm-bodembedekk.jpg\" class=\"attachment-full size-full wp-image-31341\" alt=\"\" srcset=\"https:\/\/greendisc.dev-project.digital\/wp-content\/uploads\/2024\/09\/aquaking-aquaking-pvc-vijverfolie-05mm-bodembedekk.jpg 200w, https:\/\/greendisc.dev-project.digital\/wp-content\/uploads\/2024\/09\/aquaking-aquaking-pvc-vijverfolie-05mm-bodembedekk-150x150.jpg 150w\" sizes=\"(max-width: 200px) 100vw, 200px\" \/><\/a><\/figure><div class=\"elementor-image-box-content\"><h3 class=\"elementor-image-box-title\"><a href=\"https:\/\/greendisc.dev-project.digital\/de\/produkt-kategorie\/folien\/teichfolie\/\">Teichfolie<\/a><\/h3><\/div><\/div>\t\t\t\t<\/div>\n\t\t\t\t<\/div>\n\t\t\t\t<\/div>\n\t\t<div class=\"elementor-element elementor-element-1aeb89c3 e-con-full e-flex e-con e-child\" data-id=\"1aeb89c3\" data-element_type=\"container\">\n\t\t\t\t<div class=\"elementor-element elementor-element-1aeef83e catobx elementor-position-top elementor-widget elementor-widget-image-box\" data-id=\"1aeef83e\" data-element_type=\"widget\" data-widget_type=\"image-box.default\">\n\t\t\t\t<div class=\"elementor-widget-container\">\n\t\t\t\t\t<div class=\"elementor-image-box-wrapper\"><figure class=\"elementor-image-box-img\"><a href=\"https:\/\/greendisc.dev-project.digital\/de\/produkt-kategorie\/folien\/andere-filme\/\" tabindex=\"-1\"><img decoding=\"async\" width=\"200\" height=\"200\" src=\"https:\/\/greendisc.dev-project.digital\/wp-content\/uploads\/2024\/09\/zwart-wit-folie-op-rol-2x25-mtr.jpg\" class=\"attachment-full size-full wp-image-31344\" alt=\"\" srcset=\"https:\/\/greendisc.dev-project.digital\/wp-content\/uploads\/2024\/09\/zwart-wit-folie-op-rol-2x25-mtr.jpg 200w, https:\/\/greendisc.dev-project.digital\/wp-content\/uploads\/2024\/09\/zwart-wit-folie-op-rol-2x25-mtr-150x150.jpg 150w\" sizes=\"(max-width: 200px) 100vw, 200px\" \/><\/a><\/figure><div class=\"elementor-image-box-content\"><h3 class=\"elementor-image-box-title\"><a href=\"https:\/\/greendisc.dev-project.digital\/de\/produkt-kategorie\/folien\/andere-filme\/\">Andere Filme<\/a><\/h3><\/div><\/div>\t\t\t\t<\/div>\n\t\t\t\t<\/div>\n\t\t\t\t<\/div>\n\t\t<div class=\"elementor-element elementor-element-4e00b29a e-con-full e-flex e-con e-child\" data-id=\"4e00b29a\" data-element_type=\"container\">\n\t\t\t\t<\/div>\n\t\t<div class=\"elementor-element elementor-element-49d0ebc8 e-con-full e-flex e-con e-child\" data-id=\"49d0ebc8\" data-element_type=\"container\">\n\t\t\t\t<\/div>\n\t\t\t\t\t<\/div>\n\t\t\t\t<\/div>\n\t\t\t\t\t<\/div>\n\t\t<\/div>\n\t\t\t\t\t<\/div>\n\t\t<\/section>\n\t\t<div class=\"wd-negative-gap elementor-element elementor-element-e2f110b e-flex e-con-boxed e-con e-parent\" data-id=\"e2f110b\" data-element_type=\"container\">\n\t\t\t\t\t<div class=\"e-con-inner\">\n\t\t\t\t<div class=\"elementor-element elementor-element-11e0cf2 color-scheme-inherit text-left elementor-widget elementor-widget-text-editor\" data-id=\"11e0cf2\" data-element_type=\"widget\" data-widget_type=\"text-editor.default\">\n\t\t\t\t<div class=\"elementor-widget-container\">\n\t\t\t\t\t\t\t\t\t<p>Finden Sie die beste Beleuchtung f\u00fcr das Wachstum und Gedeihen Ihrer Pflanzen in unserem Online-Growshop!<br \/>Bei Greendiscounter finden Sie eine gro\u00dfe Auswahl an professioneller Beleuchtung f\u00fcr wachsende und bl\u00fchende Pflanzen, sowohl online als auch in unserem Ladengesch\u00e4ft. Egal, ob Sie zum Beispiel nach <a title=\"LED-Leuchten\" href=\"https:\/\/greendisc.dev-project.digital\/collections\/led-armaturen\">LED-Zuchtlampen<\/a> oder <a title=\"HPS-Leuchten\" href=\"https:\/\/greendisc.dev-project.digital\/collections\/complete-armaturen\">HPS-Lampen<\/a> suchen, wir haben alles, was Sie brauchen, damit Ihre Pflanzen gedeihen.<br \/>Unsere Beleuchtung wurde <strong>speziell<\/strong> zur Optimierung des Pflanzenwachstums und der Bl\u00fcte entwickelt und bietet alles, was Sie f\u00fcr ein gesundes und erfolgreiches Wachstum ben\u00f6tigen. St\u00f6bern Sie in unseren Produkten, um einen Eindruck von unserer Beleuchtung zu bekommen und lesen Sie unsere Produktbeschreibungen, um mehr \u00fcber die Spezifikationen zu erfahren.<br \/>Bestellen Sie einfach und schnell online und lassen Sie sich Ihre Beleuchtung innerhalb weniger Tage liefern. Wir bieten Ihnen auch die M\u00f6glichkeit, mit <strong>verschiedenen Zahlungsoptionen<\/strong> zu bezahlen, so dass Sie die Beleuchtung kaufen k\u00f6nnen, die zu Ihnen passt. Wir verstehen, dass es oft auch sch\u00f6n ist, die Produkte abholen zu k\u00f6nnen und sie erst dann auch zu bezahlen. Das ist kein Problem! Abholung und Bezahlung vor Ort ist problemlos m\u00f6glich.Unsere Kollektion an Led-Beleuchtung:Ob Sie sich f\u00fcr die  <strong>am qualitativsten<\/strong>  LED-Lampe wie die  <a title=\"OCL Skwid 1900 LED-Leuchte\" href=\"https:\/\/greendisc.dev-project.digital\/products\/ocl-led-skwid-1900-pro\">OCL SKWID 1900<\/a>oder wenn Sie eher auf der Suche nach einer guten, erschwinglichen und zuverl\u00e4ssigen LED-Leuchte sind, wie z.B.  <a title=\"Lumenking LED 630w\" href=\"https:\/\/greendisc.dev-project.digital\/products\/lumen-king-led-630-watt\">Lumenking LED 630w<\/a>  Unsere Kollektion an HPS-Beleuchtung:HPS-Beleuchtung hat einen hohen Wirkungsgrad und kann viel Licht erzeugen, was bedeutet, dass sie f\u00fcr den Anbau von Pflanzen auf kleinerem Raum geeignet ist. Es ist auch eine erschwingliche Option f\u00fcr diejenigen, die eine professionelle Beleuchtung f\u00fcr ihre wachsenden Pflanzen suchen. Ein paar weitere Modelle aus unserem Shop sind die <a title=\"Dimlux 1000w\" href=\"https:\/\/greendisc.dev-project.digital\/products\/dimlux-expert-series-1000w-de-el-uhf-mk2\">Dimlux 1000w<\/a> oder die <a title=\"OCL 600w XL-Serie\" href=\"https:\/\/greendisc.dev-project.digital\/products\/ocl-600w-xl-series\">OCL 600w<\/a>, die als einzige 600-Watt-Leuchte eine doppelseitige Gl\u00fchbirne verwendet, die eine <strong>sehr hohe<\/strong> <strong>Lichtausbeute<\/strong> und <strong>Luminanz<\/strong> bietet.<br \/>Sie sollten jedoch bedenken, dass HPS-Beleuchtung mehr W\u00e4rme erzeugt als einige andere Beleuchtungsarten. Daher ist es wichtig, dass die Pflanzen ausreichend bel\u00fcftet werden und die Temperatur im Raum nicht zu hoch wird. Hierf\u00fcr haben wir nat\u00fcrlich alle m\u00f6glichen Optionen im Angebot, wie z.B. <a title=\"Opticlimate\" href=\"https:\/\/greendisc.dev-project.digital\/collections\/opticlimate\">komplette Klimaanlagen<\/a> oder <strong>starke und zuverl\u00e4ssige<\/strong> <a title=\"Extraktoren\" href=\"https:\/\/greendisc.dev-project.digital\/collections\/afzuigkisten\">Absauganlagen.<\/a><br \/>Wenn Sie Fragen haben oder Hilfe bei der Auswahl der richtigen Beleuchtung f\u00fcr Ihre Pflanzen ben\u00f6tigen, k\u00f6nnen Sie uns gerne <a title=\"Kontakt-Formular\" href=\"https:\/\/greendisc.dev-project.digital\/pages\/contact-us\">kontaktieren<\/a>. Wir helfen Ihnen gerne.<\/p>\n\t\t\t\t\t\t\t\t<\/div>\n\t\t\t\t<\/div>\n\t\t\t\t\t<\/div>\n\t\t\t\t<\/div>\n\t\t\t\t<\/div>\n\t\t","protected":false},"excerpt":{"rendered":"<p>Finden Sie die beste Beleuchtung f\u00fcr das Wachstum und Gedeihen Ihrer Pflanzen in unserem Online-Growshop!Bei Greendiscounter finden Sie eine gro\u00dfe<\/p>\n","protected":false},"author":1,"featured_media":0,"parent":0,"menu_order":0,"comment_status":"closed","ping_status":"closed","template":"","meta":{"footnotes":""},"class_list":["post-27738","page","type-page","status-publish","hentry"],"_links":{"self":[{"href":"https:\/\/greendisc.dev-project.digital\/de\/wp-json\/wp\/v2\/pages\/27738","targetHints":{"allow":["GET"]}}],"collection":[{"href":"https:\/\/greendisc.dev-project.digital\/de\/wp-json\/wp\/v2\/pages"}],"about":[{"href":"https:\/\/greendisc.dev-project.digital\/de\/wp-json\/wp\/v2\/types\/page"}],"author":[{"embeddable":true,"href":"https:\/\/greendisc.dev-project.digital\/de\/wp-json\/wp\/v2\/users\/1"}],"replies":[{"embeddable":true,"href":"https:\/\/greendisc.dev-project.digital\/de\/wp-json\/wp\/v2\/comments?post=27738"}],"version-history":[{"count":0,"href":"https:\/\/greendisc.dev-project.digital\/de\/wp-json\/wp\/v2\/pages\/27738\/revisions"}],"wp:attachment":[{"href":"https:\/\/greendisc.dev-project.digital\/de\/wp-json\/wp\/v2\/media?parent=27738"}],"curies":[{"name":"wp","href":"https:\/\/api.w.org\/{rel}","templated":true}]}}