 {"id":27737,"date":"2024-02-07T08:28:55","date_gmt":"2024-02-07T07:28:55","guid":{"rendered":"https:\/\/greendisc.dev-project.digital\/\/messung-kalibrierung\/"},"modified":"2025-03-25T05:56:40","modified_gmt":"2025-03-25T04:56:40","slug":"messung-kalibrierung","status":"publish","type":"page","link":"https:\/\/greendisc.dev-project.digital\/de\/messung-kalibrierung\/","title":{"rendered":"Messung &amp; Kalibrierung"},"content":{"rendered":"\t\t<div data-elementor-type=\"wp-page\" data-elementor-id=\"27737\" class=\"elementor elementor-27737 elementor-21733\">\n\t\t\t\t<div class=\"wd-negative-gap elementor-element elementor-element-a105513 e-flex e-con-boxed e-con e-parent\" data-id=\"a105513\" data-element_type=\"container\">\n\t\t\t\t\t<div class=\"e-con-inner\">\n\t\t\t\t<div class=\"elementor-element elementor-element-49d4a204 color-scheme-inherit text-left elementor-widget elementor-widget-text-editor\" data-id=\"49d4a204\" data-element_type=\"widget\" data-widget_type=\"text-editor.default\">\n\t\t\t\t<div class=\"elementor-widget-container\">\n\t\t\t\t\t\t\t\t\t<p>Bei Greendiscounter haben wir eine umfangreiche Kollektion von Produkten zur Messung und Kalibrierung des Wassers in Ihrem Grow Room oder Garten. Ganz gleich, ob Sie Produkte zur Messung des EC- oder pH-Werts des Wassers suchen, wir haben alles, was Sie brauchen, um Ihre N\u00e4hrl\u00f6sung perfekt zu dosieren.<br>Wir bieten Produkte von Top-Marken wie Bluelab, Aquamaster, Milwaukee und Hanna. Diese Marken sind f\u00fcr ihre Zuverl\u00e4ssigkeit und Genauigkeit bekannt, so dass Sie sich darauf verlassen k\u00f6nnen, dass Ihre Messungen immer genau sind.<br>Unsere Produkte reichen von einfachen pH-Metern und EC-Metern bis hin zu hochentwickelten Reglern und automatischen Dosiersystemen. Wir von Greendiscounter sind der Meinung, dass es wichtig ist, dass Sie die besten Produkte erhalten, um Ihr Wachstumsumfeld zu optimieren.<br>Unsere fachkundigen Mitarbeiter sind immer bereit, Ihnen bei der Auswahl der richtigen Produkte f\u00fcr Ihre spezielle Situation zu helfen. Ob Sie einen kleinen Garten oder eine gro\u00dfe Anbaufl\u00e4che haben, wir haben die Produkte und das Wissen, um Ihnen zu helfen.<br>Bei Greendiscounter haben wir uns der Kundenzufriedenheit verschrieben und bieten nur die besten Produkte der renommiertesten Marken der Branche an. Kontaktieren Sie uns noch heute und finden Sie heraus, wie wir Ihnen mit unseren Mess- und Kalibrierungsprodukten dabei helfen k\u00f6nnen, Ihr Anbau- oder Gartenumfeld zu optimieren.<\/p>\t\t\t\t\t\t\t\t<\/div>\n\t\t\t\t<\/div>\n\t\t\t\t\t<\/div>\n\t\t\t\t<\/div>\n\t\t\t\t<section class=\"wd-negative-gap elementor-section elementor-top-section elementor-element elementor-element-3d657689 elementor-section-full_width elementor-section-height-default elementor-section-height-default\" data-id=\"3d657689\" data-element_type=\"section\">\n\t\t\t\t\t\t<div class=\"elementor-container elementor-column-gap-default\">\n\t\t\t\t\t<div class=\"elementor-column elementor-col-100 elementor-top-column elementor-element elementor-element-1fb7ab70\" data-id=\"1fb7ab70\" data-element_type=\"column\">\n\t\t\t<div class=\"elementor-widget-wrap elementor-element-populated\">\n\t\t\t\t<div class=\"wd-negative-gap elementor-element elementor-element-402dbbec mpc e-flex e-con-boxed e-con e-parent\" data-id=\"402dbbec\" data-element_type=\"container\">\n\t\t\t\t\t<div class=\"e-con-inner\">\n\t\t<div class=\"elementor-element elementor-element-7ac423d5 e-con-full e-flex e-con e-child\" data-id=\"7ac423d5\" data-element_type=\"container\">\n\t\t\t\t<div class=\"elementor-element elementor-element-4d8d2299 catobx elementor-position-top elementor-widget elementor-widget-image-box\" data-id=\"4d8d2299\" data-element_type=\"widget\" data-widget_type=\"image-box.default\">\n\t\t\t\t<div class=\"elementor-widget-container\">\n\t\t\t\t\t<div class=\"elementor-image-box-wrapper\"><figure class=\"elementor-image-box-img\"><a href=\"https:\/\/greendisc.dev-project.digital\/de\/ec-ph-messgeraete\/\" tabindex=\"-1\"><img decoding=\"async\" width=\"200\" height=\"200\" src=\"https:\/\/greendisc.dev-project.digital\/wp-content\/uploads\/2024\/11\/ph_en_ec_meters.jpg\" class=\"attachment-full size-full wp-image-32648\" alt=\"\" srcset=\"https:\/\/greendisc.dev-project.digital\/wp-content\/uploads\/2024\/11\/ph_en_ec_meters.jpg 200w, https:\/\/greendisc.dev-project.digital\/wp-content\/uploads\/2024\/11\/ph_en_ec_meters-150x150.jpg 150w\" sizes=\"(max-width: 200px) 100vw, 200px\" \/><\/a><\/figure><div class=\"elementor-image-box-content\"><h3 class=\"elementor-image-box-title\"><a href=\"https:\/\/greendisc.dev-project.digital\/de\/ec-ph-messgeraete\/\">EC &amp; PH Messger\u00e4te<\/a><\/h3><\/div><\/div>\t\t\t\t<\/div>\n\t\t\t\t<\/div>\n\t\t\t\t<\/div>\n\t\t<div class=\"elementor-element elementor-element-3fcb7d5a e-con-full e-flex e-con e-child\" data-id=\"3fcb7d5a\" data-element_type=\"container\">\n\t\t\t\t<div class=\"elementor-element elementor-element-6d4f7cb2 catobx elementor-position-top elementor-widget elementor-widget-image-box\" data-id=\"6d4f7cb2\" data-element_type=\"widget\" data-widget_type=\"image-box.default\">\n\t\t\t\t<div class=\"elementor-widget-container\">\n\t\t\t\t\t<div class=\"elementor-image-box-wrapper\"><figure class=\"elementor-image-box-img\"><a href=\"https:\/\/greendisc.dev-project.digital\/de\/produkt-kategorie\/messung-kalibrierung\/co2-meter\/\" tabindex=\"-1\"><img decoding=\"async\" width=\"200\" height=\"200\" src=\"https:\/\/greendisc.dev-project.digital\/wp-content\/uploads\/2024\/11\/co2_controllers.jpg\" class=\"attachment-full size-full wp-image-32642\" alt=\"\" srcset=\"https:\/\/greendisc.dev-project.digital\/wp-content\/uploads\/2024\/11\/co2_controllers.jpg 200w, https:\/\/greendisc.dev-project.digital\/wp-content\/uploads\/2024\/11\/co2_controllers-150x150.jpg 150w\" sizes=\"(max-width: 200px) 100vw, 200px\" \/><\/a><\/figure><div class=\"elementor-image-box-content\"><h3 class=\"elementor-image-box-title\"><a href=\"https:\/\/greendisc.dev-project.digital\/de\/produkt-kategorie\/messung-kalibrierung\/co2-meter\/\">Co2-Meter<\/a><\/h3><\/div><\/div>\t\t\t\t<\/div>\n\t\t\t\t<\/div>\n\t\t\t\t<\/div>\n\t\t<div class=\"elementor-element elementor-element-6d7d8082 e-con-full e-flex e-con e-child\" data-id=\"6d7d8082\" data-element_type=\"container\">\n\t\t\t\t<div class=\"elementor-element elementor-element-4eabfe3 catobx elementor-position-top elementor-widget elementor-widget-image-box\" data-id=\"4eabfe3\" data-element_type=\"widget\" data-widget_type=\"image-box.default\">\n\t\t\t\t<div class=\"elementor-widget-container\">\n\t\t\t\t\t<div class=\"elementor-image-box-wrapper\"><figure class=\"elementor-image-box-img\"><a href=\"https:\/\/greendisc.dev-project.digital\/de\/produkt-kategorie\/messung-kalibrierung\/thermo-hygrometer\/\" tabindex=\"-1\"><img decoding=\"async\" width=\"200\" height=\"200\" src=\"https:\/\/greendisc.dev-project.digital\/wp-content\/uploads\/2024\/09\/thermo-hygrometer-digitaal-430x550-1.jpg\" class=\"attachment-full size-full wp-image-31398\" alt=\"\" srcset=\"https:\/\/greendisc.dev-project.digital\/wp-content\/uploads\/2024\/09\/thermo-hygrometer-digitaal-430x550-1.jpg 200w, https:\/\/greendisc.dev-project.digital\/wp-content\/uploads\/2024\/09\/thermo-hygrometer-digitaal-430x550-1-150x150.jpg 150w\" sizes=\"(max-width: 200px) 100vw, 200px\" \/><\/a><\/figure><div class=\"elementor-image-box-content\"><h3 class=\"elementor-image-box-title\"><a href=\"https:\/\/greendisc.dev-project.digital\/de\/produkt-kategorie\/messung-kalibrierung\/thermo-hygrometer\/\">Thermo- &amp; Hygrometer<\/a><\/h3><\/div><\/div>\t\t\t\t<\/div>\n\t\t\t\t<\/div>\n\t\t\t\t<\/div>\n\t\t<div class=\"elementor-element elementor-element-4be89d0e e-con-full e-flex e-con e-child\" data-id=\"4be89d0e\" data-element_type=\"container\">\n\t\t\t\t<div class=\"elementor-element elementor-element-56d7edf5 catobx elementor-position-top elementor-widget elementor-widget-image-box\" data-id=\"56d7edf5\" data-element_type=\"widget\" data-widget_type=\"image-box.default\">\n\t\t\t\t<div class=\"elementor-widget-container\">\n\t\t\t\t\t<div class=\"elementor-image-box-wrapper\"><figure class=\"elementor-image-box-img\"><a href=\"https:\/\/greendisc.dev-project.digital\/de\/produkt-kategorie\/messung-kalibrierung\/messbecher\/\" tabindex=\"-1\"><img loading=\"lazy\" decoding=\"async\" width=\"200\" height=\"200\" src=\"https:\/\/greendisc.dev-project.digital\/wp-content\/uploads\/2024\/09\/maatbekers-430x323-1.jpg\" class=\"attachment-full size-full wp-image-31389\" alt=\"\" srcset=\"https:\/\/greendisc.dev-project.digital\/wp-content\/uploads\/2024\/09\/maatbekers-430x323-1.jpg 200w, https:\/\/greendisc.dev-project.digital\/wp-content\/uploads\/2024\/09\/maatbekers-430x323-1-150x150.jpg 150w\" sizes=\"(max-width: 200px) 100vw, 200px\" \/><\/a><\/figure><div class=\"elementor-image-box-content\"><h3 class=\"elementor-image-box-title\"><a href=\"https:\/\/greendisc.dev-project.digital\/de\/produkt-kategorie\/messung-kalibrierung\/messbecher\/\">Messbecher<\/a><\/h3><\/div><\/div>\t\t\t\t<\/div>\n\t\t\t\t<\/div>\n\t\t\t\t<\/div>\n\t\t\t\t\t<\/div>\n\t\t\t\t<\/div>\n\t\t<div class=\"wd-negative-gap elementor-element elementor-element-48d438fa mpc e-flex e-con-boxed e-con e-parent\" data-id=\"48d438fa\" data-element_type=\"container\">\n\t\t\t\t\t<div class=\"e-con-inner\">\n\t\t<div class=\"elementor-element elementor-element-370ec8a e-con-full e-flex e-con e-child\" data-id=\"370ec8a\" data-element_type=\"container\">\n\t\t\t\t<div class=\"elementor-element elementor-element-7986a4a6 catobx elementor-position-top elementor-widget elementor-widget-image-box\" data-id=\"7986a4a6\" data-element_type=\"widget\" data-widget_type=\"image-box.default\">\n\t\t\t\t<div class=\"elementor-widget-container\">\n\t\t\t\t\t<div class=\"elementor-image-box-wrapper\"><figure class=\"elementor-image-box-img\"><a href=\"https:\/\/greendisc.dev-project.digital\/de\/produkt-kategorie\/messung-kalibrierung\/kalibrierungsflussigkeiten\/\" tabindex=\"-1\"><img loading=\"lazy\" decoding=\"async\" width=\"200\" height=\"200\" src=\"https:\/\/greendisc.dev-project.digital\/wp-content\/uploads\/2024\/09\/ph-4-01-kalibratievloeistof-4721-nl-G-430x430-1.jpg\" class=\"attachment-full size-full wp-image-31392\" alt=\"\" srcset=\"https:\/\/greendisc.dev-project.digital\/wp-content\/uploads\/2024\/09\/ph-4-01-kalibratievloeistof-4721-nl-G-430x430-1.jpg 200w, https:\/\/greendisc.dev-project.digital\/wp-content\/uploads\/2024\/09\/ph-4-01-kalibratievloeistof-4721-nl-G-430x430-1-150x150.jpg 150w\" sizes=\"(max-width: 200px) 100vw, 200px\" \/><\/a><\/figure><div class=\"elementor-image-box-content\"><h3 class=\"elementor-image-box-title\"><a href=\"https:\/\/greendisc.dev-project.digital\/de\/produkt-kategorie\/messung-kalibrierung\/kalibrierungsflussigkeiten\/\">Kalibrierungsfl\u00fcssigkeiten<\/a><\/h3><\/div><\/div>\t\t\t\t<\/div>\n\t\t\t\t<\/div>\n\t\t\t\t<\/div>\n\t\t<div class=\"elementor-element elementor-element-6b8d9b3e e-con-full e-flex e-con e-child\" data-id=\"6b8d9b3e\" data-element_type=\"container\">\n\t\t\t\t<\/div>\n\t\t<div class=\"elementor-element elementor-element-164d79b8 e-con-full e-flex e-con e-child\" data-id=\"164d79b8\" data-element_type=\"container\">\n\t\t\t\t<\/div>\n\t\t<div class=\"elementor-element elementor-element-7ae740a8 e-con-full e-flex e-con e-child\" data-id=\"7ae740a8\" data-element_type=\"container\">\n\t\t\t\t<\/div>\n\t\t\t\t\t<\/div>\n\t\t\t\t<\/div>\n\t\t\t\t\t<\/div>\n\t\t<\/div>\n\t\t\t\t\t<\/div>\n\t\t<\/section>\n\t\t<div class=\"wd-negative-gap elementor-element elementor-element-8931897 e-flex e-con-boxed e-con e-parent\" data-id=\"8931897\" data-element_type=\"container\">\n\t\t\t\t\t<div class=\"e-con-inner\">\n\t\t\t\t<div class=\"elementor-element elementor-element-64ba3d0 color-scheme-inherit text-left elementor-widget elementor-widget-text-editor\" data-id=\"64ba3d0\" data-element_type=\"widget\" data-widget_type=\"text-editor.default\">\n\t\t\t\t<div class=\"elementor-widget-container\">\n\t\t\t\t\t\t\t\t\t<p>Bei Greendiscounter haben wir eine umfangreiche Kollektion von Produkten zur Messung und Kalibrierung des Wassers in Ihrem Grow Room oder Garten. Ganz gleich, ob Sie Produkte zur Messung des EC- oder pH-Werts des Wassers suchen, wir haben alles, was Sie brauchen, um Ihre N\u00e4hrl\u00f6sung perfekt zu dosieren.<br>Wir bieten Produkte von Top-Marken wie Bluelab, Aquamaster, Milwaukee und Hanna. Diese Marken sind f\u00fcr ihre Zuverl\u00e4ssigkeit und Genauigkeit bekannt, so dass Sie sich darauf verlassen k\u00f6nnen, dass Ihre Messungen immer genau sind.<br>Unsere Produkte reichen von einfachen pH-Metern und EC-Metern bis hin zu hochentwickelten Reglern und automatischen Dosiersystemen. Wir von Greendiscounter sind der Meinung, dass es wichtig ist, dass Sie die besten Produkte erhalten, um Ihr Wachstumsumfeld zu optimieren.<br>Unsere fachkundigen Mitarbeiter sind immer bereit, Ihnen bei der Auswahl der richtigen Produkte f\u00fcr Ihre spezielle Situation zu helfen. Ob Sie einen kleinen Garten oder eine gro\u00dfe Anbaufl\u00e4che haben, wir haben die Produkte und das Wissen, um Ihnen zu helfen.<br>Bei Greendiscounter haben wir uns der Kundenzufriedenheit verschrieben und bieten nur die besten Produkte der renommiertesten Marken der Branche an. Kontaktieren Sie uns noch heute und finden Sie heraus, wie wir Ihnen mit unseren Mess- und Kalibrierungsprodukten dabei helfen k\u00f6nnen, Ihr Anbau- oder Gartenumfeld zu optimieren.<\/p>\t\t\t\t\t\t\t\t<\/div>\n\t\t\t\t<\/div>\n\t\t\t\t\t<\/div>\n\t\t\t\t<\/div>\n\t\t\t\t<\/div>\n\t\t","protected":false},"excerpt":{"rendered":"<p>Bei Greendiscounter haben wir eine umfangreiche Kollektion von Produkten zur Messung und Kalibrierung des Wassers in Ihrem Grow Room oder<\/p>\n","protected":false},"author":1,"featured_media":0,"parent":0,"menu_order":0,"comment_status":"closed","ping_status":"closed","template":"","meta":{"footnotes":""},"class_list":["post-27737","page","type-page","status-publish","hentry"],"_links":{"self":[{"href":"https:\/\/greendisc.dev-project.digital\/de\/wp-json\/wp\/v2\/pages\/27737","targetHints":{"allow":["GET"]}}],"collection":[{"href":"https:\/\/greendisc.dev-project.digital\/de\/wp-json\/wp\/v2\/pages"}],"about":[{"href":"https:\/\/greendisc.dev-project.digital\/de\/wp-json\/wp\/v2\/types\/page"}],"author":[{"embeddable":true,"href":"https:\/\/greendisc.dev-project.digital\/de\/wp-json\/wp\/v2\/users\/1"}],"replies":[{"embeddable":true,"href":"https:\/\/greendisc.dev-project.digital\/de\/wp-json\/wp\/v2\/comments?post=27737"}],"version-history":[{"count":0,"href":"https:\/\/greendisc.dev-project.digital\/de\/wp-json\/wp\/v2\/pages\/27737\/revisions"}],"wp:attachment":[{"href":"https:\/\/greendisc.dev-project.digital\/de\/wp-json\/wp\/v2\/media?parent=27737"}],"curies":[{"name":"wp","href":"https:\/\/api.w.org\/{rel}","templated":true}]}}