 {"id":27729,"date":"2024-02-07T07:35:00","date_gmt":"2024-02-07T06:35:00","guid":{"rendered":"https:\/\/greendisc.dev-project.digital\/\/zelte-anbauen\/"},"modified":"2025-04-08T12:05:42","modified_gmt":"2025-04-08T10:05:42","slug":"zelte-anbauen","status":"publish","type":"page","link":"https:\/\/greendisc.dev-project.digital\/de\/zelte-anbauen\/","title":{"rendered":"Anbauzelte"},"content":{"rendered":"\t\t<div data-elementor-type=\"wp-page\" data-elementor-id=\"27729\" class=\"elementor elementor-27729 elementor-21671\">\n\t\t\t\t<div class=\"wd-negative-gap elementor-element elementor-element-68c1599f e-flex e-con-boxed e-con e-parent\" data-id=\"68c1599f\" data-element_type=\"container\">\n\t\t\t\t\t<div class=\"e-con-inner\">\n\t\t\t\t<div class=\"elementor-element elementor-element-1f6c2313 color-scheme-inherit text-left elementor-widget elementor-widget-text-editor\" data-id=\"1f6c2313\" data-element_type=\"widget\" data-widget_type=\"text-editor.default\">\n\t\t\t\t<div class=\"elementor-widget-container\">\n\t\t\t\t\t\t\t\t\t<div class=\"flex max-w-full flex-col grow\"><div class=\"min-h-8 text-message relative flex w-full flex-col items-end gap-2 text-start break-words whitespace-normal [.text-message+&amp;]:mt-5\" dir=\"auto\" data-message-author-role=\"assistant\" data-message-id=\"172bcde3-f0d3-4f09-ac94-583e75f001cb\" data-message-model-slug=\"gpt-4o\"><div class=\"flex w-full flex-col gap-1 empty:hidden first:pt-[3px]\"><div class=\"markdown prose dark:prose-invert w-full break-words light\"><p class=\"\" data-start=\"0\" data-end=\"526\">Bei Greendiscounter finden Sie eine gro\u00dfe Auswahl an Zelten von Top-Marken wie OCR Climate Rooms, Mammoth Tents und Phantom Tents, die sowohl f\u00fcr Anf\u00e4nger als auch f\u00fcr professionelle Heimz\u00fcchter geeignet sind. OCR ist bekannt f\u00fcr seine hochwertigen, klimaoptimierten Zelte, Mammoth bietet ein vielseitiges Sortiment f\u00fcr jede Phase Ihres Anbauprozesses, und Phantom zeichnet sich durch praktische, platzsparende Formate aus. Egal, wie viel Platz Sie haben oder wie ehrgeizig Sie sind, es gibt immer eine passende Growbox f\u00fcr Ihr ideales Indoor-Zuchtprojekt.<\/p><\/div><\/div><\/div><\/div>\t\t\t\t\t\t\t\t<\/div>\n\t\t\t\t<\/div>\n\t\t\t\t\t<\/div>\n\t\t\t\t<\/div>\n\t\t\t\t<section class=\"wd-negative-gap elementor-section elementor-top-section elementor-element elementor-element-f3a937e elementor-section-full_width elementor-section-height-default elementor-section-height-default\" data-id=\"f3a937e\" data-element_type=\"section\">\n\t\t\t\t\t\t<div class=\"elementor-container elementor-column-gap-default\">\n\t\t\t\t\t<div class=\"elementor-column elementor-col-100 elementor-top-column elementor-element elementor-element-7a77fcbc\" data-id=\"7a77fcbc\" data-element_type=\"column\">\n\t\t\t<div class=\"elementor-widget-wrap elementor-element-populated\">\n\t\t\t\t<div class=\"wd-negative-gap elementor-element elementor-element-4ed2e454 mpc e-flex e-con-boxed e-con e-parent\" data-id=\"4ed2e454\" data-element_type=\"container\">\n\t\t\t\t\t<div class=\"e-con-inner\">\n\t\t<div class=\"elementor-element elementor-element-3fc8930c e-con-full catobx e-flex e-con e-child\" data-id=\"3fc8930c\" data-element_type=\"container\">\n\t\t\t\t<div class=\"elementor-element elementor-element-729c9e8d catobx elementor-position-top elementor-widget elementor-widget-image-box\" data-id=\"729c9e8d\" data-element_type=\"widget\" data-widget_type=\"image-box.default\">\n\t\t\t\t<div class=\"elementor-widget-container\">\n\t\t\t\t\t<div class=\"elementor-image-box-wrapper\"><figure class=\"elementor-image-box-img\"><a href=\"https:\/\/greendisc.dev-project.digital\/de\/produkt-kategorie\/zelte-anbauen\/ocr-anbauzelte\/\" tabindex=\"-1\"><img decoding=\"async\" width=\"200\" height=\"200\" src=\"https:\/\/greendisc.dev-project.digital\/wp-content\/uploads\/2024\/09\/OCR150-XXLSeries-Tent02-1.jpg\" class=\"attachment-full size-full wp-image-31356\" alt=\"\" srcset=\"https:\/\/greendisc.dev-project.digital\/wp-content\/uploads\/2024\/09\/OCR150-XXLSeries-Tent02-1.jpg 200w, https:\/\/greendisc.dev-project.digital\/wp-content\/uploads\/2024\/09\/OCR150-XXLSeries-Tent02-1-150x150.jpg 150w\" sizes=\"(max-width: 200px) 100vw, 200px\" \/><\/a><\/figure><div class=\"elementor-image-box-content\"><h3 class=\"elementor-image-box-title\"><a href=\"https:\/\/greendisc.dev-project.digital\/de\/produkt-kategorie\/zelte-anbauen\/ocr-anbauzelte\/\">OCR Anbauzelte<\/a><\/h3><\/div><\/div>\t\t\t\t<\/div>\n\t\t\t\t<\/div>\n\t\t\t\t<\/div>\n\t\t<div class=\"elementor-element elementor-element-92fe23e e-con-full e-flex e-con e-child\" data-id=\"92fe23e\" data-element_type=\"container\">\n\t\t\t\t<div class=\"elementor-element elementor-element-72b4571f catobx elementor-position-top elementor-widget elementor-widget-image-box\" data-id=\"72b4571f\" data-element_type=\"widget\" data-widget_type=\"image-box.default\">\n\t\t\t\t<div class=\"elementor-widget-container\">\n\t\t\t\t\t<div class=\"elementor-image-box-wrapper\"><figure class=\"elementor-image-box-img\"><a href=\"https:\/\/greendisc.dev-project.digital\/de\/mammut-wachstumszelte\/\" tabindex=\"-1\"><img decoding=\"async\" width=\"200\" height=\"200\" src=\"https:\/\/greendisc.dev-project.digital\/wp-content\/uploads\/2024\/09\/mammoth-mammoth-elite-240.jpg\" class=\"attachment-full size-full wp-image-31353\" alt=\"\" srcset=\"https:\/\/greendisc.dev-project.digital\/wp-content\/uploads\/2024\/09\/mammoth-mammoth-elite-240.jpg 200w, https:\/\/greendisc.dev-project.digital\/wp-content\/uploads\/2024\/09\/mammoth-mammoth-elite-240-150x150.jpg 150w\" sizes=\"(max-width: 200px) 100vw, 200px\" \/><\/a><\/figure><div class=\"elementor-image-box-content\"><h3 class=\"elementor-image-box-title\"><a href=\"https:\/\/greendisc.dev-project.digital\/de\/mammut-wachstumszelte\/\">Mammut-Wachstumszelte<\/a><\/h3><\/div><\/div>\t\t\t\t<\/div>\n\t\t\t\t<\/div>\n\t\t\t\t<\/div>\n\t\t<div class=\"elementor-element elementor-element-6033983 e-con-full e-flex e-con e-child\" data-id=\"6033983\" data-element_type=\"container\">\n\t\t\t\t<div class=\"elementor-element elementor-element-b446c85 catobx elementor-position-top elementor-widget elementor-widget-image-box\" data-id=\"b446c85\" data-element_type=\"widget\" data-widget_type=\"image-box.default\">\n\t\t\t\t<div class=\"elementor-widget-container\">\n\t\t\t\t\t<div class=\"elementor-image-box-wrapper\"><figure class=\"elementor-image-box-img\"><a href=\"https:\/\/greendisc.dev-project.digital\/de\/produkt-kategorie\/phantom-kweektenten-de\/\" tabindex=\"-1\"><img decoding=\"async\" width=\"185\" height=\"200\" src=\"https:\/\/greendisc.dev-project.digital\/wp-content\/uploads\/2025\/03\/Phantom-Kweektenten.jpg\" class=\"attachment-full size-full wp-image-38401\" alt=\"\" srcset=\"https:\/\/greendisc.dev-project.digital\/wp-content\/uploads\/2025\/03\/Phantom-Kweektenten.jpg 185w, https:\/\/greendisc.dev-project.digital\/wp-content\/uploads\/2025\/03\/Phantom-Kweektenten-150x162.jpg 150w\" sizes=\"(max-width: 185px) 100vw, 185px\" \/><\/a><\/figure><div class=\"elementor-image-box-content\"><h3 class=\"elementor-image-box-title\"><a href=\"https:\/\/greendisc.dev-project.digital\/de\/produkt-kategorie\/phantom-kweektenten-de\/\">Phantom Anbauzelte<\/a><\/h3><\/div><\/div>\t\t\t\t<\/div>\n\t\t\t\t<\/div>\n\t\t\t\t<\/div>\n\t\t<div class=\"elementor-element elementor-element-63a97d21 e-con-full e-flex e-con e-child\" data-id=\"63a97d21\" data-element_type=\"container\">\n\t\t\t\t<\/div>\n\t\t<div class=\"elementor-element elementor-element-1f3a35bb e-con-full e-flex e-con e-child\" data-id=\"1f3a35bb\" data-element_type=\"container\">\n\t\t\t\t<\/div>\n\t\t\t\t\t<\/div>\n\t\t\t\t<\/div>\n\t\t\t\t\t<\/div>\n\t\t<\/div>\n\t\t\t\t\t<\/div>\n\t\t<\/section>\n\t\t<div class=\"wd-negative-gap elementor-element elementor-element-7de48fb e-flex e-con-boxed e-con e-parent\" data-id=\"7de48fb\" data-element_type=\"container\">\n\t\t\t\t\t<div class=\"e-con-inner\">\n\t\t\t\t<div class=\"elementor-element elementor-element-568d696 color-scheme-inherit text-left elementor-widget elementor-widget-text-editor\" data-id=\"568d696\" data-element_type=\"widget\" data-widget_type=\"text-editor.default\">\n\t\t\t\t<div class=\"elementor-widget-container\">\n\t\t\t\t\t\t\t\t\t<h2 class=\"\" data-start=\"271\" data-end=\"336\">Zuchtzelte f\u00fcr jeden Heimg\u00e4rtner &#8211; vom Hobbyg\u00e4rtner bis zum professionellen Projekt.<\/h2><p class=\"\" data-start=\"338\" data-end=\"762\"><strong data-start=\"338\" data-end=\"397\">Willkommen im Growbox-Bereich von greendiscounter.com!<\/strong>  Egal, ob Sie gerade erst mit dem Indoor-Anbau beginnen oder schon jahrelange Erfahrung mit dem Homegrowing haben: Das richtige Grow-Zelt ist der erste Schritt zum erfolgreichen, kontrollierten und effizienten Heimanbau. In unserem Sortiment finden Sie Zuchtzelte in allen Formen, Gr\u00f6\u00dfen und Preisklassen &#8211; von kompakten Schneideschr\u00e4nken bis hin zu XXL-Klimakammern, die auch den anspruchsvollsten Z\u00fcchter zufrieden stellen.<\/p><p class=\"\" data-start=\"764\" data-end=\"1042\">Mit einem Grow-Zelt schaffen Sie Ihr eigenes Mikroklima, unabh\u00e4ngig von Jahreszeiten oder Wetterbedingungen. Sie haben die volle Kontrolle \u00fcber Licht, Luftzirkulation, Temperatur und Luftfeuchtigkeit &#8211; genau das, was Ihre Pflanzen brauchen, um optimal zu wachsen und zu bl\u00fchen.<\/p><h2 class=\"\" data-start=\"1049\" data-end=\"1108\">OCR Klimar\u00e4ume &#8211; Spitzenqualit\u00e4t f\u00fcr den ernsthaften Z\u00fcchter<\/h2><p class=\"\" data-start=\"1110\" data-end=\"1397\"><strong data-start=\"1110\" data-end=\"1131\">OCR-Klimar\u00e4ume<\/strong> sind bekannt als die Wahl f\u00fcr den ambitionierten Heimg\u00e4rtner und den professionellen G\u00e4rtner. Diese Zelte werden mit viel Liebe zum Detail, Langlebigkeit und technischer Perfektion entworfen. Die Materialien sind robust, lichtundurchl\u00e4ssig und halten einer langfristigen Nutzung unter schweren Lasten stand.<\/p><p class=\"\" data-start=\"1399\" data-end=\"1743\">Was OCR wirklich auszeichnet, ist der Grad der Klimakontrolle, den Sie erreichen k\u00f6nnen. Dank der intelligenten Lufteinl\u00e4sse, der stabilen Rahmen und des durchdachten Layouts sind die OCR-Klimar\u00e4ume perfekt f\u00fcr die Kombination mit modernen Anbauger\u00e4ten geeignet. Denken Sie an schwere LED-Leuchten, Abzugshauben oder automatische Klimaregler &#8211; OCR-Zelte tragen sie m\u00fchelos.<\/p><p class=\"\" data-start=\"1745\" data-end=\"1873\">Kurz gesagt: Mit OCR holen Sie das Beste aus Ihrem wachsenden Projekt heraus. Eine ausgezeichnete Wahl f\u00fcr alle, die bei der Qualit\u00e4t keine Kompromisse eingehen wollen.<\/p><h2 class=\"\" data-start=\"1880\" data-end=\"1943\">Mammut Zelte &#8211; Flexibel, zuverl\u00e4ssig und erstaunlich komplett<\/h2><p class=\"\" data-start=\"1945\" data-end=\"2282\"><strong data-start=\"1945\" data-end=\"1962\">Mammoth Tents<\/strong> bietet eine der vielseitigsten Zeltserien auf dem Markt. Die Marke bietet eine besonders gro\u00dfe Auswahl an Modellen f\u00fcr jede Art von Anbauplan &#8211; ob Sie nun klein anfangen oder gro\u00df rauskommen wollen. Von Mini-Gew\u00e4chsh\u00e4usern f\u00fcr Setzlinge bis hin zu High-End-Zelten mit verst\u00e4rkten Gestellen: Mammut hat alles.<\/p><p class=\"\" data-start=\"2284\" data-end=\"2384\">Ein weiterer gro\u00dfer Vorteil von Mammoth ist die klare Unterteilung in verschiedene Serien, wie zum Beispiel:<\/p><ul data-start=\"2386\" data-end=\"2804\"><li class=\"\" data-start=\"2386\" data-end=\"2504\"><p class=\"\" data-start=\"2388\" data-end=\"2504\"><strong data-start=\"2388\" data-end=\"2404\">Mammoth Lite<\/strong> &#8211; Ideal f\u00fcr Einsteiger und Bastler. Leicht, einfach einzurichten und preiswert.<\/p><\/li><li class=\"\" data-start=\"2505\" data-end=\"2619\"><p class=\"\" data-start=\"2507\" data-end=\"2619\"><strong data-start=\"2507\" data-end=\"2522\">Mammoth Pro<\/strong> &#8211; F\u00fcr den ernsthaften Heimz\u00fcchter. Extra verst\u00e4rkter Rahmen, lichtdichte Rei\u00dfverschl\u00fcsse und erstklassige Reflexion.<\/p><\/li><li class=\"\" data-start=\"2620\" data-end=\"2804\"><p class=\"\" data-start=\"2622\" data-end=\"2804\"><strong data-start=\"2622\" data-end=\"2639\">Mammoth Elite<\/strong> &#8211; F\u00fcr den Profi, der absolute Kontrolle will. Ausgestattet mit fortschrittlichen Merkmalen wie doppelten Bel\u00fcftungs\u00f6ffnungen, wasserdichten B\u00f6den und Metalleckst\u00fccken.<\/p><\/li><\/ul><p class=\"\" data-start=\"2806\" data-end=\"3034\">Diese Zelte zeichnen sich durch ihre Benutzerfreundlichkeit aus und sind auf Langlebigkeit ausgelegt. Das gute Preis-Leistungs-Verh\u00e4ltnis macht Mammoth-Zelte zu einer logischen Wahl f\u00fcr jeden Z\u00fcchter, der eine zuverl\u00e4ssige Leistung sucht.<\/p><h2 class=\"\" data-start=\"3041\" data-end=\"3093\">Phantom Zelte &#8211; Intelligente Gr\u00f6\u00dfen f\u00fcr jeden Raum<\/h2><p class=\"\" data-start=\"3095\" data-end=\"3370\">Nicht jeder Z\u00fcchter hat einen Dachboden oder Keller zur Verf\u00fcgung &#8211; und genau deshalb sind <strong data-start=\"3182\" data-end=\"3200\">Phantomzelte<\/strong> so beliebt. Bei der Entwicklung dieser Zelte stand die Praktikabilit\u00e4t im Vordergrund: kompakte Gr\u00f6\u00dfe, schneller Aufbau und geeignet auch f\u00fcr die kleinsten R\u00e4ume im Haus.<\/p><p class=\"\" data-start=\"3372\" data-end=\"3756\">Die Phantom-Grow-Zelte sind perfekt f\u00fcr diejenigen, die ihr erstes Indoor-Projekt starten m\u00f6chten, oder f\u00fcr diejenigen, die eine diskrete Einrichtung mit minimalem Platzbedarf suchen. Trotz der \u00fcberschaubaren Gr\u00f6\u00dfe gehen die Phantom Zelte keine Kompromisse in Bezug auf Robustheit und Lichtdichte ein. Die Innenw\u00e4nde haben eine reflektierende Beschichtung und die Zeltkonstruktion ist erstaunlich stabil.<\/p><p class=\"\" data-start=\"3758\" data-end=\"3868\">Kurz gesagt: Phantom bietet intelligente L\u00f6sungen f\u00fcr kompakte Growr\u00e4ume &#8211; ohne Kompromisse bei der Funktionalit\u00e4t.<\/p><h2 class=\"\" data-start=\"3875\" data-end=\"3911\">Warum ein Grow-Zelt w\u00e4hlen?<\/h2><p class=\"\" data-start=\"3913\" data-end=\"4009\">Eine Growbox oder ein Growzelt hat zahlreiche Vorteile gegen\u00fcber dem Anbau in einem offenen Raum:<\/p><ul data-start=\"4011\" data-end=\"4357\"><li class=\"\" data-start=\"4011\" data-end=\"4082\"><p class=\"\" data-start=\"4013\" data-end=\"4082\"><strong data-start=\"4013\" data-end=\"4042\">Volle Klimakontrolle<\/strong> &#8211; Unerl\u00e4sslich f\u00fcr gesundes Wachstum und Bl\u00fcte<\/p><\/li><li class=\"\" data-start=\"4083\" data-end=\"4151\"><p class=\"\" data-start=\"4085\" data-end=\"4151\"><strong data-start=\"4085\" data-end=\"4120\">Optimierte Lichtreflexion<\/strong> &#8211; Holen Sie mehr aus Ihren Growlampen heraus<\/p><\/li><li class=\"\" data-start=\"4152\" data-end=\"4222\"><p class=\"\" data-start=\"4154\" data-end=\"4222\"><strong data-start=\"4154\" data-end=\"4182\">Schutz vor Sch\u00e4dlingen<\/strong> &#8211; Geringeres Risiko von Sch\u00e4dlingen und Pilzen<\/p><\/li><li class=\"\" data-start=\"4223\" data-end=\"4276\"><p class=\"\" data-start=\"4225\" data-end=\"4276\"><strong data-start=\"4225\" data-end=\"4249\">Diskretion und Sauberkeit<\/strong> &#8211; Alles aufger\u00e4umt an einem Ort<\/p><\/li><li class=\"\" data-start=\"4277\" data-end=\"4357\"><p class=\"\" data-start=\"4279\" data-end=\"4357\"><strong data-start=\"4279\" data-end=\"4305\">Leicht erweiterbar<\/strong> &#8211; Kombinierbar mit Bel\u00fcftung, Filtern, Lampen und mehr<\/p><\/li><\/ul><p class=\"\" data-start=\"4359\" data-end=\"4613\">Unsere Grow-Zelte verf\u00fcgen \u00fcber praktische Ein- und Ausg\u00e4nge f\u00fcr Kabel, Luftzufuhr, Absaugung und sogar Entw\u00e4sserung. Dank der robusten Rei\u00dfverschl\u00fcsse, des lichtdichten Futters und der wasserdichten B\u00f6den k\u00f6nnen Sie sich auf einen sicheren, sauberen und effizienten Anbauraum verlassen.<\/p><h2 class=\"\" data-start=\"4620\" data-end=\"4676\">Vom Schnitt bis zur Ernte: ein passendes Zelt f\u00fcr jede Phase<\/h2><p class=\"\" data-start=\"4678\" data-end=\"4999\">Wir haben f\u00fcr jede Etappe das richtige Zelt. W\u00e4hlen Sie aus Modellen mit einer H\u00f6he von nur 60 cm bis hin zu imposanten Systemen von 3 Metern L\u00e4nge und Breite und bis zu 240 cm H\u00f6he. Und ist das immer noch nicht genug? Auf Anfrage liefern wir auch gr\u00f6\u00dfere Modelle, bis zu 12x6m!<\/p><h2 class=\"\" data-start=\"5006\" data-end=\"5044\">Ma\u00dfgeschneiderte Beratung? Wir w\u00fcrden Ihnen gerne helfen!<\/h2><p class=\"\" data-start=\"5046\" data-end=\"5255\">Sie sind unsicher, welches Grow-Zelt f\u00fcr Ihr Projekt am besten geeignet ist? Keine Sorge &#8211; unser Team ist f\u00fcr Sie da. Wir helfen Ihnen bei der Zusammenstellung eines ma\u00dfgeschneiderten Grow-Kits f\u00fcr Ihren Raum.<\/p><p class=\"\" data-start=\"5257\" data-end=\"5493\">M\u00f6chten Sie mit einem kompletten Growbox-Set inklusive Beleuchtung, Bel\u00fcftung und Zubeh\u00f6r beginnen? Oder h\u00e4tten Sie lieber ein freistehendes Zelt, das Sie nach Ihren W\u00fcnschen einrichten? Wof\u00fcr auch immer Sie sich entscheiden, wir sorgen daf\u00fcr, dass alles f\u00fcr einen perfekten Start ausgerichtet ist.<\/p><h2 class=\"\" data-start=\"5500\" data-end=\"5524\">Entdecken Sie unsere Kollektion<\/h2><p class=\"\" data-start=\"5526\" data-end=\"5828\">St\u00f6bern Sie jetzt in der Kollektion der Anzuchtzelte auf <strong data-start=\"5569\" data-end=\"5592\">greendiscounter.com<\/strong> und finden Sie das Modell, das zu Ihren Pl\u00e4nen passt. Ob Sie sich f\u00fcr die robuste Klasse der OCR Climate Rooms, die vielseitigen Mammut-Zelte oder die elegante Gr\u00f6\u00dfe des Phantom entscheiden &#8211; mit dem richtigen Zelt geben Sie Ihren Pflanzen eine gl\u00e4nzende Zukunft.<\/p>\t\t\t\t\t\t\t\t<\/div>\n\t\t\t\t<\/div>\n\t\t\t\t\t<\/div>\n\t\t\t\t<\/div>\n\t\t\t\t<\/div>\n\t\t","protected":false},"excerpt":{"rendered":"<p>Bei Greendiscounter finden Sie eine gro\u00dfe Auswahl an Zelten von Top-Marken wie OCR Climate Rooms, Mammoth Tents und Phantom Tents,<\/p>\n","protected":false},"author":1,"featured_media":0,"parent":0,"menu_order":0,"comment_status":"closed","ping_status":"closed","template":"","meta":{"footnotes":""},"class_list":["post-27729","page","type-page","status-publish","hentry"],"_links":{"self":[{"href":"https:\/\/greendisc.dev-project.digital\/de\/wp-json\/wp\/v2\/pages\/27729","targetHints":{"allow":["GET"]}}],"collection":[{"href":"https:\/\/greendisc.dev-project.digital\/de\/wp-json\/wp\/v2\/pages"}],"about":[{"href":"https:\/\/greendisc.dev-project.digital\/de\/wp-json\/wp\/v2\/types\/page"}],"author":[{"embeddable":true,"href":"https:\/\/greendisc.dev-project.digital\/de\/wp-json\/wp\/v2\/users\/1"}],"replies":[{"embeddable":true,"href":"https:\/\/greendisc.dev-project.digital\/de\/wp-json\/wp\/v2\/comments?post=27729"}],"version-history":[{"count":0,"href":"https:\/\/greendisc.dev-project.digital\/de\/wp-json\/wp\/v2\/pages\/27729\/revisions"}],"wp:attachment":[{"href":"https:\/\/greendisc.dev-project.digital\/de\/wp-json\/wp\/v2\/media?parent=27729"}],"curies":[{"name":"wp","href":"https:\/\/api.w.org\/{rel}","templated":true}]}}