 {"id":27726,"date":"2024-02-07T08:38:04","date_gmt":"2024-02-07T07:38:04","guid":{"rendered":"https:\/\/greendisc.dev-project.digital\/\/pflanzliche-nahrung\/"},"modified":"2025-02-28T17:35:18","modified_gmt":"2025-02-28T16:35:18","slug":"pflanzliche-nahrung","status":"publish","type":"page","link":"https:\/\/greendisc.dev-project.digital\/de\/pflanzliche-nahrung\/","title":{"rendered":"Pflanzliche Nahrung"},"content":{"rendered":"\t\t<div data-elementor-type=\"wp-page\" data-elementor-id=\"27726\" class=\"elementor elementor-27726 elementor-21750\">\n\t\t\t\t<div class=\"wd-negative-gap elementor-element elementor-element-31ba9a95 e-flex e-con-boxed e-con e-parent\" data-id=\"31ba9a95\" data-element_type=\"container\">\n\t\t\t\t\t<div class=\"e-con-inner\">\n\t\t\t\t<div class=\"elementor-element elementor-element-2686df94 color-scheme-inherit text-left elementor-widget elementor-widget-text-editor\" data-id=\"2686df94\" data-element_type=\"widget\" data-widget_type=\"text-editor.default\">\n\t\t\t\t<div class=\"elementor-widget-container\">\n\t\t\t\t\t\t\t\t\t<p>Finden Sie die beste Beleuchtung f\u00fcr das Wachstum und Gedeihen Ihrer Pflanzen in unserem Online-Growshop!<br \/>Bei Greendiscounter finden Sie eine gro\u00dfe Auswahl an professioneller Beleuchtung f\u00fcr wachsende und bl\u00fchende Pflanzen, sowohl online als auch in unserem Ladengesch\u00e4ft. Egal, ob Sie zum Beispiel nach <a title=\"LED-Leuchten\" href=\"https:\/\/greendisc.dev-project.digital\/collections\/led-armaturen\">LED-Zuchtlampen<\/a> oder <a title=\"HPS-Leuchten\" href=\"https:\/\/greendisc.dev-project.digital\/collections\/complete-armaturen\">HPS-Lampen<\/a> suchen, wir haben alles, was Sie brauchen, damit Ihre Pflanzen gedeihen.<\/p>\n\t\t\t\t\t\t\t\t<\/div>\n\t\t\t\t<\/div>\n\t\t\t\t\t<\/div>\n\t\t\t\t<\/div>\n\t\t\t\t<section class=\"wd-negative-gap elementor-section elementor-top-section elementor-element elementor-element-78d8a4e0 elementor-section-full_width elementor-section-height-default elementor-section-height-default\" data-id=\"78d8a4e0\" data-element_type=\"section\">\n\t\t\t\t\t\t<div class=\"elementor-container elementor-column-gap-default\">\n\t\t\t\t\t<div class=\"elementor-column elementor-col-100 elementor-top-column elementor-element elementor-element-5134ec2e\" data-id=\"5134ec2e\" data-element_type=\"column\">\n\t\t\t<div class=\"elementor-widget-wrap elementor-element-populated\">\n\t\t\t\t<div class=\"wd-negative-gap elementor-element elementor-element-ed6c07c e-flex e-con-boxed e-con e-parent\" data-id=\"ed6c07c\" data-element_type=\"container\">\n\t\t\t\t\t<div class=\"e-con-inner\">\n\t\t<div class=\"elementor-element elementor-element-9bec4a3 e-con-full e-flex e-con e-child\" data-id=\"9bec4a3\" data-element_type=\"container\">\n\t\t\t\t<div class=\"elementor-element elementor-element-2cb68bda catobx elementor-position-top elementor-widget elementor-widget-image-box\" data-id=\"2cb68bda\" data-element_type=\"widget\" data-widget_type=\"image-box.default\">\n\t\t\t\t<div class=\"elementor-widget-container\">\n\t\t\t\t\t<div class=\"elementor-image-box-wrapper\"><figure class=\"elementor-image-box-img\"><a href=\"https:\/\/greendisc.dev-project.digital\/de\/produkt-kategorie\/pflanzennahrung\/aptus-de\/\" tabindex=\"-1\"><img decoding=\"async\" width=\"200\" height=\"200\" src=\"https:\/\/greendisc.dev-project.digital\/wp-content\/uploads\/2024\/09\/nboost-430x430-1.png\" class=\"attachment-full size-full wp-image-31416\" alt=\"\" srcset=\"https:\/\/greendisc.dev-project.digital\/wp-content\/uploads\/2024\/09\/nboost-430x430-1.png 200w, https:\/\/greendisc.dev-project.digital\/wp-content\/uploads\/2024\/09\/nboost-430x430-1-150x150.png 150w\" sizes=\"(max-width: 200px) 100vw, 200px\" \/><\/a><\/figure><div class=\"elementor-image-box-content\"><h3 class=\"elementor-image-box-title\"><a href=\"https:\/\/greendisc.dev-project.digital\/de\/produkt-kategorie\/pflanzennahrung\/aptus-de\/\">Aptus<\/a><\/h3><\/div><\/div>\t\t\t\t<\/div>\n\t\t\t\t<\/div>\n\t\t\t\t<\/div>\n\t\t<div class=\"elementor-element elementor-element-4db0219a e-con-full e-flex e-con e-child\" data-id=\"4db0219a\" data-element_type=\"container\">\n\t\t\t\t<div class=\"elementor-element elementor-element-5d11af9c catobx elementor-position-top elementor-widget elementor-widget-image-box\" data-id=\"5d11af9c\" data-element_type=\"widget\" data-widget_type=\"image-box.default\">\n\t\t\t\t<div class=\"elementor-widget-container\">\n\t\t\t\t\t<div class=\"elementor-image-box-wrapper\"><figure class=\"elementor-image-box-img\"><a href=\"https:\/\/greendisc.dev-project.digital\/de\/produkt-kategorie\/pflanzennahrung\/atami-bcuzz-de\/\" tabindex=\"-1\"><img decoding=\"async\" width=\"200\" height=\"200\" src=\"https:\/\/greendisc.dev-project.digital\/wp-content\/uploads\/2024\/09\/2b0646a005d948dc6d6fd7f257c86348b5460cf9_ATA_Bloombastic_family_5-1024x761-1-430x320-1.jpg\" class=\"attachment-full size-full wp-image-31404\" alt=\"\" srcset=\"https:\/\/greendisc.dev-project.digital\/wp-content\/uploads\/2024\/09\/2b0646a005d948dc6d6fd7f257c86348b5460cf9_ATA_Bloombastic_family_5-1024x761-1-430x320-1.jpg 200w, https:\/\/greendisc.dev-project.digital\/wp-content\/uploads\/2024\/09\/2b0646a005d948dc6d6fd7f257c86348b5460cf9_ATA_Bloombastic_family_5-1024x761-1-430x320-1-150x150.jpg 150w\" sizes=\"(max-width: 200px) 100vw, 200px\" \/><\/a><\/figure><div class=\"elementor-image-box-content\"><h3 class=\"elementor-image-box-title\"><a href=\"https:\/\/greendisc.dev-project.digital\/de\/produkt-kategorie\/pflanzennahrung\/atami-bcuzz-de\/\">Atami \/ B'cuzz<\/a><\/h3><\/div><\/div>\t\t\t\t<\/div>\n\t\t\t\t<\/div>\n\t\t\t\t<\/div>\n\t\t<div class=\"elementor-element elementor-element-20dd1b68 e-con-full e-flex e-con e-child\" data-id=\"20dd1b68\" data-element_type=\"container\">\n\t\t\t\t<div class=\"elementor-element elementor-element-56073ebc catobx elementor-position-top elementor-widget elementor-widget-image-box\" data-id=\"56073ebc\" data-element_type=\"widget\" data-widget_type=\"image-box.default\">\n\t\t\t\t<div class=\"elementor-widget-container\">\n\t\t\t\t\t<div class=\"elementor-image-box-wrapper\"><figure class=\"elementor-image-box-img\"><a href=\"https:\/\/greendisc.dev-project.digital\/de\/produkt-kategorie\/pflanzennahrung\/canna-de\/\" tabindex=\"-1\"><img decoding=\"async\" width=\"200\" height=\"200\" src=\"https:\/\/greendisc.dev-project.digital\/wp-content\/uploads\/2024\/09\/canna-canna-cannazym-5-l-430x550-1.jpg\" class=\"attachment-full size-full wp-image-31407\" alt=\"\" srcset=\"https:\/\/greendisc.dev-project.digital\/wp-content\/uploads\/2024\/09\/canna-canna-cannazym-5-l-430x550-1.jpg 200w, https:\/\/greendisc.dev-project.digital\/wp-content\/uploads\/2024\/09\/canna-canna-cannazym-5-l-430x550-1-150x150.jpg 150w\" sizes=\"(max-width: 200px) 100vw, 200px\" \/><\/a><\/figure><div class=\"elementor-image-box-content\"><h3 class=\"elementor-image-box-title\"><a href=\"https:\/\/greendisc.dev-project.digital\/de\/produkt-kategorie\/pflanzennahrung\/canna-de\/\">Canna<\/a><\/h3><\/div><\/div>\t\t\t\t<\/div>\n\t\t\t\t<\/div>\n\t\t\t\t<\/div>\n\t\t<div class=\"elementor-element elementor-element-60e44fee e-con-full e-flex e-con e-child\" data-id=\"60e44fee\" data-element_type=\"container\">\n\t\t\t\t<div class=\"elementor-element elementor-element-67b43851 catobx elementor-position-top elementor-widget elementor-widget-image-box\" data-id=\"67b43851\" data-element_type=\"widget\" data-widget_type=\"image-box.default\">\n\t\t\t\t<div class=\"elementor-widget-container\">\n\t\t\t\t\t<div class=\"elementor-image-box-wrapper\"><figure class=\"elementor-image-box-img\"><a href=\"https:\/\/greendisc.dev-project.digital\/de\/produkt-kategorie\/pflanzennahrung\/hollandischer-profi\/\" tabindex=\"-1\"><img loading=\"lazy\" decoding=\"async\" width=\"200\" height=\"200\" src=\"https:\/\/greendisc.dev-project.digital\/wp-content\/uploads\/2024\/11\/Dutchpro.jpg\" class=\"attachment-full size-full wp-image-32660\" alt=\"\" srcset=\"https:\/\/greendisc.dev-project.digital\/wp-content\/uploads\/2024\/11\/Dutchpro.jpg 200w, https:\/\/greendisc.dev-project.digital\/wp-content\/uploads\/2024\/11\/Dutchpro-150x150.jpg 150w\" sizes=\"(max-width: 200px) 100vw, 200px\" \/><\/a><\/figure><div class=\"elementor-image-box-content\"><h3 class=\"elementor-image-box-title\"><a href=\"https:\/\/greendisc.dev-project.digital\/de\/produkt-kategorie\/pflanzennahrung\/hollandischer-profi\/\">Holl\u00e4ndischer Profi<\/a><\/h3><\/div><\/div>\t\t\t\t<\/div>\n\t\t\t\t<\/div>\n\t\t\t\t<\/div>\n\t\t\t\t\t<\/div>\n\t\t\t\t<\/div>\n\t\t<div class=\"wd-negative-gap elementor-element elementor-element-642b6688 e-flex e-con-boxed e-con e-parent\" data-id=\"642b6688\" data-element_type=\"container\">\n\t\t\t\t\t<div class=\"e-con-inner\">\n\t\t<div class=\"elementor-element elementor-element-29e051b1 e-con-full e-flex e-con e-child\" data-id=\"29e051b1\" data-element_type=\"container\">\n\t\t\t\t<div class=\"elementor-element elementor-element-69b149f8 catobx elementor-position-top elementor-widget elementor-widget-image-box\" data-id=\"69b149f8\" data-element_type=\"widget\" data-widget_type=\"image-box.default\">\n\t\t\t\t<div class=\"elementor-widget-container\">\n\t\t\t\t\t<div class=\"elementor-image-box-wrapper\"><figure class=\"elementor-image-box-img\"><a href=\"https:\/\/greendisc.dev-project.digital\/de\/produkt-kategorie\/pflanzennahrung\/ferro-de\/\" tabindex=\"-1\"><img loading=\"lazy\" decoding=\"async\" width=\"200\" height=\"200\" src=\"https:\/\/greendisc.dev-project.digital\/wp-content\/uploads\/2024\/09\/St_OsmBl-1.png\" class=\"attachment-full size-full wp-image-31428\" alt=\"\" srcset=\"https:\/\/greendisc.dev-project.digital\/wp-content\/uploads\/2024\/09\/St_OsmBl-1.png 200w, https:\/\/greendisc.dev-project.digital\/wp-content\/uploads\/2024\/09\/St_OsmBl-1-150x150.png 150w\" sizes=\"(max-width: 200px) 100vw, 200px\" \/><\/a><\/figure><div class=\"elementor-image-box-content\"><h3 class=\"elementor-image-box-title\"><a href=\"https:\/\/greendisc.dev-project.digital\/de\/produkt-kategorie\/pflanzennahrung\/ferro-de\/\">Ferro<\/a><\/h3><\/div><\/div>\t\t\t\t<\/div>\n\t\t\t\t<\/div>\n\t\t\t\t<\/div>\n\t\t<div class=\"elementor-element elementor-element-7d666c21 e-con-full e-flex e-con e-child\" data-id=\"7d666c21\" data-element_type=\"container\">\n\t\t\t\t<div class=\"elementor-element elementor-element-6b0feaff catobx elementor-position-top elementor-widget elementor-widget-image-box\" data-id=\"6b0feaff\" data-element_type=\"widget\" data-widget_type=\"image-box.default\">\n\t\t\t\t<div class=\"elementor-widget-container\">\n\t\t\t\t\t<div class=\"elementor-image-box-wrapper\"><figure class=\"elementor-image-box-img\"><a href=\"https:\/\/greendisc.dev-project.digital\/de\/produkt-kategorie\/pflanzennahrung\/plagron-de\/\" tabindex=\"-1\"><img loading=\"lazy\" decoding=\"async\" width=\"200\" height=\"200\" src=\"https:\/\/greendisc.dev-project.digital\/wp-content\/uploads\/2024\/09\/plagron-plagron-calmag-pro-5-ltr-430x550-1.jpg\" class=\"attachment-full size-full wp-image-31419\" alt=\"\" srcset=\"https:\/\/greendisc.dev-project.digital\/wp-content\/uploads\/2024\/09\/plagron-plagron-calmag-pro-5-ltr-430x550-1.jpg 200w, https:\/\/greendisc.dev-project.digital\/wp-content\/uploads\/2024\/09\/plagron-plagron-calmag-pro-5-ltr-430x550-1-150x150.jpg 150w\" sizes=\"(max-width: 200px) 100vw, 200px\" \/><\/a><\/figure><div class=\"elementor-image-box-content\"><h3 class=\"elementor-image-box-title\"><a href=\"https:\/\/greendisc.dev-project.digital\/de\/produkt-kategorie\/pflanzennahrung\/plagron-de\/\">Plagron<\/a><\/h3><\/div><\/div>\t\t\t\t<\/div>\n\t\t\t\t<\/div>\n\t\t\t\t<\/div>\n\t\t<div class=\"elementor-element elementor-element-d7c3f6c e-con-full e-flex e-con e-child\" data-id=\"d7c3f6c\" data-element_type=\"container\">\n\t\t\t\t<div class=\"elementor-element elementor-element-02fc94f catobx elementor-position-top elementor-widget elementor-widget-image-box\" data-id=\"02fc94f\" data-element_type=\"widget\" data-widget_type=\"image-box.default\">\n\t\t\t\t<div class=\"elementor-widget-container\">\n\t\t\t\t\t<div class=\"elementor-image-box-wrapper\"><figure class=\"elementor-image-box-img\"><a href=\"https:\/\/greendisc.dev-project.digital\/de\/produkt-kategorie\/pflanzennahrung\/led-max-de\/\" tabindex=\"-1\"><img loading=\"lazy\" decoding=\"async\" width=\"200\" height=\"200\" src=\"https:\/\/greendisc.dev-project.digital\/wp-content\/uploads\/2024\/09\/si5ala-si5ala-100-ml-430x550-1.jpg\" class=\"attachment-full size-full wp-image-31425\" alt=\"\" srcset=\"https:\/\/greendisc.dev-project.digital\/wp-content\/uploads\/2024\/09\/si5ala-si5ala-100-ml-430x550-1.jpg 200w, https:\/\/greendisc.dev-project.digital\/wp-content\/uploads\/2024\/09\/si5ala-si5ala-100-ml-430x550-1-150x150.jpg 150w\" sizes=\"(max-width: 200px) 100vw, 200px\" \/><\/a><\/figure><div class=\"elementor-image-box-content\"><h3 class=\"elementor-image-box-title\"><a href=\"https:\/\/greendisc.dev-project.digital\/de\/produkt-kategorie\/pflanzennahrung\/led-max-de\/\">LED-MAX<\/a><\/h3><\/div><\/div>\t\t\t\t<\/div>\n\t\t\t\t<\/div>\n\t\t\t\t<\/div>\n\t\t<div class=\"elementor-element elementor-element-4d506ff e-con-full e-flex e-con e-child\" data-id=\"4d506ff\" data-element_type=\"container\">\n\t\t\t\t<div class=\"elementor-element elementor-element-254afa4 catobx elementor-position-top elementor-widget elementor-widget-image-box\" data-id=\"254afa4\" data-element_type=\"widget\" data-widget_type=\"image-box.default\">\n\t\t\t\t<div class=\"elementor-widget-container\">\n\t\t\t\t\t<div class=\"elementor-image-box-wrapper\"><figure class=\"elementor-image-box-img\"><a href=\"https:\/\/greendisc.dev-project.digital\/de\/produkt-kategorie\/pflanzennahrung\/hy-pro-de\/\" tabindex=\"-1\"><img loading=\"lazy\" decoding=\"async\" width=\"200\" height=\"200\" src=\"https:\/\/greendisc.dev-project.digital\/wp-content\/uploads\/2024\/11\/hypro.jpg\" class=\"attachment-full size-full wp-image-32666\" alt=\"\" srcset=\"https:\/\/greendisc.dev-project.digital\/wp-content\/uploads\/2024\/11\/hypro.jpg 200w, https:\/\/greendisc.dev-project.digital\/wp-content\/uploads\/2024\/11\/hypro-150x150.jpg 150w\" sizes=\"(max-width: 200px) 100vw, 200px\" \/><\/a><\/figure><div class=\"elementor-image-box-content\"><h3 class=\"elementor-image-box-title\"><a href=\"https:\/\/greendisc.dev-project.digital\/de\/produkt-kategorie\/pflanzennahrung\/hy-pro-de\/\">Hy-Pro<\/a><\/h3><\/div><\/div>\t\t\t\t<\/div>\n\t\t\t\t<\/div>\n\t\t\t\t<\/div>\n\t\t\t\t\t<\/div>\n\t\t\t\t<\/div>\n\t\t<div class=\"wd-negative-gap elementor-element elementor-element-9d05ae1 e-flex e-con-boxed e-con e-parent\" data-id=\"9d05ae1\" data-element_type=\"container\">\n\t\t\t\t\t<div class=\"e-con-inner\">\n\t\t<div class=\"elementor-element elementor-element-5da727b e-con-full e-flex e-con e-child\" data-id=\"5da727b\" data-element_type=\"container\">\n\t\t\t\t<div class=\"elementor-element elementor-element-f53e4b4 catobx elementor-position-top elementor-widget elementor-widget-image-box\" data-id=\"f53e4b4\" data-element_type=\"widget\" data-widget_type=\"image-box.default\">\n\t\t\t\t<div class=\"elementor-widget-container\">\n\t\t\t\t\t<div class=\"elementor-image-box-wrapper\"><figure class=\"elementor-image-box-img\"><a href=\"https:\/\/greendisc.dev-project.digital\/de\/produkt-kategorie\/pflanzennahrung\/si5ala-de\/\" tabindex=\"-1\"><img loading=\"lazy\" decoding=\"async\" width=\"200\" height=\"200\" src=\"https:\/\/greendisc.dev-project.digital\/wp-content\/uploads\/2024\/11\/led_max_voeding.jpg\" class=\"attachment-full size-full wp-image-32654\" alt=\"\" srcset=\"https:\/\/greendisc.dev-project.digital\/wp-content\/uploads\/2024\/11\/led_max_voeding.jpg 200w, https:\/\/greendisc.dev-project.digital\/wp-content\/uploads\/2024\/11\/led_max_voeding-150x150.jpg 150w\" sizes=\"(max-width: 200px) 100vw, 200px\" \/><\/a><\/figure><div class=\"elementor-image-box-content\"><h3 class=\"elementor-image-box-title\"><a href=\"https:\/\/greendisc.dev-project.digital\/de\/produkt-kategorie\/pflanzennahrung\/si5ala-de\/\">Si5ALA<\/a><\/h3><\/div><\/div>\t\t\t\t<\/div>\n\t\t\t\t<\/div>\n\t\t\t\t<\/div>\n\t\t<div class=\"elementor-element elementor-element-dbc907a e-con-full e-flex e-con e-child\" data-id=\"dbc907a\" data-element_type=\"container\">\n\t\t\t\t<\/div>\n\t\t<div class=\"elementor-element elementor-element-42b883f e-con-full e-flex e-con e-child\" data-id=\"42b883f\" data-element_type=\"container\">\n\t\t\t\t<\/div>\n\t\t<div class=\"elementor-element elementor-element-b5f88cd e-con-full e-flex e-con e-child\" data-id=\"b5f88cd\" data-element_type=\"container\">\n\t\t\t\t<\/div>\n\t\t\t\t\t<\/div>\n\t\t\t\t<\/div>\n\t\t\t\t\t<\/div>\n\t\t<\/div>\n\t\t\t\t\t<\/div>\n\t\t<\/section>\n\t\t<div class=\"wd-negative-gap elementor-element elementor-element-6a3f9a3 e-flex e-con-boxed e-con e-parent\" data-id=\"6a3f9a3\" data-element_type=\"container\">\n\t\t\t\t\t<div class=\"e-con-inner\">\n\t\t\t\t<div class=\"elementor-element elementor-element-89ce29e color-scheme-inherit text-left elementor-widget elementor-widget-text-editor\" data-id=\"89ce29e\" data-element_type=\"widget\" data-widget_type=\"text-editor.default\">\n\t\t\t\t<div class=\"elementor-widget-container\">\n\t\t\t\t\t\t\t\t\t<p>Finden Sie die beste Beleuchtung f\u00fcr das Wachstum und Gedeihen Ihrer Pflanzen in unserem Online-Growshop!<br \/>Bei Greendiscounter finden Sie eine gro\u00dfe Auswahl an professioneller Beleuchtung f\u00fcr wachsende und bl\u00fchende Pflanzen, sowohl online als auch in unserem Ladengesch\u00e4ft. Ganz gleich, ob Sie zum Beispiel <a title=\"LED-Leuchten\" href=\"https:\/\/greendisc.dev-project.digital\/collections\/led-armaturen\">LED-Zuchtlampen<\/a> oder <a title=\"HPS-Leuchten\" href=\"https:\/\/greendisc.dev-project.digital\/collections\/complete-armaturen\">HPS-Lampen<\/a> suchen, wir haben alles, was Sie brauchen, damit Ihre Pflanzen gedeihen.<\/p>\n\t\t\t\t\t\t\t\t<\/div>\n\t\t\t\t<\/div>\n\t\t\t\t\t<\/div>\n\t\t\t\t<\/div>\n\t\t\t\t<\/div>\n\t\t","protected":false},"excerpt":{"rendered":"<p>Finden Sie die beste Beleuchtung f\u00fcr das Wachstum und Gedeihen Ihrer Pflanzen in unserem Online-Growshop!Bei Greendiscounter finden Sie eine gro\u00dfe<\/p>\n","protected":false},"author":1,"featured_media":0,"parent":0,"menu_order":0,"comment_status":"closed","ping_status":"closed","template":"","meta":{"footnotes":""},"class_list":["post-27726","page","type-page","status-publish","hentry"],"_links":{"self":[{"href":"https:\/\/greendisc.dev-project.digital\/de\/wp-json\/wp\/v2\/pages\/27726","targetHints":{"allow":["GET"]}}],"collection":[{"href":"https:\/\/greendisc.dev-project.digital\/de\/wp-json\/wp\/v2\/pages"}],"about":[{"href":"https:\/\/greendisc.dev-project.digital\/de\/wp-json\/wp\/v2\/types\/page"}],"author":[{"embeddable":true,"href":"https:\/\/greendisc.dev-project.digital\/de\/wp-json\/wp\/v2\/users\/1"}],"replies":[{"embeddable":true,"href":"https:\/\/greendisc.dev-project.digital\/de\/wp-json\/wp\/v2\/comments?post=27726"}],"version-history":[{"count":0,"href":"https:\/\/greendisc.dev-project.digital\/de\/wp-json\/wp\/v2\/pages\/27726\/revisions"}],"wp:attachment":[{"href":"https:\/\/greendisc.dev-project.digital\/de\/wp-json\/wp\/v2\/media?parent=27726"}],"curies":[{"name":"wp","href":"https:\/\/api.w.org\/{rel}","templated":true}]}}