 {"id":27716,"date":"2024-02-07T08:56:28","date_gmt":"2024-02-07T07:56:28","guid":{"rendered":"https:\/\/greendisc.dev-project.digital\/\/wachstumsmedien\/"},"modified":"2025-03-25T05:47:21","modified_gmt":"2025-03-25T04:47:21","slug":"wachstumsmedien","status":"publish","type":"page","link":"https:\/\/greendisc.dev-project.digital\/de\/wachstumsmedien\/","title":{"rendered":"Wachstumsmedien"},"content":{"rendered":"\t\t<div data-elementor-type=\"wp-page\" data-elementor-id=\"27716\" class=\"elementor elementor-27716 elementor-21789\">\n\t\t\t\t<div class=\"wd-negative-gap elementor-element elementor-element-29cb380 e-flex e-con-boxed e-con e-parent\" data-id=\"29cb380\" data-element_type=\"container\">\n\t\t\t\t\t<div class=\"e-con-inner\">\n\t\t\t\t<div class=\"elementor-element elementor-element-251a9c17 color-scheme-inherit text-left elementor-widget elementor-widget-text-editor\" data-id=\"251a9c17\" data-element_type=\"widget\" data-widget_type=\"text-editor.default\">\n\t\t\t\t<div class=\"elementor-widget-container\">\n\t\t\t\t\t\t\t\t\t<p>Bei Greendiscounter finden Sie ein umfangreiches Sortiment an Kultursubstraten, darunter Anzuchtt\u00f6pfe, Substrate wie Kokos und Erde, Steinwolle und d\u00e4nische Erden, die f\u00fcr jeden G\u00e4rtner geeignet sind. Wachstumsmedien sind f\u00fcr ein gesundes Pflanzenwachstum unerl\u00e4sslich, da sie f\u00fcr Halt, Wasserhaushalt und eine effiziente N\u00e4hrstoffaufnahme sorgen. Bestellen Sie alles, was Sie f\u00fcr einen erfolgreichen Anbau ben\u00f6tigen, ganz einfach in unserem benutzerfreundlichen Webshop.<\/p>\t\t\t\t\t\t\t\t<\/div>\n\t\t\t\t<\/div>\n\t\t\t\t\t<\/div>\n\t\t\t\t<\/div>\n\t\t\t\t<section class=\"wd-negative-gap elementor-section elementor-top-section elementor-element elementor-element-3d650969 elementor-section-full_width elementor-section-height-default elementor-section-height-default\" data-id=\"3d650969\" data-element_type=\"section\">\n\t\t\t\t\t\t<div class=\"elementor-container elementor-column-gap-default\">\n\t\t\t\t\t<div class=\"elementor-column elementor-col-100 elementor-top-column elementor-element elementor-element-f1ca169\" data-id=\"f1ca169\" data-element_type=\"column\">\n\t\t\t<div class=\"elementor-widget-wrap elementor-element-populated\">\n\t\t\t\t<div class=\"wd-negative-gap elementor-element elementor-element-3b6cac0a mpc e-flex e-con-boxed e-con e-parent\" data-id=\"3b6cac0a\" data-element_type=\"container\">\n\t\t\t\t\t<div class=\"e-con-inner\">\n\t\t<div class=\"elementor-element elementor-element-75a40bc9 e-con-full e-flex e-con e-child\" data-id=\"75a40bc9\" data-element_type=\"container\">\n\t\t\t\t<div class=\"elementor-element elementor-element-4a31f7a4 catobx elementor-position-top elementor-widget elementor-widget-image-box\" data-id=\"4a31f7a4\" data-element_type=\"widget\" data-widget_type=\"image-box.default\">\n\t\t\t\t<div class=\"elementor-widget-container\">\n\t\t\t\t\t<div class=\"elementor-image-box-wrapper\"><figure class=\"elementor-image-box-img\"><a href=\"https:\/\/greendisc.dev-project.digital\/de\/produkt-kategorie\/wachstumsmedien\/aarde-cocos-de\/\" tabindex=\"-1\"><img decoding=\"async\" width=\"200\" height=\"200\" src=\"https:\/\/greendisc.dev-project.digital\/wp-content\/uploads\/2024\/11\/aarde-en-cocos.jpg\" class=\"attachment-full size-full wp-image-32672\" alt=\"\" srcset=\"https:\/\/greendisc.dev-project.digital\/wp-content\/uploads\/2024\/11\/aarde-en-cocos.jpg 200w, https:\/\/greendisc.dev-project.digital\/wp-content\/uploads\/2024\/11\/aarde-en-cocos-150x150.jpg 150w\" sizes=\"(max-width: 200px) 100vw, 200px\" \/><\/a><\/figure><div class=\"elementor-image-box-content\"><h3 class=\"elementor-image-box-title\"><a href=\"https:\/\/greendisc.dev-project.digital\/de\/produkt-kategorie\/wachstumsmedien\/aarde-cocos-de\/\">Boden &amp; Cocos<\/a><\/h3><\/div><\/div>\t\t\t\t<\/div>\n\t\t\t\t<\/div>\n\t\t\t\t<\/div>\n\t\t<div class=\"elementor-element elementor-element-2981022 e-con-full e-flex e-con e-child\" data-id=\"2981022\" data-element_type=\"container\">\n\t\t\t\t<div class=\"elementor-element elementor-element-5002393f catobx elementor-position-top elementor-widget elementor-widget-image-box\" data-id=\"5002393f\" data-element_type=\"widget\" data-widget_type=\"image-box.default\">\n\t\t\t\t<div class=\"elementor-widget-container\">\n\t\t\t\t\t<div class=\"elementor-image-box-wrapper\"><figure class=\"elementor-image-box-img\"><a href=\"https:\/\/greendisc.dev-project.digital\/de\/produkt-kategorie\/wachstumsmedien\/steinwolle-hydro\/\" tabindex=\"-1\"><img decoding=\"async\" width=\"200\" height=\"200\" src=\"https:\/\/greendisc.dev-project.digital\/wp-content\/uploads\/2024\/09\/mapito-80-ltr-430x550-1.jpg\" class=\"attachment-full size-full wp-image-31443\" alt=\"\" srcset=\"https:\/\/greendisc.dev-project.digital\/wp-content\/uploads\/2024\/09\/mapito-80-ltr-430x550-1.jpg 200w, https:\/\/greendisc.dev-project.digital\/wp-content\/uploads\/2024\/09\/mapito-80-ltr-430x550-1-150x150.jpg 150w\" sizes=\"(max-width: 200px) 100vw, 200px\" \/><\/a><\/figure><div class=\"elementor-image-box-content\"><h3 class=\"elementor-image-box-title\"><a href=\"https:\/\/greendisc.dev-project.digital\/de\/produkt-kategorie\/wachstumsmedien\/steinwolle-hydro\/\">Steinwolle \/ Hydro<\/a><\/h3><\/div><\/div>\t\t\t\t<\/div>\n\t\t\t\t<\/div>\n\t\t\t\t<\/div>\n\t\t<div class=\"elementor-element elementor-element-5e5e5346 e-con-full e-flex e-con e-child\" data-id=\"5e5e5346\" data-element_type=\"container\">\n\t\t\t\t<div class=\"elementor-element elementor-element-6a797305 catobx elementor-position-top elementor-widget elementor-widget-image-box\" data-id=\"6a797305\" data-element_type=\"widget\" data-widget_type=\"image-box.default\">\n\t\t\t\t<div class=\"elementor-widget-container\">\n\t\t\t\t\t<div class=\"elementor-image-box-wrapper\"><figure class=\"elementor-image-box-img\"><a href=\"https:\/\/greendisc.dev-project.digital\/de\/produkt-kategorie\/wachstumsmedien\/start-stecklingsblocke\/\" tabindex=\"-1\"><img decoding=\"async\" width=\"200\" height=\"200\" src=\"https:\/\/greendisc.dev-project.digital\/wp-content\/uploads\/2024\/09\/cultilene-steenwolblokken-4x4-cm-2700-st-p-doos-430x550-1.jpg\" class=\"attachment-full size-full wp-image-31434\" alt=\"\" srcset=\"https:\/\/greendisc.dev-project.digital\/wp-content\/uploads\/2024\/09\/cultilene-steenwolblokken-4x4-cm-2700-st-p-doos-430x550-1.jpg 200w, https:\/\/greendisc.dev-project.digital\/wp-content\/uploads\/2024\/09\/cultilene-steenwolblokken-4x4-cm-2700-st-p-doos-430x550-1-150x150.jpg 150w\" sizes=\"(max-width: 200px) 100vw, 200px\" \/><\/a><\/figure><div class=\"elementor-image-box-content\"><h3 class=\"elementor-image-box-title\"><a href=\"https:\/\/greendisc.dev-project.digital\/de\/produkt-kategorie\/wachstumsmedien\/start-stecklingsblocke\/\">Start- &amp; Stecklingsbl\u00f6cke<\/a><\/h3><\/div><\/div>\t\t\t\t<\/div>\n\t\t\t\t<\/div>\n\t\t\t\t<\/div>\n\t\t<div class=\"elementor-element elementor-element-1cb5090 e-con-full e-flex e-con e-child\" data-id=\"1cb5090\" data-element_type=\"container\">\n\t\t\t\t<div class=\"elementor-element elementor-element-3c527549 catobx elementor-position-top elementor-widget elementor-widget-image-box\" data-id=\"3c527549\" data-element_type=\"widget\" data-widget_type=\"image-box.default\">\n\t\t\t\t<div class=\"elementor-widget-container\">\n\t\t\t\t\t<div class=\"elementor-image-box-wrapper\"><figure class=\"elementor-image-box-img\"><a href=\"https:\/\/greendisc.dev-project.digital\/de\/produkt-kategorie\/wachstumsmedien\/topfe\/\" tabindex=\"-1\"><img loading=\"lazy\" decoding=\"async\" width=\"200\" height=\"200\" src=\"https:\/\/greendisc.dev-project.digital\/wp-content\/uploads\/2024\/09\/pot_18l_30x30x30cm_0b5e015e-aa17-4305-8908-f9408e3eb41b-430x430-1.jpg\" class=\"attachment-full size-full wp-image-31446\" alt=\"\" srcset=\"https:\/\/greendisc.dev-project.digital\/wp-content\/uploads\/2024\/09\/pot_18l_30x30x30cm_0b5e015e-aa17-4305-8908-f9408e3eb41b-430x430-1.jpg 200w, https:\/\/greendisc.dev-project.digital\/wp-content\/uploads\/2024\/09\/pot_18l_30x30x30cm_0b5e015e-aa17-4305-8908-f9408e3eb41b-430x430-1-150x150.jpg 150w\" sizes=\"(max-width: 200px) 100vw, 200px\" \/><\/a><\/figure><div class=\"elementor-image-box-content\"><h3 class=\"elementor-image-box-title\"><a href=\"https:\/\/greendisc.dev-project.digital\/de\/produkt-kategorie\/wachstumsmedien\/topfe\/\">T\u00f6pfe<\/a><\/h3><\/div><\/div>\t\t\t\t<\/div>\n\t\t\t\t<\/div>\n\t\t\t\t<\/div>\n\t\t\t\t\t<\/div>\n\t\t\t\t<\/div>\n\t\t<div class=\"wd-negative-gap elementor-element elementor-element-9899b16 mpc e-flex e-con-boxed e-con e-parent\" data-id=\"9899b16\" data-element_type=\"container\">\n\t\t\t\t\t<div class=\"e-con-inner\">\n\t\t<div class=\"elementor-element elementor-element-eba37ff e-con-full e-flex e-con e-child\" data-id=\"eba37ff\" data-element_type=\"container\">\n\t\t\t\t<div class=\"elementor-element elementor-element-f718528 catobx elementor-position-top elementor-widget elementor-widget-image-box\" data-id=\"f718528\" data-element_type=\"widget\" data-widget_type=\"image-box.default\">\n\t\t\t\t<div class=\"elementor-widget-container\">\n\t\t\t\t\t<div class=\"elementor-image-box-wrapper\"><figure class=\"elementor-image-box-img\"><a href=\"https:\/\/greendisc.dev-project.digital\/de\/produkt-kategorie\/wachstumsmedien\/danische-boden-waage-tabletts\/\" tabindex=\"-1\"><img loading=\"lazy\" decoding=\"async\" width=\"200\" height=\"200\" src=\"https:\/\/greendisc.dev-project.digital\/wp-content\/uploads\/2024\/09\/deense-bodem-33-x-106-cm_177d4a7d-97f6-4f58-8e24-7c452931304c-430x556-1.jpg\" class=\"attachment-full size-full wp-image-31437\" alt=\"\" srcset=\"https:\/\/greendisc.dev-project.digital\/wp-content\/uploads\/2024\/09\/deense-bodem-33-x-106-cm_177d4a7d-97f6-4f58-8e24-7c452931304c-430x556-1.jpg 200w, https:\/\/greendisc.dev-project.digital\/wp-content\/uploads\/2024\/09\/deense-bodem-33-x-106-cm_177d4a7d-97f6-4f58-8e24-7c452931304c-430x556-1-150x150.jpg 150w\" sizes=\"(max-width: 200px) 100vw, 200px\" \/><\/a><\/figure><div class=\"elementor-image-box-content\"><h3 class=\"elementor-image-box-title\"><a href=\"https:\/\/greendisc.dev-project.digital\/de\/produkt-kategorie\/wachstumsmedien\/danische-boden-waage-tabletts\/\">D\u00e4nische B\u00f6den &amp;<br>  Waage M\u00fclleimer<\/a><\/h3><\/div><\/div>\t\t\t\t<\/div>\n\t\t\t\t<\/div>\n\t\t\t\t<\/div>\n\t\t<div class=\"elementor-element elementor-element-928bed9 e-con-full e-flex e-con e-child\" data-id=\"928bed9\" data-element_type=\"container\">\n\t\t\t\t<div class=\"elementor-element elementor-element-22045ff catobx elementor-position-top elementor-widget elementor-widget-image-box\" data-id=\"22045ff\" data-element_type=\"widget\" data-widget_type=\"image-box.default\">\n\t\t\t\t<div class=\"elementor-widget-container\">\n\t\t\t\t\t<div class=\"elementor-image-box-wrapper\"><figure class=\"elementor-image-box-img\"><a href=\"https:\/\/greendisc.dev-project.digital\/de\/produkt-kategorie\/pokon-de\/\" tabindex=\"-1\"><img loading=\"lazy\" decoding=\"async\" width=\"185\" height=\"200\" src=\"https:\/\/greendisc.dev-project.digital\/wp-content\/uploads\/2025\/03\/Pokon.jpg\" class=\"attachment-full size-full wp-image-38334\" alt=\"\" srcset=\"https:\/\/greendisc.dev-project.digital\/wp-content\/uploads\/2025\/03\/Pokon.jpg 185w, https:\/\/greendisc.dev-project.digital\/wp-content\/uploads\/2025\/03\/Pokon-150x162.jpg 150w\" sizes=\"(max-width: 185px) 100vw, 185px\" \/><\/a><\/figure><div class=\"elementor-image-box-content\"><h3 class=\"elementor-image-box-title\"><a href=\"https:\/\/greendisc.dev-project.digital\/de\/produkt-kategorie\/pokon-de\/\">Pokon<\/a><\/h3><\/div><\/div>\t\t\t\t<\/div>\n\t\t\t\t<\/div>\n\t\t\t\t<\/div>\n\t\t<div class=\"elementor-element elementor-element-7d782ec e-con-full e-flex e-con e-child\" data-id=\"7d782ec\" data-element_type=\"container\">\n\t\t\t\t<\/div>\n\t\t<div class=\"elementor-element elementor-element-35d2b32 e-con-full e-flex e-con e-child\" data-id=\"35d2b32\" data-element_type=\"container\">\n\t\t\t\t<\/div>\n\t\t\t\t\t<\/div>\n\t\t\t\t<\/div>\n\t\t\t\t\t<\/div>\n\t\t<\/div>\n\t\t\t\t\t<\/div>\n\t\t<\/section>\n\t\t<div class=\"wd-negative-gap elementor-element elementor-element-a786b09 e-flex e-con-boxed e-con e-parent\" data-id=\"a786b09\" data-element_type=\"container\">\n\t\t\t\t\t<div class=\"e-con-inner\">\n\t\t\t\t<div class=\"elementor-element elementor-element-863c11f color-scheme-inherit text-left elementor-widget elementor-widget-text-editor\" data-id=\"863c11f\" data-element_type=\"widget\" data-widget_type=\"text-editor.default\">\n\t\t\t\t<div class=\"elementor-widget-container\">\n\t\t\t\t\t\t\t\t\t<p data-pm-slice=\"1 1 []\"><strong>Entdecken Sie die umfangreiche Kollektion von Kultursubstraten bei Greendiscounter<\/strong><\/p><p>Sind Sie auf der Suche nach hochwertigen Kultursubstraten, damit Ihre Pflanzen optimal wachsen? Bei Greendiscounter finden Sie eine umfangreiche Kollektion von Kultursubstraten, die sowohl f\u00fcr Hobbyg\u00e4rtner als auch f\u00fcr professionelle G\u00e4rtner geeignet sind. Von Anzuchtt\u00f6pfen \u00fcber Substrate wie Kokos und Erde bis hin zu Steinwolleprodukten und d\u00e4nischen Erden haben wir alles, um Ihren Anbauprozess zu unterst\u00fctzen.<\/p><h3><strong>Was sind Kultursubstrate und warum sind sie wichtig?<\/strong><\/h3><p>Wachstumsmedien sind Materialien, die f\u00fcr das Wachstum von Pflanzen verwendet werden. Sie bilden die Basis, auf der sich die Wurzeln entwickeln k\u00f6nnen und sorgen f\u00fcr den n\u00f6tigen Halt, Wasser, Luft und N\u00e4hrstoffe. Die Kultursubstrate reichen von traditioneller Erde bis zu innovativen Materialien wie Steinwolle und Kokosfasern. Die Wahl des richtigen Kultursubstrats h\u00e4ngt von der Pflanzenart, der Anbaumethode und der Umgebung ab, in der Sie anbauen. Gute Kultursubstrate f\u00f6rdern eine gesunde Wurzelentwicklung, einen optimalen Wasserhaushalt und eine effiziente N\u00e4hrstoffaufnahme, was zu starken und produktiven Pflanzen f\u00fchrt.<\/p><h3><strong>Warum sollten Sie die Kultursubstrate von Greendiscounter w\u00e4hlen?<\/strong><\/h3><p>Unsere Kultursubstrate werden sorgf\u00e4ltig ausgew\u00e4hlt, um die h\u00f6chsten Qualit\u00e4tsstandards zu erf\u00fcllen. Egal, ob Sie ein erfahrener G\u00e4rtner sind oder gerade erst anfangen, mit unseren Produkten k\u00f6nnen Sie sich auf hervorragende Wachstumsbedingungen f\u00fcr alle Ihre Pflanzen verlassen. Nachfolgend finden Sie eine \u00dcbersicht \u00fcber unsere beliebtesten Kategorien.<\/p><h3><strong>Anzuchtt\u00f6pfe: Die Basis f\u00fcr eine erfolgreiche Kultivierung<\/strong><\/h3><p>Das richtige Pflanzgef\u00e4\u00df ist f\u00fcr ein gesundes Pflanzenwachstum unerl\u00e4sslich. Bei Greendiscounter bieten wir eine gro\u00dfe Auswahl an Anzuchtt\u00f6pfen an, von klassischen Plastikt\u00f6pfen bis hin zu robusten Stofft\u00f6pfen. Unsere Anzuchtt\u00f6pfe sind so konzipiert, dass sie eine optimale Drainage und Luftzirkulation gew\u00e4hrleisten, so dass sich Ihre Pflanzen unter den bestm\u00f6glichen Bedingungen entwickeln k\u00f6nnen. W\u00e4hlen Sie aus verschiedenen Gr\u00f6\u00dfen und Modellen, die perfekt zu Ihren spezifischen Wachstumsanforderungen passen.<\/p><h3><strong>Substrate: Cocos, Erde und mehr<\/strong><\/h3><p>Das Substrat spielt eine entscheidende Rolle f\u00fcr den Erfolg Ihrer Kultivierung. Bei Greendiscounter finden Sie eine gro\u00dfe Auswahl an Substraten, darunter:<\/p><ul data-spread=\"false\"><li><p><strong>Cocos<\/strong>: Eine nachhaltige, umweltfreundliche Alternative zu herk\u00f6mmlicher Blumenerde. Cocos ist bekannt f\u00fcr seine hervorragende Wasseraufnahme und seine luftige Struktur, ideal f\u00fcr den Anbau im Innen- und Au\u00dfenbereich.<\/p><\/li><li><p><strong>Erde<\/strong>: Unser Sortiment umfasst verschiedene Arten von Erde, wie Blumenerde, Gartenerde und spezielle Mischungen, die mit N\u00e4hrstoffen f\u00fcr ein optimales Pflanzenwachstum angereichert sind.<\/p><\/li><li><p><strong>Spezielle Substrate<\/strong>: Sind Sie auf der Suche nach speziellen Kultursubstraten? Entdecken Sie unsere Substratmischungen, die perfekt f\u00fcr verschiedene Anbaumethoden geeignet sind, wie z.B. Hydrokulturen oder biologischen Anbau.<\/p><\/li><\/ul><h3><strong>Steinwolle: innovativ und vielseitig<\/strong><\/h3><p>Rockwool ist bei professionellen Z\u00fcchtern wegen seiner hervorragenden Wasser- und Luftzufuhr sehr beliebt. Bei Greendiscounter bieten wir Steinwolleprodukte in verschiedenen Formaten an, darunter Bl\u00f6cke, Matten und D\u00fcbel. Diese Kultursubstrate sind ideal f\u00fcr die Hydrokultur und bieten eine stabile Umgebung f\u00fcr das Gedeihen Ihrer Pflanzen. Steinwolle ist au\u00dferdem pH-neutral und auch f\u00fcr Anf\u00e4nger leicht zu handhaben.<\/p><h3><strong>D\u00e4nische B\u00f6den: Die Qualit\u00e4t des skandinavischen Designs<\/strong><\/h3><p>D\u00e4nische B\u00f6den sind f\u00fcr ihre hervorragende Drainage und Haltbarkeit bekannt. Diese Produkte sind perfekt f\u00fcr Z\u00fcchter, die nach zuverl\u00e4ssigen L\u00f6sungen f\u00fcr ihr Anbauumfeld suchen. Bei Greendiscounter bieten wir verschiedene d\u00e4nische Erden an, die ideal f\u00fcr die Verwendung in Gew\u00e4chsh\u00e4usern, Inneng\u00e4rten und anderen kontrollierten Umgebungen sind. Sie helfen, die Wurzeln gesund zu halten und unterst\u00fctzen ein optimales Pflanzenwachstum.<\/p><h3><strong>Alles f\u00fcr Ihr Anbauprojekt unter einem Dach<\/strong><\/h3><p>Neben den Kultursubstraten finden Sie bei Greendiscounter auch eine gro\u00dfe Auswahl an erg\u00e4nzenden Anbauprodukten, wie N\u00e4hrstoffe, Beleuchtung und Bel\u00fcftungssysteme. So k\u00f6nnen Sie ganz einfach alles bestellen, was Sie f\u00fcr eine erfolgreiche Zucht ben\u00f6tigen.<\/p><h3><strong>Bestellen Sie einfach und schnell bei Greendiscounter<\/strong><\/h3><p>Bei Greendiscounter steht die Benutzerfreundlichkeit an erster Stelle. Unser Webshop ist \u00fcbersichtlich gestaltet, so dass Sie schnell und einfach die richtigen Kultursubstrate finden k\u00f6nnen. Au\u00dferdem profitieren Sie von einer schnellen Lieferung und wettbewerbsf\u00e4higen Preisen. Haben Sie Fragen zu unseren Produkten? Unser fachkundiges Kundendienstteam steht Ihnen mit Rat und Tat zur Seite und hilft Ihnen, die richtige Wahl zu treffen.<\/p><p><strong>Entscheiden Sie sich noch heute f\u00fcr die Kultursubstrate von Greendiscounter und geben Sie Ihren Pflanzen den besten Start!<\/strong><\/p>\t\t\t\t\t\t\t\t<\/div>\n\t\t\t\t<\/div>\n\t\t\t\t\t<\/div>\n\t\t\t\t<\/div>\n\t\t\t\t<\/div>\n\t\t","protected":false},"excerpt":{"rendered":"<p>Bei Greendiscounter finden Sie ein umfangreiches Sortiment an Kultursubstraten, darunter Anzuchtt\u00f6pfe, Substrate wie Kokos und Erde, Steinwolle und d\u00e4nische Erden,<\/p>\n","protected":false},"author":1,"featured_media":0,"parent":0,"menu_order":0,"comment_status":"closed","ping_status":"closed","template":"","meta":{"footnotes":""},"class_list":["post-27716","page","type-page","status-publish","hentry"],"_links":{"self":[{"href":"https:\/\/greendisc.dev-project.digital\/de\/wp-json\/wp\/v2\/pages\/27716","targetHints":{"allow":["GET"]}}],"collection":[{"href":"https:\/\/greendisc.dev-project.digital\/de\/wp-json\/wp\/v2\/pages"}],"about":[{"href":"https:\/\/greendisc.dev-project.digital\/de\/wp-json\/wp\/v2\/types\/page"}],"author":[{"embeddable":true,"href":"https:\/\/greendisc.dev-project.digital\/de\/wp-json\/wp\/v2\/users\/1"}],"replies":[{"embeddable":true,"href":"https:\/\/greendisc.dev-project.digital\/de\/wp-json\/wp\/v2\/comments?post=27716"}],"version-history":[{"count":0,"href":"https:\/\/greendisc.dev-project.digital\/de\/wp-json\/wp\/v2\/pages\/27716\/revisions"}],"wp:attachment":[{"href":"https:\/\/greendisc.dev-project.digital\/de\/wp-json\/wp\/v2\/media?parent=27716"}],"curies":[{"name":"wp","href":"https:\/\/api.w.org\/{rel}","templated":true}]}}